{"id":996,"date":"2018-05-14T19:00:35","date_gmt":"2018-05-14T19:00:35","guid":{"rendered":"https:\/\/ecovision2025.ca\/adaptation-aux-changements-climatiques\/climat-actions\/"},"modified":"2020-04-01T16:38:00","modified_gmt":"2020-04-01T16:38:00","slug":"climat-actions","status":"publish","type":"page","link":"https:\/\/ecovision2025.ca\/fr\/changements-climatiques\/climat-actions\/","title":{"rendered":"Climat \u2013 Actions"},"content":{"rendered":"<p>[et_pb_section fb_built=\u00a0\u00bb1&Prime; _builder_version=\u00a0\u00bb3.22&Prime;][et_pb_row _builder_version=\u00a0\u00bb3.25&Prime; background_size=\u00a0\u00bbinitial\u00a0\u00bb background_position=\u00a0\u00bbtop_left\u00a0\u00bb background_repeat=\u00a0\u00bbrepeat\u00a0\u00bb column_structure=\u00a0\u00bb2_3,1_3&Prime;][et_pb_column type=\u00a0\u00bb2_3&Prime; _builder_version=\u00a0\u00bb3.25&Prime; custom_padding=\u00a0\u00bb|||\u00a0\u00bb custom_padding__hover=\u00a0\u00bb|||\u00a0\u00bb][et_pb_text admin_label=\u00a0\u00bbIntro\u00a0\u00bb _builder_version=\u00a0\u00bb3.27.4&Prime;]<\/p>\n<h1>Adaptation aux changements climatiques \u2013 Actions<\/h1>\n<p>Nous reconnaissons qu\u2019il y a des actions sous d\u2019autres th\u00e8mes qui sont li\u00e9s aux changements climatiques, et que les actions ci-dessous sont li\u00e9es \u00e0 beaucoup d\u2019autres th\u00e8mes. Cette liste fut compil\u00e9e par l\u2019entremise d\u2019un processus d\u2019engagement de huit mois, sans avoir omis quoi que ce soit. Les actions sont classifi\u00e9es en cat\u00e9gories, identifi\u00e9es comme \u00e9tant une obligation l\u00e9gale ou non, et prioris\u00e9es comme \u00e9tant \u00abfacile \u00e0 impl\u00e9menter\u00bb et ayant un grand impact (sur le but du th\u00e8me) si impl\u00e9ment\u00e9e. Il y a de l\u2019espace pour indiquer qui m\u00e8ne la charge sur l\u2019action, quand les actions seront accomplies ou des mises \u00e0 jour sur leur progr\u00e8s.<\/p>\n<p>[\/et_pb_text][\/et_pb_column][et_pb_column type=\u00a0\u00bb1_3&Prime; _builder_version=\u00a0\u00bb3.25&Prime; custom_padding=\u00a0\u00bb|||\u00a0\u00bb custom_padding__hover=\u00a0\u00bb|||\u00a0\u00bb][et_pb_text _builder_version=\u00a0\u00bb3.27.4&Prime; header_font=\u00a0\u00bb|600|||||||\u00a0\u00bb background_color=\u00a0\u00bbrgba(148,200,61,0.12)\u00a0\u00bb custom_margin=\u00a0\u00bb0px|0px|0px|0px\u00a0\u00bb custom_padding=\u00a0\u00bb12px|12px|12px|12px\u00a0\u00bb custom_padding_tablet=\u00a0\u00bb\u00a0\u00bb custom_padding_phone=\u00a0\u00bb6px|6px|6px|6px\u00a0\u00bb custom_padding_last_edited=\u00a0\u00bbon|phone\u00a0\u00bb]<\/p>\n<h4>Abr\u00e9viations<\/h4>\n<p><strong>CESB<\/strong>\u00a0Commission des \u00c9gouts Shediac et Banlieues<br \/>\n<strong>GM<\/strong>\u00a0Gouvernement municipal<br \/>\n<strong>GNB<\/strong> Gouvernement du NB<br \/>\n<strong>GC<\/strong> Gouvernement du Canada<br \/>\n<strong>PO<\/strong> P\u00eaches et Oc\u00e9ans Canada<br \/>\n<strong>CSRSE<\/strong> Commission de services r\u00e9gionaux du sud-est<br \/>\n<strong>SCF<\/strong> Service Canadian de la faune<br \/>\n<strong>CRBE<\/strong> Communaut\u00e9 rurale de Beaubassin-est<br \/>\n[\/et_pb_text][\/et_pb_column][\/et_pb_row][et_pb_row _builder_version=\u00a0\u00bb3.25&Prime; background_size=\u00a0\u00bbinitial\u00a0\u00bb background_position=\u00a0\u00bbtop_left\u00a0\u00bb background_repeat=\u00a0\u00bbrepeat\u00a0\u00bb][et_pb_column type=\u00a0\u00bb4_4&Prime; _builder_version=\u00a0\u00bb3.25&Prime; custom_padding=\u00a0\u00bb|||\u00a0\u00bb custom_padding__hover=\u00a0\u00bb|||\u00a0\u00bb][et_pb_text _builder_version=\u00a0\u00bb3.27.4&Prime;]<div id=\"tablepress-13-scroll-wrapper\" class=\"tablepress-scroll-wrapper\">\n\n<table id=\"tablepress-13\" class=\"tablepress tablepress-id-13 tablepress-responsive\">\n<thead>\n<tr class=\"row-1\">\n\t<th class=\"column-1\">Actions<\/th><th class=\"column-2\">Cat\u00e9gorie<\/th><th class=\"column-3\">Mandat<\/th><th class=\"column-4\">Facile \u00e0 faire<\/th><th class=\"column-5\">Grand impact<\/th><th class=\"column-6\">Actif<\/th><th class=\"column-7\">\u00c9ch\u00e9ancier<\/th><th class=\"column-8\">Progr\u00e8s<\/th>\n<\/tr>\n<\/thead>\n<tbody class=\"row-striping row-hover\">\n<tr class=\"row-2\">\n\t<td class=\"column-1\">Construire des maisons sur des piliers comme adaptation \u00e0 la mont\u00e9e du niveau de la mer<\/td><td class=\"column-2\">Action<\/td><td class=\"column-3\">CSRSE<\/td><td class=\"column-4\"><\/td><td class=\"column-5\"><\/td><td class=\"column-6\"><\/td><td class=\"column-7\"><\/td><td class=\"column-8\"><\/td>\n<\/tr>\n<tr class=\"row-3\">\n\t<td class=\"column-1\">Enlever les barri\u00e8res et les d\u00e9bris dans les cours d\u2019eau afin de r\u00e9duire le risque d\u2019inondation<\/td><td class=\"column-2\">Action<\/td><td class=\"column-3\">ABVBS<\/td><td class=\"column-4\"><img loading=\"lazy\" decoding=\"async\" src=\"https:\/\/ecovision2025.ca\/wp-content\/uploads\/2018\/02\/Climate_Blue.png\" alt=\"\" width=\"25\" height=\"25\" class=\"center size-full wp-image-156\" srcset=\"https:\/\/ecovision2025.ca\/wp-content\/uploads\/2018\/02\/Climate_Blue.png 200w, https:\/\/ecovision2025.ca\/wp-content\/uploads\/2018\/02\/Climate_Blue-150x150.png 150w\" sizes=\"auto, (max-width: 25px) 100vw, 25px\" \/><\/td><td class=\"column-5\"><\/td><td class=\"column-6\">ABVBS<\/td><td class=\"column-7\">en cours<\/td><td class=\"column-8\">en cours<\/td>\n<\/tr>\n<tr class=\"row-4\">\n\t<td class=\"column-1\">Impl\u00e9menter un programme r\u00e9sidentiel afin de r\u00e9duire les inondations (jardins de pluie, rigoles, etc.); soutenir (via des incitations) l\u2019utilisation de davantage de jardins de pluie afin de contr\u00f4ler les inondations et l\u2019\u00e9rosion<\/td><td class=\"column-2\">Action<\/td><td class=\"column-3\">GNB, GM, ABVBS<\/td><td class=\"column-4\"><img loading=\"lazy\" decoding=\"async\" src=\"https:\/\/ecovision2025.ca\/wp-content\/uploads\/2018\/02\/Climate_Blue.png\" alt=\"\" width=\"25\" height=\"25\" class=\"center size-full wp-image-156\" srcset=\"https:\/\/ecovision2025.ca\/wp-content\/uploads\/2018\/02\/Climate_Blue.png 200w, https:\/\/ecovision2025.ca\/wp-content\/uploads\/2018\/02\/Climate_Blue-150x150.png 150w\" sizes=\"auto, (max-width: 25px) 100vw, 25px\" \/><\/td><td class=\"column-5\"><img loading=\"lazy\" decoding=\"async\" src=\"https:\/\/ecovision2025.ca\/wp-content\/uploads\/2018\/02\/Climate_Blue.png\" alt=\"\" width=\"25\" height=\"25\" class=\"center size-full wp-image-156\" srcset=\"https:\/\/ecovision2025.ca\/wp-content\/uploads\/2018\/02\/Climate_Blue.png 200w, https:\/\/ecovision2025.ca\/wp-content\/uploads\/2018\/02\/Climate_Blue-150x150.png 150w\" sizes=\"auto, (max-width: 25px) 100vw, 25px\" \/><\/td><td class=\"column-6\">Shediac<br \/>\nABVBS<\/td><td class=\"column-7\">2020<\/td><td class=\"column-8\">en cours<\/td>\n<\/tr>\n<tr class=\"row-5\">\n\t<td class=\"column-1\">Mettre en place un projet de d\u00e9monstration (terre humide construit) pour r\u00e9duire l\u2019eau de ruisellement<\/td><td class=\"column-2\">Action<\/td><td class=\"column-3\"><\/td><td class=\"column-4\"><\/td><td class=\"column-5\"><\/td><td class=\"column-6\"><\/td><td class=\"column-7\"><\/td><td class=\"column-8\"><\/td>\n<\/tr>\n<tr class=\"row-6\">\n\t<td class=\"column-1\">Offrir des tonneaux de pluie au public, offrir des incitations pour les utiliser (achat en gros?)<\/td><td class=\"column-2\">Action<\/td><td class=\"column-3\"><\/td><td class=\"column-4\"><img loading=\"lazy\" decoding=\"async\" src=\"https:\/\/ecovision2025.ca\/wp-content\/uploads\/2018\/02\/Climate_Blue.png\" alt=\"\" width=\"25\" height=\"25\" class=\"center size-full wp-image-156\" srcset=\"https:\/\/ecovision2025.ca\/wp-content\/uploads\/2018\/02\/Climate_Blue.png 200w, https:\/\/ecovision2025.ca\/wp-content\/uploads\/2018\/02\/Climate_Blue-150x150.png 150w\" sizes=\"auto, (max-width: 25px) 100vw, 25px\" \/><\/td><td class=\"column-5\"><\/td><td class=\"column-6\">ABVBS<\/td><td class=\"column-7\">en cours<\/td><td class=\"column-8\">en cours<\/td>\n<\/tr>\n<tr class=\"row-7\">\n\t<td class=\"column-1\">Replanter les zones tampon le long des terres humides et des cours d\u2019eau<\/td><td class=\"column-2\">Action<\/td><td class=\"column-3\"><\/td><td class=\"column-4\"><img loading=\"lazy\" decoding=\"async\" src=\"https:\/\/ecovision2025.ca\/wp-content\/uploads\/2018\/02\/Climate_Blue.png\" alt=\"\" width=\"25\" height=\"25\" class=\"center size-full wp-image-156\" srcset=\"https:\/\/ecovision2025.ca\/wp-content\/uploads\/2018\/02\/Climate_Blue.png 200w, https:\/\/ecovision2025.ca\/wp-content\/uploads\/2018\/02\/Climate_Blue-150x150.png 150w\" sizes=\"auto, (max-width: 25px) 100vw, 25px\" \/><\/td><td class=\"column-5\"><img loading=\"lazy\" decoding=\"async\" src=\"https:\/\/ecovision2025.ca\/wp-content\/uploads\/2018\/02\/Climate_Blue.png\" alt=\"\" width=\"25\" height=\"25\" class=\"center size-full wp-image-156\" srcset=\"https:\/\/ecovision2025.ca\/wp-content\/uploads\/2018\/02\/Climate_Blue.png 200w, https:\/\/ecovision2025.ca\/wp-content\/uploads\/2018\/02\/Climate_Blue-150x150.png 150w\" sizes=\"auto, (max-width: 25px) 100vw, 25px\" \/><\/td><td class=\"column-6\">Vision H2O<br \/>\nABVBS<\/td><td class=\"column-7\">en cours<\/td><td class=\"column-8\">en cours<\/td>\n<\/tr>\n<tr class=\"row-8\">\n\t<td class=\"column-1\">Restaurer les dunes, installation de cl\u00f4tures \u00e0 sable sur les dunes; planter des arbres de no\u00ebl, etc. afin de contr\u00f4ler l\u2019\u00e9rosion sur les dunes<\/td><td class=\"column-2\">Action<\/td><td class=\"column-3\"><\/td><td class=\"column-4\"><img loading=\"lazy\" decoding=\"async\" src=\"https:\/\/ecovision2025.ca\/wp-content\/uploads\/2018\/02\/Climate_Blue.png\" alt=\"\" width=\"25\" height=\"25\" class=\"center size-full wp-image-156\" srcset=\"https:\/\/ecovision2025.ca\/wp-content\/uploads\/2018\/02\/Climate_Blue.png 200w, https:\/\/ecovision2025.ca\/wp-content\/uploads\/2018\/02\/Climate_Blue-150x150.png 150w\" sizes=\"auto, (max-width: 25px) 100vw, 25px\" \/><\/td><td class=\"column-5\"><img loading=\"lazy\" decoding=\"async\" src=\"https:\/\/ecovision2025.ca\/wp-content\/uploads\/2018\/02\/Climate_Blue.png\" alt=\"\" width=\"25\" height=\"25\" class=\"center size-full wp-image-156\" srcset=\"https:\/\/ecovision2025.ca\/wp-content\/uploads\/2018\/02\/Climate_Blue.png 200w, https:\/\/ecovision2025.ca\/wp-content\/uploads\/2018\/02\/Climate_Blue-150x150.png 150w\" sizes=\"auto, (max-width: 25px) 100vw, 25px\" \/><\/td><td class=\"column-6\">Vision H2O<\/td><td class=\"column-7\">en cours<\/td><td class=\"column-8\">en cours<\/td>\n<\/tr>\n<tr class=\"row-9\">\n\t<td class=\"column-1\">Afficher publiquement les sc\u00e9narios d\u2019inondation<\/td><td class=\"column-2\">Communciation<\/td><td class=\"column-3\">GNB, CSRSE,GM<\/td><td class=\"column-4\"><img loading=\"lazy\" decoding=\"async\" src=\"https:\/\/ecovision2025.ca\/wp-content\/uploads\/2018\/02\/Climate_Blue.png\" alt=\"\" width=\"25\" height=\"25\" class=\"center size-full wp-image-156\" srcset=\"https:\/\/ecovision2025.ca\/wp-content\/uploads\/2018\/02\/Climate_Blue.png 200w, https:\/\/ecovision2025.ca\/wp-content\/uploads\/2018\/02\/Climate_Blue-150x150.png 150w\" sizes=\"auto, (max-width: 25px) 100vw, 25px\" \/><\/td><td class=\"column-5\"><\/td><td class=\"column-6\">SERSC<\/td><td class=\"column-7\">en cours<\/td><td class=\"column-8\"><a href=\"http:\/\/test.brysongilbert.com\/ecovision2025\/wp-content\/uploads\/2018\/05\/SERSC_CSRSE_04_2018.pdf\">en cours<\/a><\/td>\n<\/tr>\n<tr class=\"row-10\">\n\t<td class=\"column-1\">\u00c9valuer toutes les propositions de d\u00e9veloppement avec les sc\u00e9narios de mont\u00e9e du niveau de la mer en t\u00eate<\/td><td class=\"column-2\">\u00c9valuation<\/td><td class=\"column-3\">CSRSE<\/td><td class=\"column-4\"><img loading=\"lazy\" decoding=\"async\" src=\"https:\/\/ecovision2025.ca\/wp-content\/uploads\/2018\/02\/Climate_Blue.png\" alt=\"\" width=\"25\" height=\"25\" class=\"center size-full wp-image-156\" srcset=\"https:\/\/ecovision2025.ca\/wp-content\/uploads\/2018\/02\/Climate_Blue.png 200w, https:\/\/ecovision2025.ca\/wp-content\/uploads\/2018\/02\/Climate_Blue-150x150.png 150w\" sizes=\"auto, (max-width: 25px) 100vw, 25px\" \/><\/td><td class=\"column-5\"><img loading=\"lazy\" decoding=\"async\" src=\"https:\/\/ecovision2025.ca\/wp-content\/uploads\/2018\/02\/Climate_Blue.png\" alt=\"\" width=\"25\" height=\"25\" class=\"center size-full wp-image-156\" srcset=\"https:\/\/ecovision2025.ca\/wp-content\/uploads\/2018\/02\/Climate_Blue.png 200w, https:\/\/ecovision2025.ca\/wp-content\/uploads\/2018\/02\/Climate_Blue-150x150.png 150w\" sizes=\"auto, (max-width: 25px) 100vw, 25px\" \/><\/td><td class=\"column-6\">SERSC<\/td><td class=\"column-7\">en cours<\/td><td class=\"column-8\"><a href=\"http:\/\/test.brysongilbert.com\/ecovision2025\/wp-content\/uploads\/2018\/05\/SERSC_CSRSE_04_2018.pdf\">en cours<\/a><\/td>\n<\/tr>\n<tr class=\"row-11\">\n\t<td class=\"column-1\">\u00c9valuer la vuln\u00e9rabilit\u00e9 des infrastructures de traitement des eaux us\u00e9es et des eaux pluviales face au changement climatique, \u00e0 l'\u00e9l\u00e9vation du niveau de la mer et aux ondes de temp\u00eate.<\/td><td class=\"column-2\">\u00c9valuation<\/td><td class=\"column-3\">CESB<\/td><td class=\"column-4\"><img loading=\"lazy\" decoding=\"async\" src=\"https:\/\/ecovision2025.ca\/wp-content\/uploads\/2018\/02\/Climate_Blue.png\" alt=\"\" width=\"25\" height=\"25\" class=\"center size-full wp-image-156\" srcset=\"https:\/\/ecovision2025.ca\/wp-content\/uploads\/2018\/02\/Climate_Blue.png 200w, https:\/\/ecovision2025.ca\/wp-content\/uploads\/2018\/02\/Climate_Blue-150x150.png 150w\" sizes=\"auto, (max-width: 25px) 100vw, 25px\" \/><\/td><td class=\"column-5\"><img loading=\"lazy\" decoding=\"async\" src=\"https:\/\/ecovision2025.ca\/wp-content\/uploads\/2018\/02\/Climate_Blue.png\" alt=\"\" width=\"25\" height=\"25\" class=\"center size-full wp-image-156\" srcset=\"https:\/\/ecovision2025.ca\/wp-content\/uploads\/2018\/02\/Climate_Blue.png 200w, https:\/\/ecovision2025.ca\/wp-content\/uploads\/2018\/02\/Climate_Blue-150x150.png 150w\" sizes=\"auto, (max-width: 25px) 100vw, 25px\" \/><\/td><td class=\"column-6\">CESB<\/td><td class=\"column-7\">en cours<\/td><td class=\"column-8\">en cours<\/td>\n<\/tr>\n<tr class=\"row-12\">\n\t<td class=\"column-1\">Offrir des incitations pour les propri\u00e9taires afin de r\u00e9duire le refoulement des eaux us\u00e9es (programme de valve de refoulement)<\/td><td class=\"column-2\">Financement<\/td><td class=\"column-3\">GM<\/td><td class=\"column-4\"><img loading=\"lazy\" decoding=\"async\" src=\"https:\/\/ecovision2025.ca\/wp-content\/uploads\/2018\/02\/Climate_Blue.png\" alt=\"\" width=\"25\" height=\"25\" class=\"center size-full wp-image-156\" srcset=\"https:\/\/ecovision2025.ca\/wp-content\/uploads\/2018\/02\/Climate_Blue.png 200w, https:\/\/ecovision2025.ca\/wp-content\/uploads\/2018\/02\/Climate_Blue-150x150.png 150w\" sizes=\"auto, (max-width: 25px) 100vw, 25px\" \/><\/td><td class=\"column-5\"><\/td><td class=\"column-6\"><\/td><td class=\"column-7\"><\/td><td class=\"column-8\"><\/td>\n<\/tr>\n<tr class=\"row-13\">\n\t<td class=\"column-1\">Adapter les nouveaux d\u00e9veloppements afin qu\u2019ils soient r\u00e9silients aux impacts des changements climatiques<\/td><td class=\"column-2\">R\u00e9glementation<\/td><td class=\"column-3\">GM<\/td><td class=\"column-4\"><\/td><td class=\"column-5\"><img loading=\"lazy\" decoding=\"async\" src=\"https:\/\/ecovision2025.ca\/wp-content\/uploads\/2018\/02\/Climate_Blue.png\" alt=\"\" width=\"25\" height=\"25\" class=\"center size-full wp-image-156\" srcset=\"https:\/\/ecovision2025.ca\/wp-content\/uploads\/2018\/02\/Climate_Blue.png 200w, https:\/\/ecovision2025.ca\/wp-content\/uploads\/2018\/02\/Climate_Blue-150x150.png 150w\" sizes=\"auto, (max-width: 25px) 100vw, 25px\" \/><\/td><td class=\"column-6\">GM, SERSC<\/td><td class=\"column-7\">d\u00e9j\u00e0 en place<\/td><td class=\"column-8\"><a href=\"http:\/\/test.brysongilbert.com\/ecovision2025\/wp-content\/uploads\/2018\/05\/SERSC_CSRSE_04_2018.pdf\">d\u00e9j\u00e0 en place<\/a><\/td>\n<\/tr>\n<tr class=\"row-14\">\n\t<td class=\"column-1\">Adopter des r\u00e8glements de zonage qui r\u00e9duisent l\u2019impact des changements climatiques sur l\u2019infrastructure et les gens<\/td><td class=\"column-2\">R\u00e9glementation<\/td><td class=\"column-3\">GM<\/td><td class=\"column-4\"><img loading=\"lazy\" decoding=\"async\" src=\"https:\/\/ecovision2025.ca\/wp-content\/uploads\/2018\/02\/Climate_Blue.png\" alt=\"\" width=\"25\" height=\"25\" class=\"center size-full wp-image-156\" srcset=\"https:\/\/ecovision2025.ca\/wp-content\/uploads\/2018\/02\/Climate_Blue.png 200w, https:\/\/ecovision2025.ca\/wp-content\/uploads\/2018\/02\/Climate_Blue-150x150.png 150w\" sizes=\"auto, (max-width: 25px) 100vw, 25px\" \/><\/td><td class=\"column-5\"><img loading=\"lazy\" decoding=\"async\" src=\"https:\/\/ecovision2025.ca\/wp-content\/uploads\/2018\/02\/Climate_Blue.png\" alt=\"\" width=\"25\" height=\"25\" class=\"center size-full wp-image-156\" srcset=\"https:\/\/ecovision2025.ca\/wp-content\/uploads\/2018\/02\/Climate_Blue.png 200w, https:\/\/ecovision2025.ca\/wp-content\/uploads\/2018\/02\/Climate_Blue-150x150.png 150w\" sizes=\"auto, (max-width: 25px) 100vw, 25px\" \/><\/td><td class=\"column-6\">GM, SERSC<\/td><td class=\"column-7\">d\u00e9j\u00e0 en place<\/td><td class=\"column-8\"><a href=\"http:\/\/test.brysongilbert.com\/ecovision2025\/wp-content\/uploads\/2018\/05\/SERSC_CSRSE_04_2018.pdf\">d\u00e9j\u00e0 en place<\/a><\/td>\n<\/tr>\n<tr class=\"row-15\">\n\t<td class=\"column-1\">Impl\u00e9menter des lignes directrices qui interdisent la construction dans la zone de mont\u00e9e du niveau de la mer<\/td><td class=\"column-2\">R\u00e9glementation<\/td><td class=\"column-3\">CSRSE, GM<\/td><td class=\"column-4\"><img loading=\"lazy\" decoding=\"async\" src=\"https:\/\/ecovision2025.ca\/wp-content\/uploads\/2018\/02\/Climate_Blue.png\" alt=\"\" width=\"25\" height=\"25\" class=\"center size-full wp-image-156\" srcset=\"https:\/\/ecovision2025.ca\/wp-content\/uploads\/2018\/02\/Climate_Blue.png 200w, https:\/\/ecovision2025.ca\/wp-content\/uploads\/2018\/02\/Climate_Blue-150x150.png 150w\" sizes=\"auto, (max-width: 25px) 100vw, 25px\" \/><\/td><td class=\"column-5\"><img loading=\"lazy\" decoding=\"async\" src=\"https:\/\/ecovision2025.ca\/wp-content\/uploads\/2018\/02\/Climate_Blue.png\" alt=\"\" width=\"25\" height=\"25\" class=\"center size-full wp-image-156\" srcset=\"https:\/\/ecovision2025.ca\/wp-content\/uploads\/2018\/02\/Climate_Blue.png 200w, https:\/\/ecovision2025.ca\/wp-content\/uploads\/2018\/02\/Climate_Blue-150x150.png 150w\" sizes=\"auto, (max-width: 25px) 100vw, 25px\" \/><\/td><td class=\"column-6\">GM, SERSC<\/td><td class=\"column-7\">en cours<\/td><td class=\"column-8\"><a href=\"http:\/\/test.brysongilbert.com\/ecovision2025\/wp-content\/uploads\/2018\/05\/SERSC_CSRSE_04_2018.pdf\">r\u00e9glement\u00e9<\/a><\/td>\n<\/tr>\n<tr class=\"row-16\">\n\t<td class=\"column-1\">D\u00e9velopper un plan d\u2019adaptation r\u00e9gional<\/td><td class=\"column-2\">Strat\u00e9gie<\/td><td class=\"column-3\"><\/td><td class=\"column-4\"><\/td><td class=\"column-5\"><\/td><td class=\"column-6\">Shediac, Cap-Acadie, CRBe<\/td><td class=\"column-7\"><\/td><td class=\"column-8\">d\u00e9j\u00e0 en place<\/td>\n<\/tr>\n<tr class=\"row-17\">\n\t<td class=\"column-1\">D\u00e9veloppement d\u2019un plan d\u2019urgence <\/td><td class=\"column-2\">Strat\u00e9gie<\/td><td class=\"column-3\">GM<\/td><td class=\"column-4\"><\/td><td class=\"column-5\"><\/td><td class=\"column-6\">Shediac<br \/>\nCap-Acadie<br \/>\nCRBE<br \/>\n<\/td><td class=\"column-7\"><\/td><td class=\"column-8\">d\u00e9j\u00e0 en place<\/td>\n<\/tr>\n<tr class=\"row-18\">\n\t<td class=\"column-1\">Reconna\u00eetre, travailler strat\u00e9giquement, et planifier pour la la relocation strat\u00e9gique<\/td><td class=\"column-2\">Strat\u00e9gie<\/td><td class=\"column-3\">GNB<\/td><td class=\"column-4\"><\/td><td class=\"column-5\"><img loading=\"lazy\" decoding=\"async\" src=\"https:\/\/ecovision2025.ca\/wp-content\/uploads\/2018\/02\/Climate_Blue.png\" alt=\"\" width=\"25\" height=\"25\" class=\"center size-full wp-image-156\" srcset=\"https:\/\/ecovision2025.ca\/wp-content\/uploads\/2018\/02\/Climate_Blue.png 200w, https:\/\/ecovision2025.ca\/wp-content\/uploads\/2018\/02\/Climate_Blue-150x150.png 150w\" sizes=\"auto, (max-width: 25px) 100vw, 25px\" \/><\/td><td class=\"column-6\"><\/td><td class=\"column-7\"><\/td><td class=\"column-8\"><\/td>\n<\/tr>\n<tr class=\"row-19\">\n\t<td class=\"column-1\">Mettre en \u0153uvre un programme visant \u00e0 la r\u00e9duction des surfaces asphalt\u00e9es, r\u00e9glementer le pourcentage de surfaces imperm\u00e9ables permises dans les communaut\u00e9s.<\/td><td class=\"column-2\">R\u00e9glementation<\/td><td class=\"column-3\">GM<\/td><td class=\"column-4\"><img loading=\"lazy\" decoding=\"async\" src=\"https:\/\/ecovision2025.ca\/wp-content\/uploads\/2018\/02\/Climate_Blue.png\" alt=\"\" width=\"25\" height=\"25\" class=\"center size-full wp-image-156\" srcset=\"https:\/\/ecovision2025.ca\/wp-content\/uploads\/2018\/02\/Climate_Blue.png 200w, https:\/\/ecovision2025.ca\/wp-content\/uploads\/2018\/02\/Climate_Blue-150x150.png 150w\" sizes=\"auto, (max-width: 25px) 100vw, 25px\" \/><\/td><td class=\"column-5\"><img loading=\"lazy\" decoding=\"async\" src=\"https:\/\/ecovision2025.ca\/wp-content\/uploads\/2018\/02\/Climate_Blue.png\" alt=\"\" width=\"25\" height=\"25\" class=\"center size-full wp-image-156\" srcset=\"https:\/\/ecovision2025.ca\/wp-content\/uploads\/2018\/02\/Climate_Blue.png 200w, https:\/\/ecovision2025.ca\/wp-content\/uploads\/2018\/02\/Climate_Blue-150x150.png 150w\" sizes=\"auto, (max-width: 25px) 100vw, 25px\" \/><\/td><td class=\"column-6\"><\/td><td class=\"column-7\"><\/td><td class=\"column-8\"><\/td>\n<\/tr>\n<tr class=\"row-20\">\n\t<td class=\"column-1\">Exiger que les d\u00e9veloppeurs (r\u00e9sidentiel, commercial) n\u2019aient aucun \u00e9coulement de plus provenant des terres d\u00e9velopp\u00e9es (pas d\u2019augmentation du d\u00e9bit de pointe).<\/td><td class=\"column-2\">R\u00e9glementation<\/td><td class=\"column-3\">GM<\/td><td class=\"column-4\"><img loading=\"lazy\" decoding=\"async\" src=\"https:\/\/ecovision2025.ca\/wp-content\/uploads\/2018\/02\/Climate_Blue.png\" alt=\"\" width=\"25\" height=\"25\" class=\"center size-full wp-image-156\" srcset=\"https:\/\/ecovision2025.ca\/wp-content\/uploads\/2018\/02\/Climate_Blue.png 200w, https:\/\/ecovision2025.ca\/wp-content\/uploads\/2018\/02\/Climate_Blue-150x150.png 150w\" sizes=\"auto, (max-width: 25px) 100vw, 25px\" \/><\/td><td class=\"column-5\"><\/td><td class=\"column-6\"><\/td><td class=\"column-7\"><\/td><td class=\"column-8\"><\/td>\n<\/tr>\n<\/tbody>\n<\/table>\n\n<\/div><!-- #tablepress-13 from cache --><br \/>\n[\/et_pb_text][\/et_pb_column][\/et_pb_row][\/et_pb_section]<\/p>\n","protected":false},"excerpt":{"rendered":"<p>Adaptation aux changements climatiques \u2013 Actions Nous reconnaissons qu\u2019il y a des actions sous d\u2019autres th\u00e8mes qui sont li\u00e9s aux changements climatiques, et que les actions ci-dessous sont li\u00e9es \u00e0 beaucoup d\u2019autres th\u00e8mes. Cette liste fut compil\u00e9e par l\u2019entremise d\u2019un processus d\u2019engagement de huit mois, sans avoir omis quoi que ce soit. Les actions sont [&hellip;]<\/p>\n","protected":false},"author":6,"featured_media":0,"parent":985,"menu_order":0,"comment_status":"closed","ping_status":"closed","template":"","meta":{"_et_pb_use_builder":"on","_et_pb_old_content":"","_et_gb_content_width":"","footnotes":""},"class_list":["post-996","page","type-page","status-publish","hentry"],"_links":{"self":[{"href":"https:\/\/ecovision2025.ca\/fr\/wp-json\/wp\/v2\/pages\/996","targetHints":{"allow":["GET"]}}],"collection":[{"href":"https:\/\/ecovision2025.ca\/fr\/wp-json\/wp\/v2\/pages"}],"about":[{"href":"https:\/\/ecovision2025.ca\/fr\/wp-json\/wp\/v2\/types\/page"}],"author":[{"embeddable":true,"href":"https:\/\/ecovision2025.ca\/fr\/wp-json\/wp\/v2\/users\/6"}],"replies":[{"embeddable":true,"href":"https:\/\/ecovision2025.ca\/fr\/wp-json\/wp\/v2\/comments?post=996"}],"version-history":[{"count":5,"href":"https:\/\/ecovision2025.ca\/fr\/wp-json\/wp\/v2\/pages\/996\/revisions"}],"predecessor-version":[{"id":2376,"href":"https:\/\/ecovision2025.ca\/fr\/wp-json\/wp\/v2\/pages\/996\/revisions\/2376"}],"up":[{"embeddable":true,"href":"https:\/\/ecovision2025.ca\/fr\/wp-json\/wp\/v2\/pages\/985"}],"wp:attachment":[{"href":"https:\/\/ecovision2025.ca\/fr\/wp-json\/wp\/v2\/media?parent=996"}],"curies":[{"name":"wp","href":"https:\/\/api.w.org\/{rel}","templated":true}]}}