{"id":992,"date":"2018-05-14T18:57:51","date_gmt":"2018-05-14T18:57:51","guid":{"rendered":"https:\/\/ecovision2025.ca\/a-propos\/"},"modified":"2024-10-18T11:04:20","modified_gmt":"2024-10-18T14:04:20","slug":"a-propos","status":"publish","type":"page","link":"https:\/\/ecovision2025.ca\/fr\/a-propos\/","title":{"rendered":"\u00c0 propos"},"content":{"rendered":"<p>[et_pb_section fb_built=\u00a0\u00bb1&Prime; _builder_version=\u00a0\u00bb4.16&Prime; global_colors_info=\u00a0\u00bb{}\u00a0\u00bb][et_pb_row column_structure=\u00a0\u00bb2_3,1_3&Prime; _builder_version=\u00a0\u00bb4.16&Prime; background_size=\u00a0\u00bbinitial\u00a0\u00bb background_position=\u00a0\u00bbtop_left\u00a0\u00bb background_repeat=\u00a0\u00bbrepeat\u00a0\u00bb global_colors_info=\u00a0\u00bb{}\u00a0\u00bb][et_pb_column type=\u00a0\u00bb2_3&Prime; _builder_version=\u00a0\u00bb4.16&Prime; custom_padding=\u00a0\u00bb|||\u00a0\u00bb global_colors_info=\u00a0\u00bb{}\u00a0\u00bb custom_padding__hover=\u00a0\u00bb|||\u00a0\u00bb][et_pb_text admin_label=\u00a0\u00bbIntro\u00a0\u00bb _builder_version=\u00a0\u00bb4.18.0&Prime; global_colors_info=\u00a0\u00bb{}\u00a0\u00bb]<\/p>\n<h4>Aux citoyens de notre r\u00e9gion<\/h4>\n<p>Nous aimerions vous pr\u00e9senter EcoVision2025, une strat\u00e9gie collective impliquant trois municipalit\u00e9s et un nombre d\u2019organismes et de groupes communautaires. Cette strat\u00e9gie est un effort pour encourager et collaborer \u00e0 la mise en \u0153uvre des actions qui visent \u00e0 assurer un environnement sain et une haute qualit\u00e9 de vie pour les citoyens de Shediac et Cap-Acadie (Anciennement Cap-Pel\u00e9 et Beaubassin-Est). Cette initiative communautaire emploie une approche \u00e0 plusieurs niveaux, avec des actions \u00e0 court, moyen et long terme qui repr\u00e9sentent notre engagement \u00e0 valoriser et \u00e0 pr\u00e9server nos ressources et nos zones naturelles. C\u2019est un outil indispensable qui nous permettra d\u2019atteindre nos objectifs environnementaux tout en s\u2019adaptant aux effets des changements climatiques.<\/p>\n<p>\u00ab EcoVision2025 identifie des actions qui aideront \u00e0 assurer un environnement sain qui peut soutenir du d\u00e9veloppement \u00e9conomique, une haute qualit\u00e9 de vie et des communaut\u00e9s vibrantes, dans la r\u00e9alit\u00e9 d\u2019un climat changeant. Les actions sont prioris\u00e9es selon le court, moyen et long terme, leur facilit\u00e9 d\u2019impl\u00e9mentation et l\u2019envergure de leur impact. Les agences\/organismes cl\u00e9s sont identifi\u00e9s et encourag\u00e9s \u00e0 s\u2019engager. \u00bb<\/p>\n<p>Nous, les communaut\u00e9s de Cap-Pel\u00e9, Shediac et la communaut\u00e9 rurale de Beaubassin-est, nos organismes partenaires, les Chambres de commerce du grand Shediac et de Cap-Pel\u00e9\/Beaubassin-est, la Commission d\u2019\u00e9puration des eaux us\u00e9es du grand Shediac, Centre-ville Shediac Downtown Inc., Vision H2O et l\u2019Association du bassin versant de la Baie de Shediac, travaillerons \u00e0 la mise en \u0153uvre des actions pertinentes.<\/p>\n<p>&nbsp;<\/p>\n<h4>Comment EcoVision2025 a \u00e9t\u00e9 d\u00e9velopp\u00e9<\/h4>\n<p>Pendant les mois d\u2019octobre 2017 \u00e0 avril 2018, Groupe Aster a organis\u00e9 2 sondages publics (&gt;128 participants), 3 r\u00e9unions publiques (&gt;72 participants), et 4 r\u00e9unions de groupes de discussion (&gt;67 participants) et a particip\u00e9 \u00e0 un \u00e9v\u00e8nement portes ouvertes \u00e0 Shediac. De plus, seize r\u00e9unions avec des intervenants et des organismes ont \u00e9t\u00e9 organis\u00e9es ainsi que 6 r\u00e9unions avec des repr\u00e9sentants municipaux. Un site Web pour le projet et une page Facebook furent maintenus, et les notes et minutes des r\u00e9unions furent t\u00e9l\u00e9charg\u00e9es une fois disponibles afin d\u2019assurer la transparence. Un nombre d\u2019intervenants se sont aussi rencontr\u00e9s afin de discuter des <a href=\"https:\/\/ecovision2025.ca\/fr\/education\/\">actions d\u2019\u00e9ducation et de sensibilisation<\/a> sp\u00e9cifiquement et pour offrir des commentaires sur le site Web. Au d\u00e9but du processus, 13,000 copies d\u2019un feuillet d\u2019information furent envoy\u00e9s par la poste \u00e0 des r\u00e9sidents de la r\u00e9gion afin d\u2019inviter une participation diverse. De l\u2019information de contact fut offerte, et par avril 2018, 117 individus \u00e9taient inscrits \u00e0 une liste de courriels.<\/p>\n<p>Tous au long du processus d\u2019engagement, en premier des inqui\u00e9tudes environnementales, et ensuite des id\u00e9es pour des actions afin adresser ces derniers furent compil\u00e9s. Ces actions sont pr\u00e9sent\u00e9es sur le site Web. Elles sont pr\u00e9sentes sous 7 th\u00e8mes, les buts d&rsquo;EcoVision 2025, avec un sujet global identifi\u00e9 pour chacun.<\/p>\n<p>&nbsp;<\/p>\n<h4>Les Buts d\u2019EcoVision2025<\/h4>\n<ol>\n<li><strong>De prot\u00e9ger et d\u2019am\u00e9liorer la qualit\u00e9 de l\u2019eau dans nos environnements c\u00f4tiers et nos environnements d\u2019eau douce, et de promouvoir la conservation de l\u2019eau.\u00a0<\/strong>Les actions qui auront le plus grand impact et qui atteindront le but ci-dessus sont celles qui travaillent vers l\u2019\u00e9limination de toute contamination de l\u2019eau par des eaux us\u00e9es brutes et de l\u2019\u00e9coulement contamin\u00e9, \u00e0 travers de meilleures pratiques de traitement des eaux us\u00e9es, l\u2019impl\u00e9mentation et l\u2019application des d\u00e9charges obligatoires des syst\u00e8mes septiques et des r\u00e9servoirs de bateaux, et l\u2019\u00e9ducation des touristes et du public.<\/li>\n<li><strong>De conserver et d\u2019am\u00e9liorer l\u2019environnement naturel et d\u2019assurer que les syst\u00e8mes naturels soient en sant\u00e9 et r\u00e9silients, et de restaurer et de prot\u00e9ger notre c\u00f4te et nos terres humides.\u00a0<\/strong>Les actions qui auront le plus grand impact et qui atteindront le but ci-dessus sont celles qui travaillent vers la protection et la r\u00e9habilitation d\u2019\u00e9cosyst\u00e8mes naturels existants, tels que les terres humides et les zones c\u00f4ti\u00e8res (plages, marais sal\u00e9s, etc.), des zones tampons fortes pour ces \u00e9cosyst\u00e8mes, et l\u2019\u00e9ducation du public au sujet de l\u2019importance des zones naturelles telles que les terres humides et les zones c\u00f4ti\u00e8res.<\/li>\n<li><strong>De r\u00e9duire les \u00e9missions de carbone en maximisant l\u2019efficacit\u00e9 \u00e9nerg\u00e9tique et en avan\u00e7ant avec la transition vers l\u2019\u00e9nergie renouvelable.\u00a0<\/strong>Les actions qui auront le plus grand impact et qui atteindront le but ci-dessus sont celles qui travaillent vers l\u2019augmentation de l\u2019efficacit\u00e9 \u00e9nerg\u00e9tique de b\u00e2timents municipaux, d\u2019entreprises et de maisons priv\u00e9es, et l\u2019augmentation de l\u2019utilisation de technologies d\u2019\u00e9nergie renouvelable.<\/li>\n<li><strong>De r\u00e9duire le montant de d\u00e9chets que nous produisons et de soutenir et promouvoir les 5 R (refuser, r\u00e9duire, r\u00e9utiliser, red\u00e9finir, recycler), et d\u2019engager le public dans des strat\u00e9gies de gestion des d\u00e9chets plus avanc\u00e9es qui prot\u00e8gent notre environnement.\u00a0<\/strong>Les actions qui auront le plus grand impact et qui atteindront le but ci-dessus sont celles qui travaillent vers l\u2019impl\u00e9mentation de la s\u00e9paration de d\u00e9chets pour les entreprises, les immeubles r\u00e9sidentiels, et les op\u00e9rations municipales, et l\u2019\u00e9ducation du public et des touristes sur le fonctionnement de notre syst\u00e8me de gestion de d\u00e9chets et pourquoi nous devons r\u00e9duire nos d\u00e9chets.<\/li>\n<li><strong>De soutenir une industrie agricole productive qui prot\u00e8ge nos ressources d\u2019eau, soutenir les syst\u00e8mes de nourriture locale et promouvoir la consommation d\u2019aliments locaux aupr\u00e8s des r\u00e9sidents et des touristes.\u00a0<\/strong>Les actions qui auront le plus grand impact et qui atteindront le but ci-dessus sont celles qui encouragent la production et l\u2019utilisation d\u2019aliments locaux dans les \u00e9coles, les entreprises et aupr\u00e8s du public, ainsi que la promotion de produits locaux aupr\u00e8s des touristes et du public.<\/li>\n<li><strong>Impl\u00e9menter, soutenir et promouvoir les syst\u00e8mes de transport efficaces, actifs et partag\u00e9s.\u00a0<\/strong>Les actions qui auront le plus grand impact et qui atteindront le but ci-dessus sont celles qui travaillent vers de meilleures opportunit\u00e9s de transport actif tels que des sentiers, des voitures plus efficaces, ainsi que des services de transportation partag\u00e9s ainsi que publics.<\/li>\n<li><strong>De s\u2019adapter \u00e0 un climat changeant et d\u2019augmenter notre r\u00e9silience face aux changements.\u00a0<\/strong>Les actions qui auront le plus grand impact et qui atteindront le but ci-dessus sont celles qui travaillent vers la r\u00e9duction de risques des impacts des changements climatiques tels que la restriction et la r\u00e8glementation des d\u00e9veloppements dans les zones \u00e0 risque comme identifi\u00e9es par le gouvernement provincial, l\u2019encouragement de ceux qui habitent dans des zones \u00e0 risque de d\u00e9m\u00e9nager ou d\u2019am\u00e9liorer leurs b\u00e2timents afin qu\u2019ils puissent mieux r\u00e9sister aux risques et planifier de se d\u00e9placer dans le long terme.<\/li>\n<\/ol>\n<h4><\/h4>\n<h4>Mise en \u0153uvre d\u2019EcoVision2025<\/h4>\n<p>Les participants s&rsquo;int\u00e9ressaient particuli\u00e8rement \u00e0 la n\u00e9cessit\u00e9 de maintenir l&rsquo;\u00e9lan, de la communication et de l\u2019engagement, ainsi que de la transparence. Les partenaires ont identifi\u00e9 le m\u00e9canisme par lequel ils interagiront avec les autres afin de travailler pour mettre en \u0153uvre ces actions, et nous recommandons fortement que la mise en \u0153uvre de ce m\u00e9canisme d\u00e9bute sans d\u00e9lai afin de garder les intervenants et les partenaires engag\u00e9s.<\/p>\n<p>[\/et_pb_text][\/et_pb_column][et_pb_column type=\u00a0\u00bb1_3&Prime; _builder_version=\u00a0\u00bb4.16&Prime; custom_padding=\u00a0\u00bb|||\u00a0\u00bb global_colors_info=\u00a0\u00bb{}\u00a0\u00bb custom_padding__hover=\u00a0\u00bb|||\u00a0\u00bb][et_pb_text _builder_version=\u00a0\u00bb4.16&Prime; global_colors_info=\u00a0\u00bb{}\u00a0\u00bb]<\/p>\n<p><a href=\"https:\/\/ecovision2025.ca\/wp-content\/uploads\/2018\/05\/Rapport_sommaire_FR_20mai2018.pdf\" target=\"_blank\" rel=\"noopener noreferrer\"><br \/> <img loading=\"lazy\" decoding=\"async\" class=\"aligncenter wp-image-46\" src=\"https:\/\/ecovision2025.ca\/wp-content\/uploads\/2018\/02\/EV2025_Logo.png\" alt=\"\" width=\"150\" height=\"65\" srcset=\"https:\/\/ecovision2025.ca\/wp-content\/uploads\/2018\/02\/EV2025_Logo.png 880w, https:\/\/ecovision2025.ca\/wp-content\/uploads\/2018\/02\/EV2025_Logo-300x130.png 300w, https:\/\/ecovision2025.ca\/wp-content\/uploads\/2018\/02\/EV2025_Logo-768x332.png 768w\" sizes=\"auto, (max-width: 150px) 100vw, 150px\" \/><\/a><\/p>\n<h5><\/h5>\n<h5 style=\"text-align: center;\"><a href=\"https:\/\/ecovision2025.ca\/wp-content\/uploads\/2018\/09\/\u00c9coVision-2025-rapport-sommaire.pdf\" target=\"_blank\" rel=\"noopener noreferrer\">Consultez le rapport Sommaire (PDF)<\/a><\/h5>\n<p>[\/et_pb_text][et_pb_text _builder_version=\u00a0\u00bb4.16&Prime; global_colors_info=\u00a0\u00bb{}\u00a0\u00bb]<\/p>\n<h5 style=\"text-align: center;\"><span style=\"color: #000000;\"><strong>Atelier environnemental<\/strong><\/span><br \/><span style=\"color: #000000;\"> <strong>Eco Vision 2025<\/strong><\/span><\/h5>\n<p style=\"text-align: center;\">Rapport de la r\u00e9union du 18 juin 2018<br \/> Centre multifonctionnel de Shediac<\/p>\n<h5 style=\"text-align: center;\"><a href=\"https:\/\/ecovision2025.ca\/wp-content\/uploads\/2018\/08\/Rapport-Atelier-environnemental-\u00c9coVision-_18-juin-2018rev.pdf\" target=\"_blank\" rel=\"noopener noreferrer\">Consultez le\u00a0rapport de la r\u00e9union (PDF)<\/a><\/h5>\n<p>&nbsp;<\/p>\n<p>[\/et_pb_text][et_pb_text _builder_version=\u00a0\u00bb4.16&Prime; global_colors_info=\u00a0\u00bb{}\u00a0\u00bb]<\/p>\n<h5 style=\"text-align: center;\"><span color=\"#000000\" style=\"color: #000000;\"><b>Rapport annuel 2019<\/b><\/span><\/h5>\n<h5 style=\"text-align: center;\"><a href=\"https:\/\/ecovision2025.ca\/wp-content\/uploads\/2020\/07\/EcoVision-2025-Rapport-annuel-2019_003.pdf\" target=\"_blank\" rel=\"noopener noreferrer\">Consultez le\u00a0rapport annuel (PDF)<\/a><\/h5>\n<p>&nbsp;<\/p>\n<p>[\/et_pb_text][et_pb_text _builder_version=\u00a0\u00bb4.16&Prime; global_colors_info=\u00a0\u00bb{}\u00a0\u00bb]<\/p>\n<h5 style=\"text-align: center;\"><span color=\"#000000\" style=\"color: #000000;\"><b>Rapport annuel 2020<\/b><\/span><\/h5>\n<h5 style=\"text-align: center;\"><a href=\"https:\/\/ecovision2025.ca\/wp-content\/uploads\/2021\/04\/Rapport-final_EcoVision-2025_2020.pdf\" target=\"_blank\" rel=\"noopener noreferrer\">Consultez le\u00a0rapport annuel (PDF)<\/a><\/h5>\n<p>&nbsp;<\/p>\n<p>[\/et_pb_text][et_pb_text _builder_version=\u00a0\u00bb4.16.0&Prime; global_colors_info=\u00a0\u00bb{}\u00a0\u00bb]<\/p>\n<h5 style=\"text-align: center;\"><span color=\"#000000\" style=\"color: #000000;\"><b>Rapport annuel 2021<\/b><\/span><\/h5>\n<h5 style=\"text-align: center;\"><a href=\"https:\/\/ecovision2025.ca\/wp-content\/uploads\/2022\/04\/Rapport-final_EcoVision-2025_-2021.pdf\" target=\"_blank\" rel=\"noopener noreferrer\">Consultez le\u00a0rapport annuel (PDF)<\/a><\/h5>\n<p>&nbsp;<\/p>\n<p>[\/et_pb_text][et_pb_text _builder_version=\u00a0\u00bb4.18.0&Prime; global_colors_info=\u00a0\u00bb{}\u00a0\u00bb]<\/p>\n<h5 style=\"text-align: center;\"><span color=\"#000000\" style=\"color: #000000;\"><b>Rapport annuel 2022<\/b><\/span><\/h5>\n<h5 style=\"text-align: center;\"><a href=\"https:\/\/ecovision2025.ca\/wp-content\/uploads\/2023\/04\/Rapport-final_EcoVision-2025_-decembre-2022.pdf\" target=\"_blank\" rel=\"noopener noreferrer\">Consultez le\u00a0rapport annuel (PDF)<\/a><\/h5>\n<p>&nbsp;<\/p>\n<p>[\/et_pb_text][et_pb_text _builder_version=\u00a0\u00bb4.27.0&Prime; hover_enabled=\u00a0\u00bb0&Prime; global_colors_info=\u00a0\u00bb{}\u00a0\u00bb sticky_enabled=\u00a0\u00bb0&Prime;]<\/p>\n<h5 style=\"text-align: center;\"><span color=\"#000000\" style=\"color: #000000;\"><b>Rapport annuel 2023<\/b><\/span><\/h5>\n<h5 style=\"text-align: center;\"><a href=\"https:\/\/ecovision2025.ca\/wp-content\/uploads\/2024\/10\/Rapport-final_EcoVision-2025_-2023_vf.pdf\" target=\"_blank\" rel=\"noopener noreferrer\">Consultez le\u00a0rapport annuel (PDF)<\/a><\/h5>\n<p>&nbsp;<\/p>\n<p>[\/et_pb_text][\/et_pb_column][\/et_pb_row][\/et_pb_section]<\/p>\n","protected":false},"excerpt":{"rendered":"<p>Eco Vision 2025 is a project to develop a Green Strategy for the rural community of Beaubassin-est, Shediac and Cap-Pel\u00e9 region by the summer of 2018. <\/p>\n","protected":false},"author":6,"featured_media":0,"parent":0,"menu_order":0,"comment_status":"closed","ping_status":"closed","template":"","meta":{"_et_pb_use_builder":"on","_et_pb_old_content":"<p>Eco Vision 2025 is a project to develop a Green Strategy for the rural community of Beaubassin-est, Shediac and Cap-Pel\u00e9 region by the summer of 2018. This website will provide updates and information on the project. It is managed by the consultant firm Aster Group (<a href=\"http:\/\/www.astergroup.ca\/\">www.astergroup.ca<\/a>).<\/p><p>The proposed Green Strategy will address priorities around ensuring a healthy environment that can support economic development, a high quality or life, and vibrant communities, all within the reality of a changing climate. The purpose of this Strategy is to identify practical actions for all sectors within the region to reduce negative environmental impacts, and to improve or maintain a healthy environment. It will provide short-, medium-, and long-term actions, prioritize those actions, and assign lead agencies and\/ or organizations.<\/p>","_et_gb_content_width":"","footnotes":""},"class_list":["post-992","page","type-page","status-publish","hentry"],"_links":{"self":[{"href":"https:\/\/ecovision2025.ca\/fr\/wp-json\/wp\/v2\/pages\/992","targetHints":{"allow":["GET"]}}],"collection":[{"href":"https:\/\/ecovision2025.ca\/fr\/wp-json\/wp\/v2\/pages"}],"about":[{"href":"https:\/\/ecovision2025.ca\/fr\/wp-json\/wp\/v2\/types\/page"}],"author":[{"embeddable":true,"href":"https:\/\/ecovision2025.ca\/fr\/wp-json\/wp\/v2\/users\/6"}],"replies":[{"embeddable":true,"href":"https:\/\/ecovision2025.ca\/fr\/wp-json\/wp\/v2\/comments?post=992"}],"version-history":[{"count":5,"href":"https:\/\/ecovision2025.ca\/fr\/wp-json\/wp\/v2\/pages\/992\/revisions"}],"predecessor-version":[{"id":4586,"href":"https:\/\/ecovision2025.ca\/fr\/wp-json\/wp\/v2\/pages\/992\/revisions\/4586"}],"wp:attachment":[{"href":"https:\/\/ecovision2025.ca\/fr\/wp-json\/wp\/v2\/media?parent=992"}],"curies":[{"name":"wp","href":"https:\/\/api.w.org\/{rel}","templated":true}]}}