{"id":985,"date":"2018-05-14T18:45:31","date_gmt":"2018-05-14T18:45:31","guid":{"rendered":"https:\/\/ecovision2025.ca\/adaptation-aux-changements-climatiques\/"},"modified":"2024-10-18T11:22:27","modified_gmt":"2024-10-18T14:22:27","slug":"changements-climatiques","status":"publish","type":"page","link":"https:\/\/ecovision2025.ca\/fr\/changements-climatiques\/","title":{"rendered":"Changements climatiques"},"content":{"rendered":"<p>[et_pb_section fb_built=\u00a0\u00bb1&Prime; _builder_version=\u00a0\u00bb4.16&Prime; global_colors_info=\u00a0\u00bb{}\u00a0\u00bb][et_pb_row column_structure=\u00a0\u00bb1_4,1_2,1_4&Prime; _builder_version=\u00a0\u00bb4.16&Prime; background_size=\u00a0\u00bbinitial\u00a0\u00bb background_position=\u00a0\u00bbtop_left\u00a0\u00bb background_repeat=\u00a0\u00bbrepeat\u00a0\u00bb global_colors_info=\u00a0\u00bb{}\u00a0\u00bb][et_pb_column type=\u00a0\u00bb1_4&Prime; _builder_version=\u00a0\u00bb4.16&Prime; custom_padding=\u00a0\u00bb|||\u00a0\u00bb global_colors_info=\u00a0\u00bb{}\u00a0\u00bb custom_padding__hover=\u00a0\u00bb|||\u00a0\u00bb][et_pb_blurb admin_label=\u00a0\u00bbActions\u00a0\u00bb _builder_version=\u00a0\u00bb4.16&Prime; header_font=\u00a0\u00bb|600|||||||\u00a0\u00bb header_text_align=\u00a0\u00bbcenter\u00a0\u00bb text_orientation=\u00a0\u00bbcenter\u00a0\u00bb global_colors_info=\u00a0\u00bb{}\u00a0\u00bb]<a href=\"https:\/\/ecovision2025.ca\/fr\/changements-climatiques\/climat-actions\/\"><img loading=\"lazy\" decoding=\"async\" class=\"aligncenter wp-image-156\" src=\"https:\/\/ecovision2025.ca\/wp-content\/uploads\/2018\/02\/Climate_Blue.png\" alt=\"Climate Change\" width=\"75\" height=\"75\" srcset=\"https:\/\/ecovision2025.ca\/wp-content\/uploads\/2018\/02\/Climate_Blue.png 200w, https:\/\/ecovision2025.ca\/wp-content\/uploads\/2018\/02\/Climate_Blue-150x150.png 150w\" sizes=\"auto, (max-width: 75px) 100vw, 75px\" \/><\/a><\/p>\n<p style=\"text-align: center;\"><a href=\"https:\/\/ecovision2025.ca\/fr\/changements-climatiques\/climat-actions\/\" rel=\"noopener\"><strong>ACTIONS<\/strong><br \/>\n<\/a>Requises afin de s\u2019adapter \u00e0 un climat changeant et d\u2019augmenter notre r\u00e9silience face aux changements climatiques.<\/p>\n<p>[\/et_pb_blurb][et_pb_blurb admin_label=\u00a0\u00bbYou\u00a0\u00bb _builder_version=\u00a0\u00bb4.16&Prime; header_font=\u00a0\u00bb|600|||||||\u00a0\u00bb header_text_align=\u00a0\u00bbcenter\u00a0\u00bb text_orientation=\u00a0\u00bbcenter\u00a0\u00bb global_colors_info=\u00a0\u00bb{}\u00a0\u00bb]<\/p>\n<p style=\"text-align: center;\"><a href=\"https:\/\/ecovision2025.ca\/fr\/changements-climatiques\/climat-vous\/\" rel=\"noopener\"><strong>CE QUE VOUS POUVEZ FAIRE<\/strong><br \/>\n<\/a>Afin de s\u2019adapter \u00e0 un climat changeant.<\/p>\n<p>[\/et_pb_blurb][et_pb_blurb admin_label=\u00a0\u00bbDig\u00a0\u00bb _builder_version=\u00a0\u00bb4.16&Prime; header_font=\u00a0\u00bb|600|||||||\u00a0\u00bb header_text_align=\u00a0\u00bbcenter\u00a0\u00bb text_orientation=\u00a0\u00bbcenter\u00a0\u00bb global_colors_info=\u00a0\u00bb{}\u00a0\u00bb]<\/p>\n<p style=\"text-align: center;\"><a href=\"https:\/\/ecovision2025.ca\/fr\/changements-climatiques\/climat-en-profondeur\/\" rel=\"noopener\"><strong>EN PROFONDEUR<br \/>\n<\/strong><\/a>Cela vous permettra d\u2019explorer des sites web et de l\u2019information au sujet du th\u00e8me.<\/p>\n<p>[\/et_pb_blurb][\/et_pb_column][et_pb_column type=\u00a0\u00bb1_2&Prime; _builder_version=\u00a0\u00bb4.16&Prime; custom_padding=\u00a0\u00bb|||\u00a0\u00bb global_colors_info=\u00a0\u00bb{}\u00a0\u00bb custom_padding__hover=\u00a0\u00bb|||\u00a0\u00bb][et_pb_image src=\u00a0\u00bbhttps:\/\/ecovision2025.ca\/wp-content\/uploads\/2018\/05\/Beach_1.jpg\u00a0\u00bb align_tablet=\u00a0\u00bbcenter\u00a0\u00bb align_phone=\u00a0\u00bb\u00a0\u00bb align_last_edited=\u00a0\u00bbon|desktop\u00a0\u00bb _builder_version=\u00a0\u00bb4.16&Prime; always_center_on_mobile=\u00a0\u00bbon\u00a0\u00bb global_colors_info=\u00a0\u00bb{}\u00a0\u00bb][\/et_pb_image][et_pb_text _builder_version=\u00a0\u00bb4.16&Prime; global_colors_info=\u00a0\u00bb{}\u00a0\u00bb]<\/p>\n<h2 style=\"text-align: left;\">Adaptation aux changements climatiques<\/h2>\n<p>Les changements climatiques nous affectent tous et ils ont un impact particuli\u00e8rement fort sur nos c\u00f4tes, avec la mont\u00e9e du niveau de la mer et les risques d\u2019ondes de temp\u00eate. Il est essentiel que nous nous adaptons \u00e0 ce risque et que nous augmentons notre r\u00e9silience face aux changements climatiques. Cette section adresse seulement la question de l\u2019adaptation, tandis que la section sur l\u2019\u00e9nergie adresse les inqui\u00e9tudes et les actions relatives \u00e0 la r\u00e9duction de nos \u00e9missions de gaz \u00e0 effet de serre.<\/p>\n<p>Les d\u00e9fis suivants furent identifi\u00e9s par les participants au d\u00e9veloppement de la Strat\u00e9gie Verte en 2017 et 2018 :<\/p>\n<ul>\n<li>La perte de zones c\u00f4ti\u00e8res incluant les terres humides et les plages, le manque de compr\u00e9hension au sujet des r\u00f4les de ces syst\u00e8mes, et au sujet des impacts des mesures de contr\u00f4le de l\u2019\u00e9rosion;<\/li>\n<li>Des inqui\u00e9tudes au sujet de l\u2019impl\u00e9mentation de la zone de mont\u00e9e du niveau de la mer, son application, et les impacts sur les terrains environnants \u00e0 cause de l\u2019\u00e9coulement d\u00fb aux r\u00e8glements permettant de b\u00e2tir au-dessus du niveau de la mer seulement.<\/li>\n<\/ul>\n<p>Plusieurs actions furent pr\u00e9sent\u00e9es par des membres de la communaut\u00e9 qui pourraient aider \u00e0 adresser ces inqui\u00e9tudes. Jetez un coup d\u2019\u0153il au c\u00f4t\u00e9 gauche de l\u2019\u00e9cran sous \u00abActions\u00bb. Si vous \u00eates \u00e0 la recherche de choses que vous pouvez faire, jetez un coup d\u2019\u0153il \u00e0 \u00ab<a href=\"https:\/\/ecovision2025.ca\/fr\/adaptation-aux-changements-climatiques\/climat-you\/\">Ce que vous pouvez faire<\/a>\u00bb. Si vous voulez savoir qui travaille d\u00e9j\u00e0 sur ces probl\u00e8mes, jetez un coup d\u2019\u0153il \u00e0 \u00abEn profondeur\u00bb.<\/p>\n<p>[\/et_pb_text][\/et_pb_column][et_pb_column type=\u00a0\u00bb1_4&Prime; _builder_version=\u00a0\u00bb4.16&Prime; custom_padding=\u00a0\u00bb|||\u00a0\u00bb global_colors_info=\u00a0\u00bb{}\u00a0\u00bb custom_padding__hover=\u00a0\u00bb|||\u00a0\u00bb][et_pb_text _builder_version=\u00a0\u00bb4.27.0&Prime; width=\u00a0\u00bb60%\u00a0\u00bb hover_enabled=\u00a0\u00bb0&Prime; global_colors_info=\u00a0\u00bb{}\u00a0\u00bb sticky_enabled=\u00a0\u00bb0&Prime;]<\/p>\n<p style=\"text-align: center;\"><strong>Qui est actif sur ce dossier?<\/strong><\/p>\n<p style=\"text-align: center;\"><a href=\"https:\/\/shediac.ca\/en\/\" target=\"_blank\" rel=\"noopener noreferrer\"><img loading=\"lazy\" decoding=\"async\" class=\"aligncenter wp-image-419\" src=\"https:\/\/ecovision2025.ca\/wp-content\/uploads\/2018\/04\/Shediac_logo.jpg\" alt=\"\" width=\"100\" height=\"57\" \/><\/a><\/p>\n<p style=\"text-align: center;\"><a href=\"http:\/\/gssc-cesb.ca\/\"><img loading=\"lazy\" decoding=\"async\" class=\"aligncenter wp-image-418\" src=\"https:\/\/ecovision2025.ca\/wp-content\/uploads\/2018\/04\/GSSC.png\" alt=\"\" width=\"100\" height=\"48\" srcset=\"https:\/\/ecovision2025.ca\/wp-content\/uploads\/2018\/04\/GSSC.png 408w, https:\/\/ecovision2025.ca\/wp-content\/uploads\/2018\/04\/GSSC-300x145.png 300w, https:\/\/ecovision2025.ca\/wp-content\/uploads\/2018\/04\/GSSC-400x197.png 400w\" sizes=\"auto, (max-width: 100px) 100vw, 100px\" \/><\/a><\/p>\n<p style=\"text-align: center;\"><a href=\"https:\/\/capacadie.ca\/fr\/\" target=\"_blank\" rel=\"noopener\"><img loading=\"lazy\" decoding=\"async\" src=\"https:\/\/ecovision2025.ca\/wp-content\/uploads\/2024\/10\/capacadie_logo_full_color_rgb_900px_w_72ppi-1-300x112.jpg\" width=\"171\" height=\"64\" alt=\"\" class=\"wp-image-4564 alignnone size-medium\" \/><\/a><\/p>\n<p style=\"text-align: center;\"><a href=\"http:\/\/www.nbse.ca\/\"><img loading=\"lazy\" decoding=\"async\" class=\"aligncenter wp-image-596\" src=\"https:\/\/ecovision2025.ca\/wp-content\/uploads\/2018\/05\/SRSC_logo.jpg\" alt=\"Southeast Regional Service Commission\" width=\"125\" height=\"38\" \/><\/a><\/p>\n<p style=\"text-align: center;\"><a href=\"http:\/\/www.shediacbayassociation.org\/\" target=\"_blank\" rel=\"noopener noreferrer\"><img loading=\"lazy\" decoding=\"async\" class=\"aligncenter wp-image-463\" src=\"https:\/\/ecovision2025.ca\/wp-content\/uploads\/2018\/05\/SBWA_logo.png\" alt=\"SBWA\" width=\"100\" height=\"79\" srcset=\"https:\/\/ecovision2025.ca\/wp-content\/uploads\/2018\/05\/SBWA_logo.png 400w, https:\/\/ecovision2025.ca\/wp-content\/uploads\/2018\/05\/SBWA_logo-300x237.png 300w\" sizes=\"auto, (max-width: 100px) 100vw, 100px\" \/><\/a><\/p>\n<p style=\"text-align: center;\"><img loading=\"lazy\" decoding=\"async\" src=\"https:\/\/ecovision2025.ca\/wp-content\/uploads\/2023\/11\/VH2O-300x90.jpg\" width=\"143\" height=\"43\" alt=\"\" class=\"wp-image-3570 alignnone size-medium\" \/><\/p>\n<p>[\/et_pb_text][\/et_pb_column][\/et_pb_row][et_pb_row _builder_version=\u00a0\u00bb4.16&Prime; background_size=\u00a0\u00bbinitial\u00a0\u00bb background_position=\u00a0\u00bbtop_left\u00a0\u00bb background_repeat=\u00a0\u00bbrepeat\u00a0\u00bb global_colors_info=\u00a0\u00bb{}\u00a0\u00bb][\/et_pb_row][\/et_pb_section]<\/p>\n","protected":false},"excerpt":{"rendered":"<p>ACTIONS Requises afin de s\u2019adapter \u00e0 un climat changeant et d\u2019augmenter notre r\u00e9silience face aux changements climatiques. CE QUE VOUS POUVEZ FAIRE Afin de s\u2019adapter \u00e0 un climat changeant. EN PROFONDEUR Cela vous permettra d\u2019explorer des sites web et de l\u2019information au sujet du th\u00e8me. Adaptation aux changements climatiques Les changements climatiques nous affectent tous [&hellip;]<\/p>\n","protected":false},"author":6,"featured_media":0,"parent":0,"menu_order":0,"comment_status":"closed","ping_status":"closed","template":"","meta":{"_et_pb_use_builder":"on","_et_pb_old_content":"","_et_gb_content_width":"","footnotes":""},"class_list":["post-985","page","type-page","status-publish","hentry"],"_links":{"self":[{"href":"https:\/\/ecovision2025.ca\/fr\/wp-json\/wp\/v2\/pages\/985","targetHints":{"allow":["GET"]}}],"collection":[{"href":"https:\/\/ecovision2025.ca\/fr\/wp-json\/wp\/v2\/pages"}],"about":[{"href":"https:\/\/ecovision2025.ca\/fr\/wp-json\/wp\/v2\/types\/page"}],"author":[{"embeddable":true,"href":"https:\/\/ecovision2025.ca\/fr\/wp-json\/wp\/v2\/users\/6"}],"replies":[{"embeddable":true,"href":"https:\/\/ecovision2025.ca\/fr\/wp-json\/wp\/v2\/comments?post=985"}],"version-history":[{"count":5,"href":"https:\/\/ecovision2025.ca\/fr\/wp-json\/wp\/v2\/pages\/985\/revisions"}],"predecessor-version":[{"id":4600,"href":"https:\/\/ecovision2025.ca\/fr\/wp-json\/wp\/v2\/pages\/985\/revisions\/4600"}],"wp:attachment":[{"href":"https:\/\/ecovision2025.ca\/fr\/wp-json\/wp\/v2\/media?parent=985"}],"curies":[{"name":"wp","href":"https:\/\/api.w.org\/{rel}","templated":true}]}}