{"id":969,"date":"2018-05-14T18:38:11","date_gmt":"2018-05-14T18:38:11","guid":{"rendered":"https:\/\/ecovision2025.ca\/climat-you\/"},"modified":"2023-09-06T14:08:29","modified_gmt":"2023-09-06T17:08:29","slug":"climat-vous","status":"publish","type":"page","link":"https:\/\/ecovision2025.ca\/fr\/changements-climatiques\/climat-vous\/","title":{"rendered":"Climat \u2013 Vous"},"content":{"rendered":"<p>[et_pb_section fb_built=\u00a0\u00bb1&Prime; _builder_version=\u00a0\u00bb4.16&Prime; custom_margin=\u00a0\u00bb||0px|\u00a0\u00bb custom_padding=\u00a0\u00bb||0px|\u00a0\u00bb global_colors_info=\u00a0\u00bb{}\u00a0\u00bb][et_pb_row _builder_version=\u00a0\u00bb4.16&Prime; custom_margin=\u00a0\u00bb||0px|\u00a0\u00bb custom_padding=\u00a0\u00bb||0px|\u00a0\u00bb global_colors_info=\u00a0\u00bb{}\u00a0\u00bb][et_pb_column type=\u00a0\u00bb4_4&Prime; _builder_version=\u00a0\u00bb4.16&Prime; custom_padding=\u00a0\u00bb|||\u00a0\u00bb global_colors_info=\u00a0\u00bb{}\u00a0\u00bb custom_padding__hover=\u00a0\u00bb|||\u00a0\u00bb][et_pb_text _builder_version=\u00a0\u00bb4.16&Prime; global_colors_info=\u00a0\u00bb{}\u00a0\u00bb]<\/p>\n<h1 style=\"text-align: center;\">Vous vous demandez ce que vous pouvez faire?<\/h1>\n<p style=\"text-align: center;\">Il y a des choses pratiques que nous pouvons tous faire pour nous adapter aux changements climatiques.<\/p>\n<p>[\/et_pb_text][et_pb_text _builder_version=\u00a0\u00bb4.16&Prime; custom_margin=\u00a0\u00bb||0px|\u00a0\u00bb custom_padding=\u00a0\u00bb10px||0px|\u00a0\u00bb global_colors_info=\u00a0\u00bb{}\u00a0\u00bb]<\/p>\n<h4 style=\"text-align: center;\"><strong>Impacts des changements climatiques<\/strong><\/h4>\n<p>[\/et_pb_text][\/et_pb_column][\/et_pb_row][et_pb_row make_equal=\u00a0\u00bbon\u00a0\u00bb _builder_version=\u00a0\u00bb4.16&Prime; module_alignment=\u00a0\u00bbcenter\u00a0\u00bb global_colors_info=\u00a0\u00bb{}\u00a0\u00bb column_structure=\u00a0\u00bb1_2,1_2&Prime;][et_pb_column type=\u00a0\u00bb1_2&Prime; _builder_version=\u00a0\u00bb4.16&Prime; custom_padding=\u00a0\u00bb|||\u00a0\u00bb global_colors_info=\u00a0\u00bb{}\u00a0\u00bb custom_padding__hover=\u00a0\u00bb|||\u00a0\u00bb][et_pb_toggle title=\u00a0\u00bbNous sommes conscients des impacts de la mont\u00e9e du niveau de la mer.\u00a0\u00bb open_toggle_background_color=\u00a0\u00bb#ffffff\u00a0\u00bb icon_color=\u00a0\u00bb#0071ba\u00a0\u00bb open_icon_color=\u00a0\u00bb#0071ba\u00a0\u00bb _builder_version=\u00a0\u00bb4.16&Prime; global_colors_info=\u00a0\u00bb{}\u00a0\u00bb]<em>Les scientifiques estiment que par l\u2019an 2025, le niveau de la mer au N.-B. aura mont\u00e9 de 14 cm par-rapport \u00e0 l\u2019an 2000.<\/em><br \/>\n[\/et_pb_toggle][et_pb_toggle title=\u00a0\u00bbNous capturons toute l\u2019eau qui s\u2019\u00e9coule de notre terrain.\u00a0\u00bb open_toggle_background_color=\u00a0\u00bb#ffffff\u00a0\u00bb icon_color=\u00a0\u00bb#0071ba\u00a0\u00bb open_icon_color=\u00a0\u00bb#0071ba\u00a0\u00bb _builder_version=\u00a0\u00bb4.16&Prime; global_colors_info=\u00a0\u00bb{}\u00a0\u00bb]<em>Cela r\u00e9duit la charge de l\u2019infrastructure municipale.<\/em><br \/>\n[\/et_pb_toggle][et_pb_toggle title=\u00a0\u00bbNous avons r\u00e9duit le montant de surfaces imperm\u00e9ables en enlevant de l\u2019asphalte.\u00a0\u00bb open_toggle_background_color=\u00a0\u00bb#ffffff\u00a0\u00bb icon_color=\u00a0\u00bb#0071ba\u00a0\u00bb open_icon_color=\u00a0\u00bb#0071ba\u00a0\u00bb _builder_version=\u00a0\u00bb4.16&Prime; global_colors_info=\u00a0\u00bb{}\u00a0\u00bb]<em>Cela permet \u00e0 l\u2019eau d\u2019\u00eatre absorb\u00e9e par le sol et cela r\u00e9duit l\u2019\u00e9coulement.<\/em><br \/>\n[\/et_pb_toggle][\/et_pb_column][et_pb_column type=\u00a0\u00bb1_2&Prime; _builder_version=\u00a0\u00bb4.16&Prime; custom_padding=\u00a0\u00bb|||\u00a0\u00bb global_colors_info=\u00a0\u00bb{}\u00a0\u00bb custom_padding__hover=\u00a0\u00bb|||\u00a0\u00bb][et_pb_toggle title=\u00a0\u00bbNous avons des jardins de pluie, des rigoles, etc. afin de retenir l\u2019eau sur notre terrain et de contr\u00f4ler les inondations.\u00a0\u00bb icon_color=\u00a0\u00bb#0071ba\u00a0\u00bb open_icon_color=\u00a0\u00bb#0071ba\u00a0\u00bb _builder_version=\u00a0\u00bb4.16&Prime; global_colors_info=\u00a0\u00bb{}\u00a0\u00bb]<em>Cela garde l\u2019eau o\u00f9 elle tombe, r\u00e9duisant le volume d\u2019\u00e9coulement de votre terrain.<\/em><br \/>\n[\/et_pb_toggle][et_pb_toggle title=\u00a0\u00bbNous avons des valves anti-refoulement afin d\u2019\u00e9viter le reflux des eaux us\u00e9es.\u00a0\u00bb icon_color=\u00a0\u00bb#0071ba\u00a0\u00bb open_icon_color=\u00a0\u00bb#0071ba\u00a0\u00bb _builder_version=\u00a0\u00bb4.16&Prime; global_colors_info=\u00a0\u00bb{}\u00a0\u00bb]<em>Le reflux des eaux us\u00e9es peut causer des dommages s\u00e9rieux \u00e0 votre maison. Lors d\u2019inondations, des valves anti-refoulement peuvent pr\u00e9venir cela.<\/em><br \/>\n[\/et_pb_toggle][et_pb_toggle title=\u00a0\u00bbNous avons une trousse d\u2019urgence de 72 heures.\u00a0\u00bb icon_color=\u00a0\u00bb#0071ba\u00a0\u00bb open_icon_color=\u00a0\u00bb#0071ba\u00a0\u00bb _builder_version=\u00a0\u00bb4.16&Prime; global_colors_info=\u00a0\u00bb{}\u00a0\u00bb]<em>Avec une augmentation en temp\u00eates extr\u00eames, une trousse d\u2019urgence est une fa\u00e7on importante d\u2019\u00eatre pr\u00e9par\u00e9s!<\/em><br \/>\n[\/et_pb_toggle][\/et_pb_column][\/et_pb_row][et_pb_row _builder_version=\u00a0\u00bb4.16&Prime; background_size=\u00a0\u00bbinitial\u00a0\u00bb background_position=\u00a0\u00bbtop_left\u00a0\u00bb background_repeat=\u00a0\u00bbrepeat\u00a0\u00bb global_colors_info=\u00a0\u00bb{}\u00a0\u00bb][et_pb_column type=\u00a0\u00bb4_4&Prime; _builder_version=\u00a0\u00bb4.16&Prime; custom_padding=\u00a0\u00bb|||\u00a0\u00bb global_colors_info=\u00a0\u00bb{}\u00a0\u00bb custom_padding__hover=\u00a0\u00bb|||\u00a0\u00bb][et_pb_text _builder_version=\u00a0\u00bb4.20.4&Prime; hover_enabled=\u00a0\u00bb0&Prime; global_colors_info=\u00a0\u00bb{}\u00a0\u00bb sticky_enabled=\u00a0\u00bb0&Prime;]<\/p>\n<p style=\"text-align: center;\">Pour plus d\u2019id\u00e9es :<\/p>\n<p style=\"text-align: center;\"><a href=\"https:\/\/climatlantic.ca\/fr\/\" target=\"_blank\" rel=\"noopener\">CLIMAtlantic<\/a><\/p>\n<p>[\/et_pb_text][\/et_pb_column][\/et_pb_row][\/et_pb_section]<\/p>\n","protected":false},"excerpt":{"rendered":"<p>Vous vous demandez ce que vous pouvez faire? Il y a des choses pratiques que nous pouvons tous faire pour nous adapter aux changements climatiques. Impacts des changements climatiques Les scientifiques estiment que par l\u2019an 2025, le niveau de la mer au N.-B. aura mont\u00e9 de 14 cm par-rapport \u00e0 l\u2019an 2000. Cela r\u00e9duit la [&hellip;]<\/p>\n","protected":false},"author":6,"featured_media":0,"parent":985,"menu_order":0,"comment_status":"closed","ping_status":"closed","template":"","meta":{"_et_pb_use_builder":"on","_et_pb_old_content":"","_et_gb_content_width":"","footnotes":""},"class_list":["post-969","page","type-page","status-publish","hentry"],"_links":{"self":[{"href":"https:\/\/ecovision2025.ca\/fr\/wp-json\/wp\/v2\/pages\/969","targetHints":{"allow":["GET"]}}],"collection":[{"href":"https:\/\/ecovision2025.ca\/fr\/wp-json\/wp\/v2\/pages"}],"about":[{"href":"https:\/\/ecovision2025.ca\/fr\/wp-json\/wp\/v2\/types\/page"}],"author":[{"embeddable":true,"href":"https:\/\/ecovision2025.ca\/fr\/wp-json\/wp\/v2\/users\/6"}],"replies":[{"embeddable":true,"href":"https:\/\/ecovision2025.ca\/fr\/wp-json\/wp\/v2\/comments?post=969"}],"version-history":[{"count":5,"href":"https:\/\/ecovision2025.ca\/fr\/wp-json\/wp\/v2\/pages\/969\/revisions"}],"predecessor-version":[{"id":3501,"href":"https:\/\/ecovision2025.ca\/fr\/wp-json\/wp\/v2\/pages\/969\/revisions\/3501"}],"up":[{"embeddable":true,"href":"https:\/\/ecovision2025.ca\/fr\/wp-json\/wp\/v2\/pages\/985"}],"wp:attachment":[{"href":"https:\/\/ecovision2025.ca\/fr\/wp-json\/wp\/v2\/media?parent=969"}],"curies":[{"name":"wp","href":"https:\/\/api.w.org\/{rel}","templated":true}]}}