{"id":953,"date":"2018-05-14T18:34:03","date_gmt":"2018-05-14T18:34:03","guid":{"rendered":"https:\/\/ecovision2025.ca\/transport-you\/"},"modified":"2023-09-06T14:10:54","modified_gmt":"2023-09-06T17:10:54","slug":"transport-vous","status":"publish","type":"page","link":"https:\/\/ecovision2025.ca\/fr\/transport\/transport-vous\/","title":{"rendered":"Transport \u2013 Vous"},"content":{"rendered":"<p>[et_pb_section fb_built=\u00a0\u00bb1&Prime; _builder_version=\u00a0\u00bb4.16&Prime; custom_margin=\u00a0\u00bb||0px|\u00a0\u00bb custom_padding=\u00a0\u00bb||0px|\u00a0\u00bb global_colors_info=\u00a0\u00bb{}\u00a0\u00bb][et_pb_row _builder_version=\u00a0\u00bb4.16&Prime; custom_margin=\u00a0\u00bb||0px|\u00a0\u00bb custom_padding=\u00a0\u00bb||0px|\u00a0\u00bb global_colors_info=\u00a0\u00bb{}\u00a0\u00bb][et_pb_column type=\u00a0\u00bb4_4&Prime; _builder_version=\u00a0\u00bb4.16&Prime; custom_padding=\u00a0\u00bb|||\u00a0\u00bb global_colors_info=\u00a0\u00bb{}\u00a0\u00bb custom_padding__hover=\u00a0\u00bb|||\u00a0\u00bb][et_pb_text _builder_version=\u00a0\u00bb4.16&Prime; global_colors_info=\u00a0\u00bb{}\u00a0\u00bb]<\/p>\n<h1 style=\"text-align: center;\">Vous vous demandez ce que vous pouvez faire?<\/h1>\n<p style=\"text-align: center;\">Il y a des choses pratiques que nous pouvons tous faire pour \u00eatre plus actifs et r\u00e9duire nos \u00e9missions de gaz \u00e0 effet de serre.<\/p>\n<p>[\/et_pb_text][et_pb_text _builder_version=\u00a0\u00bb4.16&Prime; custom_margin=\u00a0\u00bb||0px|\u00a0\u00bb custom_padding=\u00a0\u00bb10px||0px|\u00a0\u00bb global_colors_info=\u00a0\u00bb{}\u00a0\u00bb]<\/p>\n<h4 style=\"text-align: center;\"><strong>Transport<\/strong><\/h4>\n<p>[\/et_pb_text][\/et_pb_column][\/et_pb_row][et_pb_row make_equal=\u00a0\u00bbon\u00a0\u00bb _builder_version=\u00a0\u00bb4.16&Prime; module_alignment=\u00a0\u00bbcenter\u00a0\u00bb global_colors_info=\u00a0\u00bb{}\u00a0\u00bb column_structure=\u00a0\u00bb1_2,1_2&Prime;][et_pb_column type=\u00a0\u00bb1_2&Prime; _builder_version=\u00a0\u00bb4.16&Prime; custom_padding=\u00a0\u00bb|||\u00a0\u00bb global_colors_info=\u00a0\u00bb{}\u00a0\u00bb custom_padding__hover=\u00a0\u00bb|||\u00a0\u00bb][et_pb_toggle title=\u00a0\u00bbNous utilisons des v\u00e9los ou nous marchons autant que possible.\u00a0\u00bb open_toggle_background_color=\u00a0\u00bb#ffffff\u00a0\u00bb icon_color=\u00a0\u00bb#0071ba\u00a0\u00bb open_icon_color=\u00a0\u00bb#0071ba\u00a0\u00bb _builder_version=\u00a0\u00bb4.16&Prime; global_colors_info=\u00a0\u00bb{}\u00a0\u00bb]<em>Le transport actif est non seulement neutre en \u00e9missions, mais aussi super pour votre sant\u00e9 et votre portefeuille!<\/em><br \/>\n[\/et_pb_toggle][et_pb_toggle title=\u00a0\u00bbNous avons et utilisons un v\u00e9hicule hybride.\u00a0\u00bb open_toggle_background_color=\u00a0\u00bb#ffffff\u00a0\u00bb icon_color=\u00a0\u00bb#0071ba\u00a0\u00bb open_icon_color=\u00a0\u00bb#0071ba\u00a0\u00bb _builder_version=\u00a0\u00bb4.16&Prime; global_colors_info=\u00a0\u00bb{}\u00a0\u00bb]<em>Ces derniers utilisent habituellement la moiti\u00e9 du montant de carburant qu\u2019une voiture normale.<\/em><br \/>\n[\/et_pb_toggle][et_pb_toggle title=\u00a0\u00bbNous faisons du covoiturage autant que possible.\u00a0\u00bb open_toggle_background_color=\u00a0\u00bb#ffffff\u00a0\u00bb icon_color=\u00a0\u00bb#0071ba\u00a0\u00bb open_icon_color=\u00a0\u00bb#0071ba\u00a0\u00bb _builder_version=\u00a0\u00bb4.16&Prime; global_colors_info=\u00a0\u00bb{}\u00a0\u00bb]<em>Pourquoi utiliser quatre voitures qui contiennent chacune une personne quand vous pouvez mettre quatre personnes dans une voiture?<\/em><br \/>\n[\/et_pb_toggle][\/et_pb_column][et_pb_column type=\u00a0\u00bb1_2&Prime; _builder_version=\u00a0\u00bb4.16&Prime; custom_padding=\u00a0\u00bb|||\u00a0\u00bb global_colors_info=\u00a0\u00bb{}\u00a0\u00bb custom_padding__hover=\u00a0\u00bb|||\u00a0\u00bb][et_pb_toggle title=\u00a0\u00bbNous avons et utilisons un v\u00e9hicule \u00e9lectrique.\u00a0\u00bb icon_color=\u00a0\u00bb#0071ba\u00a0\u00bb open_icon_color=\u00a0\u00bb#0071ba\u00a0\u00bb _builder_version=\u00a0\u00bb4.16&Prime; global_colors_info=\u00a0\u00bb{}\u00a0\u00bb]<em>Un v\u00e9hicule \u00e9lectrique coute environ 421$ par ann\u00e9e pour l\u2019alimenter, tandis qu\u2019une voiture qui brule de l\u2019essence coute 1500$ (USD).<\/em><br \/>\n[\/et_pb_toggle][et_pb_toggle title=\u00a0\u00bbNous utilisons du transport en commun autant que possible.\u00a0\u00bb icon_color=\u00a0\u00bb#0071ba\u00a0\u00bb open_icon_color=\u00a0\u00bb#0071ba\u00a0\u00bb _builder_version=\u00a0\u00bb4.16&Prime; global_colors_info=\u00a0\u00bb{}\u00a0\u00bb]<em>Cela r\u00e9duit les embouteillages et la pollution provenant de v\u00e9hicules \u00e0 passager unique.<\/em><br \/>\n[\/et_pb_toggle][et_pb_toggle title=\u00a0\u00bbNous ne laissons pas la voiture tourner au ralenti aux feux de signalisation ou lorsque nous nous arr\u00eatons.\u00a0\u00bb icon_color=\u00a0\u00bb#0071ba\u00a0\u00bb open_icon_color=\u00a0\u00bb#0071ba\u00a0\u00bb _builder_version=\u00a0\u00bb4.16&Prime; global_colors_info=\u00a0\u00bb{}\u00a0\u00bb]<em>Dix secondes de marche au ralenti utilise plus d\u2019essence que rallumer la voiture.<\/em><br \/>\n[\/et_pb_toggle][\/et_pb_column][\/et_pb_row][et_pb_row _builder_version=\u00a0\u00bb4.16&Prime; background_size=\u00a0\u00bbinitial\u00a0\u00bb background_position=\u00a0\u00bbtop_left\u00a0\u00bb background_repeat=\u00a0\u00bbrepeat\u00a0\u00bb global_colors_info=\u00a0\u00bb{}\u00a0\u00bb][et_pb_column type=\u00a0\u00bb4_4&Prime; _builder_version=\u00a0\u00bb4.16&Prime; custom_padding=\u00a0\u00bb|||\u00a0\u00bb global_colors_info=\u00a0\u00bb{}\u00a0\u00bb custom_padding__hover=\u00a0\u00bb|||\u00a0\u00bb][et_pb_text _builder_version=\u00a0\u00bb4.20.4&Prime; hover_enabled=\u00a0\u00bb0&Prime; global_colors_info=\u00a0\u00bb{}\u00a0\u00bb sticky_enabled=\u00a0\u00bb0&Prime;]<\/p>\n<p style=\"text-align: center;\">Pour plus d\u2019id\u00e9es :<\/p>\n<p style=\"text-align: center;\"><a href=\"http:\/\/climatechangeconnection.org\/solutions\/transportation\/\">Climate Change Connection \u2013 Transportation<\/a><\/p>\n<p>[\/et_pb_text][\/et_pb_column][\/et_pb_row][\/et_pb_section]<\/p>\n","protected":false},"excerpt":{"rendered":"<p>Vous vous demandez ce que vous pouvez faire? Il y a des choses pratiques que nous pouvons tous faire pour \u00eatre plus actifs et r\u00e9duire nos \u00e9missions de gaz \u00e0 effet de serre. Transport Le transport actif est non seulement neutre en \u00e9missions, mais aussi super pour votre sant\u00e9 et votre portefeuille! Ces derniers utilisent [&hellip;]<\/p>\n","protected":false},"author":6,"featured_media":0,"parent":1106,"menu_order":0,"comment_status":"closed","ping_status":"closed","template":"","meta":{"_et_pb_use_builder":"on","_et_pb_old_content":"","_et_gb_content_width":"","footnotes":""},"class_list":["post-953","page","type-page","status-publish","hentry"],"_links":{"self":[{"href":"https:\/\/ecovision2025.ca\/fr\/wp-json\/wp\/v2\/pages\/953","targetHints":{"allow":["GET"]}}],"collection":[{"href":"https:\/\/ecovision2025.ca\/fr\/wp-json\/wp\/v2\/pages"}],"about":[{"href":"https:\/\/ecovision2025.ca\/fr\/wp-json\/wp\/v2\/types\/page"}],"author":[{"embeddable":true,"href":"https:\/\/ecovision2025.ca\/fr\/wp-json\/wp\/v2\/users\/6"}],"replies":[{"embeddable":true,"href":"https:\/\/ecovision2025.ca\/fr\/wp-json\/wp\/v2\/comments?post=953"}],"version-history":[{"count":5,"href":"https:\/\/ecovision2025.ca\/fr\/wp-json\/wp\/v2\/pages\/953\/revisions"}],"predecessor-version":[{"id":3503,"href":"https:\/\/ecovision2025.ca\/fr\/wp-json\/wp\/v2\/pages\/953\/revisions\/3503"}],"up":[{"embeddable":true,"href":"https:\/\/ecovision2025.ca\/fr\/wp-json\/wp\/v2\/pages\/1106"}],"wp:attachment":[{"href":"https:\/\/ecovision2025.ca\/fr\/wp-json\/wp\/v2\/media?parent=953"}],"curies":[{"name":"wp","href":"https:\/\/api.w.org\/{rel}","templated":true}]}}