{"id":931,"date":"2018-05-14T18:30:27","date_gmt":"2018-05-14T18:30:27","guid":{"rendered":"https:\/\/ecovision2025.ca\/energie-you\/"},"modified":"2023-11-02T11:05:17","modified_gmt":"2023-11-02T14:05:17","slug":"energie-vous","status":"publish","type":"page","link":"https:\/\/ecovision2025.ca\/fr\/energie\/energie-vous\/","title":{"rendered":"\u00c9nergie \u2013 Vous"},"content":{"rendered":"<p>[et_pb_section fb_built=\u00a0\u00bb1&Prime; _builder_version=\u00a0\u00bb4.16&Prime; custom_margin=\u00a0\u00bb||0px|\u00a0\u00bb custom_padding=\u00a0\u00bb||0px|\u00a0\u00bb global_colors_info=\u00a0\u00bb{}\u00a0\u00bb][et_pb_row _builder_version=\u00a0\u00bb4.16&Prime; custom_margin=\u00a0\u00bb||0px|\u00a0\u00bb custom_padding=\u00a0\u00bb||0px|\u00a0\u00bb global_colors_info=\u00a0\u00bb{}\u00a0\u00bb][et_pb_column type=\u00a0\u00bb4_4&Prime; _builder_version=\u00a0\u00bb4.16&Prime; custom_padding=\u00a0\u00bb|||\u00a0\u00bb global_colors_info=\u00a0\u00bb{}\u00a0\u00bb custom_padding__hover=\u00a0\u00bb|||\u00a0\u00bb][et_pb_text _builder_version=\u00a0\u00bb4.16&Prime; global_colors_info=\u00a0\u00bb{}\u00a0\u00bb]<\/p>\n<h1 style=\"text-align: center;\">Vous vous demandez ce que vous pouvez faire?<\/h1>\n<p style=\"text-align: center;\">Il y a des choses pratiques que nous pouvons tous faire pour maximiser l\u2019efficacit\u00e9 \u00e9nerg\u00e9tique et notre utilisation de l\u2019\u00e9nergie renouvelable.<\/p>\n<p>[\/et_pb_text][et_pb_text _builder_version=\u00a0\u00bb4.16&Prime; custom_margin=\u00a0\u00bb||0px|\u00a0\u00bb custom_padding=\u00a0\u00bb10px||0px|\u00a0\u00bb global_colors_info=\u00a0\u00bb{}\u00a0\u00bb]<\/p>\n<h4 style=\"text-align: center;\"><strong>Conservation de l\u2019\u00e9nergie &amp; \u00e9nergie renouvelable<\/strong><\/h4>\n<p>[\/et_pb_text][\/et_pb_column][\/et_pb_row][et_pb_row make_equal=\u00a0\u00bbon\u00a0\u00bb _builder_version=\u00a0\u00bb4.16&Prime; module_alignment=\u00a0\u00bbcenter\u00a0\u00bb global_colors_info=\u00a0\u00bb{}\u00a0\u00bb column_structure=\u00a0\u00bb1_2,1_2&Prime;][et_pb_column type=\u00a0\u00bb1_2&Prime; _builder_version=\u00a0\u00bb4.16&Prime; custom_padding=\u00a0\u00bb|||\u00a0\u00bb global_colors_info=\u00a0\u00bb{}\u00a0\u00bb custom_padding__hover=\u00a0\u00bb|||\u00a0\u00bb][et_pb_toggle title=\u00a0\u00bbNous rempla\u00e7ons\/avons remplac\u00e9 toutes nos ampoules avec des lumi\u00e8res LED.\u00a0\u00bb open_toggle_background_color=\u00a0\u00bb#ffffff\u00a0\u00bb icon_color=\u00a0\u00bb#0071ba\u00a0\u00bb open_icon_color=\u00a0\u00bb#0071ba\u00a0\u00bb _builder_version=\u00a0\u00bb4.16&Prime; global_colors_info=\u00a0\u00bb{}\u00a0\u00bb]<em>Les lumi\u00e8res LED utilisent jusqu\u2019\u00e0 80% moins d\u2019\u00e9nergie et durent plus longtemps que des ampoules normales.)<\/em><br \/>\n[\/et_pb_toggle][et_pb_toggle title=\u00a0\u00bbNous utilisons une forme d\u2019\u00e9nergie renouvelable (syst\u00e8me photovolta\u00efque, eau chaude solaire, vent, etc.).\u00a0\u00bb open_toggle_background_color=\u00a0\u00bb#ffffff\u00a0\u00bb icon_color=\u00a0\u00bb#0071ba\u00a0\u00bb open_icon_color=\u00a0\u00bb#0071ba\u00a0\u00bb _builder_version=\u00a0\u00bb4.16&Prime; global_colors_info=\u00a0\u00bb{}\u00a0\u00bb]<em>Cela r\u00e9duit votre d\u00e9pendance sur les combustibles fossiles et votre contribution aux changements climatiques.<\/em><br \/>\n[\/et_pb_toggle][et_pb_toggle title=\u00a0\u00bbNous utilisons une corde \u00e0 linge autant que possible pour s\u00e9cher nos v\u00eatements.\u00a0\u00bb open_toggle_background_color=\u00a0\u00bb#ffffff\u00a0\u00bb icon_color=\u00a0\u00bb#0071ba\u00a0\u00bb open_icon_color=\u00a0\u00bb#0071ba\u00a0\u00bb _builder_version=\u00a0\u00bb4.16&Prime; global_colors_info=\u00a0\u00bb{}\u00a0\u00bb]<em>R\u00e9duisez l\u2019argent et l\u2019\u00e9nergie utilis\u00e9e pour la s\u00e9cheuse.<\/em><br \/>\n[\/et_pb_toggle][et_pb_toggle title=\u00a0\u00bbNous \u00e9teignons les lumi\u00e8res lorsque nous sortons d\u2019une chambre.\u00a0\u00bb open_toggle_background_color=\u00a0\u00bb#ffffff\u00a0\u00bb icon_color=\u00a0\u00bb#0071ba\u00a0\u00bb open_icon_color=\u00a0\u00bb#0071ba\u00a0\u00bb _builder_version=\u00a0\u00bb4.16&Prime; global_colors_info=\u00a0\u00bb{}\u00a0\u00bb]<em>Une action facile pour \u00e9conomiser de l\u2019argent et de l\u2019\u00e9nergie.<\/em><br \/>\n[\/et_pb_toggle][et_pb_toggle title=\u00a0\u00bbNous avons \u00e9chang\u00e9 nos appareils pour des appareils efficaces en \u00e9nergie.\u00a0\u00bb open_toggle_background_color=\u00a0\u00bb#ffffff\u00a0\u00bb icon_color=\u00a0\u00bb#0071ba\u00a0\u00bb open_icon_color=\u00a0\u00bb#0071ba\u00a0\u00bb _builder_version=\u00a0\u00bb4.16&Prime; global_colors_info=\u00a0\u00bb{}\u00a0\u00bb]<em>Gardez l\u2019\u0153il ouvert pour l\u2019\u00e9tiquette ENEGRY STAR.<\/em><br \/>\n[\/et_pb_toggle][\/et_pb_column][et_pb_column type=\u00a0\u00bb1_2&Prime; _builder_version=\u00a0\u00bb4.16&Prime; custom_padding=\u00a0\u00bb|||\u00a0\u00bb global_colors_info=\u00a0\u00bb{}\u00a0\u00bb custom_padding__hover=\u00a0\u00bb|||\u00a0\u00bb][et_pb_toggle title=\u00a0\u00bbNous d\u00e9branchons des appareils qui pourraient utiliser de l\u2019\u00e9lectricit\u00e9 m\u00eame s\u2019ils ne sont pas en marche.\u00a0\u00bb icon_color=\u00a0\u00bb#0071ba\u00a0\u00bb open_icon_color=\u00a0\u00bb#0071ba\u00a0\u00bb _builder_version=\u00a0\u00bb4.16&Prime; global_colors_info=\u00a0\u00bb{}\u00a0\u00bb]<em>Plusieurs appareils continuent \u00e0 utiliser de l\u2019\u00e9lectricit\u00e9 m\u00eame lorsqu\u2019ils sont \u00e9teints. Il est mieux de les d\u00e9brancher.<\/em><br \/>\n[\/et_pb_toggle][et_pb_toggle title=\u00a0\u00bbNous avons isol\u00e9 nos b\u00e2timents.\u00a0\u00bb icon_color=\u00a0\u00bb#0071ba\u00a0\u00bb open_icon_color=\u00a0\u00bb#0071ba\u00a0\u00bb _builder_version=\u00a0\u00bb4.16&Prime; global_colors_info=\u00a0\u00bb{}\u00a0\u00bb]<em>Si vous scellez des fissures vous pouvez r\u00e9duire la perte de chaleur dans votre maison de 10% et r\u00e9duire votre facture d\u2019\u00e9lectricit\u00e9.<\/em><br \/>\n[\/et_pb_toggle][et_pb_toggle title=\u00a0\u00bbNous mettons en marche le lave-vaisselle seulement lorsqu\u2019il est plein.\u00a0\u00bb icon_color=\u00a0\u00bb#0071ba\u00a0\u00bb open_icon_color=\u00a0\u00bb#0071ba\u00a0\u00bb _builder_version=\u00a0\u00bb4.16&Prime; global_colors_info=\u00a0\u00bb{}\u00a0\u00bb]<em>Les lave-vaisselle utilisent d\u2019habitude le m\u00eame montant d\u2019\u00e9nergie et d\u2019eau peu importe s\u2019ils sont pleins ou \u00e0 demi pleins.<\/em><br \/>\n[\/et_pb_toggle][et_pb_toggle title=\u00a0\u00bbNous avons un po\u00eale \u00e0 bois efficace en \u00e9nergie.\u00a0\u00bb icon_color=\u00a0\u00bb#0071ba\u00a0\u00bb open_icon_color=\u00a0\u00bb#0071ba\u00a0\u00bb _builder_version=\u00a0\u00bb4.16&Prime; global_colors_info=\u00a0\u00bb{}\u00a0\u00bb]<em>Les vieux po\u00eales ou les foyers ouverts gaspillent beaucoup de chaleur, peuvent causer des courants d\u2019air dans votre maison, tout en contribuant aux changements climatiques.<\/em><br \/>\n[\/et_pb_toggle][\/et_pb_column][\/et_pb_row][et_pb_row _builder_version=\u00a0\u00bb4.16&Prime; background_size=\u00a0\u00bbinitial\u00a0\u00bb background_position=\u00a0\u00bbtop_left\u00a0\u00bb background_repeat=\u00a0\u00bbrepeat\u00a0\u00bb global_colors_info=\u00a0\u00bb{}\u00a0\u00bb][et_pb_column type=\u00a0\u00bb4_4&Prime; _builder_version=\u00a0\u00bb4.16&Prime; custom_padding=\u00a0\u00bb|||\u00a0\u00bb global_colors_info=\u00a0\u00bb{}\u00a0\u00bb custom_padding__hover=\u00a0\u00bb|||\u00a0\u00bb][et_pb_text _builder_version=\u00a0\u00bb4.22.1&Prime; hover_enabled=\u00a0\u00bb0&Prime; global_colors_info=\u00a0\u00bb{}\u00a0\u00bb sticky_enabled=\u00a0\u00bb0&Prime;]<\/p>\n<p style=\"text-align: center;\">Pour plus d\u2019id\u00e9es :<\/p>\n<p style=\"text-align: center;\"><a href=\"https:\/\/www.bchydro.com\/powersmart\/residential\/savings-and-rebates\/everyday-electricity-saving-tips.html?WT.mc_id=rd_21tips\"><\/a><a href=\"https:\/\/www.saveenergynb.ca\/fr\/\">\u00c9co\u00e9nergie NB<\/a><a href=\"https:\/\/www.bchydro.com\/powersmart\/residential\/savings-and-rebates\/everyday-electricity-saving-tips.html?WT.mc_id=rd_21tips\"><\/a><\/p>\n<p style=\"text-align: center;\"><a href=\"https:\/\/www.bchydro.com\/powersmart\/residential\/savings-and-rebates\/everyday-electricity-saving-tips.html?WT.mc_id=rd_21tips\">BC Power \u2013 21 Tips: No-cost Ways to Save Electricity<\/a><\/p>\n<p style=\"text-align: center;\">[\/et_pb_text][\/et_pb_column][\/et_pb_row][\/et_pb_section]<\/p>\n","protected":false},"excerpt":{"rendered":"<p>Vous vous demandez ce que vous pouvez faire? Il y a des choses pratiques que nous pouvons tous faire pour maximiser l\u2019efficacit\u00e9 \u00e9nerg\u00e9tique et notre utilisation de l\u2019\u00e9nergie renouvelable. Conservation de l\u2019\u00e9nergie &amp; \u00e9nergie renouvelable Les lumi\u00e8res LED utilisent jusqu\u2019\u00e0 80% moins d\u2019\u00e9nergie et durent plus longtemps que des ampoules normales.) Cela r\u00e9duit votre d\u00e9pendance [&hellip;]<\/p>\n","protected":false},"author":6,"featured_media":0,"parent":1063,"menu_order":0,"comment_status":"closed","ping_status":"closed","template":"","meta":{"_et_pb_use_builder":"on","_et_pb_old_content":"","_et_gb_content_width":"","footnotes":""},"class_list":["post-931","page","type-page","status-publish","hentry"],"_links":{"self":[{"href":"https:\/\/ecovision2025.ca\/fr\/wp-json\/wp\/v2\/pages\/931","targetHints":{"allow":["GET"]}}],"collection":[{"href":"https:\/\/ecovision2025.ca\/fr\/wp-json\/wp\/v2\/pages"}],"about":[{"href":"https:\/\/ecovision2025.ca\/fr\/wp-json\/wp\/v2\/types\/page"}],"author":[{"embeddable":true,"href":"https:\/\/ecovision2025.ca\/fr\/wp-json\/wp\/v2\/users\/6"}],"replies":[{"embeddable":true,"href":"https:\/\/ecovision2025.ca\/fr\/wp-json\/wp\/v2\/comments?post=931"}],"version-history":[{"count":4,"href":"https:\/\/ecovision2025.ca\/fr\/wp-json\/wp\/v2\/pages\/931\/revisions"}],"predecessor-version":[{"id":3581,"href":"https:\/\/ecovision2025.ca\/fr\/wp-json\/wp\/v2\/pages\/931\/revisions\/3581"}],"up":[{"embeddable":true,"href":"https:\/\/ecovision2025.ca\/fr\/wp-json\/wp\/v2\/pages\/1063"}],"wp:attachment":[{"href":"https:\/\/ecovision2025.ca\/fr\/wp-json\/wp\/v2\/media?parent=931"}],"curies":[{"name":"wp","href":"https:\/\/api.w.org\/{rel}","templated":true}]}}