{"id":914,"date":"2018-05-14T18:25:37","date_gmt":"2018-05-14T18:25:37","guid":{"rendered":"https:\/\/ecovision2025.ca\/nature-you\/"},"modified":"2018-05-15T19:37:36","modified_gmt":"2018-05-15T19:37:36","slug":"nature-vous","status":"publish","type":"page","link":"https:\/\/ecovision2025.ca\/fr\/nature\/nature-vous\/","title":{"rendered":"Nature \u2013 Vous"},"content":{"rendered":"<p>[et_pb_section bb_built=\u00a0\u00bb1&Prime; fullwidth=\u00a0\u00bboff\u00a0\u00bb specialty=\u00a0\u00bboff\u00a0\u00bb _builder_version=\u00a0\u00bb3.0.92&Prime; custom_margin=\u00a0\u00bb||0px|\u00a0\u00bb custom_padding=\u00a0\u00bb||0px|\u00a0\u00bb][et_pb_row _builder_version=\u00a0\u00bb3.0.92&Prime; custom_margin=\u00a0\u00bb||0px|\u00a0\u00bb custom_padding=\u00a0\u00bb||0px|\u00a0\u00bb][et_pb_column type=\u00a0\u00bb4_4&Prime;][et_pb_text _builder_version=\u00a0\u00bb3.0.92&Prime; background_layout=\u00a0\u00bblight\u00a0\u00bb]<\/p>\n<h1 style=\"text-align: center;\">Vous vous demandez ce que vous pouvez faire?<\/h1>\n<p style=\"text-align: center;\">Il y a des choses pratiques que nous pouvons tous faire pour conserver et am\u00e9liorer l&rsquo;environnement naturel et veiller \u00e0 ce que les syst\u00e8mes naturels soient sains et r\u00e9silients, et pour restaurer et prot\u00e9ger notre littoral et nos zones humides.<\/p>\n<p>[\/et_pb_text][et_pb_text _builder_version=\u00a0\u00bb3.0.92&Prime; background_layout=\u00a0\u00bblight\u00a0\u00bb custom_padding=\u00a0\u00bb10px||0px|\u00a0\u00bb custom_margin=\u00a0\u00bb||0px|\u00a0\u00bb]<\/p>\n<h4 style=\"text-align: center;\"><strong>La nature<\/strong><\/h4>\n<p>[\/et_pb_text][\/et_pb_column][\/et_pb_row][et_pb_row _builder_version=\u00a0\u00bb3.0.92&Prime; module_alignment=\u00a0\u00bbcenter\u00a0\u00bb make_equal=\u00a0\u00bbon\u00a0\u00bb][et_pb_column type=\u00a0\u00bb1_2&Prime;][et_pb_toggle _builder_version=\u00a0\u00bb3.0.92&Prime; title=\u00a0\u00bbNous gardons autant d\u2019arbres que possible sur notre terrain.\u00a0\u00bb open=\u00a0\u00bboff\u00a0\u00bb open_toggle_background_color=\u00a0\u00bb#ffffff\u00a0\u00bb icon_color=\u00a0\u00bb#0071ba\u00a0\u00bb]<\/p>\n<p><em>Cela offre de l\u2019habitat pour la faune, rendant votre terrain un endroit s\u00e9curitaire pour une vari\u00e9t\u00e9 d\u2019esp\u00e8ces.<\/em><\/p>\n<p>[\/et_pb_toggle][et_pb_toggle _builder_version=\u00a0\u00bb3.0.92&Prime; title=\u00a0\u00bbNous gardons des plantes le long des cours d\u2019eau, des terres humides et des plages, comme tampon.\u00a0\u00bb open=\u00a0\u00bboff\u00a0\u00bb open_toggle_background_color=\u00a0\u00bb#ffffff\u00a0\u00bb icon_color=\u00a0\u00bb#0071ba\u00a0\u00bb]<\/p>\n<p><em>La v\u00e9g\u00e9tation aide \u00e0 contr\u00f4ler l\u2019\u00e9rosion et assure que ces \u00e9cosyst\u00e8mes demeurent en sant\u00e9, ainsi qu\u2019aident \u00e0 prot\u00e9ger votre terrain des inondations.<\/em><\/p>\n<p>[\/et_pb_toggle][et_pb_toggle _builder_version=\u00a0\u00bb3.0.92&Prime; title=\u00a0\u00bbNous avons des plantes dans notre jardin qui attirent des abeilles et des papillons.\u00a0\u00bb open=\u00a0\u00bboff\u00a0\u00bb open_toggle_background_color=\u00a0\u00bb#ffffff\u00a0\u00bb icon_color=\u00a0\u00bb#0071ba\u00a0\u00bb]<\/p>\n<p><em>Plusieurs esp\u00e8ces d\u2019abeilles sont en grave d\u00e9clin partout au monde. Une fa\u00e7on d\u2019aider est de leur offrir des plantes dont elles ont besoin pour se nourrir. La pr\u00e9sence d\u2019abeilles et de papillons aidera \u00e9galement votre jardin car ils poloniseront vos plantes!<\/em><\/p>\n<p>[\/et_pb_toggle][et_pb_toggle _builder_version=\u00a0\u00bb3.0.92&Prime; title=\u00a0\u00bbNous observons les oiseaux et\/ou offrons nos observations \u00e0 un organisme qui se soucie de la nature.\u00a0\u00bb open=\u00a0\u00bboff\u00a0\u00bb open_toggle_background_color=\u00a0\u00bb#ffffff\u00a0\u00bb icon_color=\u00a0\u00bb#0071ba\u00a0\u00bb]<\/p>\n<p><em>Vous pouvez participer \u00e0 des projets de science citoyenne comme <a href=\"https:\/\/feederwatch.org\/\">FeederWatch<\/a>, et\u00a0<a href=\"https:\/\/www.naturewatch.ca\/plantwatch\/\">PlantWatch<\/a>,\u00a0ou enregistrer vos observations sur <a href=\"https:\/\/www.inaturalist.org\/\">iNaturalist<\/a>. Cela permet aux scientifiques d\u2019acc\u00e9der l\u2019information que vous avez partag\u00e9e afin de les aider \u00e0 comprendre quelles esp\u00e8ces sont pr\u00e9sentes dans la r\u00e9gion et comment elles pourraient \u00eatre affect\u00e9es par des changements. Le plus que l\u2019on sait au sujet de la nature, le mieux que l\u2019on pourra la prot\u00e9ger.<\/em><\/p>\n<p>[\/et_pb_toggle][\/et_pb_column][et_pb_column type=\u00a0\u00bb1_2&Prime;][et_pb_toggle _builder_version=\u00a0\u00bb3.0.92&Prime; title=\u00a0\u00bbNous avons fait ou planifions faire un don \u00e0 une fiducie fonci\u00e8re.\u00a0\u00bb open=\u00a0\u00bboff\u00a0\u00bb icon_color=\u00a0\u00bb#0071ba\u00a0\u00bb]<\/p>\n<p><em>Les fiducies fonci\u00e8res aident \u00e0 prot\u00e9ger des zones naturelles pour la faune et pour les g\u00e9n\u00e9rations \u00e0 venir.<\/em><\/p>\n<p>[\/et_pb_toggle][et_pb_toggle _builder_version=\u00a0\u00bb3.0.92&Prime; title=\u00a0\u00bbNous construisons et installons des maisons d\u2019oiseaux.\u00a0\u00bb open=\u00a0\u00bboff\u00a0\u00bb icon_color=\u00a0\u00bb#0071ba\u00a0\u00bb]<\/p>\n<p><em>Cela vous offre non seulement des oiseaux \u00e0 observer, mais aussi une m\u00e9thode de contr\u00f4le des insectes gratuite.<\/em><\/p>\n<p>[\/et_pb_toggle][et_pb_toggle _builder_version=\u00a0\u00bb3.0.92&Prime; title=\u00a0\u00bbNous n\u2019avons pas un grand gazon, mais nous gardons notre cour \u00absauvage\u00bb pour la faune.\u00a0\u00bb open=\u00a0\u00bboff\u00a0\u00bb icon_color=\u00a0\u00bb#0071ba\u00a0\u00bb]<\/p>\n<p><em>Cela aide en cr\u00e9ant une plus grande vari\u00e9t\u00e9 d\u2019habitats pour toutes sortes de diff\u00e9rentes esp\u00e8ces.<\/em><\/p>\n<p>[\/et_pb_toggle][\/et_pb_column][\/et_pb_row][et_pb_row][et_pb_column type=\u00a0\u00bb4_4&Prime;][et_pb_text _builder_version=\u00a0\u00bb3.0.92&Prime; background_layout=\u00a0\u00bblight\u00a0\u00bb]<\/p>\n<p style=\"text-align: center;\">Pour plus d\u2019id\u00e9es :<\/p>\n<p style=\"text-align: center;\"><a href=\"http:\/\/www.wildlifetrusts.org\/helpwildlife\">The Wildlife Trusts \u2013 30 Everyday Ways to Help Wildlife<\/a><\/p>\n<p>[\/et_pb_text][\/et_pb_column][\/et_pb_row][\/et_pb_section]<\/p>\n","protected":false},"excerpt":{"rendered":"<p>Vous vous demandez ce que vous pouvez faire? Il y a des choses pratiques que nous pouvons tous faire pour conserver et am\u00e9liorer l&rsquo;environnement naturel et veiller \u00e0 ce que les syst\u00e8mes naturels soient sains et r\u00e9silients, et pour restaurer et prot\u00e9ger notre littoral et nos zones humides. La nature Cela offre de l\u2019habitat pour [&hellip;]<\/p>\n","protected":false},"author":6,"featured_media":0,"parent":1120,"menu_order":0,"comment_status":"closed","ping_status":"closed","template":"","meta":{"_et_pb_use_builder":"on","_et_pb_old_content":"","_et_gb_content_width":"","footnotes":""},"class_list":["post-914","page","type-page","status-publish","hentry"],"_links":{"self":[{"href":"https:\/\/ecovision2025.ca\/fr\/wp-json\/wp\/v2\/pages\/914","targetHints":{"allow":["GET"]}}],"collection":[{"href":"https:\/\/ecovision2025.ca\/fr\/wp-json\/wp\/v2\/pages"}],"about":[{"href":"https:\/\/ecovision2025.ca\/fr\/wp-json\/wp\/v2\/types\/page"}],"author":[{"embeddable":true,"href":"https:\/\/ecovision2025.ca\/fr\/wp-json\/wp\/v2\/users\/6"}],"replies":[{"embeddable":true,"href":"https:\/\/ecovision2025.ca\/fr\/wp-json\/wp\/v2\/comments?post=914"}],"version-history":[{"count":22,"href":"https:\/\/ecovision2025.ca\/fr\/wp-json\/wp\/v2\/pages\/914\/revisions"}],"predecessor-version":[{"id":1476,"href":"https:\/\/ecovision2025.ca\/fr\/wp-json\/wp\/v2\/pages\/914\/revisions\/1476"}],"up":[{"embeddable":true,"href":"https:\/\/ecovision2025.ca\/fr\/wp-json\/wp\/v2\/pages\/1120"}],"wp:attachment":[{"href":"https:\/\/ecovision2025.ca\/fr\/wp-json\/wp\/v2\/media?parent=914"}],"curies":[{"name":"wp","href":"https:\/\/api.w.org\/{rel}","templated":true}]}}