{"id":896,"date":"2018-05-14T18:20:43","date_gmt":"2018-05-14T18:20:43","guid":{"rendered":"https:\/\/ecovision2025.ca\/agriculture-you\/"},"modified":"2018-05-15T19:36:57","modified_gmt":"2018-05-15T19:36:57","slug":"agriculture-you","status":"publish","type":"page","link":"https:\/\/ecovision2025.ca\/fr\/agriculture\/agriculture-you\/","title":{"rendered":"Agriculture \u2013 Vous"},"content":{"rendered":"<p>[et_pb_section bb_built=\u00a0\u00bb1&Prime; fullwidth=\u00a0\u00bboff\u00a0\u00bb specialty=\u00a0\u00bboff\u00a0\u00bb _builder_version=\u00a0\u00bb3.0.92&Prime; custom_margin=\u00a0\u00bb||0px|\u00a0\u00bb custom_padding=\u00a0\u00bb||0px|\u00a0\u00bb][et_pb_row _builder_version=\u00a0\u00bb3.0.92&Prime; custom_margin=\u00a0\u00bb||0px|\u00a0\u00bb custom_padding=\u00a0\u00bb||0px|\u00a0\u00bb][et_pb_column type=\u00a0\u00bb4_4&Prime;][et_pb_text _builder_version=\u00a0\u00bb3.0.92&Prime; background_layout=\u00a0\u00bblight\u00a0\u00bb]<\/p>\n<h1 style=\"text-align: center;\">Vous vous demandez ce que vous pouvez faire?<\/h1>\n<p style=\"text-align: center;\">Il y a des choses pratiques que nous pouvons tous faire pour soutenir les syst\u00e8mes alimentaires locaux.<\/p>\n<p>[\/et_pb_text][et_pb_text _builder_version=\u00a0\u00bb3.0.92&Prime; background_layout=\u00a0\u00bblight\u00a0\u00bb custom_padding=\u00a0\u00bb10px||0px|\u00a0\u00bb custom_margin=\u00a0\u00bb||0px|\u00a0\u00bb]<\/p>\n<h4 style=\"text-align: center;\"><strong>Agriculture &amp; aliments locaux<\/strong><\/h4>\n<p>[\/et_pb_text][\/et_pb_column][\/et_pb_row][et_pb_row _builder_version=\u00a0\u00bb3.0.92&Prime; module_alignment=\u00a0\u00bbcenter\u00a0\u00bb make_equal=\u00a0\u00bbon\u00a0\u00bb][et_pb_column type=\u00a0\u00bb1_2&Prime;][et_pb_toggle _builder_version=\u00a0\u00bb3.0.92&Prime; title=\u00a0\u00bbNous achetons des aliments produits dans la r\u00e9gion autant que possible (ex., du march\u00e9).\u00a0\u00bb open=\u00a0\u00bboff\u00a0\u00bb open_toggle_background_color=\u00a0\u00bb#ffffff\u00a0\u00bb icon_color=\u00a0\u00bb#0071ba\u00a0\u00bb]<\/p>\n<p><em>Les aliments locaux ont un plus petit impact sur l\u2019environnement car ils ne doivent pas voyager des milliers de kilom\u00e8tres afin de se rendre \u00e0 vous. Acheter des aliments locaux soutient \u00e9galement l\u2019\u00e9conomie de la r\u00e9gion.<\/em><\/p>\n<p>[\/et_pb_toggle][et_pb_toggle _builder_version=\u00a0\u00bb3.0.92&Prime; title=\u00a0\u00bbNous essayons de manger ce qui est en saison.\u00a0\u00bb open=\u00a0\u00bboff\u00a0\u00bb open_toggle_background_color=\u00a0\u00bb#ffffff\u00a0\u00bb icon_color=\u00a0\u00bb#0071ba\u00a0\u00bb]<\/p>\n<p><em>En mangeant ce qui pousse dans votre r\u00e9gion en ce moment, vous mangez localement tout en soutenant les fermiers de votre r\u00e9gion.<\/em><\/p>\n<p>[\/et_pb_toggle][et_pb_toggle _builder_version=\u00a0\u00bb3.0.92&Prime; title=\u00a0\u00bbNous n\u2019utilisons pas de pesticides sur notre terrain.\u00a0\u00bb open=\u00a0\u00bboff\u00a0\u00bb open_toggle_background_color=\u00a0\u00bb#ffffff\u00a0\u00bb icon_color=\u00a0\u00bb#0071ba\u00a0\u00bb]<\/p>\n<p><em>Les pesticides peuvent contaminer votre eau, votre sol et entrer dans la chaine alimentaire.<\/em><\/p>\n<p>[\/et_pb_toggle][et_pb_toggle _builder_version=\u00a0\u00bb3.0.92&Prime; title=\u00a0\u00bbNous achetons du poisson p\u00each\u00e9 ou \u00e9lev\u00e9 de fa\u00e7on durable.\u00a0\u00bb open=\u00a0\u00bboff\u00a0\u00bb open_toggle_background_color=\u00a0\u00bb#ffffff\u00a0\u00bb icon_color=\u00a0\u00bb#0071ba\u00a0\u00bb]<\/p>\n<p><em>Certaines pratiques de p\u00eache sont mauvaises pour l\u2019environnement et les autres esp\u00e8ces; recherchez les aliments certifi\u00e9s par le conseil \u00abMarine Stewardship Council\u00bb.<\/em><\/p>\n<p>[\/et_pb_toggle][\/et_pb_column][et_pb_column type=\u00a0\u00bb1_2&Prime;][et_pb_toggle _builder_version=\u00a0\u00bb3.0.92&Prime; title=\u00a0\u00bbNous achetons des aliments biologiques.\u00a0\u00bb open=\u00a0\u00bboff\u00a0\u00bb icon_color=\u00a0\u00bb#0071ba\u00a0\u00bb]<\/p>\n<p><em>C\u2019est une fa\u00e7on de faire pousser et transformer des aliments qui est \u00e0 la fois meilleure pour l\u2019environnement et pour les animaux.<\/em><\/p>\n<p>[\/et_pb_toggle][et_pb_toggle _builder_version=\u00a0\u00bb3.0.92&Prime; title=\u00a0\u00bbNous avons notre propre jardin ou nous avons un une parcelle dans un jardin communautaire.\u00a0\u00bb open=\u00a0\u00bboff\u00a0\u00bb icon_color=\u00a0\u00bb#0071ba\u00a0\u00bb]<\/p>\n<p><em>Manger des aliments locaux, biologiques et en saison r\u00e9duit votre empreinte \u00e9cologique et est aussi bon pour la sant\u00e9!<\/em><\/p>\n<p>[\/et_pb_toggle][et_pb_toggle _builder_version=\u00a0\u00bb3.0.92&Prime; title=\u00a0\u00bbNous mangeons moins de viande, ou nous sommes v\u00e9g\u00e9tariens ou v\u00e9g\u00e9taliens.\u00a0\u00bb open=\u00a0\u00bboff\u00a0\u00bb icon_color=\u00a0\u00bb#0071ba\u00a0\u00bb]<\/p>\n<p><em>La production de viande \u00e0 grande \u00e9chelle a le plus grand impact n\u00e9gatif sur la plan\u00e8te compar\u00e9 \u00e0 toutes les autres formes de nourriture produite. M\u00eame juste manger un repas v\u00e9g\u00e9tarien une fois par semaine peut aider \u00e0 r\u00e9duire votre impact.<\/em><\/p>\n<p>[\/et_pb_toggle][\/et_pb_column][\/et_pb_row][et_pb_row][et_pb_column type=\u00a0\u00bb4_4&Prime;][et_pb_text _builder_version=\u00a0\u00bb3.0.92&Prime; background_layout=\u00a0\u00bblight\u00a0\u00bb]<\/p>\n<p style=\"text-align: center;\">Pour plus d\u2019id\u00e9es :<\/p>\n<p style=\"text-align: center;\"><a href=\"http:\/\/www.acornorganic.org\/\">ACORN: Atlantic Canadian Organic Regional Network<\/a><\/p>\n<p style=\"text-align: center;\"><a href=\"http:\/\/healthland.time.com\/2012\/08\/24\/33-ways-to-eat-environmentally-friendly\/\">33 Ways to Eat Environmentally Friendly (Time Magazine)<\/a><\/p>\n<p>[\/et_pb_text][\/et_pb_column][\/et_pb_row][\/et_pb_section]<\/p>\n","protected":false},"excerpt":{"rendered":"<p>Vous vous demandez ce que vous pouvez faire? Il y a des choses pratiques que nous pouvons tous faire pour soutenir les syst\u00e8mes alimentaires locaux. Agriculture &amp; aliments locaux Les aliments locaux ont un plus petit impact sur l\u2019environnement car ils ne doivent pas voyager des milliers de kilom\u00e8tres afin de se rendre \u00e0 vous. [&hellip;]<\/p>\n","protected":false},"author":6,"featured_media":0,"parent":1023,"menu_order":0,"comment_status":"closed","ping_status":"closed","template":"","meta":{"_et_pb_use_builder":"on","_et_pb_old_content":"","_et_gb_content_width":"","footnotes":""},"class_list":["post-896","page","type-page","status-publish","hentry"],"_links":{"self":[{"href":"https:\/\/ecovision2025.ca\/fr\/wp-json\/wp\/v2\/pages\/896","targetHints":{"allow":["GET"]}}],"collection":[{"href":"https:\/\/ecovision2025.ca\/fr\/wp-json\/wp\/v2\/pages"}],"about":[{"href":"https:\/\/ecovision2025.ca\/fr\/wp-json\/wp\/v2\/types\/page"}],"author":[{"embeddable":true,"href":"https:\/\/ecovision2025.ca\/fr\/wp-json\/wp\/v2\/users\/6"}],"replies":[{"embeddable":true,"href":"https:\/\/ecovision2025.ca\/fr\/wp-json\/wp\/v2\/comments?post=896"}],"version-history":[{"count":21,"href":"https:\/\/ecovision2025.ca\/fr\/wp-json\/wp\/v2\/pages\/896\/revisions"}],"predecessor-version":[{"id":1475,"href":"https:\/\/ecovision2025.ca\/fr\/wp-json\/wp\/v2\/pages\/896\/revisions\/1475"}],"up":[{"embeddable":true,"href":"https:\/\/ecovision2025.ca\/fr\/wp-json\/wp\/v2\/pages\/1023"}],"wp:attachment":[{"href":"https:\/\/ecovision2025.ca\/fr\/wp-json\/wp\/v2\/media?parent=896"}],"curies":[{"name":"wp","href":"https:\/\/api.w.org\/{rel}","templated":true}]}}