{"id":866,"date":"2018-05-14T18:10:04","date_gmt":"2018-05-14T18:10:04","guid":{"rendered":"https:\/\/ecovision2025.ca\/dechets-you\/"},"modified":"2023-11-02T11:45:28","modified_gmt":"2023-11-02T14:45:28","slug":"dechets-vous","status":"publish","type":"page","link":"https:\/\/ecovision2025.ca\/fr\/dechets\/dechets-vous\/","title":{"rendered":"D\u00e9chets \u2013 Vous"},"content":{"rendered":"<p>[et_pb_section fb_built=\u00a0\u00bb1&Prime; _builder_version=\u00a0\u00bb4.16&Prime; custom_margin=\u00a0\u00bb||0px|\u00a0\u00bb custom_padding=\u00a0\u00bb||0px|\u00a0\u00bb global_colors_info=\u00a0\u00bb{}\u00a0\u00bb][et_pb_row _builder_version=\u00a0\u00bb4.16&Prime; custom_margin=\u00a0\u00bb||0px|\u00a0\u00bb custom_padding=\u00a0\u00bb||0px|\u00a0\u00bb global_colors_info=\u00a0\u00bb{}\u00a0\u00bb][et_pb_column type=\u00a0\u00bb4_4&Prime; _builder_version=\u00a0\u00bb4.16&Prime; custom_padding=\u00a0\u00bb|||\u00a0\u00bb global_colors_info=\u00a0\u00bb{}\u00a0\u00bb custom_padding__hover=\u00a0\u00bb|||\u00a0\u00bb][et_pb_text _builder_version=\u00a0\u00bb4.16&Prime; global_colors_info=\u00a0\u00bb{}\u00a0\u00bb]<\/p>\n<h1 style=\"text-align: center;\">Vous vous demandez ce que vous pouvez faire?<\/h1>\n<p style=\"text-align: center;\">Il y a des choses pratiques que nous pouvons tous faire pour r\u00e9duire nos d\u00e9chets.<\/p>\n<p>[\/et_pb_text][et_pb_text _builder_version=\u00a0\u00bb4.16&Prime; custom_margin=\u00a0\u00bb||0px|\u00a0\u00bb custom_padding=\u00a0\u00bb10px||0px|\u00a0\u00bb global_colors_info=\u00a0\u00bb{}\u00a0\u00bb]<\/p>\n<h4 style=\"text-align: center;\"><strong>D\u00e9chets<\/strong><\/h4>\n<p>[\/et_pb_text][\/et_pb_column][\/et_pb_row][et_pb_row make_equal=\u00a0\u00bbon\u00a0\u00bb _builder_version=\u00a0\u00bb4.16&Prime; module_alignment=\u00a0\u00bbcenter\u00a0\u00bb global_colors_info=\u00a0\u00bb{}\u00a0\u00bb column_structure=\u00a0\u00bb1_2,1_2&Prime;][et_pb_column type=\u00a0\u00bb1_2&Prime; _builder_version=\u00a0\u00bb4.16&Prime; custom_padding=\u00a0\u00bb|||\u00a0\u00bb global_colors_info=\u00a0\u00bb{}\u00a0\u00bb custom_padding__hover=\u00a0\u00bb|||\u00a0\u00bb][et_pb_toggle title=\u00a0\u00bbNous s\u00e9parons tous nos d\u00e9chets en recyclables, compost et d\u00e9chets destin\u00e9s \u00e0 l\u2019enfouissement.\u00a0\u00bb open_toggle_background_color=\u00a0\u00bb#ffffff\u00a0\u00bb icon_color=\u00a0\u00bb#0071ba\u00a0\u00bb open_icon_color=\u00a0\u00bb#0071ba\u00a0\u00bb _builder_version=\u00a0\u00bb4.16&Prime; global_colors_info=\u00a0\u00bb{}\u00a0\u00bb]<em>En s\u00e9parant vos recyclables, vous aidez \u00e0 remettre des mat\u00e9riaux r\u00e9utilisables dans le cycle, r\u00e9duisant le besoin pour de nouvelles ressources.<\/em><br \/>\n[\/et_pb_toggle][et_pb_toggle title=\u00a0\u00bbNous mangeons la plupart de la nourriture que nous achetons.\u00a0\u00bb open_toggle_background_color=\u00a0\u00bb#ffffff\u00a0\u00bb icon_color=\u00a0\u00bb#0071ba\u00a0\u00bb open_icon_color=\u00a0\u00bb#0071ba\u00a0\u00bb _builder_version=\u00a0\u00bb4.16&Prime; global_colors_info=\u00a0\u00bb{}\u00a0\u00bb]<em>En moyenne, un citoyen canadien jette plus de 400 livres de nourriture par ann\u00e9e, l\u2019\u00e9quivalent d\u2019environ 1 450$.<\/em><br \/>\n[\/et_pb_toggle][et_pb_toggle title=\u00a0\u00bbNous emmenons nos d\u00e9chets aux endroits o\u00f9 ils peuvent \u00eatre \u00e9limin\u00e9s ou recycl\u00e9s convenablement.\u00a0\u00bb open_toggle_background_color=\u00a0\u00bb#ffffff\u00a0\u00bb icon_color=\u00a0\u00bb#0071ba\u00a0\u00bb open_icon_color=\u00a0\u00bb#0071ba\u00a0\u00bb _builder_version=\u00a0\u00bb4.16&Prime; global_colors_info=\u00a0\u00bb{}\u00a0\u00bb]<em>Des d\u00e9chets comme de la peinture, des ampoules, des batteries et autres d\u00e9chets m\u00e9nagers dangereux peuvent \u00eatre emmen\u00e9s \u00e0 l\u2019\u00e9co-d\u00e9p\u00f4t mobile ou \u00e0 plusieurs sites de d\u00e9p\u00f4t au Sud-Est du N.-B.<\/em><br \/>\n[\/et_pb_toggle][et_pb_toggle title=\u00a0\u00bbNous achetons des aliments en gros afin de minimiser les d\u00e9chets en plastique.\u00a0\u00bb open_toggle_background_color=\u00a0\u00bb#ffffff\u00a0\u00bb icon_color=\u00a0\u00bb#0071ba\u00a0\u00bb open_icon_color=\u00a0\u00bb#0071ba\u00a0\u00bb _builder_version=\u00a0\u00bb4.16&Prime; global_colors_info=\u00a0\u00bb{}\u00a0\u00bb]<em>C\u2019est aussi une bonne fa\u00e7on de sauver de l\u2019argent!<\/em><br \/>\n[\/et_pb_toggle][et_pb_toggle title=\u00a0\u00bbNous r\u00e9parons ou remettons \u00e0 neuf des choses bris\u00e9es.\u00a0\u00bb open_toggle_background_color=\u00a0\u00bb#ffffff\u00a0\u00bb icon_color=\u00a0\u00bb#0071ba\u00a0\u00bb open_icon_color=\u00a0\u00bb#0071ba\u00a0\u00bb _builder_version=\u00a0\u00bb4.16&Prime; global_colors_info=\u00a0\u00bb{}\u00a0\u00bb]<em>Des ateliers de cr\u00e9ation, des caf\u00e9s \u00e0 outils et des biblioth\u00e8ques \u00e0 outils sont \u00e0 la mode partout au pays! Ces options offrent acc\u00e8s \u00e0 des outils et \u00e0 de l\u2019expertise.<\/em><br \/>\n[\/et_pb_toggle][et_pb_toggle title=\u00a0\u00bbNous utilisons des tasses et des bouteilles d\u2019eau r\u00e9utilisables.\u00a0\u00bb open_toggle_background_color=\u00a0\u00bb#ffffff\u00a0\u00bb icon_color=\u00a0\u00bb#0071ba\u00a0\u00bb open_icon_color=\u00a0\u00bb#0071ba\u00a0\u00bb _builder_version=\u00a0\u00bb4.16&Prime; global_colors_info=\u00a0\u00bb{}\u00a0\u00bb]<em>Chaque ann\u00e9e les canadiens utilisent plus de 5 milliards de tasses \u00e0 caf\u00e9 et de bouteilles d\u2019eau \u00e0 usage unique.<\/em><br \/>\n[\/et_pb_toggle][\/et_pb_column][et_pb_column type=\u00a0\u00bb1_2&Prime; _builder_version=\u00a0\u00bb4.16&Prime; custom_padding=\u00a0\u00bb|||\u00a0\u00bb global_colors_info=\u00a0\u00bb{}\u00a0\u00bb custom_padding__hover=\u00a0\u00bb|||\u00a0\u00bb][et_pb_toggle title=\u00a0\u00bbNous emportons des sacs r\u00e9utilisables lorsque nous faisons nos \u00e9piceries. \u00a0\u00bb icon_color=\u00a0\u00bb#0071ba\u00a0\u00bb open_icon_color=\u00a0\u00bb#0071ba\u00a0\u00bb _builder_version=\u00a0\u00bb4.16&Prime; global_colors_info=\u00a0\u00bb{}\u00a0\u00bb]<em>Les Canadiens utilisent 3 milliards de sacs de plastique par ann\u00e9e. Les sacs peuvent prendre 1000 ans \u00e0 se d\u00e9composer et se retrouvent souvent dans les oc\u00e9ans, o\u00f9 ils tuent des animaux marins.<\/em><br \/>\n[\/et_pb_toggle][et_pb_toggle title=\u00a0\u00bbNous compostons les restes que nous ne pouvons pas manger.\u00a0\u00bb icon_color=\u00a0\u00bb#0071ba\u00a0\u00bb open_icon_color=\u00a0\u00bb#0071ba\u00a0\u00bb _builder_version=\u00a0\u00bb4.16&Prime; global_colors_info=\u00a0\u00bb{}\u00a0\u00bb]<em>Les d\u00e9chets organiques qui se retrouvent dans les sites d\u2019enfouissement produisent beaucoup de m\u00e9thane, qui contribue aux changements climatiques.<\/em><br \/>\n[\/et_pb_toggle][et_pb_toggle title=\u00a0\u00bbNous participons \u00e0 des nettoyages de rivages ou de plages.\u00a0\u00bb icon_color=\u00a0\u00bb#0071ba\u00a0\u00bb open_icon_color=\u00a0\u00bb#0071ba\u00a0\u00bb _builder_version=\u00a0\u00bb4.16&Prime; global_colors_info=\u00a0\u00bb{}\u00a0\u00bb]<em>Par l\u2019an 2050, il est estim\u00e9 qu\u2019il y aura plus de plastique dans les oc\u00e9ans que de poissons. Chaque morceau de plastique enlev\u00e9 des rivages et des plages peut faire une diff\u00e9rence.<\/em><br \/>\n[\/et_pb_toggle][et_pb_toggle title=\u00a0\u00bbNous emmenons nos propres contenants \u00e0 des restaurants \u00e0 emporter ou des magasins.\u00a0\u00bb icon_color=\u00a0\u00bb#0071ba\u00a0\u00bb open_icon_color=\u00a0\u00bb#0071ba\u00a0\u00bb _builder_version=\u00a0\u00bb4.16&Prime; global_colors_info=\u00a0\u00bb{}\u00a0\u00bb]<em>Certains magasins ont maintenant des programmes de contenants r\u00e9utilisables.<\/em><br \/>\n[\/et_pb_toggle][et_pb_toggle title=\u00a0\u00bbNous achetons nos v\u00eatements dans des magasins de deuxi\u00e8me main, des friperies ou des magasins de v\u00eatements en consignation.\u00a0\u00bb icon_color=\u00a0\u00bb#0071ba\u00a0\u00bb open_icon_color=\u00a0\u00bb#0071ba\u00a0\u00bb _builder_version=\u00a0\u00bb4.16&Prime; global_colors_info=\u00a0\u00bb{}\u00a0\u00bb]<em>Les canadiens ach\u00e8tent plus de 70 nouveaux v\u00eatements par ann\u00e9e; plus de 25 milliards de livres de textiles se ramassent dans les sites d\u2019enfouissement en Am\u00e9rique du Nord chaque ann\u00e9e; il y a trop de v\u00eatements dans le monde pour le nombre de personnes.<\/em><br \/>\n[\/et_pb_toggle][et_pb_toggle title=\u00a0\u00bbNous \u00e9vitons les pailles.\u00a0\u00bb icon_color=\u00a0\u00bb#0071ba\u00a0\u00bb open_icon_color=\u00a0\u00bb#0071ba\u00a0\u00bb _builder_version=\u00a0\u00bb4.16&Prime; global_colors_info=\u00a0\u00bb{}\u00a0\u00bb]<em>Les pailles sont presque impossibles \u00e0 recycler. Demandez aux restaurants d\u2019omettre la paille lorsqu\u2019ils vous apportent votre breuvage.<\/em><br \/>\n[\/et_pb_toggle][\/et_pb_column][\/et_pb_row][et_pb_row _builder_version=\u00a0\u00bb4.16&Prime; background_size=\u00a0\u00bbinitial\u00a0\u00bb background_position=\u00a0\u00bbtop_left\u00a0\u00bb background_repeat=\u00a0\u00bbrepeat\u00a0\u00bb global_colors_info=\u00a0\u00bb{}\u00a0\u00bb][et_pb_column type=\u00a0\u00bb4_4&Prime; _builder_version=\u00a0\u00bb4.16&Prime; custom_padding=\u00a0\u00bb|||\u00a0\u00bb global_colors_info=\u00a0\u00bb{}\u00a0\u00bb custom_padding__hover=\u00a0\u00bb|||\u00a0\u00bb][et_pb_text _builder_version=\u00a0\u00bb4.22.1&Prime; hover_enabled=\u00a0\u00bb0&Prime; global_colors_info=\u00a0\u00bb{}\u00a0\u00bb sticky_enabled=\u00a0\u00bb0&Prime;]<\/p>\n<p style=\"text-align: center;\">Pour plus d\u2019id\u00e9es :<\/p>\n<p style=\"text-align: center;\"><a href=\"https:\/\/www.eco360.ca\/fr\/programme-residentiel\">Sud-est ECO360 \u2013 Programme r\u00e9sidentiel<\/a><\/p>\n<p style=\"text-align: center;\"><a href=\"http:\/\/www.bulkbarn.ca\/Programme-de-contenants-r%C3%A9utilisables\/\">Programme de contenants r\u00e9utilisables \u2013 Bulk Barn<\/a><\/p>\n<p style=\"text-align: center;\"><a href=\"https:\/\/www.youtube.com\/watch?v=-nPq6iX_XGQ&amp;feature=youtu.be\">Why Donating Your Clothes Isn\u2019t as Helpful as You Think<\/a><\/p>\n<p style=\"text-align: center;\"><a href=\"http:\/\/www.cbc.ca\/news\/technology\/recycling-contamination-1.4606893\">Many Canadians are Recycling Wrong, and it\u2019s Costing us Millions<\/a><\/p>\n<p>[\/et_pb_text][\/et_pb_column][\/et_pb_row][\/et_pb_section]<\/p>\n","protected":false},"excerpt":{"rendered":"<p>Vous vous demandez ce que vous pouvez faire? Il y a des choses pratiques que nous pouvons tous faire pour r\u00e9duire nos d\u00e9chets. D\u00e9chets En s\u00e9parant vos recyclables, vous aidez \u00e0 remettre des mat\u00e9riaux r\u00e9utilisables dans le cycle, r\u00e9duisant le besoin pour de nouvelles ressources. En moyenne, un citoyen canadien jette plus de 400 livres [&hellip;]<\/p>\n","protected":false},"author":6,"featured_media":0,"parent":1051,"menu_order":0,"comment_status":"closed","ping_status":"closed","template":"","meta":{"_et_pb_use_builder":"on","_et_pb_old_content":"","_et_gb_content_width":"","footnotes":""},"class_list":["post-866","page","type-page","status-publish","hentry"],"_links":{"self":[{"href":"https:\/\/ecovision2025.ca\/fr\/wp-json\/wp\/v2\/pages\/866","targetHints":{"allow":["GET"]}}],"collection":[{"href":"https:\/\/ecovision2025.ca\/fr\/wp-json\/wp\/v2\/pages"}],"about":[{"href":"https:\/\/ecovision2025.ca\/fr\/wp-json\/wp\/v2\/types\/page"}],"author":[{"embeddable":true,"href":"https:\/\/ecovision2025.ca\/fr\/wp-json\/wp\/v2\/users\/6"}],"replies":[{"embeddable":true,"href":"https:\/\/ecovision2025.ca\/fr\/wp-json\/wp\/v2\/comments?post=866"}],"version-history":[{"count":5,"href":"https:\/\/ecovision2025.ca\/fr\/wp-json\/wp\/v2\/pages\/866\/revisions"}],"predecessor-version":[{"id":3603,"href":"https:\/\/ecovision2025.ca\/fr\/wp-json\/wp\/v2\/pages\/866\/revisions\/3603"}],"up":[{"embeddable":true,"href":"https:\/\/ecovision2025.ca\/fr\/wp-json\/wp\/v2\/pages\/1051"}],"wp:attachment":[{"href":"https:\/\/ecovision2025.ca\/fr\/wp-json\/wp\/v2\/media?parent=866"}],"curies":[{"name":"wp","href":"https:\/\/api.w.org\/{rel}","templated":true}]}}