{"id":838,"date":"2018-05-14T15:29:56","date_gmt":"2018-05-14T15:29:56","guid":{"rendered":"https:\/\/ecovision2025.ca\/eau\/eau-you\/"},"modified":"2018-05-14T23:42:22","modified_gmt":"2018-05-14T23:42:22","slug":"eau-vous","status":"publish","type":"page","link":"https:\/\/ecovision2025.ca\/fr\/eau\/eau-vous\/","title":{"rendered":"L\u2019eau \u2013 Vous"},"content":{"rendered":"<p>[et_pb_section bb_built=\u00a0\u00bb1&Prime; fullwidth=\u00a0\u00bboff\u00a0\u00bb specialty=\u00a0\u00bboff\u00a0\u00bb _builder_version=\u00a0\u00bb3.0.92&Prime; custom_margin=\u00a0\u00bb||0px|\u00a0\u00bb custom_padding=\u00a0\u00bb||0px|\u00a0\u00bb][et_pb_row _builder_version=\u00a0\u00bb3.0.92&Prime; custom_margin=\u00a0\u00bb||0px|\u00a0\u00bb custom_padding=\u00a0\u00bb||0px|\u00a0\u00bb][et_pb_column type=\u00a0\u00bb4_4&Prime;][et_pb_text _builder_version=\u00a0\u00bb3.0.92&Prime; background_layout=\u00a0\u00bblight\u00a0\u00bb]<\/p>\n<h1 style=\"text-align: center;\">Vous vous demandez ce que vous pouvez faire?<\/h1>\n<p style=\"text-align: center;\">Il y a des choses pratiques que nous pouvons tous faire pour prot\u00e9ger et conserver l&rsquo;eau.<\/p>\n<p>[\/et_pb_text][et_pb_text _builder_version=\u00a0\u00bb3.0.92&Prime; background_layout=\u00a0\u00bblight\u00a0\u00bb custom_padding=\u00a0\u00bb10px||0px|\u00a0\u00bb custom_margin=\u00a0\u00bb||0px|\u00a0\u00bb]<\/p>\n<h4 style=\"text-align: center;\"><strong>Qualit\u00e9 de l\u2019eau et conservation de l\u2019eau<\/strong><\/h4>\n<p>[\/et_pb_text][\/et_pb_column][\/et_pb_row][et_pb_row _builder_version=\u00a0\u00bb3.0.92&Prime; module_alignment=\u00a0\u00bbcenter\u00a0\u00bb make_equal=\u00a0\u00bbon\u00a0\u00bb][et_pb_column type=\u00a0\u00bb1_2&Prime;][et_pb_toggle _builder_version=\u00a0\u00bb3.0.92&Prime; title=\u00a0\u00bbNous utilisons de l\u2019eau de pluie pour notre jardin et pour arroser nos plantes\u00a0\u00bb open=\u00a0\u00bboff\u00a0\u00bb open_toggle_background_color=\u00a0\u00bb#ffffff\u00a0\u00bb icon_color=\u00a0\u00bb#0071ba\u00a0\u00bb]<\/p>\n<p><em>Cela \u00e9conomise de l\u2019eau potable; les plantes pr\u00e9f\u00e8rent de l\u2019eau non-trait\u00e9e; l\u2019eau de vos robinets est souvent trait\u00e9e avec du chlore si vous \u00eates connect\u00e9s \u00e0 l\u2019eau de la ville.<\/em><\/p>\n<p>[\/et_pb_toggle][et_pb_toggle _builder_version=\u00a0\u00bb3.0.92&Prime; title=\u00a0\u00bbNous utilisons les stations de d\u00e9charge des eaux us\u00e9es situ\u00e9es aux marinas pour l\u2019eau us\u00e9e provenant de bateaux.\u00a0\u00bb open=\u00a0\u00bboff\u00a0\u00bb open_toggle_background_color=\u00a0\u00bb#ffffff\u00a0\u00bb icon_color=\u00a0\u00bb#0071ba\u00a0\u00bb]<\/p>\n<p><em>Tous les bateaux devraient avoir des r\u00e9servoirs pour l\u2019eau des toilettes, qui peut \u00eatre d\u00e9charg\u00e9e aux marinas.<\/em><\/p>\n<p>[\/et_pb_toggle][et_pb_toggle _builder_version=\u00a0\u00bb3.0.92&Prime; title=\u00a0\u00bbNous prenons des douches de 4 minutes ou moins.\u00a0\u00bb open=\u00a0\u00bboff\u00a0\u00bb open_toggle_background_color=\u00a0\u00bb#ffffff\u00a0\u00bb icon_color=\u00a0\u00bb#0071ba\u00a0\u00bb]<\/p>\n<p><em>Si vous r\u00e9duisez la dur\u00e9e de vos douches de 7 minutes \u00e0 seulement 4 minutes, vous \u00e9conomisez environ 60 L d\u2019eau chaque fois.<\/em><\/p>\n<p>[\/et_pb_toggle][et_pb_toggle _builder_version=\u00a0\u00bb3.0.92&Prime; title=\u00a0\u00bbNous n\u2019avons pas de robinets qui coulent.\u00a0\u00bb open=\u00a0\u00bboff\u00a0\u00bb open_toggle_background_color=\u00a0\u00bb#ffffff\u00a0\u00bb icon_color=\u00a0\u00bb#0071ba\u00a0\u00bb]<\/p>\n<p><em>Des robinets qui coulent peuvent gaspiller 300 gallons par ann\u00e9e.<\/em><\/p>\n<p>[\/et_pb_toggle][et_pb_toggle _builder_version=\u00a0\u00bb3.0.92&Prime; title=\u00a0\u00bbNous arrosons notre gazon.\u00a0\u00bb open=\u00a0\u00bboff\u00a0\u00bb open_toggle_background_color=\u00a0\u00bb#ffffff\u00a0\u00bb icon_color=\u00a0\u00bb#0071ba\u00a0\u00bb]<\/p>\n<p><em>Les gazons et les jardins ont seulement besoin de 5 mm d\u2019eau pendant les temp\u00e9ratures chaudes. Les gazons ont seulement besoin d\u2019eau si l\u2019herbe ne se rel\u00e8ve pas quand vous marchez dessus; si vous devez l\u2019arroser, il est mieux de le faire pendant la partie plus fraiche de la journ\u00e9e.<\/em><\/p>\n<p>[\/et_pb_toggle][et_pb_toggle _builder_version=\u00a0\u00bb3.0.92&Prime; title=\u00a0\u00bbNous buvons de l\u2019eau du robinet au lieu de l\u2019eau en bouteille.\u00a0\u00bb open=\u00a0\u00bboff\u00a0\u00bb open_toggle_background_color=\u00a0\u00bb#ffffff\u00a0\u00bb icon_color=\u00a0\u00bb#0071ba\u00a0\u00bb]<\/p>\n<p><em>De l\u2019eau en bouteille n\u2019est pas de meilleure qualit\u00e9 que l\u2019eau du robinet; en fait, r\u00e9cemment des tests ont d\u00e9montr\u00e9 que l\u2019eau en bouteille contient des microparticules de plastique.<\/em><\/p>\n<p>[\/et_pb_toggle][\/et_pb_column][et_pb_column type=\u00a0\u00bb1_2&Prime;][et_pb_toggle _builder_version=\u00a0\u00bb3.0.92&Prime; title=\u00a0\u00bbNous inspectons notre syst\u00e8me septique annuellement afin de s\u2019assurer qu\u2019il fonctionne bien.\u00a0\u00bb open=\u00a0\u00bboff\u00a0\u00bb icon_color=\u00a0\u00bb#0071ba\u00a0\u00bb]<\/p>\n<p><em>Des syst\u00e8mes septiques d\u00e9faillants peuvent \u00eatre l\u2019une des plus grandes sources de pollution de nos cours d\u2019eau.<\/em><\/p>\n<p>[\/et_pb_toggle][et_pb_toggle _builder_version=\u00a0\u00bb3.0.92&Prime; title=\u00a0\u00bbNous utilisons des pommes de douche \u00e0 d\u00e9bit r\u00e9duit afin de r\u00e9duire notre consommation d\u2019eau.\u00a0\u00bb open=\u00a0\u00bboff\u00a0\u00bb icon_color=\u00a0\u00bb#0071ba\u00a0\u00bb]<\/p>\n<p><em>Ces derniers r\u00e9duisent votre consommation de 11 L par minute.<\/em><\/p>\n<p>[\/et_pb_toggle][et_pb_toggle _builder_version=\u00a0\u00bb3.0.92&Prime; title=\u00a0\u00bbNous \u00e9teignons l\u2019eau lorsque nous brossons nos dents.\u00a0\u00bb open=\u00a0\u00bboff\u00a0\u00bb icon_color=\u00a0\u00bb#0071ba\u00a0\u00bb]<\/p>\n<p><em>Cela \u00e9conomise environ 360 L par semaine.<\/em><\/p>\n<p>[\/et_pb_toggle][et_pb_toggle _builder_version=\u00a0\u00bb3.0.92&Prime; title=\u00a0\u00bbNotre toilette a deux options de chasse.\u00a0\u00bb open=\u00a0\u00bboff\u00a0\u00bb icon_color=\u00a0\u00bb#0071ba\u00a0\u00bb]<\/p>\n<p><em>Cela diminue l\u2019utilisation d\u2019eau de moiti\u00e9.<\/em><\/p>\n<p>[\/et_pb_toggle][et_pb_toggle _builder_version=\u00a0\u00bb3.0.92&Prime; title=\u00a0\u00bbNous lavons seulement des charges pleines de linge dans notre machine \u00e0 laver, ou nous ajustons les niveaux d\u2019eau pour correspondre \u00e0 la taille de la charge.\u00a0\u00bb open=\u00a0\u00bboff\u00a0\u00bb icon_color=\u00a0\u00bb#0071ba\u00a0\u00bb]<\/p>\n<p><em>Une machine \u00e0 laver moyenne utilise 54 gallons par charge.<\/em><\/p>\n<p>[\/et_pb_toggle][et_pb_toggle _builder_version=\u00a0\u00bb3.0.92&Prime; title=\u00a0\u00bbNous avons des toilettes \u00e0 compost.\u00a0\u00bb open=\u00a0\u00bboff\u00a0\u00bb icon_color=\u00a0\u00bb#0071ba\u00a0\u00bb]<\/p>\n<p><em>Ces toilettes n\u2019utilisent pas d\u2019eau et gardent tous les nutriments et polluants hors des cours d\u2019eau.<\/em><\/p>\n<p>[\/et_pb_toggle][\/et_pb_column][\/et_pb_row][et_pb_row][et_pb_column type=\u00a0\u00bb4_4&Prime;][et_pb_text _builder_version=\u00a0\u00bb3.0.92&Prime; background_layout=\u00a0\u00bblight\u00a0\u00bb]<\/p>\n<p style=\"text-align: center;\">Pour plus d&rsquo;id\u00e9es :<\/p>\n<p style=\"text-align: center;\"><a href=\"http:\/\/www.intotheplanet.com\/we-are-water-project\/#sthash.XdKx0feE.dpbs\">We are Water Project (intotheplanet.com)<\/a><\/p>\n<p style=\"text-align: center;\"><a href=\"https:\/\/thewaterproject.org\/water_conservation_tips\">Water Conservation Tips (thewaterproject.org)<\/a><\/p>\n<p style=\"text-align: center;\"><a href=\"https:\/\/learn.eartheasy.com\/guides\/45-ways-to-conserve-water-in-the-home-and-yard\/\">45 Ways to Conserve Water in the Home and Yard (eartheasy.com)<\/a><\/p>\n<p style=\"text-align: center;\"><a href=\"https:\/\/storyofstuff.org\/movies\/our-water-our-future\/\">Our Water, Our Future (storyofstuff.org)<\/a><\/p>\n<p>[\/et_pb_text][\/et_pb_column][\/et_pb_row][\/et_pb_section]<\/p>\n","protected":false},"excerpt":{"rendered":"<p>Vous vous demandez ce que vous pouvez faire? Il y a des choses pratiques que nous pouvons tous faire pour prot\u00e9ger et conserver l&rsquo;eau. Qualit\u00e9 de l\u2019eau et conservation de l\u2019eau Cela \u00e9conomise de l\u2019eau potable; les plantes pr\u00e9f\u00e8rent de l\u2019eau non-trait\u00e9e; l\u2019eau de vos robinets est souvent trait\u00e9e avec du chlore si vous \u00eates [&hellip;]<\/p>\n","protected":false},"author":6,"featured_media":0,"parent":830,"menu_order":0,"comment_status":"closed","ping_status":"closed","template":"","meta":{"_et_pb_use_builder":"on","_et_pb_old_content":"","_et_gb_content_width":"","footnotes":""},"class_list":["post-838","page","type-page","status-publish","hentry"],"_links":{"self":[{"href":"https:\/\/ecovision2025.ca\/fr\/wp-json\/wp\/v2\/pages\/838","targetHints":{"allow":["GET"]}}],"collection":[{"href":"https:\/\/ecovision2025.ca\/fr\/wp-json\/wp\/v2\/pages"}],"about":[{"href":"https:\/\/ecovision2025.ca\/fr\/wp-json\/wp\/v2\/types\/page"}],"author":[{"embeddable":true,"href":"https:\/\/ecovision2025.ca\/fr\/wp-json\/wp\/v2\/users\/6"}],"replies":[{"embeddable":true,"href":"https:\/\/ecovision2025.ca\/fr\/wp-json\/wp\/v2\/comments?post=838"}],"version-history":[{"count":32,"href":"https:\/\/ecovision2025.ca\/fr\/wp-json\/wp\/v2\/pages\/838\/revisions"}],"predecessor-version":[{"id":1380,"href":"https:\/\/ecovision2025.ca\/fr\/wp-json\/wp\/v2\/pages\/838\/revisions\/1380"}],"up":[{"embeddable":true,"href":"https:\/\/ecovision2025.ca\/fr\/wp-json\/wp\/v2\/pages\/830"}],"wp:attachment":[{"href":"https:\/\/ecovision2025.ca\/fr\/wp-json\/wp\/v2\/media?parent=838"}],"curies":[{"name":"wp","href":"https:\/\/api.w.org\/{rel}","templated":true}]}}