{"id":830,"date":"2018-05-14T15:17:11","date_gmt":"2018-05-14T15:17:11","guid":{"rendered":"https:\/\/ecovision2025.ca\/eau\/"},"modified":"2024-10-18T11:20:26","modified_gmt":"2024-10-18T14:20:26","slug":"eau","status":"publish","type":"page","link":"https:\/\/ecovision2025.ca\/fr\/eau\/","title":{"rendered":"Eau"},"content":{"rendered":"<p>[et_pb_section fb_built=\u00a0\u00bb1&Prime; _builder_version=\u00a0\u00bb4.16&Prime; global_colors_info=\u00a0\u00bb{}\u00a0\u00bb][et_pb_row column_structure=\u00a0\u00bb1_4,1_2,1_4&Prime; _builder_version=\u00a0\u00bb4.16&Prime; global_colors_info=\u00a0\u00bb{}\u00a0\u00bb][et_pb_column type=\u00a0\u00bb1_4&Prime; _builder_version=\u00a0\u00bb4.16&Prime; custom_padding=\u00a0\u00bb|||\u00a0\u00bb global_colors_info=\u00a0\u00bb{}\u00a0\u00bb custom_padding__hover=\u00a0\u00bb|||\u00a0\u00bb][et_pb_blurb admin_label=\u00a0\u00bbActions\u00a0\u00bb _builder_version=\u00a0\u00bb4.16&Prime; header_font=\u00a0\u00bb|600|||||||\u00a0\u00bb header_text_align=\u00a0\u00bbcenter\u00a0\u00bb text_orientation=\u00a0\u00bbcenter\u00a0\u00bb global_colors_info=\u00a0\u00bb{}\u00a0\u00bb]<a href=\"https:\/\/ecovision2025.ca\/fr\/eau\/eau-actions\/\" rel=\"noopener\"><img loading=\"lazy\" decoding=\"async\" class=\"aligncenter wp-image-162\" src=\"https:\/\/ecovision2025.ca\/wp-content\/uploads\/2018\/02\/Water_Blue.png\" alt=\"\" width=\"75\" height=\"75\" srcset=\"https:\/\/ecovision2025.ca\/wp-content\/uploads\/2018\/02\/Water_Blue.png 200w, https:\/\/ecovision2025.ca\/wp-content\/uploads\/2018\/02\/Water_Blue-150x150.png 150w\" sizes=\"auto, (max-width: 75px) 100vw, 75px\" \/><\/a><\/p>\n<p style=\"text-align: center;\"><a href=\"https:\/\/ecovision2025.ca\/fr\/eau\/eau-actions\/\" rel=\"noopener\"><strong>ACTIONS<\/strong><\/a><\/p>\n<p style=\"text-align: center;\">N\u00e9cessaires afin de prot\u00e9ger et d\u2019am\u00e9liorer la qualit\u00e9 de l\u2019eau dans nos environnements d\u2019eau douce et nos environnements c\u00f4tiers, et afin de promouvoir la conservation de l\u2019eau.<\/p>\n<p>[\/et_pb_blurb][et_pb_blurb admin_label=\u00a0\u00bbYou\u00a0\u00bb _builder_version=\u00a0\u00bb4.16&Prime; header_font=\u00a0\u00bb|600|||||||\u00a0\u00bb header_text_align=\u00a0\u00bbcenter\u00a0\u00bb text_orientation=\u00a0\u00bbcenter\u00a0\u00bb global_colors_info=\u00a0\u00bb{}\u00a0\u00bb]<\/p>\n<p style=\"text-align: center;\"><a href=\"https:\/\/ecovision2025.ca\/fr\/eau\/eau-vous\/\" rel=\"noopener\"><strong>CE QUE VOUS POUVEZ FAIRE<\/strong><br \/>\n<\/a>Afin de prot\u00e9ger et de conserver l\u2019eau.<\/p>\n<p>[\/et_pb_blurb][et_pb_blurb admin_label=\u00a0\u00bbDig\u00a0\u00bb _builder_version=\u00a0\u00bb4.16&Prime; header_font=\u00a0\u00bb|600|||||||\u00a0\u00bb header_text_align=\u00a0\u00bbcenter\u00a0\u00bb text_orientation=\u00a0\u00bbcenter\u00a0\u00bb global_colors_info=\u00a0\u00bb{}\u00a0\u00bb]<\/p>\n<p style=\"text-align: center;\"><a href=\"https:\/\/ecovision2025.ca\/fr\/eau\/eau-en-profondeur\/\" rel=\"noopener\"><strong>EN PROFONDEUR<br \/>\n<\/strong><\/a>Cela vous permettra d\u2019explorer des sites web et de l\u2019information au sujet du th\u00e8me.<\/p>\n<p>[\/et_pb_blurb][\/et_pb_column][et_pb_column type=\u00a0\u00bb1_2&Prime; _builder_version=\u00a0\u00bb4.16&Prime; custom_padding=\u00a0\u00bb|||\u00a0\u00bb global_colors_info=\u00a0\u00bb{}\u00a0\u00bb custom_padding__hover=\u00a0\u00bb|||\u00a0\u00bb][et_pb_image src=\u00a0\u00bbhttps:\/\/ecovision2025.ca\/wp-content\/uploads\/2018\/04\/Water_02E65119.jpg\u00a0\u00bb align_tablet=\u00a0\u00bbcenter\u00a0\u00bb align_phone=\u00a0\u00bb\u00a0\u00bb align_last_edited=\u00a0\u00bbon|desktop\u00a0\u00bb _builder_version=\u00a0\u00bb4.16&Prime; always_center_on_mobile=\u00a0\u00bbon\u00a0\u00bb global_colors_info=\u00a0\u00bb{}\u00a0\u00bb][\/et_pb_image][et_pb_text admin_label=\u00a0\u00bbIntro\u00a0\u00bb _builder_version=\u00a0\u00bb4.16&Prime; global_colors_info=\u00a0\u00bb{}\u00a0\u00bb]<\/p>\n<h2>Qualit\u00e9 de l\u2019eau<\/h2>\n<p>L\u2019eau propre est essentielle pour nous tous (incluant la nature), ainsi nous devons la prot\u00e9ger et am\u00e9liorer la qualit\u00e9 de l\u2019eau dans nos environnements d\u2019eau douce et nos environnements c\u00f4tiers, et promouvoir sa conservation.<\/p>\n<p>Il y a plusieurs choses qui peuvent nuire \u00e0 la qualit\u00e9 de notre eau. Dans la r\u00e9gion, certains probl\u00e8mes qui pourraient affecter la qualit\u00e9 de l\u2019eau ont \u00e9t\u00e9 identifi\u00e9s par des citoyens en 2017 et en 2018\u00a0:<\/p>\n<ul>\n<li>Pression continue sur nos c\u00f4tes affectant des syst\u00e8mes naturels sensibles et essentiels, r\u00e9sultant en une capacit\u00e9 r\u00e9duite pour maintenir une bonne qualit\u00e9 de l\u2019eau (dommages \u00e0 la c\u00f4te, infraction et remplissages des terres humides).<\/li>\n<li>Des effluents provenant de maisons priv\u00e9es, d\u2019entreprises et de centres de traitement des \u00e9gouts, contenant une vari\u00e9t\u00e9 de contaminants ainsi que des bact\u00e9ries (ex. e-coli) nuisent \u00e0 la qualit\u00e9 de l\u2019eau.<\/li>\n<li>Le manque de tests r\u00e9guliers et compr\u00e9hensifs de l\u2019eau et le manque de communication des r\u00e9sultats sont des inqui\u00e9tudes consid\u00e9rables pour le public.<\/li>\n<\/ul>\n<p>Plusieurs actions qui furent pr\u00e9sent\u00e9es par des membres de la communaut\u00e9 pourraient aider \u00e0 adresser ces inqui\u00e9tudes. Jetez un coup d\u2019\u0153il au c\u00f4t\u00e9 gauche de l\u2019\u00e9cran sous \u00abActions\u00bb. Si vous \u00eates \u00e0 la recherche de choses que vous pouvez faire, jetez un coup d\u2019\u0153il \u00e0 \u00abCe que vous pouvez faire\u00bb. Si vous voulez savoir qui travaille d\u00e9j\u00e0 sur ces probl\u00e8mes, jetez un coup d\u2019\u0153il \u00e0 \u00abEn profondeur\u00bb.<br \/>\n[\/et_pb_text][\/et_pb_column][et_pb_column type=\u00a0\u00bb1_4&Prime; _builder_version=\u00a0\u00bb4.16&Prime; custom_padding=\u00a0\u00bb|||\u00a0\u00bb global_colors_info=\u00a0\u00bb{}\u00a0\u00bb custom_padding__hover=\u00a0\u00bb|||\u00a0\u00bb][et_pb_text _builder_version=\u00a0\u00bb4.27.0&Prime; width=\u00a0\u00bb55%\u00a0\u00bb hover_enabled=\u00a0\u00bb0&Prime; global_colors_info=\u00a0\u00bb{}\u00a0\u00bb sticky_enabled=\u00a0\u00bb0&Prime;]<\/p>\n<p style=\"text-align: center;\"><strong>Qui est actif sur ce dossier?<\/strong><\/p>\n<p style=\"text-align: center;\"><a href=\"http:\/\/www.shediacbayassociation.org\/\" target=\"_blank\" rel=\"noopener noreferrer\"><img loading=\"lazy\" decoding=\"async\" class=\"aligncenter wp-image-463\" src=\"https:\/\/ecovision2025.ca\/wp-content\/uploads\/2018\/05\/SBWA_logo.png\" alt=\"SBWA\" width=\"100\" height=\"79\" srcset=\"https:\/\/ecovision2025.ca\/wp-content\/uploads\/2018\/05\/SBWA_logo.png 400w, https:\/\/ecovision2025.ca\/wp-content\/uploads\/2018\/05\/SBWA_logo-300x237.png 300w\" sizes=\"auto, (max-width: 100px) 100vw, 100px\" \/><\/a><\/p>\n<p style=\"text-align: center;\"><img loading=\"lazy\" decoding=\"async\" src=\"https:\/\/ecovision2025.ca\/wp-content\/uploads\/2023\/11\/VH2O-300x90.jpg\" width=\"144\" height=\"43\" alt=\"\" class=\"wp-image-3570 alignnone size-medium\" \/><\/p>\n<p style=\"text-align: center;\"><a href=\"http:\/\/gssc-cesb.ca\/\"><img loading=\"lazy\" decoding=\"async\" class=\"aligncenter wp-image-418\" src=\"https:\/\/ecovision2025.ca\/wp-content\/uploads\/2018\/04\/GSSC.png\" alt=\"\" width=\"100\" height=\"48\" srcset=\"https:\/\/ecovision2025.ca\/wp-content\/uploads\/2018\/04\/GSSC.png 408w, https:\/\/ecovision2025.ca\/wp-content\/uploads\/2018\/04\/GSSC-300x145.png 300w, https:\/\/ecovision2025.ca\/wp-content\/uploads\/2018\/04\/GSSC-400x197.png 400w\" sizes=\"auto, (max-width: 100px) 100vw, 100px\" \/><\/a><\/p>\n<p style=\"text-align: center;\"><a href=\"http:\/\/www.cap-pele.com\/en\/\" target=\"_blank\" rel=\"noopener noreferrer\"><\/a><\/p>\n<p style=\"text-align: center;\"><a href=\"https:\/\/capacadie.ca\/fr\/\" target=\"_blank\" rel=\"noopener\"><img loading=\"lazy\" decoding=\"async\" src=\"https:\/\/ecovision2025.ca\/wp-content\/uploads\/2024\/10\/capacadie_logo_full_color_rgb_900px_w_72ppi-1-300x112.jpg\" width=\"171\" height=\"64\" alt=\"\" class=\"wp-image-4564 alignnone size-medium\" \/><\/a><\/p>\n<p style=\"text-align: center;\"><a href=\"https:\/\/shediac.ca\/en\/\" target=\"_blank\" rel=\"noopener noreferrer\"><img loading=\"lazy\" decoding=\"async\" class=\"aligncenter wp-image-419\" src=\"https:\/\/ecovision2025.ca\/wp-content\/uploads\/2018\/04\/Shediac_logo.jpg\" alt=\"\" width=\"100\" height=\"57\" \/><\/a><\/p>\n<p style=\"text-align: center;\"><a href=\"http:\/\/www2.gnb.ca\/content\/gnb\/en\/departments\/elg.html\" target=\"_blank\" rel=\"noopener noreferrer\"><img loading=\"lazy\" decoding=\"async\" class=\"aligncenter wp-image-267\" src=\"https:\/\/ecovision2025.ca\/wp-content\/uploads\/2018\/03\/GNB_logo.png\" alt=\"Government of New Brunswick\" width=\"100\" height=\"35\" \/><\/a><\/p>\n<p>[\/et_pb_text][\/et_pb_column][\/et_pb_row][et_pb_row _builder_version=\u00a0\u00bb4.16&Prime; background_size=\u00a0\u00bbinitial\u00a0\u00bb background_position=\u00a0\u00bbtop_left\u00a0\u00bb background_repeat=\u00a0\u00bbrepeat\u00a0\u00bb global_colors_info=\u00a0\u00bb{}\u00a0\u00bb][\/et_pb_row][\/et_pb_section]<\/p>\n","protected":false},"excerpt":{"rendered":"<p>ACTIONS N\u00e9cessaires afin de prot\u00e9ger et d\u2019am\u00e9liorer la qualit\u00e9 de l\u2019eau dans nos environnements d\u2019eau douce et nos environnements c\u00f4tiers, et afin de promouvoir la conservation de l\u2019eau. CE QUE VOUS POUVEZ FAIRE Afin de prot\u00e9ger et de conserver l\u2019eau. EN PROFONDEUR Cela vous permettra d\u2019explorer des sites web et de l\u2019information au sujet du [&hellip;]<\/p>\n","protected":false},"author":6,"featured_media":0,"parent":0,"menu_order":0,"comment_status":"closed","ping_status":"closed","template":"","meta":{"_et_pb_use_builder":"on","_et_pb_old_content":"","_et_gb_content_width":"","footnotes":""},"class_list":["post-830","page","type-page","status-publish","hentry"],"_links":{"self":[{"href":"https:\/\/ecovision2025.ca\/fr\/wp-json\/wp\/v2\/pages\/830","targetHints":{"allow":["GET"]}}],"collection":[{"href":"https:\/\/ecovision2025.ca\/fr\/wp-json\/wp\/v2\/pages"}],"about":[{"href":"https:\/\/ecovision2025.ca\/fr\/wp-json\/wp\/v2\/types\/page"}],"author":[{"embeddable":true,"href":"https:\/\/ecovision2025.ca\/fr\/wp-json\/wp\/v2\/users\/6"}],"replies":[{"embeddable":true,"href":"https:\/\/ecovision2025.ca\/fr\/wp-json\/wp\/v2\/comments?post=830"}],"version-history":[{"count":5,"href":"https:\/\/ecovision2025.ca\/fr\/wp-json\/wp\/v2\/pages\/830\/revisions"}],"predecessor-version":[{"id":4597,"href":"https:\/\/ecovision2025.ca\/fr\/wp-json\/wp\/v2\/pages\/830\/revisions\/4597"}],"wp:attachment":[{"href":"https:\/\/ecovision2025.ca\/fr\/wp-json\/wp\/v2\/media?parent=830"}],"curies":[{"name":"wp","href":"https:\/\/api.w.org\/{rel}","templated":true}]}}