{"id":3489,"date":"2023-09-06T13:33:07","date_gmt":"2023-09-06T16:33:07","guid":{"rendered":"https:\/\/ecovision2025.ca\/?page_id=3489"},"modified":"2024-10-18T11:56:03","modified_gmt":"2024-10-18T14:56:03","slug":"qualite-eau","status":"publish","type":"page","link":"https:\/\/ecovision2025.ca\/fr\/qualite-eau\/","title":{"rendered":"Qualit\u00e9 de l&rsquo;eau"},"content":{"rendered":"<p>[et_pb_section fb_built=\u00a0\u00bb1&Prime; admin_label=\u00a0\u00bbsection\u00a0\u00bb _builder_version=\u00a0\u00bb4.16&Prime; global_colors_info=\u00a0\u00bb{}\u00a0\u00bb][et_pb_row admin_label=\u00a0\u00bbrow\u00a0\u00bb _builder_version=\u00a0\u00bb4.16&Prime; background_size=\u00a0\u00bbinitial\u00a0\u00bb background_position=\u00a0\u00bbtop_left\u00a0\u00bb background_repeat=\u00a0\u00bbrepeat\u00a0\u00bb global_colors_info=\u00a0\u00bb{}\u00a0\u00bb][et_pb_column type=\u00a0\u00bb4_4&Prime; _builder_version=\u00a0\u00bb4.16&Prime; custom_padding=\u00a0\u00bb|||\u00a0\u00bb global_colors_info=\u00a0\u00bb{}\u00a0\u00bb custom_padding__hover=\u00a0\u00bb|||\u00a0\u00bb][et_pb_text admin_label=\u00a0\u00bbText\u00a0\u00bb _builder_version=\u00a0\u00bb4.16&Prime; background_size=\u00a0\u00bbinitial\u00a0\u00bb background_position=\u00a0\u00bbtop_left\u00a0\u00bb background_repeat=\u00a0\u00bbrepeat\u00a0\u00bb global_colors_info=\u00a0\u00bb{}\u00a0\u00bb][\/et_pb_text][\/et_pb_column][\/et_pb_row][\/et_pb_section][et_pb_section fb_built=\u00a0\u00bb1&Prime; fullwidth=\u00a0\u00bbon\u00a0\u00bb _builder_version=\u00a0\u00bb4.20.4&Prime; _module_preset=\u00a0\u00bbdefault\u00a0\u00bb global_colors_info=\u00a0\u00bb{}\u00a0\u00bb][et_pb_fullwidth_header title=\u00a0\u00bbQualit\u00e9 de l&rsquo;eau\u00a0\u00bb subhead_tablet=\u00a0\u00bb\u00a0\u00bb subhead_phone=\u00a0\u00bb\u00a0\u00bb subhead_last_edited=\u00a0\u00bbon|tablet\u00a0\u00bb _builder_version=\u00a0\u00bb4.20.4&Prime; _module_preset=\u00a0\u00bbdefault\u00a0\u00bb title_font=\u00a0\u00bb|700|||||||\u00a0\u00bb title_text_align=\u00a0\u00bbcenter\u00a0\u00bb title_font_size=\u00a0\u00bb54px\u00a0\u00bb background_image=\u00a0\u00bbhttps:\/\/ecovision2025.ca\/wp-content\/uploads\/2023\/09\/Watershed-Runoff-03-Final.jpg\u00a0\u00bb background_layout=\u00a0\u00bblight\u00a0\u00bb min_height=\u00a0\u00bb543px\u00a0\u00bb custom_margin=\u00a0\u00bb||-154px||false|false\u00a0\u00bb global_colors_info=\u00a0\u00bb{}\u00a0\u00bb][\/et_pb_fullwidth_header][\/et_pb_section][et_pb_section fb_built=\u00a0\u00bb1&Prime; _builder_version=\u00a0\u00bb4.16&Prime; min_height=\u00a0\u00bb3396px\u00a0\u00bb custom_margin=\u00a0\u00bb24px||0px|||\u00a0\u00bb custom_padding=\u00a0\u00bb2px|0px|0px|0px||\u00a0\u00bb global_colors_info=\u00a0\u00bb{}\u00a0\u00bb][et_pb_row _builder_version=\u00a0\u00bb4.16.0&Prime; _module_preset=\u00a0\u00bbdefault\u00a0\u00bb global_colors_info=\u00a0\u00bb{}\u00a0\u00bb][et_pb_column type=\u00a0\u00bb4_4&Prime; _builder_version=\u00a0\u00bb4.16.0&Prime; _module_preset=\u00a0\u00bbdefault\u00a0\u00bb global_colors_info=\u00a0\u00bb{}\u00a0\u00bb][et_pb_text _builder_version=\u00a0\u00bb4.27.0&Prime; _module_preset=\u00a0\u00bbdefault\u00a0\u00bb text_font_size=\u00a0\u00bb20px\u00a0\u00bb text_line_height=\u00a0\u00bb1.8em\u00a0\u00bb global_colors_info=\u00a0\u00bb{}\u00a0\u00bb]<\/p>\n<p><span>Pour assurer le bien-\u00eatre environnemental, social et \u00e9conomique de nos communaut\u00e9s c\u00f4ti\u00e8res, il est essentiel de prioriser la sant\u00e9 des bassins versants de notre r\u00e9gion, en mettant l&rsquo;accent sur le maintien de normes \u00e9lev\u00e9es en mati\u00e8re de qualit\u00e9 de l&rsquo;eau. Pour atteindre cet objectif, il est n\u00e9cessaire de bien comprendre l&rsquo;impact de nos activit\u00e9s sur le bassin versant.\u00a0<br \/><\/span><\/p>\n<p>[\/et_pb_text][et_pb_text _builder_version=\u00a0\u00bb4.27.0&Prime; _module_preset=\u00a0\u00bbdefault\u00a0\u00bb text_font_size=\u00a0\u00bb16px\u00a0\u00bb global_colors_info=\u00a0\u00bb{}\u00a0\u00bb]<\/p>\n<h3><span>Commen\u00e7ons par d\u00e9finir le terme \u00ab\u00a0bassin versant\u00a0\u00bb.<\/span><\/h3>\n<p><span>Un bassin versant est un territoire aux fronti\u00e8res naturelles, o\u00f9 l&rsquo;eau provenant de la pluie et de la fonte des neiges s&rsquo;\u00e9coule par les ruisseaux et les rivi\u00e8res jusqu&rsquo;\u00e0 un plan d&rsquo;eau situ\u00e9 \u00e0 une altitude plus basse, tel qu&rsquo;un lac ou une baie. <\/span><span>Les municipalit\u00e9s de Shediac et de Cap-Acadie font partie de deux grands bassins versants.<\/span><span> Ces r\u00e9gions hydrographiques sont elles-m\u00eames divis\u00e9es dans de nombreux sous-bassins versants pour chacun des cours d&rsquo;eau qui coulent vers la mer. Peu importe o\u00f9 nous nous trouvons, nous sommes toujours dans un bassin versant!<\/span><\/p>\n<p>[\/et_pb_text][et_pb_image src=\u00a0\u00bbhttps:\/\/ecovision2025.ca\/wp-content\/uploads\/2023\/09\/Artboard-1-copy-80.jpg\u00a0\u00bb alt=\u00a0\u00bbBassin versant\u00a0\u00bb title_text=\u00a0\u00bbArtboard 1 copy-80&Prime; _builder_version=\u00a0\u00bb4.20.4&Prime; _module_preset=\u00a0\u00bbdefault\u00a0\u00bb global_colors_info=\u00a0\u00bb{}\u00a0\u00bb][\/et_pb_image][\/et_pb_column][\/et_pb_row][et_pb_row _builder_version=\u00a0\u00bb4.16.0&Prime; _module_preset=\u00a0\u00bbdefault\u00a0\u00bb global_colors_info=\u00a0\u00bb{}\u00a0\u00bb][et_pb_column type=\u00a0\u00bb4_4&Prime; _builder_version=\u00a0\u00bb4.16.0&Prime; _module_preset=\u00a0\u00bbdefault\u00a0\u00bb global_colors_info=\u00a0\u00bb{}\u00a0\u00bb][et_pb_text _builder_version=\u00a0\u00bb4.22.1&Prime; _module_preset=\u00a0\u00bbdefault\u00a0\u00bb text_font_size=\u00a0\u00bb16px\u00a0\u00bb custom_margin=\u00a0\u00bb0px||||false|false\u00a0\u00bb custom_padding=\u00a0\u00bb0px||0px||false|false\u00a0\u00bb global_colors_info=\u00a0\u00bb{}\u00a0\u00bb]<\/p>\n<p><span><strong>Les b\u00e9n\u00e9fices d&rsquo;un bassin versant sain<\/strong><\/span><span><br \/>Des bassins versants en bonne sant\u00e9 offrent un large \u00e9ventail d&rsquo;avantages, notamment une eau potable propre et la production alimentaire. La sant\u00e9 des bassins versants est \u00e9galement importante pour des raisons \u00e9conomiques, car elle soutient des industries telles que la p\u00eache r\u00e9cr\u00e9ative et commerciale, le tourisme et l&rsquo;agriculture. Elle offre \u00e9galement des possibilit\u00e9s de loisirs pour des activit\u00e9s telles que la natation, la navigation de plaisance et la randonn\u00e9e.<\/span><\/p>\n<p><span>Des bassins versants sains soutiennent \u00e9galement des \u00e9cosyst\u00e8mes diversifi\u00e9s et prosp\u00e8res qui servent d&rsquo;habitat \u00e0 une vari\u00e9t\u00e9 d&rsquo;esp\u00e8ces v\u00e9g\u00e9tales et animales. Ces \u00e9cosyst\u00e8mes fournissent \u00e9galement des services \u00e9cologiques importants, tels que le cycle des nutriments, la purification de l&rsquo;eau, le stockage du dioxyde de carbone et le contr\u00f4le des inondations, att\u00e9nuant ainsi les effets des changements climatiques. Les marais sal\u00e9s et les estuaires, qui font partie de nos bassins versants c\u00f4tiers, sont particuli\u00e8rement importants, car ils constituent des habitats de choix pour les oiseaux migrateurs et bien d&rsquo;autres esp\u00e8ces.<\/span><\/p>\n<p><span>Cependant, certaines cons\u00e9quences des activit\u00e9s humaines, telles que la pollution et la d\u00e9forestation, peuvent avoir un impact n\u00e9gatif sur nos bassins versants. Cela peut d\u00e9grader la qualit\u00e9 de l&rsquo;eau dans les cours d&rsquo;eau, r\u00e9duire la disponibilit\u00e9 d&rsquo;eau potable et nuire \u00e0 la faune et \u00e0 la flore. De plus, les bassins versants d\u00e9grad\u00e9s sont plus sensibles aux effets des catastrophes naturelles, qui peuvent entra\u00eener des pertes \u00e9conomiques et avoir des r\u00e9percussions sur la vie des habitants.<\/span><\/p>\n<p>[\/et_pb_text][\/et_pb_column][\/et_pb_row][et_pb_row _builder_version=\u00a0\u00bb4.20.4&Prime; _module_preset=\u00a0\u00bbdefault\u00a0\u00bb global_colors_info=\u00a0\u00bb{}\u00a0\u00bb][et_pb_column type=\u00a0\u00bb4_4&Prime; _builder_version=\u00a0\u00bb4.20.4&Prime; _module_preset=\u00a0\u00bbdefault\u00a0\u00bb global_colors_info=\u00a0\u00bb{}\u00a0\u00bb][et_pb_text _builder_version=\u00a0\u00bb4.22.1&Prime; _module_preset=\u00a0\u00bbdefault\u00a0\u00bb text_font_size=\u00a0\u00bb16px\u00a0\u00bb global_colors_info=\u00a0\u00bb{}\u00a0\u00bb]<\/p>\n<p><span><strong>Bassins versants et qualit\u00e9 de l&rsquo;eau<br \/><\/strong><\/span>Au fur et \u00e0 mesure que nos communaut\u00e9s c\u00f4ti\u00e8res se d\u00e9veloppent, les espaces naturels font place \u00e0 des b\u00e2timents et d&rsquo;autres surfaces imperm\u00e9ables telles que les routes et les stationnements. Bien que le d\u00e9veloppement soit n\u00e9cessaire, il entra\u00eene toutefois une augmentation du ruissellement des eaux de pluie.<\/p>\n<p>[\/et_pb_text][et_pb_image src=\u00a0\u00bbhttps:\/\/ecovision2025.ca\/wp-content\/uploads\/2023\/09\/Infographique-ruissellement.jpg\u00a0\u00bb title_text=\u00a0\u00bbInfographique-ruissellement\u00a0\u00bb _builder_version=\u00a0\u00bb4.22.1&Prime; _module_preset=\u00a0\u00bbdefault\u00a0\u00bb global_colors_info=\u00a0\u00bb{}\u00a0\u00bb][\/et_pb_image][et_pb_text _builder_version=\u00a0\u00bb4.22.1&Prime; _module_preset=\u00a0\u00bbdefault\u00a0\u00bb text_font_size=\u00a0\u00bb16px\u00a0\u00bb global_colors_info=\u00a0\u00bb{}\u00a0\u00bb]<\/p>\n<p>Un ruissellement excessif signifie qu&rsquo;une plus grande quantit\u00e9 d&rsquo;eau transportant des polluants tels que des produits p\u00e9troliers, des pesticides et des <a href=\"https:\/\/shediacbayassociation.org\/fr\/animaux-domestiques\/\" target=\"_blank\" rel=\"noopener\">d\u00e9chets d&rsquo;animaux domestiques<\/a> se retrouve dans les cours d&rsquo;eau.<\/p>\n<p>Il est donc de plus en plus important de veiller \u00e0 ce qu&rsquo;une <a href=\"https:\/\/ecovision2025.ca\/fr\/zones-riveraines\/\" target=\"_blank\" rel=\"noopener\">zone tampon ad\u00e9quate<\/a> soit maintenue le long des cours d&rsquo;eau afin de pr\u00e9server la qualit\u00e9 de l&rsquo;eau. De plus, des m\u00e9thodes nouvelles et innovantes sont n\u00e9cessaires pour att\u00e9nuer ces effets gr\u00e2ce \u00e0 des infrastructures vertes telles que les jardins pluviaux, les rigoles de drainage biologique et autres techniques.<\/p>\n<p>\u00a0Plusieurs projets d&rsquo;infrastructure verte ont \u00e9t\u00e9 r\u00e9alis\u00e9s par<a href=\"https:\/\/shediacbayassociation.org\/fr\/projets-actuels\/\" target=\"_blank\" rel=\"noopener\"> l&rsquo;Association du bassin versant de la baie de Shediac<\/a> et <a href=\"https:\/\/visionh2o.com\/\" target=\"_blank\" rel=\"noopener\">Vision H2O<\/a> au cours des derni\u00e8res ann\u00e9es.<\/p>\n<p>[\/et_pb_text][et_pb_divider _builder_version=\u00a0\u00bb4.27.0&Prime; _module_preset=\u00a0\u00bbdefault\u00a0\u00bb global_colors_info=\u00a0\u00bb{}\u00a0\u00bb][\/et_pb_divider][\/et_pb_column][\/et_pb_row][et_pb_row _builder_version=\u00a0\u00bb4.27.0&Prime; _module_preset=\u00a0\u00bbdefault\u00a0\u00bb global_colors_info=\u00a0\u00bb{}\u00a0\u00bb][et_pb_column type=\u00a0\u00bb4_4&Prime; _builder_version=\u00a0\u00bb4.27.0&Prime; _module_preset=\u00a0\u00bbdefault\u00a0\u00bb global_colors_info=\u00a0\u00bb{}\u00a0\u00bb][et_pb_image src=\u00a0\u00bbhttps:\/\/ecovision2025.ca\/wp-content\/uploads\/2024\/10\/Temoignage-Jardin-Rue-Rachel-Fr.jpg\u00a0\u00bb title_text=\u00a0\u00bbTemoignage Jardin Rue Rachel-Fr\u00a0\u00bb _builder_version=\u00a0\u00bb4.27.0&Prime; _module_preset=\u00a0\u00bbdefault\u00a0\u00bb global_colors_info=\u00a0\u00bb{}\u00a0\u00bb][\/et_pb_image][et_pb_divider _builder_version=\u00a0\u00bb4.27.0&Prime; _module_preset=\u00a0\u00bbdefault\u00a0\u00bb global_colors_info=\u00a0\u00bb{}\u00a0\u00bb][\/et_pb_divider][\/et_pb_column][\/et_pb_row][et_pb_row _builder_version=\u00a0\u00bb4.20.4&Prime; _module_preset=\u00a0\u00bbdefault\u00a0\u00bb global_colors_info=\u00a0\u00bb{}\u00a0\u00bb][et_pb_column type=\u00a0\u00bb4_4&Prime; _builder_version=\u00a0\u00bb4.20.4&Prime; _module_preset=\u00a0\u00bbdefault\u00a0\u00bb global_colors_info=\u00a0\u00bb{}\u00a0\u00bb][et_pb_heading title=\u00a0\u00bbRegardez cette vid\u00e9o pour en savoir plus sur le ruissellement des eaux pluviales et la qualit\u00e9 de l&rsquo;eau.\u00a0\u00bb _builder_version=\u00a0\u00bb4.22.1&Prime; _module_preset=\u00a0\u00bbdefault\u00a0\u00bb global_colors_info=\u00a0\u00bb{}\u00a0\u00bb][\/et_pb_heading][et_pb_code _builder_version=\u00a0\u00bb4.22.1&Prime; _module_preset=\u00a0\u00bbdefault\u00a0\u00bb global_colors_info=\u00a0\u00bb{}\u00a0\u00bb]<iframe loading=\"lazy\" width=\"1100\" height=\"618\" src=\"https:\/\/www.youtube.com\/embed\/AkhjUiNtQ8A?rel=0\" title=\"YouTube video player\" frameborder=\"0\" allow=\"accelerometer; autoplay; clipboard-write; encrypted-media; gyroscope; picture-in-picture\" allowfullscreen=\"\"><\/iframe>[\/et_pb_code][\/et_pb_column][\/et_pb_row][et_pb_row _builder_version=\u00a0\u00bb4.16&Prime; _module_preset=\u00a0\u00bbdefault\u00a0\u00bb custom_margin=\u00a0\u00bb34px||||false|false\u00a0\u00bb global_colors_info=\u00a0\u00bb{}\u00a0\u00bb][et_pb_column type=\u00a0\u00bb4_4&Prime; _builder_version=\u00a0\u00bb4.16&Prime; _module_preset=\u00a0\u00bbdefault\u00a0\u00bb global_colors_info=\u00a0\u00bb{}\u00a0\u00bb][et_pb_image src=\u00a0\u00bbhttps:\/\/ecovision2025.ca\/wp-content\/uploads\/2018\/02\/EV2025_Logo.png\u00a0\u00bb alt=\u00a0\u00bbEco Vision 2025&Prime; title_text=\u00a0\u00bbEco Vision 2025&Prime; align=\u00a0\u00bbcenter\u00a0\u00bb _builder_version=\u00a0\u00bb4.16&Prime; _module_preset=\u00a0\u00bbdefault\u00a0\u00bb width=\u00a0\u00bb32%\u00a0\u00bb global_colors_info=\u00a0\u00bb{}\u00a0\u00bb][\/et_pb_image][et_pb_text _builder_version=\u00a0\u00bb4.27.0&Prime; _module_preset=\u00a0\u00bbdefault\u00a0\u00bb hover_enabled=\u00a0\u00bb0&Prime; global_colors_info=\u00a0\u00bb{}\u00a0\u00bb sticky_enabled=\u00a0\u00bb0&Prime;]<\/p>\n<p style=\"text-align: center;\"><span>Cette initiative est parrain\u00e9e par :<\/span><\/p>\n<p>[\/et_pb_text][\/et_pb_column][\/et_pb_row][et_pb_row column_structure=\u00a0\u00bb1_2,1_2&Prime; _builder_version=\u00a0\u00bb4.18.0&Prime; _module_preset=\u00a0\u00bbdefault\u00a0\u00bb global_colors_info=\u00a0\u00bb{}\u00a0\u00bb locked=\u00a0\u00bboff\u00a0\u00bb][et_pb_column type=\u00a0\u00bb1_2&Prime; _builder_version=\u00a0\u00bb4.18.0&Prime; _module_preset=\u00a0\u00bbdefault\u00a0\u00bb global_colors_info=\u00a0\u00bb{}\u00a0\u00bb][et_pb_image src=\u00a0\u00bbhttps:\/\/ecovision2025.ca\/wp-content\/uploads\/2024\/10\/Capacadie_Logo_Full_Color_Rgb_900px_w_72ppi.jpg\u00a0\u00bb title_text=\u00a0\u00bbCapacadie_Logo_Full_Color_Rgb_900px_w_72ppi\u00a0\u00bb url=\u00a0\u00bbhttps:\/\/capacadie.ca\/fr\u00a0\u00bb url_new_window=\u00a0\u00bbon\u00a0\u00bb _builder_version=\u00a0\u00bb4.27.0&Prime; _module_preset=\u00a0\u00bbdefault\u00a0\u00bb width=\u00a0\u00bb54%\u00a0\u00bb module_alignment=\u00a0\u00bbcenter\u00a0\u00bb custom_margin=\u00a0\u00bb-27px||||false|false\u00a0\u00bb global_colors_info=\u00a0\u00bb{}\u00a0\u00bb][\/et_pb_image][\/et_pb_column][et_pb_column type=\u00a0\u00bb1_2&Prime; _builder_version=\u00a0\u00bb4.18.0&Prime; _module_preset=\u00a0\u00bbdefault\u00a0\u00bb global_colors_info=\u00a0\u00bb{}\u00a0\u00bb][et_pb_image src=\u00a0\u00bbhttps:\/\/ecovision2025.ca\/wp-content\/uploads\/2024\/10\/ShediacLogo.jpg\u00a0\u00bb title_text=\u00a0\u00bbPrint\u00a0\u00bb url=\u00a0\u00bbhttps:\/\/shediac.ca\/en\/\u00a0\u00bb url_new_window=\u00a0\u00bbon\u00a0\u00bb align=\u00a0\u00bbcenter\u00a0\u00bb _builder_version=\u00a0\u00bb4.27.0&Prime; _module_preset=\u00a0\u00bbdefault\u00a0\u00bb width=\u00a0\u00bb54%\u00a0\u00bb global_colors_info=\u00a0\u00bb{}\u00a0\u00bb][\/et_pb_image][\/et_pb_column][\/et_pb_row][\/et_pb_section]<\/p>\n","protected":false},"excerpt":{"rendered":"<p>Pour assurer le bien-\u00eatre environnemental, social et \u00e9conomique de nos communaut\u00e9s c\u00f4ti\u00e8res, il est essentiel de prioriser la sant\u00e9 des bassins versants de notre r\u00e9gion, en mettant l&rsquo;accent sur le maintien de normes \u00e9lev\u00e9es en mati\u00e8re de qualit\u00e9 de l&rsquo;eau. Pour atteindre cet objectif, il est n\u00e9cessaire de bien comprendre l&rsquo;impact de nos activit\u00e9s sur [&hellip;]<\/p>\n","protected":false},"author":6,"featured_media":0,"parent":0,"menu_order":0,"comment_status":"closed","ping_status":"closed","template":"","meta":{"_et_pb_use_builder":"on","_et_pb_old_content":"","_et_gb_content_width":"","footnotes":""},"class_list":["post-3489","page","type-page","status-publish","hentry"],"_links":{"self":[{"href":"https:\/\/ecovision2025.ca\/fr\/wp-json\/wp\/v2\/pages\/3489","targetHints":{"allow":["GET"]}}],"collection":[{"href":"https:\/\/ecovision2025.ca\/fr\/wp-json\/wp\/v2\/pages"}],"about":[{"href":"https:\/\/ecovision2025.ca\/fr\/wp-json\/wp\/v2\/types\/page"}],"author":[{"embeddable":true,"href":"https:\/\/ecovision2025.ca\/fr\/wp-json\/wp\/v2\/users\/6"}],"replies":[{"embeddable":true,"href":"https:\/\/ecovision2025.ca\/fr\/wp-json\/wp\/v2\/comments?post=3489"}],"version-history":[{"count":5,"href":"https:\/\/ecovision2025.ca\/fr\/wp-json\/wp\/v2\/pages\/3489\/revisions"}],"predecessor-version":[{"id":4627,"href":"https:\/\/ecovision2025.ca\/fr\/wp-json\/wp\/v2\/pages\/3489\/revisions\/4627"}],"wp:attachment":[{"href":"https:\/\/ecovision2025.ca\/fr\/wp-json\/wp\/v2\/media?parent=3489"}],"curies":[{"name":"wp","href":"https:\/\/api.w.org\/{rel}","templated":true}]}}