{"id":3133,"date":"2022-04-20T10:24:03","date_gmt":"2022-04-20T13:24:03","guid":{"rendered":"https:\/\/ecovision2025.ca\/?page_id=3133"},"modified":"2024-10-18T11:55:12","modified_gmt":"2024-10-18T14:55:12","slug":"zones-riveraines","status":"publish","type":"page","link":"https:\/\/ecovision2025.ca\/fr\/zones-riveraines\/","title":{"rendered":"Zones tampons riveraines saines"},"content":{"rendered":"<p>[et_pb_section fb_built=\u00a0\u00bb1&Prime; admin_label=\u00a0\u00bbsection\u00a0\u00bb _builder_version=\u00a0\u00bb4.16&Prime; global_colors_info=\u00a0\u00bb{}\u00a0\u00bb][et_pb_row admin_label=\u00a0\u00bbrow\u00a0\u00bb _builder_version=\u00a0\u00bb4.16&Prime; background_size=\u00a0\u00bbinitial\u00a0\u00bb background_position=\u00a0\u00bbtop_left\u00a0\u00bb background_repeat=\u00a0\u00bbrepeat\u00a0\u00bb global_colors_info=\u00a0\u00bb{}\u00a0\u00bb][et_pb_column type=\u00a0\u00bb4_4&Prime; _builder_version=\u00a0\u00bb4.16&Prime; custom_padding=\u00a0\u00bb|||\u00a0\u00bb global_colors_info=\u00a0\u00bb{}\u00a0\u00bb custom_padding__hover=\u00a0\u00bb|||\u00a0\u00bb][et_pb_text admin_label=\u00a0\u00bbText\u00a0\u00bb _builder_version=\u00a0\u00bb4.16&Prime; background_size=\u00a0\u00bbinitial\u00a0\u00bb background_position=\u00a0\u00bbtop_left\u00a0\u00bb background_repeat=\u00a0\u00bbrepeat\u00a0\u00bb global_colors_info=\u00a0\u00bb{}\u00a0\u00bb][\/et_pb_text][\/et_pb_column][\/et_pb_row][\/et_pb_section][et_pb_section fb_built=\u00a0\u00bb1&Prime; fullwidth=\u00a0\u00bbon\u00a0\u00bb _builder_version=\u00a0\u00bb4.16&Prime; _module_preset=\u00a0\u00bbdefault\u00a0\u00bb background_color=\u00a0\u00bb#000000&Prime; background_enable_image=\u00a0\u00bboff\u00a0\u00bb global_colors_info=\u00a0\u00bb{}\u00a0\u00bb][et_pb_fullwidth_header title=\u00a0\u00bbZone tampon riveraine\u00a0\u00bb text_orientation=\u00a0\u00bbcenter\u00a0\u00bb title_tablet=\u00a0\u00bbZones tampons riveraines\u00a0\u00bb title_phone=\u00a0\u00bbZones tampons riveraines\u00a0\u00bb title_last_edited=\u00a0\u00bbon|phone\u00a0\u00bb disabled_on=\u00a0\u00bboff|off|off\u00a0\u00bb _builder_version=\u00a0\u00bb4.20.4&Prime; _module_preset=\u00a0\u00bbdefault\u00a0\u00bb title_font=\u00a0\u00bb|700|||||||\u00a0\u00bb title_text_align=\u00a0\u00bbcenter\u00a0\u00bb title_font_size=\u00a0\u00bb54px\u00a0\u00bb title_line_height=\u00a0\u00bb1.1em\u00a0\u00bb content_font_size=\u00a0\u00bb1px\u00a0\u00bb subhead_text_color=\u00a0\u00bb#ffffff\u00a0\u00bb subhead_font_size=\u00a0\u00bb24px\u00a0\u00bb background_image=\u00a0\u00bbhttps:\/\/ecovision2025.ca\/wp-content\/uploads\/2022\/04\/Webpage-cover.jpg\u00a0\u00bb width=\u00a0\u00bb100%\u00a0\u00bb min_height=\u00a0\u00bb543px\u00a0\u00bb custom_margin=\u00a0\u00bb||-154px|||\u00a0\u00bb custom_padding=\u00a0\u00bb95px||0px|||\u00a0\u00bb title_font_tablet=\u00a0\u00bb\u00a0\u00bb title_font_phone=\u00a0\u00bb\u00a0\u00bb title_font_last_edited=\u00a0\u00bbon|desktop\u00a0\u00bb saved_tabs=\u00a0\u00bball\u00a0\u00bb global_colors_info=\u00a0\u00bb{}\u00a0\u00bb][\/et_pb_fullwidth_header][\/et_pb_section][et_pb_section fb_built=\u00a0\u00bb1&Prime; fullwidth=\u00a0\u00bbon\u00a0\u00bb _builder_version=\u00a0\u00bb4.16&Prime; _module_preset=\u00a0\u00bbdefault\u00a0\u00bb background_color=\u00a0\u00bb#000000&Prime; background_enable_image=\u00a0\u00bboff\u00a0\u00bb global_colors_info=\u00a0\u00bb{}\u00a0\u00bb][\/et_pb_section][et_pb_section fb_built=\u00a0\u00bb1&Prime; _builder_version=\u00a0\u00bb4.16&Prime; min_height=\u00a0\u00bb3396px\u00a0\u00bb custom_margin=\u00a0\u00bb24px||0px|||\u00a0\u00bb custom_padding=\u00a0\u00bb2px|0px|0px|0px||\u00a0\u00bb global_colors_info=\u00a0\u00bb{}\u00a0\u00bb][et_pb_row _builder_version=\u00a0\u00bb4.16.0&Prime; _module_preset=\u00a0\u00bbdefault\u00a0\u00bb global_colors_info=\u00a0\u00bb{}\u00a0\u00bb][et_pb_column type=\u00a0\u00bb4_4&Prime; _builder_version=\u00a0\u00bb4.16.0&Prime; _module_preset=\u00a0\u00bbdefault\u00a0\u00bb global_colors_info=\u00a0\u00bb{}\u00a0\u00bb][et_pb_text _builder_version=\u00a0\u00bb4.18.0&Prime; _module_preset=\u00a0\u00bbdefault\u00a0\u00bb text_font_size=\u00a0\u00bb20px\u00a0\u00bb text_line_height=\u00a0\u00bb1.8em\u00a0\u00bb global_colors_info=\u00a0\u00bb{}\u00a0\u00bb]<\/p>\n<p>Les ruisseaux et les rivi\u00e8res ont besoin d&rsquo;une v\u00e9g\u00e9tation ad\u00e9quate le long de leurs berges pour les prot\u00e9ger du d\u00e9veloppement. Cette zone est appel\u00e9e \u00ab\u00a0<a href=\"https:\/\/www.youtube.com\/watch?v=ffs3Ce6Gutk&amp;t=1s\" target=\"_blank\" rel=\"noopener\">zone tampon riveraine<\/a>\u00a0\u00bb et sert de zone de transition entre le milieu aquatique et le milieu terrestre. En reliant la terre et l&rsquo;eau, cette zone tampon a une grande importance biologique et \u00e9cologique.<\/p>\n<p>[\/et_pb_text][et_pb_text _builder_version=\u00a0\u00bb4.20.4&Prime; _module_preset=\u00a0\u00bbdefault\u00a0\u00bb text_font_size=\u00a0\u00bb16px\u00a0\u00bb global_colors_info=\u00a0\u00bb{}\u00a0\u00bb]<\/p>\n<p><strong>L\u2019importance d\u2019une zone tampon riveraine saine<br \/><\/strong>La zone tampon riveraine abrite un m\u00e9lange de fleurs, d&rsquo;herbes, d&rsquo;arbustes et d&rsquo;arbres indig\u00e8nes qui ralentissent le ruissellement. Cela permet \u00e0 l&rsquo;eau de s&rsquo;infiltrer dans le sol, de recharger les puits et de r\u00e9duire les inondations. La v\u00e9g\u00e9tation riveraine filtre \u00e9galement les polluants afin qu\u2019ils ne se retrouvent pas dans les cours d\u2019eau.<\/p>\n<p>Les longues racines maintiennent le sol en place pour \u00e9viter l\u2019\u00e9rosion. De plus, les arbres projettent leur ombre sur l\u2019eau, la gardant fra\u00eeche pour les poissons, les grenouilles et les autres esp\u00e8ces aquatiques.<\/p>\n<p>Lorsque des arbres morts ou d\u00e9racin\u00e9s tombent dans un cours d&rsquo;eau, ils cr\u00e9ent un habitat pour les poissons en formant des fosses et des rapides dans le cours d&rsquo;eau. Les insectes de cette zone tampon servent de nourriture aux poissons, aux oiseaux et aux autres animaux de la cha\u00eene alimentaire.<\/p>\n<p>[\/et_pb_text][\/et_pb_column][\/et_pb_row][et_pb_row _builder_version=\u00a0\u00bb4.16.0&Prime; _module_preset=\u00a0\u00bbdefault\u00a0\u00bb global_colors_info=\u00a0\u00bb{}\u00a0\u00bb][et_pb_column type=\u00a0\u00bb4_4&Prime; _builder_version=\u00a0\u00bb4.16.0&Prime; _module_preset=\u00a0\u00bbdefault\u00a0\u00bb global_colors_info=\u00a0\u00bb{}\u00a0\u00bb][et_pb_cta title=\u00a0\u00bbPassez \u00e0 l&rsquo;action pour la sant\u00e9 des cours d&rsquo;eau\u00a0\u00bb button_text=\u00a0\u00bbClick Here\u00a0\u00bb _builder_version=\u00a0\u00bb4.16.0&Prime; _module_preset=\u00a0\u00bbdefault\u00a0\u00bb header_font_size=\u00a0\u00bb30px\u00a0\u00bb body_font_size=\u00a0\u00bb18px\u00a0\u00bb background_color=\u00a0\u00bb#0071BA\u00a0\u00bb global_colors_info=\u00a0\u00bb{}\u00a0\u00bb][\/et_pb_cta][\/et_pb_column][\/et_pb_row][et_pb_row _builder_version=\u00a0\u00bb4.16.0&Prime; _module_preset=\u00a0\u00bbdefault\u00a0\u00bb global_colors_info=\u00a0\u00bb{}\u00a0\u00bb][et_pb_column type=\u00a0\u00bb4_4&Prime; _builder_version=\u00a0\u00bb4.16.0&Prime; _module_preset=\u00a0\u00bbdefault\u00a0\u00bb global_colors_info=\u00a0\u00bb{}\u00a0\u00bb][et_pb_text _builder_version=\u00a0\u00bb4.20.4&Prime; _module_preset=\u00a0\u00bbdefault\u00a0\u00bb text_font_size=\u00a0\u00bb16px\u00a0\u00bb custom_margin=\u00a0\u00bb0px||||false|false\u00a0\u00bb custom_padding=\u00a0\u00bb0px||0px||false|false\u00a0\u00bb global_colors_info=\u00a0\u00bb{}\u00a0\u00bb]<\/p>\n<p>En tant que propri\u00e9taire, vous pouvez contribuer \u00e0 prot\u00e9ger la qualit\u00e9 de l&rsquo;eau locale, surtout si vous vivez pr\u00e8s d&rsquo;un cours d&rsquo;eau. Il existe \u00e9galement d&rsquo;importantes <a href=\"https:\/\/www2.gnb.ca\/content\/gnb\/fr\/ministeres\/egl\/environnement\/content\/terre_et_dechets\/content\/guide_de_consultation\/modification_descoursdeauouduneterrehumide.html\" target=\"_blank\" rel=\"noopener\">r\u00e9glementations provinciales<\/a> visant \u00e0 prot\u00e9ger les cours d&rsquo;eau et les zones humides. Vos actions influencent la sant\u00e9 de ce cours d&rsquo;eau afin qu&rsquo;il puisse remplir ses fonctions \u00e9cosyst\u00e9miques \u00e0 notre avantage, tout en fournissant un habitat sain pour les poissons et la faune.<\/p>\n<p>[\/et_pb_text][et_pb_image src=\u00a0\u00bbhttps:\/\/ecovision2025.ca\/wp-content\/uploads\/2022\/04\/Bande-riveraine.jpg\u00a0\u00bb alt=\u00a0\u00bbBande-riveraine\u00a0\u00bb title_text=\u00a0\u00bbBande-riveraine\u00a0\u00bb show_in_lightbox=\u00a0\u00bbon\u00a0\u00bb _builder_version=\u00a0\u00bb4.16.0&Prime; _module_preset=\u00a0\u00bbdefault\u00a0\u00bb global_colors_info=\u00a0\u00bb{}\u00a0\u00bb][\/et_pb_image][et_pb_divider _builder_version=\u00a0\u00bb4.16.0&Prime; _module_preset=\u00a0\u00bbdefault\u00a0\u00bb global_colors_info=\u00a0\u00bb{}\u00a0\u00bb][\/et_pb_divider][et_pb_text _builder_version=\u00a0\u00bb4.20.4&Prime; _module_preset=\u00a0\u00bbdefault\u00a0\u00bb text_font_size=\u00a0\u00bb16px\u00a0\u00bb global_colors_info=\u00a0\u00bb{}\u00a0\u00bb]<\/p>\n<p>Maintenant que vous connaissez les avantages des zones tampons, vous pouvez mettre en place des actions autour de chez vous pour aider \u00e0 prot\u00e9ger nos cours d\u2019eau.<\/p>\n<ul>\n<li>Pour commencer, vous pouvez simplement arr\u00eater de tondre le long des cours d\u2019eau en laissant une bande de v\u00e9g\u00e9tation ad\u00e9quate. Les graines et les plantes d\u00e9j\u00e0 pr\u00e9sentes pousseront et peupleront cette nouvelle zone naturelle.<\/li>\n<li>Si vous voulez que cette zone pousse plus vite, vous pouvez \u00e9galement ajouter des plantes, mais \u00e9vitez surtout les esp\u00e8ces envahissantes.<\/li>\n<li>Choisissez des fleurs, arbustes et arbres indig\u00e8nes, car ils sont mieux adapt\u00e9s \u00e0 notre r\u00e9gion.<\/li>\n<li>Les plantes indig\u00e8nes sont \u00e9galement plus r\u00e9sistantes \u00e0 la s\u00e9cheresse et aux maladies et interagissent mieux avec la faune locale; <a href=\"https:\/\/ecovision2025.ca\/fr\/pollinisateurs\/\" target=\"_blank\" rel=\"noopener\">les pollinisateurs<\/a> les adorent.<\/li>\n<\/ul>\n<p>[\/et_pb_text][et_pb_image src=\u00a0\u00bbhttps:\/\/ecovision2025.ca\/wp-content\/uploads\/2024\/10\/Temoignage-Bande-Riveraine-Fr.jpg\u00a0\u00bb title_text=\u00a0\u00bbTemoignage Bande Riveraine-Fr\u00a0\u00bb _builder_version=\u00a0\u00bb4.27.0&Prime; _module_preset=\u00a0\u00bbdefault\u00a0\u00bb global_colors_info=\u00a0\u00bb{}\u00a0\u00bb][\/et_pb_image][\/et_pb_column][\/et_pb_row][et_pb_row _builder_version=\u00a0\u00bb4.16.0&Prime; _module_preset=\u00a0\u00bbdefault\u00a0\u00bb global_colors_info=\u00a0\u00bb{}\u00a0\u00bb][et_pb_column type=\u00a0\u00bb4_4&Prime; _builder_version=\u00a0\u00bb4.16.0&Prime; _module_preset=\u00a0\u00bbdefault\u00a0\u00bb global_colors_info=\u00a0\u00bb{}\u00a0\u00bb][et_pb_divider _builder_version=\u00a0\u00bb4.16.0&Prime; _module_preset=\u00a0\u00bbdefault\u00a0\u00bb global_colors_info=\u00a0\u00bb{}\u00a0\u00bb][\/et_pb_divider][et_pb_text _builder_version=\u00a0\u00bb4.27.0&Prime; _module_preset=\u00a0\u00bbdefault\u00a0\u00bb text_font_size=\u00a0\u00bb16px\u00a0\u00bb global_colors_info=\u00a0\u00bb{}\u00a0\u00bb]<\/p>\n<h1 style=\"text-align: center;\"><strong>Les ruisseaux sont \u00e9galement importants<\/strong><\/h1>\n<p><strong><br \/><\/strong>Dans les limites des municipalit\u00e9s de Shediac et de Cap-Acadie, il y a de nombreux petits cours d&rsquo;eau qui contribuent au charme et au caract\u00e8re de nos communaut\u00e9s c\u00f4ti\u00e8res. Traversant des for\u00eats, des quartiers r\u00e9sidentiels, des parcs, des sentiers et des zones urbaines, ils offrent de nombreuses occasions de profiter du plein air.<\/p>\n<p>[\/et_pb_text][et_pb_image src=\u00a0\u00bbhttps:\/\/ecovision2025.ca\/wp-content\/uploads\/2023\/05\/Hydrologie-Shediac-CapAcadie-1.jpg\u00a0\u00bb title_text=\u00a0\u00bbHydrologie-Shediac-CapAcadie\u00a0\u00bb _builder_version=\u00a0\u00bb4.20.4&Prime; _module_preset=\u00a0\u00bbdefault\u00a0\u00bb global_colors_info=\u00a0\u00bb{}\u00a0\u00bb][\/et_pb_image][et_pb_text _builder_version=\u00a0\u00bb4.20.4&Prime; _module_preset=\u00a0\u00bbdefault\u00a0\u00bb text_font_size=\u00a0\u00bb12px\u00a0\u00bb text_line_height=\u00a0\u00bb1.3em\u00a0\u00bb global_colors_info=\u00a0\u00bb{}\u00a0\u00bb]<\/p>\n<p>Cette carte montre les nombreux cours d&rsquo;eau qui coulent dans nos communaut\u00e9s. Malgr\u00e9 leur taille, les petits cours d&rsquo;eau jouent un r\u00f4le essentiel dans la sant\u00e9 de nos bassins versants, notamment dans le maintien d&rsquo;une bonne qualit\u00e9 de l&rsquo;eau! Ces cours d&rsquo;eau importants ont une grande valeur \u00e9cologique, mais ils sont vuln\u00e9rables au d\u00e9veloppement, d&rsquo;o\u00f9 la n\u00e9cessit\u00e9 de mieux les prot\u00e9ger par une zone tampon ad\u00e9quate.<\/p>\n<p>[\/et_pb_text][et_pb_heading title=\u00a0\u00bbRegardez cette vid\u00e9o pour en savoir plus sur l&rsquo;importance de veiller \u00e0 la sant\u00e9 des petits cours d&rsquo;eau\u00a0\u00bb _builder_version=\u00a0\u00bb4.22.1&Prime; _module_preset=\u00a0\u00bbdefault\u00a0\u00bb global_colors_info=\u00a0\u00bb{}\u00a0\u00bb][\/et_pb_heading][et_pb_code _builder_version=\u00a0\u00bb4.22.1&Prime; _module_preset=\u00a0\u00bbdefault\u00a0\u00bb global_colors_info=\u00a0\u00bb{}\u00a0\u00bb]<iframe loading=\"lazy\" width=\"1100\" height=\"618\" src=\"https:\/\/www.youtube.com\/embed\/J2JltRzG-oo?rel=0\" title=\"YouTube video player\" frameborder=\"0\" allow=\"accelerometer; autoplay; clipboard-write; encrypted-media; gyroscope; picture-in-picture\" allowfullscreen=\"\"><\/iframe>[\/et_pb_code][\/et_pb_column][\/et_pb_row][et_pb_row _builder_version=\u00a0\u00bb4.16&Prime; _module_preset=\u00a0\u00bbdefault\u00a0\u00bb global_colors_info=\u00a0\u00bb{}\u00a0\u00bb][et_pb_column type=\u00a0\u00bb4_4&Prime; _builder_version=\u00a0\u00bb4.16&Prime; _module_preset=\u00a0\u00bbdefault\u00a0\u00bb global_colors_info=\u00a0\u00bb{}\u00a0\u00bb][et_pb_divider _builder_version=\u00a0\u00bb4.16.0&Prime; _module_preset=\u00a0\u00bbdefault\u00a0\u00bb global_colors_info=\u00a0\u00bb{}\u00a0\u00bb][\/et_pb_divider][et_pb_cta title=\u00a0\u00bbLiens int\u00e9ressants\u00a0\u00bb button_text=\u00a0\u00bbClick Here\u00a0\u00bb _builder_version=\u00a0\u00bb4.16.0&Prime; _module_preset=\u00a0\u00bbdefault\u00a0\u00bb header_font_size=\u00a0\u00bb38px\u00a0\u00bb body_font_size=\u00a0\u00bb19px\u00a0\u00bb background_color=\u00a0\u00bbRGBA(0,0,0,0)\u00a0\u00bb background_layout=\u00a0\u00bblight\u00a0\u00bb custom_margin=\u00a0\u00bb||0px||false|false\u00a0\u00bb custom_padding=\u00a0\u00bb||0px||false|false\u00a0\u00bb global_colors_info=\u00a0\u00bb{}\u00a0\u00bb]<\/p>\n<p>Visitez ces sites web pour en savoir plus.<\/p>\n<p>[\/et_pb_cta][et_pb_text _builder_version=\u00a0\u00bb4.16.0&Prime; _module_preset=\u00a0\u00bbdefault\u00a0\u00bb text_font_size=\u00a0\u00bb16px\u00a0\u00bb global_colors_info=\u00a0\u00bb{}\u00a0\u00bb]<\/p>\n<p style=\"text-align: center;\">Les arbres indig\u00e8nes de la for\u00eat acadienne &#8211; Leur importance pour la sant\u00e9 des cours d\u2019eau<br \/><a href=\"https:\/\/www.youtube.com\/watch?v=ffs3Ce6Gutk&amp;t=1s\" target=\"_blank\" rel=\"noopener\">https:\/\/www.youtube.com\/watch?v=ffs3Ce6Gutk&amp;t=1s<\/a><\/p>\n<p style=\"text-align: center;\">Guide du propri\u00e9taire riverain \u2013 Les b\u00e9n\u00e9fices des bandes riveraines saines<br \/><a href=\"https:\/\/shediacbayassociation.org\/wp-content\/uploads\/2020\/04\/Guide-des-Bandes-riveraines.pdf\" target=\"_blank\" rel=\"noopener\">https:\/\/shediacbayassociation.org\/wp-content\/uploads\/2020\/04\/Guide-des-Bandes-riveraines.pdf<\/a><\/p>\n<p style=\"text-align: center;\">Terrain au bord de l\u2019eau \u2013 Guide d\u2019am\u00e9nagement du propri\u00e9taire<br \/><a href=\"https:\/\/www.saa-aprse.ca\/wp-content\/uploads\/2013\/02\/LandscapeGuideAmenagement.pdf\" target=\"_blank\" rel=\"noopener\">https:\/\/www.saa-aprse.ca\/wp-content\/uploads\/2013\/02\/LandscapeGuideAmenagement.pdf<\/a><\/p>\n<p style=\"text-align: center;\">Beneficial management practices for riparian zones in Atlantic Canada (en anglais)<br \/><a href=\"https:\/\/nsefp.ca\/wp-content\/uploads\/2019\/09\/BMP-Atlantic-riparian_zones.pdf\" target=\"_blank\" rel=\"noopener\">https:\/\/nsefp.ca\/wp-content\/uploads\/2019\/09\/BMP-Atlantic-riparian_zones.pdf<\/a><\/p>\n<p style=\"text-align: center;\">[\/et_pb_text][\/et_pb_column][\/et_pb_row][et_pb_row _builder_version=\u00a0\u00bb4.16&Prime; _module_preset=\u00a0\u00bbdefault\u00a0\u00bb custom_margin=\u00a0\u00bb34px||||false|false\u00a0\u00bb global_colors_info=\u00a0\u00bb{}\u00a0\u00bb][et_pb_column type=\u00a0\u00bb4_4&Prime; _builder_version=\u00a0\u00bb4.16&Prime; _module_preset=\u00a0\u00bbdefault\u00a0\u00bb global_colors_info=\u00a0\u00bb{}\u00a0\u00bb][et_pb_divider _builder_version=\u00a0\u00bb4.16.0&Prime; _module_preset=\u00a0\u00bbdefault\u00a0\u00bb global_colors_info=\u00a0\u00bb{}\u00a0\u00bb][\/et_pb_divider][et_pb_image src=\u00a0\u00bbhttps:\/\/ecovision2025.ca\/wp-content\/uploads\/2018\/02\/EV2025_Logo.png\u00a0\u00bb alt=\u00a0\u00bbEco Vision 2025&Prime; title_text=\u00a0\u00bbEco Vision 2025&Prime; align=\u00a0\u00bbcenter\u00a0\u00bb _builder_version=\u00a0\u00bb4.16&Prime; _module_preset=\u00a0\u00bbdefault\u00a0\u00bb width=\u00a0\u00bb32%\u00a0\u00bb global_colors_info=\u00a0\u00bb{}\u00a0\u00bb][\/et_pb_image][et_pb_text _builder_version=\u00a0\u00bb4.16.0&Prime; _module_preset=\u00a0\u00bbdefault\u00a0\u00bb global_colors_info=\u00a0\u00bb{}\u00a0\u00bb]<\/p>\n<p style=\"text-align: center;\"><span>Cette initiative est parrain\u00e9e par :<\/span><\/p>\n<p>[\/et_pb_text][\/et_pb_column][\/et_pb_row][et_pb_row column_structure=\u00a0\u00bb1_2,1_2&Prime; _builder_version=\u00a0\u00bb4.18.0&Prime; _module_preset=\u00a0\u00bbdefault\u00a0\u00bb global_colors_info=\u00a0\u00bb{}\u00a0\u00bb locked=\u00a0\u00bboff\u00a0\u00bb][et_pb_column type=\u00a0\u00bb1_2&Prime; _builder_version=\u00a0\u00bb4.18.0&Prime; _module_preset=\u00a0\u00bbdefault\u00a0\u00bb global_colors_info=\u00a0\u00bb{}\u00a0\u00bb][et_pb_image src=\u00a0\u00bbhttps:\/\/ecovision2025.ca\/wp-content\/uploads\/2024\/10\/Capacadie_Logo_Full_Color_Rgb_900px_w_72ppi.jpg\u00a0\u00bb title_text=\u00a0\u00bbCapacadie_Logo_Full_Color_Rgb_900px_w_72ppi\u00a0\u00bb url=\u00a0\u00bbhttps:\/\/capacadie.ca\/fr\u00a0\u00bb url_new_window=\u00a0\u00bbon\u00a0\u00bb _builder_version=\u00a0\u00bb4.27.0&Prime; _module_preset=\u00a0\u00bbdefault\u00a0\u00bb width=\u00a0\u00bb54%\u00a0\u00bb module_alignment=\u00a0\u00bbcenter\u00a0\u00bb custom_margin=\u00a0\u00bb-27px||||false|false\u00a0\u00bb global_colors_info=\u00a0\u00bb{}\u00a0\u00bb][\/et_pb_image][\/et_pb_column][et_pb_column type=\u00a0\u00bb1_2&Prime; _builder_version=\u00a0\u00bb4.18.0&Prime; _module_preset=\u00a0\u00bbdefault\u00a0\u00bb global_colors_info=\u00a0\u00bb{}\u00a0\u00bb][et_pb_image src=\u00a0\u00bbhttps:\/\/ecovision2025.ca\/wp-content\/uploads\/2024\/10\/ShediacLogo.jpg\u00a0\u00bb title_text=\u00a0\u00bbPrint\u00a0\u00bb url=\u00a0\u00bbhttps:\/\/shediac.ca\/en\/\u00a0\u00bb url_new_window=\u00a0\u00bbon\u00a0\u00bb align=\u00a0\u00bbcenter\u00a0\u00bb _builder_version=\u00a0\u00bb4.27.0&Prime; _module_preset=\u00a0\u00bbdefault\u00a0\u00bb width=\u00a0\u00bb54%\u00a0\u00bb global_colors_info=\u00a0\u00bb{}\u00a0\u00bb][\/et_pb_image][\/et_pb_column][\/et_pb_row][\/et_pb_section]<\/p>\n","protected":false},"excerpt":{"rendered":"<p>Les ruisseaux et les rivi\u00e8res ont besoin d&rsquo;une v\u00e9g\u00e9tation ad\u00e9quate le long de leurs berges pour les prot\u00e9ger du d\u00e9veloppement. Cette zone est appel\u00e9e \u00ab\u00a0zone tampon riveraine\u00a0\u00bb et sert de zone de transition entre le milieu aquatique et le milieu terrestre. En reliant la terre et l&rsquo;eau, cette zone tampon a une grande importance biologique [&hellip;]<\/p>\n","protected":false},"author":6,"featured_media":3114,"parent":0,"menu_order":0,"comment_status":"closed","ping_status":"closed","template":"","meta":{"_et_pb_use_builder":"on","_et_pb_old_content":"","_et_gb_content_width":"","footnotes":""},"class_list":["post-3133","page","type-page","status-publish","has-post-thumbnail","hentry"],"_links":{"self":[{"href":"https:\/\/ecovision2025.ca\/fr\/wp-json\/wp\/v2\/pages\/3133","targetHints":{"allow":["GET"]}}],"collection":[{"href":"https:\/\/ecovision2025.ca\/fr\/wp-json\/wp\/v2\/pages"}],"about":[{"href":"https:\/\/ecovision2025.ca\/fr\/wp-json\/wp\/v2\/types\/page"}],"author":[{"embeddable":true,"href":"https:\/\/ecovision2025.ca\/fr\/wp-json\/wp\/v2\/users\/6"}],"replies":[{"embeddable":true,"href":"https:\/\/ecovision2025.ca\/fr\/wp-json\/wp\/v2\/comments?post=3133"}],"version-history":[{"count":5,"href":"https:\/\/ecovision2025.ca\/fr\/wp-json\/wp\/v2\/pages\/3133\/revisions"}],"predecessor-version":[{"id":4626,"href":"https:\/\/ecovision2025.ca\/fr\/wp-json\/wp\/v2\/pages\/3133\/revisions\/4626"}],"wp:featuredmedia":[{"embeddable":true,"href":"https:\/\/ecovision2025.ca\/fr\/wp-json\/wp\/v2\/media\/3114"}],"wp:attachment":[{"href":"https:\/\/ecovision2025.ca\/fr\/wp-json\/wp\/v2\/media?parent=3133"}],"curies":[{"name":"wp","href":"https:\/\/api.w.org\/{rel}","templated":true}]}}