{"id":2826,"date":"2021-09-23T13:10:24","date_gmt":"2021-09-23T16:10:24","guid":{"rendered":"https:\/\/ecovision2025.ca\/?page_id=2826"},"modified":"2024-10-18T11:53:09","modified_gmt":"2024-10-18T14:53:09","slug":"arbres-indigenes","status":"publish","type":"page","link":"https:\/\/ecovision2025.ca\/fr\/arbres-indigenes\/","title":{"rendered":"Arbres indig\u00e8nes"},"content":{"rendered":"<p>[et_pb_section fb_built=\u00a0\u00bb1&Prime; fullwidth=\u00a0\u00bbon\u00a0\u00bb _builder_version=\u00a0\u00bb4.16&Prime; _module_preset=\u00a0\u00bbdefault\u00a0\u00bb background_color=\u00a0\u00bb#000000&Prime; background_enable_image=\u00a0\u00bboff\u00a0\u00bb global_colors_info=\u00a0\u00bb{}\u00a0\u00bb][et_pb_fullwidth_header title=\u00a0\u00bbLes arbres indig\u00e8nes de la for\u00eat acadienne\u00a0\u00bb text_orientation=\u00a0\u00bbcenter\u00a0\u00bb title_tablet=\u00a0\u00bbLes arbres indig\u00e8nes de la for\u00eat acadienne\u00a0\u00bb title_phone=\u00a0\u00bbLes arbres indig\u00e8nes de la for\u00eat acadienne\u00a0\u00bb title_last_edited=\u00a0\u00bbon|phone\u00a0\u00bb disabled_on=\u00a0\u00bboff|off|off\u00a0\u00bb _builder_version=\u00a0\u00bb4.16&Prime; _module_preset=\u00a0\u00bbdefault\u00a0\u00bb title_font=\u00a0\u00bb|700|||||||\u00a0\u00bb title_text_align=\u00a0\u00bbcenter\u00a0\u00bb title_font_size=\u00a0\u00bb54px\u00a0\u00bb title_line_height=\u00a0\u00bb1.1em\u00a0\u00bb content_font_size=\u00a0\u00bb1px\u00a0\u00bb subhead_text_color=\u00a0\u00bb#ffffff\u00a0\u00bb subhead_font_size=\u00a0\u00bb24px\u00a0\u00bb background_image=\u00a0\u00bbhttps:\/\/ecovision2025.ca\/wp-content\/uploads\/2021\/09\/native-trees-web-1.jpg\u00a0\u00bb width=\u00a0\u00bb100%\u00a0\u00bb min_height=\u00a0\u00bb543px\u00a0\u00bb custom_margin=\u00a0\u00bb||-154px|||\u00a0\u00bb custom_padding=\u00a0\u00bb95px||0px|||\u00a0\u00bb title_font_tablet=\u00a0\u00bb\u00a0\u00bb title_font_phone=\u00a0\u00bb\u00a0\u00bb title_font_last_edited=\u00a0\u00bbon|desktop\u00a0\u00bb global_colors_info=\u00a0\u00bb{}\u00a0\u00bb][\/et_pb_fullwidth_header][\/et_pb_section][et_pb_section fb_built=\u00a0\u00bb1&Prime; fullwidth=\u00a0\u00bbon\u00a0\u00bb _builder_version=\u00a0\u00bb4.16&Prime; _module_preset=\u00a0\u00bbdefault\u00a0\u00bb background_color=\u00a0\u00bb#000000&Prime; background_enable_image=\u00a0\u00bboff\u00a0\u00bb global_colors_info=\u00a0\u00bb{}\u00a0\u00bb][\/et_pb_section][et_pb_section fb_built=\u00a0\u00bb1&Prime; _builder_version=\u00a0\u00bb4.16&Prime; min_height=\u00a0\u00bb3396px\u00a0\u00bb custom_margin=\u00a0\u00bb24px||0px|||\u00a0\u00bb custom_padding=\u00a0\u00bb2px|0px|0px|0px||\u00a0\u00bb global_colors_info=\u00a0\u00bb{}\u00a0\u00bb][et_pb_row _builder_version=\u00a0\u00bb4.22.1&Prime; _module_preset=\u00a0\u00bbdefault\u00a0\u00bb global_colors_info=\u00a0\u00bb{}\u00a0\u00bb][et_pb_column type=\u00a0\u00bb4_4&Prime; _builder_version=\u00a0\u00bb4.22.1&Prime; _module_preset=\u00a0\u00bbdefault\u00a0\u00bb global_colors_info=\u00a0\u00bb{}\u00a0\u00bb][et_pb_text _builder_version=\u00a0\u00bb4.22.1&Prime; _module_preset=\u00a0\u00bbdefault\u00a0\u00bb text_font_size=\u00a0\u00bb20px\u00a0\u00bb text_line_height=\u00a0\u00bb1.8em\u00a0\u00bb global_colors_info=\u00a0\u00bb{}\u00a0\u00bb]<\/p>\n<h1>C\u2019est quoi un arbre indig\u00e8ne?<\/h1>\n<p>Un arbre est dit indig\u00e8ne s\u2019il a peupl\u00e9 sa r\u00e9gion sans intervention humaine. Les arbres indig\u00e8nes sont originaires de la r\u00e9gion o\u00f9 ils poussent. Ils sont pr\u00e9sents depuis tr\u00e8s longtemps, puisque notre for\u00eat a commenc\u00e9 \u00e0 pousser il y a plus de 10 000 ans, lorsque les glaciers ont commenc\u00e9 \u00e0 fondre. Le pin blanc, l\u2019\u00e9rable \u00e0 sucre, le c\u00e8dre blanc et le ch\u00eane rouge sont des exemples d\u2019arbres indig\u00e8nes de la for\u00eat acadienne-Wabanaki.<\/p>\n<p>Cependant, plusieurs esp\u00e8ces d\u2019arbres provenant d\u2019autres parties du monde ont colonis\u00e9 notre r\u00e9gion apr\u00e8s avoir \u00e9t\u00e9 introduites par les humains. Certaines de ces esp\u00e8ces peuvent \u00eatre nuisibles \u00e0 la sant\u00e9 de notre for\u00eat.<\/p>\n<p>[\/et_pb_text][\/et_pb_column][\/et_pb_row][et_pb_row column_structure=\u00a0\u00bb1_2,1_2&Prime; _builder_version=\u00a0\u00bb4.16&Prime; _module_preset=\u00a0\u00bbdefault\u00a0\u00bb width=\u00a0\u00bb100%\u00a0\u00bb max_width=\u00a0\u00bb1063px\u00a0\u00bb custom_margin=\u00a0\u00bb34px||||false|false\u00a0\u00bb custom_padding=\u00a0\u00bb50px||33px|0px||\u00a0\u00bb global_colors_info=\u00a0\u00bb{}\u00a0\u00bb][et_pb_column type=\u00a0\u00bb1_2&Prime; _builder_version=\u00a0\u00bb4.16&Prime; _module_preset=\u00a0\u00bbdefault\u00a0\u00bb global_colors_info=\u00a0\u00bb{}\u00a0\u00bb][et_pb_image src=\u00a0\u00bbhttps:\/\/ecovision2025.ca\/wp-content\/uploads\/2021\/09\/planting-tree-web-1.jpg\u00a0\u00bb alt=\u00a0\u00bbplanting tree\u00a0\u00bb title_text=\u00a0\u00bbplanting-tree-web\u00a0\u00bb align=\u00a0\u00bbcenter\u00a0\u00bb _builder_version=\u00a0\u00bb4.16&Prime; _module_preset=\u00a0\u00bbdefault\u00a0\u00bb custom_margin=\u00a0\u00bb13px||||false|false\u00a0\u00bb global_colors_info=\u00a0\u00bb{}\u00a0\u00bb][\/et_pb_image][\/et_pb_column][et_pb_column type=\u00a0\u00bb1_2&Prime; _builder_version=\u00a0\u00bb4.16&Prime; _module_preset=\u00a0\u00bbdefault\u00a0\u00bb global_colors_info=\u00a0\u00bb{}\u00a0\u00bb][et_pb_text _builder_version=\u00a0\u00bb4.20.4&Prime; _module_preset=\u00a0\u00bbdefault\u00a0\u00bb text_font_size=\u00a0\u00bb20px\u00a0\u00bb text_line_height=\u00a0\u00bb1.6em\u00a0\u00bb width=\u00a0\u00bb100%\u00a0\u00bb max_width=\u00a0\u00bb100%\u00a0\u00bb min_height=\u00a0\u00bb401px\u00a0\u00bb custom_margin=\u00a0\u00bb0px|0px||0px|false|false\u00a0\u00bb custom_padding=\u00a0\u00bb0px|0px|0px|0px|false|false\u00a0\u00bb global_colors_info=\u00a0\u00bb{}\u00a0\u00bb]<\/p>\n<p><strong>Plantez des arbres indig\u00e8nes pour encourager la biodiversit\u00e9<\/strong><\/p>\n<p>Le fait de planter un arbre peut sembler \u00eatre un geste simple, mais il en est autrement. Tout d\u2019abord, l\u2019esp\u00e8ce d\u2019arbre que vous choisissez de planter dans votre cour aura un impact sur la faune et la flore environnantes. Planter un arbre indig\u00e8ne contribuera donc \u00e0 la qualit\u00e9 de l\u2019environnement dans nos communaut\u00e9s.<\/p>\n<p>Annuellement, une distribution d&rsquo;arbres indig\u00e8nes est organis\u00e9e \u00e0 l&rsquo;automne dans les deux municipalit\u00e9s. Les r\u00e9sidents peuvent obtenir gratuitement ou acheter des arbres \u00e0 un prix tr\u00e8s bas et les planter dans leur cour afin d&rsquo;accro\u00eetre la biodiversit\u00e9 de nos communaut\u00e9s.<\/p>\n<p>[\/et_pb_text][\/et_pb_column][\/et_pb_row][et_pb_row column_structure=\u00a0\u00bb1_2,1_2&Prime; _builder_version=\u00a0\u00bb4.16&Prime; _module_preset=\u00a0\u00bbdefault\u00a0\u00bb width=\u00a0\u00bb100%\u00a0\u00bb max_width=\u00a0\u00bb1063px\u00a0\u00bb custom_margin=\u00a0\u00bb34px||||false|false\u00a0\u00bb custom_padding=\u00a0\u00bb50px||33px|0px||\u00a0\u00bb global_colors_info=\u00a0\u00bb{}\u00a0\u00bb][et_pb_column type=\u00a0\u00bb1_2&Prime; _builder_version=\u00a0\u00bb4.16&Prime; _module_preset=\u00a0\u00bbdefault\u00a0\u00bb global_colors_info=\u00a0\u00bb{}\u00a0\u00bb][et_pb_image src=\u00a0\u00bbhttps:\/\/ecovision2025.ca\/wp-content\/uploads\/2021\/10\/livret-foret-acadienne.jpg\u00a0\u00bb title_text=\u00a0\u00bblivret-foret-acadienne\u00a0\u00bb url=\u00a0\u00bbhttps:\/\/ecovision2025.ca\/wp-content\/uploads\/2021\/10\/Arbres-indigenes-Livret-Fr.pdf\u00a0\u00bb url_new_window=\u00a0\u00bbon\u00a0\u00bb _builder_version=\u00a0\u00bb4.16&Prime; _module_preset=\u00a0\u00bbdefault\u00a0\u00bb global_colors_info=\u00a0\u00bb{}\u00a0\u00bb][\/et_pb_image][\/et_pb_column][et_pb_column type=\u00a0\u00bb1_2&Prime; _builder_version=\u00a0\u00bb4.16&Prime; _module_preset=\u00a0\u00bbdefault\u00a0\u00bb global_colors_info=\u00a0\u00bb{}\u00a0\u00bb][et_pb_text _builder_version=\u00a0\u00bb4.16&Prime; _module_preset=\u00a0\u00bbdefault\u00a0\u00bb text_font_size=\u00a0\u00bb20px\u00a0\u00bb text_line_height=\u00a0\u00bb1.6em\u00a0\u00bb width=\u00a0\u00bb100%\u00a0\u00bb max_width=\u00a0\u00bb100%\u00a0\u00bb min_height=\u00a0\u00bb401px\u00a0\u00bb custom_margin=\u00a0\u00bb0px|0px||0px|false|false\u00a0\u00bb custom_padding=\u00a0\u00bb0px|0px|0px|0px|false|false\u00a0\u00bb global_colors_info=\u00a0\u00bb{}\u00a0\u00bb]<\/p>\n<p class=\"Standard\">Un livret a \u00e9t\u00e9 pr\u00e9par\u00e9 pour vous aider \u00e0 comprendre le r\u00f4le que jouent les arbres indig\u00e8nes de la for\u00eat acadienne. Il vous renseignera sur l&rsquo;importance des arbres indig\u00e8nes et sur plusieurs autres sujets li\u00e9s \u00e0 la for\u00eat de notre r\u00e9gion. Dans la derni\u00e8re section, vous apprendrez comment planter un arbre en 10 \u00e9tapes. <a href=\"https:\/\/ecovision2025.ca\/wp-content\/uploads\/2021\/10\/Arbres-indigenes-Livret-Fr.pdf\" target=\"_blank\" rel=\"noopener\">Voir livret en PDF<\/a><\/p>\n<p>[\/et_pb_text][\/et_pb_column][\/et_pb_row][et_pb_row _builder_version=\u00a0\u00bb4.16&Prime; _module_preset=\u00a0\u00bbdefault\u00a0\u00bb global_colors_info=\u00a0\u00bb{}\u00a0\u00bb][et_pb_column type=\u00a0\u00bb4_4&Prime; _builder_version=\u00a0\u00bb4.16&Prime; _module_preset=\u00a0\u00bbdefault\u00a0\u00bb global_colors_info=\u00a0\u00bb{}\u00a0\u00bb][et_pb_cta title=\u00a0\u00bbS\u00e9rie de vid\u00e9os \u00e9ducatives\u00a0\u00bb _builder_version=\u00a0\u00bb4.16&Prime; _module_preset=\u00a0\u00bbdefault\u00a0\u00bb header_font_size=\u00a0\u00bb38px\u00a0\u00bb body_font_size=\u00a0\u00bb18px\u00a0\u00bb background_color=\u00a0\u00bbRGBA(0,0,0,0)\u00a0\u00bb background_layout=\u00a0\u00bblight\u00a0\u00bb custom_margin=\u00a0\u00bb||0px||false|false\u00a0\u00bb custom_padding=\u00a0\u00bb||0px||false|false\u00a0\u00bb global_colors_info=\u00a0\u00bb{}\u00a0\u00bb]<\/p>\n<p>Une s\u00e9rie de 3 vid\u00e9os \u00e9ducatives est disponible ici. Dans les deux premi\u00e8res, vous en apprendrez davantage sur l\u2019importance des arbres de la for\u00eat acadienne pour la sant\u00e9 de l\u2019environnement, des rivi\u00e8res et de la biodiversit\u00e9. La troisi\u00e8me vid\u00e9o montre les bonnes fa\u00e7ons de planter un arbre.<\/p>\n<p>[\/et_pb_cta][\/et_pb_column][\/et_pb_row][et_pb_row column_structure=\u00a0\u00bb1_3,1_3,1_3&Prime; _builder_version=\u00a0\u00bb4.16&Prime; _module_preset=\u00a0\u00bbdefault\u00a0\u00bb global_colors_info=\u00a0\u00bb{}\u00a0\u00bb][et_pb_column type=\u00a0\u00bb1_3&Prime; _builder_version=\u00a0\u00bb4.16&Prime; _module_preset=\u00a0\u00bbdefault\u00a0\u00bb global_colors_info=\u00a0\u00bb{}\u00a0\u00bb][et_pb_text _builder_version=\u00a0\u00bb4.16&Prime; _module_preset=\u00a0\u00bbdefault\u00a0\u00bb global_colors_info=\u00a0\u00bb{}\u00a0\u00bb]<\/p>\n<p><iframe loading=\"lazy\" width=\"560\" height=\"315\" src=\"https:\/\/www.youtube.com\/embed\/7Xi-0zguxBc?rel=0\" title=\"YouTube video player\" frameborder=\"0\" allow=\"accelerometer; autoplay; clipboard-write; encrypted-media; gyroscope; picture-in-picture\" allowfullscreen=\"\"><\/iframe><\/p>\n<p>[\/et_pb_text][\/et_pb_column][et_pb_column type=\u00a0\u00bb1_3&Prime; _builder_version=\u00a0\u00bb4.16&Prime; _module_preset=\u00a0\u00bbdefault\u00a0\u00bb global_colors_info=\u00a0\u00bb{}\u00a0\u00bb][et_pb_text _builder_version=\u00a0\u00bb4.16&Prime; _module_preset=\u00a0\u00bbdefault\u00a0\u00bb global_colors_info=\u00a0\u00bb{}\u00a0\u00bb]<iframe loading=\"lazy\" width=\"560\" height=\"315\" src=\"https:\/\/www.youtube.com\/embed\/ffs3Ce6Gutk?rel=0\" title=\"YouTube video player\" frameborder=\"0\" allow=\"accelerometer; autoplay; clipboard-write; encrypted-media; gyroscope; picture-in-picture\" allowfullscreen=\"\"><\/iframe>[\/et_pb_text][\/et_pb_column][et_pb_column type=\u00a0\u00bb1_3&Prime; _builder_version=\u00a0\u00bb4.16&Prime; _module_preset=\u00a0\u00bbdefault\u00a0\u00bb global_colors_info=\u00a0\u00bb{}\u00a0\u00bb][et_pb_text _builder_version=\u00a0\u00bb4.16&Prime; _module_preset=\u00a0\u00bbdefault\u00a0\u00bb global_colors_info=\u00a0\u00bb{}\u00a0\u00bb]<iframe loading=\"lazy\" width=\"560\" height=\"315\" src=\"https:\/\/www.youtube.com\/embed\/cPLCVVLHlFo?rel=0\" title=\"YouTube video player\" frameborder=\"0\" allow=\"accelerometer; autoplay; clipboard-write; encrypted-media; gyroscope; picture-in-picture\" allowfullscreen=\"\"><\/iframe>[\/et_pb_text][\/et_pb_column][\/et_pb_row][et_pb_row _builder_version=\u00a0\u00bb4.16&Prime; _module_preset=\u00a0\u00bbdefault\u00a0\u00bb custom_margin=\u00a0\u00bb34px||||false|false\u00a0\u00bb global_colors_info=\u00a0\u00bb{}\u00a0\u00bb][et_pb_column type=\u00a0\u00bb4_4&Prime; _builder_version=\u00a0\u00bb4.16&Prime; _module_preset=\u00a0\u00bbdefault\u00a0\u00bb global_colors_info=\u00a0\u00bb{}\u00a0\u00bb][et_pb_image src=\u00a0\u00bbhttps:\/\/ecovision2025.ca\/wp-content\/uploads\/2018\/02\/EV2025_Logo.png\u00a0\u00bb alt=\u00a0\u00bbEco Vision 2025&Prime; title_text=\u00a0\u00bbEco Vision 2025&Prime; align=\u00a0\u00bbcenter\u00a0\u00bb _builder_version=\u00a0\u00bb4.16&Prime; _module_preset=\u00a0\u00bbdefault\u00a0\u00bb width=\u00a0\u00bb32%\u00a0\u00bb global_colors_info=\u00a0\u00bb{}\u00a0\u00bb][\/et_pb_image][et_pb_text _builder_version=\u00a0\u00bb4.16&Prime; _module_preset=\u00a0\u00bbdefault\u00a0\u00bb global_colors_info=\u00a0\u00bb{}\u00a0\u00bb]<\/p>\n<p style=\"text-align: center;\"><span>Cette initiative est parrain\u00e9e par :<\/span><\/p>\n<p>[\/et_pb_text][\/et_pb_column][\/et_pb_row][et_pb_row column_structure=\u00a0\u00bb1_2,1_2&Prime; _builder_version=\u00a0\u00bb4.18.0&Prime; _module_preset=\u00a0\u00bbdefault\u00a0\u00bb global_colors_info=\u00a0\u00bb{}\u00a0\u00bb locked=\u00a0\u00bboff\u00a0\u00bb][et_pb_column type=\u00a0\u00bb1_2&Prime; _builder_version=\u00a0\u00bb4.18.0&Prime; _module_preset=\u00a0\u00bbdefault\u00a0\u00bb global_colors_info=\u00a0\u00bb{}\u00a0\u00bb][et_pb_image src=\u00a0\u00bbhttps:\/\/ecovision2025.ca\/wp-content\/uploads\/2024\/10\/Capacadie_Logo_Full_Color_Rgb_900px_w_72ppi.jpg\u00a0\u00bb title_text=\u00a0\u00bbCapacadie_Logo_Full_Color_Rgb_900px_w_72ppi\u00a0\u00bb url=\u00a0\u00bbhttps:\/\/capacadie.ca\/fr\u00a0\u00bb url_new_window=\u00a0\u00bbon\u00a0\u00bb _builder_version=\u00a0\u00bb4.27.0&Prime; _module_preset=\u00a0\u00bbdefault\u00a0\u00bb width=\u00a0\u00bb54%\u00a0\u00bb module_alignment=\u00a0\u00bbcenter\u00a0\u00bb custom_margin=\u00a0\u00bb-27px||||false|false\u00a0\u00bb global_colors_info=\u00a0\u00bb{}\u00a0\u00bb][\/et_pb_image][\/et_pb_column][et_pb_column type=\u00a0\u00bb1_2&Prime; _builder_version=\u00a0\u00bb4.18.0&Prime; _module_preset=\u00a0\u00bbdefault\u00a0\u00bb global_colors_info=\u00a0\u00bb{}\u00a0\u00bb][et_pb_image src=\u00a0\u00bbhttps:\/\/ecovision2025.ca\/wp-content\/uploads\/2024\/10\/ShediacLogo.jpg\u00a0\u00bb title_text=\u00a0\u00bbPrint\u00a0\u00bb url=\u00a0\u00bbhttps:\/\/shediac.ca\/en\/\u00a0\u00bb url_new_window=\u00a0\u00bbon\u00a0\u00bb align=\u00a0\u00bbcenter\u00a0\u00bb _builder_version=\u00a0\u00bb4.27.0&Prime; _module_preset=\u00a0\u00bbdefault\u00a0\u00bb width=\u00a0\u00bb54%\u00a0\u00bb global_colors_info=\u00a0\u00bb{}\u00a0\u00bb][\/et_pb_image][\/et_pb_column][\/et_pb_row][\/et_pb_section]<\/p>\n","protected":false},"excerpt":{"rendered":"<p>C\u2019est quoi un arbre indig\u00e8ne? Un arbre est dit indig\u00e8ne s\u2019il a peupl\u00e9 sa r\u00e9gion sans intervention humaine. Les arbres indig\u00e8nes sont originaires de la r\u00e9gion o\u00f9 ils poussent. Ils sont pr\u00e9sents depuis tr\u00e8s longtemps, puisque notre for\u00eat a commenc\u00e9 \u00e0 pousser il y a plus de 10 000 ans, lorsque les glaciers ont commenc\u00e9 [&hellip;]<\/p>\n","protected":false},"author":6,"featured_media":0,"parent":0,"menu_order":0,"comment_status":"closed","ping_status":"closed","template":"","meta":{"_et_pb_use_builder":"on","_et_pb_old_content":"","_et_gb_content_width":"","footnotes":""},"class_list":["post-2826","page","type-page","status-publish","hentry"],"_links":{"self":[{"href":"https:\/\/ecovision2025.ca\/fr\/wp-json\/wp\/v2\/pages\/2826","targetHints":{"allow":["GET"]}}],"collection":[{"href":"https:\/\/ecovision2025.ca\/fr\/wp-json\/wp\/v2\/pages"}],"about":[{"href":"https:\/\/ecovision2025.ca\/fr\/wp-json\/wp\/v2\/types\/page"}],"author":[{"embeddable":true,"href":"https:\/\/ecovision2025.ca\/fr\/wp-json\/wp\/v2\/users\/6"}],"replies":[{"embeddable":true,"href":"https:\/\/ecovision2025.ca\/fr\/wp-json\/wp\/v2\/comments?post=2826"}],"version-history":[{"count":5,"href":"https:\/\/ecovision2025.ca\/fr\/wp-json\/wp\/v2\/pages\/2826\/revisions"}],"predecessor-version":[{"id":4623,"href":"https:\/\/ecovision2025.ca\/fr\/wp-json\/wp\/v2\/pages\/2826\/revisions\/4623"}],"wp:attachment":[{"href":"https:\/\/ecovision2025.ca\/fr\/wp-json\/wp\/v2\/media?parent=2826"}],"curies":[{"name":"wp","href":"https:\/\/api.w.org\/{rel}","templated":true}]}}