{"id":2635,"date":"2021-04-29T13:24:20","date_gmt":"2021-04-29T16:24:20","guid":{"rendered":"https:\/\/ecovision2025.ca\/?page_id=2635"},"modified":"2024-10-18T11:52:03","modified_gmt":"2024-10-18T14:52:03","slug":"nettoyage-communautaire","status":"publish","type":"page","link":"https:\/\/ecovision2025.ca\/fr\/nettoyage-communautaire\/","title":{"rendered":"Nettoyage communautaire"},"content":{"rendered":"<p>[et_pb_section fb_built=\u00a0\u00bb1&Prime; fullwidth=\u00a0\u00bbon\u00a0\u00bb _builder_version=\u00a0\u00bb4.16&Prime; _module_preset=\u00a0\u00bbdefault\u00a0\u00bb background_color=\u00a0\u00bb#000000&Prime; background_enable_image=\u00a0\u00bboff\u00a0\u00bb global_colors_info=\u00a0\u00bb{}\u00a0\u00bb][et_pb_fullwidth_header title=\u00a0\u00bbNettoyage communautaire\u00a0\u00bb text_orientation=\u00a0\u00bbcenter\u00a0\u00bb title_tablet=\u00a0\u00bbNettoyage communautaire\u00a0\u00bb title_phone=\u00a0\u00bbNettoyage communautaire\u00a0\u00bb title_last_edited=\u00a0\u00bbon|phone\u00a0\u00bb disabled_on=\u00a0\u00bboff|off|off\u00a0\u00bb _builder_version=\u00a0\u00bb4.16&Prime; _module_preset=\u00a0\u00bbdefault\u00a0\u00bb title_font=\u00a0\u00bb|700|||||||\u00a0\u00bb title_text_align=\u00a0\u00bbcenter\u00a0\u00bb title_font_size=\u00a0\u00bb54px\u00a0\u00bb title_line_height=\u00a0\u00bb1.1em\u00a0\u00bb content_font_size=\u00a0\u00bb1px\u00a0\u00bb subhead_text_color=\u00a0\u00bb#ffffff\u00a0\u00bb subhead_font_size=\u00a0\u00bb24px\u00a0\u00bb background_image=\u00a0\u00bbhttps:\/\/ecovision2025.ca\/wp-content\/uploads\/2021\/04\/Nettoyage-communautaire-1.jpg\u00a0\u00bb width=\u00a0\u00bb100%\u00a0\u00bb min_height=\u00a0\u00bb543px\u00a0\u00bb custom_margin=\u00a0\u00bb||-154px|||\u00a0\u00bb custom_padding=\u00a0\u00bb95px||0px|||\u00a0\u00bb title_font_tablet=\u00a0\u00bb\u00a0\u00bb title_font_phone=\u00a0\u00bb\u00a0\u00bb title_font_last_edited=\u00a0\u00bbon|desktop\u00a0\u00bb saved_tabs=\u00a0\u00bball\u00a0\u00bb global_colors_info=\u00a0\u00bb{}\u00a0\u00bb][\/et_pb_fullwidth_header][\/et_pb_section][et_pb_section fb_built=\u00a0\u00bb1&Prime; _builder_version=\u00a0\u00bb4.16&Prime; min_height=\u00a0\u00bb3396px\u00a0\u00bb custom_margin=\u00a0\u00bb24px||0px|||\u00a0\u00bb custom_padding=\u00a0\u00bb2px|0px|0px|0px||\u00a0\u00bb global_colors_info=\u00a0\u00bb{}\u00a0\u00bb][et_pb_row _builder_version=\u00a0\u00bb4.16&Prime; _module_preset=\u00a0\u00bbdefault\u00a0\u00bb custom_padding=\u00a0\u00bb55px|||||\u00a0\u00bb global_colors_info=\u00a0\u00bb{}\u00a0\u00bb][et_pb_column type=\u00a0\u00bb4_4&Prime; _builder_version=\u00a0\u00bb4.16&Prime; _module_preset=\u00a0\u00bbdefault\u00a0\u00bb global_colors_info=\u00a0\u00bb{}\u00a0\u00bb][et_pb_text module_id=\u00a0\u00bbcontribute-business\u00a0\u00bb _builder_version=\u00a0\u00bb4.18.0&Prime; custom_padding=\u00a0\u00bb|0px||0px||\u00a0\u00bb global_colors_info=\u00a0\u00bb{}\u00a0\u00bb]<\/p>\n<h1 style=\"text-align: center;\"><strong>Nettoyage communautaire 2024<\/strong><\/h1>\n<p>[\/et_pb_text][\/et_pb_column][\/et_pb_row][et_pb_row _builder_version=\u00a0\u00bb4.16&Prime; _module_preset=\u00a0\u00bbdefault\u00a0\u00bb global_colors_info=\u00a0\u00bb{}\u00a0\u00bb][et_pb_column type=\u00a0\u00bb4_4&Prime; _builder_version=\u00a0\u00bb4.16&Prime; _module_preset=\u00a0\u00bbdefault\u00a0\u00bb global_colors_info=\u00a0\u00bb{}\u00a0\u00bb][et_pb_image src=\u00a0\u00bbhttps:\/\/ecovision2025.ca\/wp-content\/uploads\/2024\/04\/Annonce-Facebook-2023-50.jpg\u00a0\u00bb title_text=\u00a0\u00bbAnnonce Facebook 2023-50&Prime; align=\u00a0\u00bbcenter\u00a0\u00bb _builder_version=\u00a0\u00bb4.22.1&Prime; _module_preset=\u00a0\u00bbdefault\u00a0\u00bb global_colors_info=\u00a0\u00bb{}\u00a0\u00bb][\/et_pb_image][\/et_pb_column][\/et_pb_row][et_pb_row _builder_version=\u00a0\u00bb4.22.1&Prime; _module_preset=\u00a0\u00bbdefault\u00a0\u00bb global_colors_info=\u00a0\u00bb{}\u00a0\u00bb][et_pb_column type=\u00a0\u00bb4_4&Prime; _builder_version=\u00a0\u00bb4.22.1&Prime; _module_preset=\u00a0\u00bbdefault\u00a0\u00bb global_colors_info=\u00a0\u00bb{}\u00a0\u00bb][et_pb_text _builder_version=\u00a0\u00bb4.22.1&Prime; _module_preset=\u00a0\u00bbdefault\u00a0\u00bb global_colors_info=\u00a0\u00bb{}\u00a0\u00bb]<\/p>\n<p>Dans le cadre de la Strat\u00e9gie EcoVision 2025, les municipalit\u00e9s de Shediac et de Cap-Acadie se sont engag\u00e9es \u00e0 assurer un environnement propre. Chaque ann\u00e9e, elles organisent un \u00e9v\u00e9nement de nettoyage communautaire pour ramasser les d\u00e9chets le long de la c\u00f4te, dans les sentiers, dans les parcs municipaux et le long des routes.<\/p>\n<p>Le <strong>samedi 4 mai<\/strong>, les citoyens sont invit\u00e9s \u00e0 participer au nettoyage de d\u00e9chets \u00e0 l\u2019endroit de leur choix. En cas de pluie, l\u2019\u00e9v\u00e9nement aura lieu le 11 mai.<\/p>\n<p>Les participants peuvent envoyer leurs photos de l\u2019activit\u00e9 \u00e0 l\u2019adresse courriel de leur municipalit\u00e9 et elles seront publi\u00e9es sur les pages Facebook. Les photos peuvent \u00e9galement \u00eatre directement partag\u00e9es sur les m\u00e9dias sociaux avec le hashtag\u00a0 <strong>#NettoyageEcovisionCleanup2024.<\/strong><\/p>\n<p>&nbsp;<\/p>\n<p>[\/et_pb_text][\/et_pb_column][\/et_pb_row][et_pb_row column_structure=\u00a0\u00bb1_2,1_2&Prime; _builder_version=\u00a0\u00bb4.22.1&Prime; _module_preset=\u00a0\u00bbdefault\u00a0\u00bb global_colors_info=\u00a0\u00bb{}\u00a0\u00bb][et_pb_column type=\u00a0\u00bb1_2&Prime; _builder_version=\u00a0\u00bb4.22.1&Prime; _module_preset=\u00a0\u00bbdefault\u00a0\u00bb global_colors_info=\u00a0\u00bb{}\u00a0\u00bb][et_pb_text _builder_version=\u00a0\u00bb4.22.1&Prime; _module_preset=\u00a0\u00bbdefault\u00a0\u00bb global_colors_info=\u00a0\u00bb{}\u00a0\u00bb]<\/p>\n<h2>D\u00e9tails du Nettoyage \u00e0 Shediac<\/h2>\n<p>[\/et_pb_text][et_pb_text _builder_version=\u00a0\u00bb4.22.1&Prime; _module_preset=\u00a0\u00bbdefault\u00a0\u00bb global_colors_info=\u00a0\u00bb{}\u00a0\u00bb]<\/p>\n<p><strong><br \/>Voici des id\u00e9es d\u2019endroits pour nettoyer :<\/strong><\/p>\n<ul>\n<li>Sentier municipal<\/li>\n<li>Propri\u00e9t\u00e9 du citoyen<\/li>\n<li>Chemin\/rue\/avenue\/court dans la municipalit\u00e9<\/li>\n<li>Parc Centenaire<\/li>\n<li>Parc Pascal-Poirier<\/li>\n<li>Parc Ourson<\/li>\n<li>Parc LeBlanc<\/li>\n<li>Parc Webster<\/li>\n<li>Parc John-Lyons<\/li>\n<\/ul>\n<p>Les personnes int\u00e9ress\u00e9es peuvent se procurer une trousse de nettoyage pour aider avec la collecte des d\u00e9chets et peuvent \u00eatre ramass\u00e9e \u00e0 partir du 29 avril \u00e0 l\u2019h\u00f4tel de ville (300-290, rue Main) durant les heures d\u2019ouverture. Des gants et des sacs seront remis en quantit\u00e9 limit\u00e9e, premier arriv\u00e9, premier servi.<\/p>\n<p>Une fois la collecte termin\u00e9e, les d\u00e9chets recueillis peuvent \u00eatre \u00e9limin\u00e9s des fa\u00e7ons suivantes\u00a0:<\/p>\n<ul>\n<li>Ajoutez les sacs \u00e0 vos ordures m\u00e9nag\u00e8res<\/li>\n<li>Parc Centenaire<\/li>\n<li>Sentier (point d\u2019acc\u00e8s \u00e0 partir de la rue Sackville)<\/li>\n<li>Sentier (point d\u2019acc\u00e8s \u00e0 partir de la rue Donald)<\/li>\n<li>Sentier (point d\u2019acc\u00e8s \u00e0 partir de la rue Ohio)<\/li>\n<li>Sentier (point d\u2019acc\u00e8s \u00e0 partir de la rue Chesley)<\/li>\n<li>Centre multifonctionnel<\/li>\n<\/ul>\n<p><strong>Pour plus d&rsquo;info, communiquez avec la Ville de Shediac<br \/><\/strong>(506) 532-7000<br \/>Courriel : <a href=\"mailto:info@shediac.ca\">info@shediac.ca<\/a><br \/><a href=\"https:\/\/www.experienceshediac.ca\/event\/nettoyage-communautaire-2\/\" target=\"_blank\" rel=\"noopener\">https:\/\/www.experienceshediac.ca\/event\/nettoyage-communautaire-2\/<\/a><\/p>\n<p>[\/et_pb_text][\/et_pb_column][et_pb_column type=\u00a0\u00bb1_2&Prime; _builder_version=\u00a0\u00bb4.22.1&Prime; _module_preset=\u00a0\u00bbdefault\u00a0\u00bb global_colors_info=\u00a0\u00bb{}\u00a0\u00bb][et_pb_text _builder_version=\u00a0\u00bb4.22.1&Prime; _module_preset=\u00a0\u00bbdefault\u00a0\u00bb global_colors_info=\u00a0\u00bb{}\u00a0\u00bb]<\/p>\n<h2>D\u00e9tails du Nettoyage \u00e0 Cap-Acadie<\/h2>\n<p>[\/et_pb_text][et_pb_text _builder_version=\u00a0\u00bb4.22.1&Prime; _module_preset=\u00a0\u00bbdefault\u00a0\u00bb global_colors_info=\u00a0\u00bb{}\u00a0\u00bb]<\/p>\n<ul>\n<li>Les participants doivent s&rsquo;inscrire \u00e0 l&rsquo;avance par courriel &#8211; <a href=\"mailto:shawna.leblanc@capacadie.ca\">shawna.leblanc@capacadie.ca<\/a>. ou par t\u00e9l\u00e9phone au 506 532-0864<\/li>\n<li>Diner BBQ de 11h \u00e0 13h<\/li>\n<li>Il y aura des prix de participation<\/li>\n<li>Le mat\u00e9riel (sacs, gants) peut \u00eatre ramass\u00e9 \u00e0 l&rsquo;avance \u00e0 l&rsquo;h\u00f4tel de ville (2647 chemin Acadie) durant les heures d&rsquo;ouverture<\/li>\n<li>Le samedi 4 mai, le mat\u00e9riel peut \u00eatre ramass\u00e9 \u00e0 l&rsquo;\u00e9difice municipal au Grand-Barachois (1709 NB-133) de 8h30 \u00e0 9h30 et \u00e0 l&rsquo;h\u00f4tel de ville (2647 chemin Acadie) \u00e0 partir de 8h30<\/li>\n<li>Il y aura des piquets (batons) disponibles pour ramasser les d\u00e9chets en quantit\u00e9 limit\u00e9e. Premier venu, premier servi.\u00a0<\/li>\n<\/ul>\n<p>[\/et_pb_text][\/et_pb_column][\/et_pb_row][et_pb_row _builder_version=\u00a0\u00bb4.22.1&Prime; _module_preset=\u00a0\u00bbdefault\u00a0\u00bb global_colors_info=\u00a0\u00bb{}\u00a0\u00bb][et_pb_column type=\u00a0\u00bb4_4&Prime; _builder_version=\u00a0\u00bb4.22.1&Prime; _module_preset=\u00a0\u00bbdefault\u00a0\u00bb global_colors_info=\u00a0\u00bb{}\u00a0\u00bb][et_pb_divider _builder_version=\u00a0\u00bb4.22.1&Prime; _module_preset=\u00a0\u00bbdefault\u00a0\u00bb global_colors_info=\u00a0\u00bb{}\u00a0\u00bb][\/et_pb_divider][\/et_pb_column][\/et_pb_row][et_pb_row column_structure=\u00a0\u00bb2_5,3_5&Prime; _builder_version=\u00a0\u00bb4.16&Prime; _module_preset=\u00a0\u00bbdefault\u00a0\u00bb width=\u00a0\u00bb100%\u00a0\u00bb max_width=\u00a0\u00bb1063px\u00a0\u00bb custom_margin=\u00a0\u00bb34px||||false|false\u00a0\u00bb custom_padding=\u00a0\u00bb50px||33px|0px||\u00a0\u00bb global_colors_info=\u00a0\u00bb{}\u00a0\u00bb][et_pb_column type=\u00a0\u00bb2_5&Prime; _builder_version=\u00a0\u00bb4.16&Prime; _module_preset=\u00a0\u00bbdefault\u00a0\u00bb global_colors_info=\u00a0\u00bb{}\u00a0\u00bb][et_pb_text _builder_version=\u00a0\u00bb4.16&Prime; _module_preset=\u00a0\u00bbdefault\u00a0\u00bb text_font_size=\u00a0\u00bb20px\u00a0\u00bb text_line_height=\u00a0\u00bb1.6em\u00a0\u00bb width=\u00a0\u00bb100%\u00a0\u00bb max_width=\u00a0\u00bb100%\u00a0\u00bb min_height=\u00a0\u00bb401px\u00a0\u00bb custom_margin=\u00a0\u00bb0px|0px||0px|false|false\u00a0\u00bb custom_padding=\u00a0\u00bb0px|0px|0px|0px|false|false\u00a0\u00bb global_colors_info=\u00a0\u00bb{}\u00a0\u00bb]<\/p>\n<p><strong>\u00c9v\u00e9nement annuel de nettoyage communautaire\u00a0EcoVision2025<\/strong><\/p>\n<p>Les d\u00e9chets dans l\u2019environnement sont un probl\u00e8me, particuli\u00e8rement pour nos communaut\u00e9s c\u00f4ti\u00e8res. S\u2019ils ne sont pas ramass\u00e9s, certains finiront par se retrouver dans l\u2019oc\u00e9an. Dans le cadre de la strat\u00e9gie\u00a0EcoVision2025, un \u00e9v\u00e9nement annuel de nettoyage communautaire a \u00e9t\u00e9 mis en place pour r\u00e9duire l\u2019impact des d\u00e9chets qui s\u2019accumulent dans l\u2019environnement.<\/p>\n<p>Avant cette initiative, chaque municipalit\u00e9 organisait d\u00e9j\u00e0 son propre \u00e9v\u00e9nement de nettoyage. En octobre 2019, un \u00e9v\u00e9nement annuel de nettoyage conjoint a \u00e9t\u00e9 propos\u00e9 sous la banni\u00e8re d\u2019EcoVision2025. En combinant leurs efforts, les municipalit\u00e9s s\u2019engagent plus que jamais \u00e0 garder l\u2019environnement propre dans toute la r\u00e9gion.<\/p>\n<p>Le premier Nettoyage communautaire\u00a0EcoVision2025 a eu lieu au printemps\u00a02020. Tout en suivant les lignes directrices en place pour la COVIDovid-19, les habitants ont pu ramasser une bonne quantit\u00e9 de d\u00e9chets pr\u00e8s de leurs r\u00e9sidences.<\/p>\n<p>[\/et_pb_text][\/et_pb_column][et_pb_column type=\u00a0\u00bb3_5&Prime; _builder_version=\u00a0\u00bb4.16&Prime; _module_preset=\u00a0\u00bbdefault\u00a0\u00bb global_colors_info=\u00a0\u00bb{}\u00a0\u00bb][et_pb_image src=\u00a0\u00bbhttps:\/\/ecovision2025.ca\/wp-content\/uploads\/2021\/04\/Dechets-2-2.jpg\u00a0\u00bb title_text=\u00a0\u00bbDechets-2&Prime; _builder_version=\u00a0\u00bb4.16&Prime; _module_preset=\u00a0\u00bbdefault\u00a0\u00bb global_colors_info=\u00a0\u00bb{}\u00a0\u00bb][\/et_pb_image][et_pb_image src=\u00a0\u00bbhttps:\/\/ecovision2025.ca\/wp-content\/uploads\/2021\/04\/Dechets-4.jpg\u00a0\u00bb title_text=\u00a0\u00bbDechets\u00a0\u00bb _builder_version=\u00a0\u00bb4.16&Prime; _module_preset=\u00a0\u00bbdefault\u00a0\u00bb custom_margin=\u00a0\u00bb13px||||false|false\u00a0\u00bb global_colors_info=\u00a0\u00bb{}\u00a0\u00bb][\/et_pb_image][\/et_pb_column][\/et_pb_row][et_pb_row _builder_version=\u00a0\u00bb4.16&Prime; _module_preset=\u00a0\u00bbdefault\u00a0\u00bb custom_margin=\u00a0\u00bb34px||||false|false\u00a0\u00bb global_colors_info=\u00a0\u00bb{}\u00a0\u00bb locked=\u00a0\u00bboff\u00a0\u00bb][et_pb_column type=\u00a0\u00bb4_4&Prime; _builder_version=\u00a0\u00bb4.16&Prime; _module_preset=\u00a0\u00bbdefault\u00a0\u00bb global_colors_info=\u00a0\u00bb{}\u00a0\u00bb][et_pb_divider _builder_version=\u00a0\u00bb4.16.0&Prime; _module_preset=\u00a0\u00bbdefault\u00a0\u00bb global_colors_info=\u00a0\u00bb{}\u00a0\u00bb][\/et_pb_divider][et_pb_image src=\u00a0\u00bbhttps:\/\/ecovision2025.ca\/wp-content\/uploads\/2018\/02\/EV2025_Logo.png\u00a0\u00bb alt=\u00a0\u00bbEco Vision 2025&Prime; title_text=\u00a0\u00bbEco Vision 2025&Prime; align=\u00a0\u00bbcenter\u00a0\u00bb _builder_version=\u00a0\u00bb4.16&Prime; _module_preset=\u00a0\u00bbdefault\u00a0\u00bb width=\u00a0\u00bb32%\u00a0\u00bb global_colors_info=\u00a0\u00bb{}\u00a0\u00bb][\/et_pb_image][et_pb_text _builder_version=\u00a0\u00bb4.27.0&Prime; _module_preset=\u00a0\u00bbdefault\u00a0\u00bb global_colors_info=\u00a0\u00bb{}\u00a0\u00bb]<\/p>\n<p style=\"text-align: center;\"><span>Cette initiative est parrain\u00e9e par :<\/span><\/p>\n<p>[\/et_pb_text][\/et_pb_column][\/et_pb_row][et_pb_row column_structure=\u00a0\u00bb1_2,1_2&Prime; _builder_version=\u00a0\u00bb4.18.0&Prime; _module_preset=\u00a0\u00bbdefault\u00a0\u00bb global_colors_info=\u00a0\u00bb{}\u00a0\u00bb locked=\u00a0\u00bboff\u00a0\u00bb][et_pb_column type=\u00a0\u00bb1_2&Prime; _builder_version=\u00a0\u00bb4.18.0&Prime; _module_preset=\u00a0\u00bbdefault\u00a0\u00bb global_colors_info=\u00a0\u00bb{}\u00a0\u00bb][et_pb_image src=\u00a0\u00bbhttps:\/\/ecovision2025.ca\/wp-content\/uploads\/2024\/10\/Capacadie_Logo_Full_Color_Rgb_900px_w_72ppi.jpg\u00a0\u00bb title_text=\u00a0\u00bbCapacadie_Logo_Full_Color_Rgb_900px_w_72ppi\u00a0\u00bb url=\u00a0\u00bbhttps:\/\/capacadie.ca\/fr\u00a0\u00bb url_new_window=\u00a0\u00bbon\u00a0\u00bb _builder_version=\u00a0\u00bb4.27.0&Prime; _module_preset=\u00a0\u00bbdefault\u00a0\u00bb width=\u00a0\u00bb54%\u00a0\u00bb module_alignment=\u00a0\u00bbcenter\u00a0\u00bb custom_margin=\u00a0\u00bb-27px||||false|false\u00a0\u00bb global_colors_info=\u00a0\u00bb{}\u00a0\u00bb][\/et_pb_image][\/et_pb_column][et_pb_column type=\u00a0\u00bb1_2&Prime; _builder_version=\u00a0\u00bb4.18.0&Prime; _module_preset=\u00a0\u00bbdefault\u00a0\u00bb global_colors_info=\u00a0\u00bb{}\u00a0\u00bb][et_pb_image src=\u00a0\u00bbhttps:\/\/ecovision2025.ca\/wp-content\/uploads\/2024\/10\/ShediacLogo.jpg\u00a0\u00bb title_text=\u00a0\u00bbPrint\u00a0\u00bb url=\u00a0\u00bbhttps:\/\/shediac.ca\/en\/\u00a0\u00bb url_new_window=\u00a0\u00bbon\u00a0\u00bb align=\u00a0\u00bbcenter\u00a0\u00bb _builder_version=\u00a0\u00bb4.27.0&Prime; _module_preset=\u00a0\u00bbdefault\u00a0\u00bb width=\u00a0\u00bb54%\u00a0\u00bb global_colors_info=\u00a0\u00bb{}\u00a0\u00bb][\/et_pb_image][\/et_pb_column][\/et_pb_row][\/et_pb_section]<\/p>\n","protected":false},"excerpt":{"rendered":"<p>Nettoyage communautaire 2024Dans le cadre de la Strat\u00e9gie EcoVision 2025, les municipalit\u00e9s de Shediac et de Cap-Acadie se sont engag\u00e9es \u00e0 assurer un environnement propre. Chaque ann\u00e9e, elles organisent un \u00e9v\u00e9nement de nettoyage communautaire pour ramasser les d\u00e9chets le long de la c\u00f4te, dans les sentiers, dans les parcs municipaux et le long des routes. [&hellip;]<\/p>\n","protected":false},"author":6,"featured_media":0,"parent":0,"menu_order":0,"comment_status":"closed","ping_status":"closed","template":"","meta":{"_et_pb_use_builder":"on","_et_pb_old_content":"","_et_gb_content_width":"","footnotes":""},"class_list":["post-2635","page","type-page","status-publish","hentry"],"_links":{"self":[{"href":"https:\/\/ecovision2025.ca\/fr\/wp-json\/wp\/v2\/pages\/2635","targetHints":{"allow":["GET"]}}],"collection":[{"href":"https:\/\/ecovision2025.ca\/fr\/wp-json\/wp\/v2\/pages"}],"about":[{"href":"https:\/\/ecovision2025.ca\/fr\/wp-json\/wp\/v2\/types\/page"}],"author":[{"embeddable":true,"href":"https:\/\/ecovision2025.ca\/fr\/wp-json\/wp\/v2\/users\/6"}],"replies":[{"embeddable":true,"href":"https:\/\/ecovision2025.ca\/fr\/wp-json\/wp\/v2\/comments?post=2635"}],"version-history":[{"count":5,"href":"https:\/\/ecovision2025.ca\/fr\/wp-json\/wp\/v2\/pages\/2635\/revisions"}],"predecessor-version":[{"id":4621,"href":"https:\/\/ecovision2025.ca\/fr\/wp-json\/wp\/v2\/pages\/2635\/revisions\/4621"}],"wp:attachment":[{"href":"https:\/\/ecovision2025.ca\/fr\/wp-json\/wp\/v2\/media?parent=2635"}],"curies":[{"name":"wp","href":"https:\/\/api.w.org\/{rel}","templated":true}]}}