{"id":1127,"date":"2018-05-14T20:11:08","date_gmt":"2018-05-14T20:11:08","guid":{"rendered":"https:\/\/ecovision2025.ca\/nature\/nature-actions\/"},"modified":"2020-04-01T16:35:50","modified_gmt":"2020-04-01T16:35:50","slug":"nature-actions","status":"publish","type":"page","link":"https:\/\/ecovision2025.ca\/fr\/nature\/nature-actions\/","title":{"rendered":"Nature \u2013 Actions"},"content":{"rendered":"<p>[et_pb_section fb_built=\u00a0\u00bb1&Prime; _builder_version=\u00a0\u00bb3.22&Prime;][et_pb_row _builder_version=\u00a0\u00bb3.25&Prime; background_size=\u00a0\u00bbinitial\u00a0\u00bb background_position=\u00a0\u00bbtop_left\u00a0\u00bb background_repeat=\u00a0\u00bbrepeat\u00a0\u00bb column_structure=\u00a0\u00bb2_3,1_3&Prime;][et_pb_column type=\u00a0\u00bb2_3&Prime; _builder_version=\u00a0\u00bb3.25&Prime; custom_padding=\u00a0\u00bb|||\u00a0\u00bb custom_padding__hover=\u00a0\u00bb|||\u00a0\u00bb][et_pb_text _builder_version=\u00a0\u00bb3.27.4&Prime; custom_padding=\u00a0\u00bb||0px|||\u00a0\u00bb]<\/p>\n<h3>La nature \u2013 Actions<\/h3>\n<p>Nous reconnaissons qu\u2019il y a des actions sous les autres th\u00e8mes qui ont un lien \u00e0 la nature, et les actions ci-dessous sont elles-m\u00eames li\u00e9es \u00e0 plusieurs autres th\u00e8mes. Cette liste fut compil\u00e9e par l\u2019entremise d\u2019un processus d\u2019engagement de huit mois, sans avoir omis quoi que ce soit. Les actions sont classifi\u00e9es en cat\u00e9gories, identifi\u00e9es comme \u00e9tant une obligation l\u00e9gale ou non, et prioris\u00e9es comme \u00e9tant \u00abfacile \u00e0 impl\u00e9menter\u00bb et ayant un grand impact (sur le but du th\u00e8me) si impl\u00e9ment\u00e9e. Il y a de l\u2019espace pour indiquer qui m\u00e8ne la charge sur l\u2019action, quand les actions seront accomplies ou des mises \u00e0 jour sur leur progr\u00e8s.<\/p>\n<p>[\/et_pb_text][\/et_pb_column][et_pb_column type=\u00a0\u00bb1_3&Prime; _builder_version=\u00a0\u00bb3.25&Prime; custom_padding=\u00a0\u00bb|||\u00a0\u00bb custom_padding__hover=\u00a0\u00bb|||\u00a0\u00bb][et_pb_text _builder_version=\u00a0\u00bb3.27.4&Prime; header_font=\u00a0\u00bb|600|||||||\u00a0\u00bb background_color=\u00a0\u00bbrgba(148,200,61,0.12)\u00a0\u00bb custom_margin=\u00a0\u00bb0px|0px|0px|0px\u00a0\u00bb custom_padding=\u00a0\u00bb12px|12px|12px|12px\u00a0\u00bb custom_padding_tablet=\u00a0\u00bb\u00a0\u00bb custom_padding_phone=\u00a0\u00bb6px|6px|6px|6px\u00a0\u00bb custom_padding_last_edited=\u00a0\u00bbon|phone\u00a0\u00bb]<\/p>\n<h4>Abr\u00e9viations<\/h4>\n<p><strong>CESB<\/strong>\u00a0Commission des \u00c9gouts Shediac et Banlieues<br \/>\n<strong>GM<\/strong>\u00a0Gouvernement municipal<br \/>\n<strong>GNB<\/strong> Gouvernement du NB<br \/>\n<strong>GC<\/strong> Gouvernement du Canada<br \/>\n<strong>PO<\/strong> P\u00eaches et Oc\u00e9ans Canada<br \/>\n<strong>CSRSE<\/strong> Commission de services r\u00e9gionaux du sud-est<br \/>\n<strong>SCF<\/strong> Service Canadian de la faune<br \/>\n<strong>CRBE<\/strong> Communaut\u00e9 rurale de Beaubassin-est<br \/>\n[\/et_pb_text][\/et_pb_column][\/et_pb_row][et_pb_row _builder_version=\u00a0\u00bb3.25&Prime; background_size=\u00a0\u00bbinitial\u00a0\u00bb background_position=\u00a0\u00bbtop_left\u00a0\u00bb background_repeat=\u00a0\u00bbrepeat\u00a0\u00bb][et_pb_column type=\u00a0\u00bb4_4&Prime; _builder_version=\u00a0\u00bb3.25&Prime; custom_padding=\u00a0\u00bb|||\u00a0\u00bb custom_padding__hover=\u00a0\u00bb|||\u00a0\u00bb][et_pb_text _builder_version=\u00a0\u00bb3.27.4&Prime;]<\/p>\n<div id=\"tablepress-17-scroll-wrapper\" class=\"tablepress-scroll-wrapper\">\n\n<table id=\"tablepress-17\" class=\"tablepress tablepress-id-17 tablepress-responsive\">\n<thead>\n<tr class=\"row-1\">\n\t<th class=\"column-1\">Actions<\/th><th class=\"column-2\">Cat\u00e9gorie<\/th><th class=\"column-3\">Mandat<\/th><th class=\"column-4\">Facile \u00e0 faire<\/th><th class=\"column-5\">Grand impact<\/th><th class=\"column-6\">Actif<\/th><th class=\"column-7\">\u00c9ch\u00e9ancier<\/th><th class=\"column-8\">Progr\u00e8s<\/th>\n<\/tr>\n<\/thead>\n<tbody class=\"row-striping row-hover\">\n<tr class=\"row-2\">\n\t<td class=\"column-1\">Construire des maisons pour les oiseaux<\/td><td class=\"column-2\">Action<\/td><td class=\"column-3\"><\/td><td class=\"column-4\"><img loading=\"lazy\" decoding=\"async\" src=\"https:\/\/ecovision2025.ca\/wp-content\/uploads\/2018\/02\/Nature_Blue.png\" alt=\"\" width=\"25\" height=\"25\" class=\"center size-full wp-image-159\" srcset=\"https:\/\/ecovision2025.ca\/wp-content\/uploads\/2018\/02\/Nature_Blue.png 200w, https:\/\/ecovision2025.ca\/wp-content\/uploads\/2018\/02\/Nature_Blue-150x150.png 150w\" sizes=\"auto, (max-width: 25px) 100vw, 25px\" \/><\/td><td class=\"column-5\"><\/td><td class=\"column-6\">ABVBS<br \/>\nVision H2O<\/td><td class=\"column-7\">en cours<br \/>\nen cours<\/td><td class=\"column-8\">en cours<br \/>\ncompl\u00e9t\u00e9<\/td>\n<\/tr>\n<tr class=\"row-3\">\n\t<td class=\"column-1\">D\u00e9velopper une strat\u00e9gie \u00e0 long terme pour les Sternes Pierregarin dans la Baie de Sh\u00e9diac qui pourrait inclure un site de nidification permanent<\/td><td class=\"column-2\">Plan<\/td><td class=\"column-3\">GC - CWS<\/td><td class=\"column-4\"><img loading=\"lazy\" decoding=\"async\" src=\"https:\/\/ecovision2025.ca\/wp-content\/uploads\/2018\/02\/Nature_Blue.png\" alt=\"\" width=\"25\" height=\"25\" class=\"center size-full wp-image-159\" srcset=\"https:\/\/ecovision2025.ca\/wp-content\/uploads\/2018\/02\/Nature_Blue.png 200w, https:\/\/ecovision2025.ca\/wp-content\/uploads\/2018\/02\/Nature_Blue-150x150.png 150w\" sizes=\"auto, (max-width: 25px) 100vw, 25px\" \/><\/td><td class=\"column-5\"><img loading=\"lazy\" decoding=\"async\" src=\"https:\/\/ecovision2025.ca\/wp-content\/uploads\/2018\/02\/Nature_Blue.png\" alt=\"\" width=\"25\" height=\"25\" class=\"center size-full wp-image-159\" srcset=\"https:\/\/ecovision2025.ca\/wp-content\/uploads\/2018\/02\/Nature_Blue.png 200w, https:\/\/ecovision2025.ca\/wp-content\/uploads\/2018\/02\/Nature_Blue-150x150.png 150w\" sizes=\"auto, (max-width: 25px) 100vw, 25px\" \/><\/td><td class=\"column-6\">ABVBS<br \/>\n<\/td><td class=\"column-7\">en cours<\/td><td class=\"column-8\">en cours<\/td>\n<\/tr>\n<tr class=\"row-4\">\n\t<td class=\"column-1\">D\u00e9velopper un parc naturel sur l\u2019\u00cele de Sh\u00e9diac<\/td><td class=\"column-2\">Action<\/td><td class=\"column-3\"><\/td><td class=\"column-4\"><\/td><td class=\"column-5\"><img loading=\"lazy\" decoding=\"async\" src=\"https:\/\/ecovision2025.ca\/wp-content\/uploads\/2018\/02\/Nature_Blue.png\" alt=\"\" width=\"25\" height=\"25\" class=\"center size-full wp-image-159\" srcset=\"https:\/\/ecovision2025.ca\/wp-content\/uploads\/2018\/02\/Nature_Blue.png 200w, https:\/\/ecovision2025.ca\/wp-content\/uploads\/2018\/02\/Nature_Blue-150x150.png 150w\" sizes=\"auto, (max-width: 25px) 100vw, 25px\" \/><\/td><td class=\"column-6\">Conservation de la nature<\/td><td class=\"column-7\">en cours<\/td><td class=\"column-8\">en cours<\/td>\n<\/tr>\n<tr class=\"row-5\">\n\t<td class=\"column-1\">Identifier &amp; \u00e9tablir des corridors verts dans et entre les communaut\u00e9s\u00a0\u00a0<\/td><td class=\"column-2\">R\u00e9glementation<\/td><td class=\"column-3\">GM,CSRSE<\/td><td class=\"column-4\"><img loading=\"lazy\" decoding=\"async\" src=\"https:\/\/ecovision2025.ca\/wp-content\/uploads\/2018\/02\/Nature_Blue.png\" alt=\"\" width=\"25\" height=\"25\" class=\"center size-full wp-image-159\" srcset=\"https:\/\/ecovision2025.ca\/wp-content\/uploads\/2018\/02\/Nature_Blue.png 200w, https:\/\/ecovision2025.ca\/wp-content\/uploads\/2018\/02\/Nature_Blue-150x150.png 150w\" sizes=\"auto, (max-width: 25px) 100vw, 25px\" \/><\/td><td class=\"column-5\"><img loading=\"lazy\" decoding=\"async\" src=\"https:\/\/ecovision2025.ca\/wp-content\/uploads\/2018\/02\/Nature_Blue.png\" alt=\"\" width=\"25\" height=\"25\" class=\"center size-full wp-image-159\" srcset=\"https:\/\/ecovision2025.ca\/wp-content\/uploads\/2018\/02\/Nature_Blue.png 200w, https:\/\/ecovision2025.ca\/wp-content\/uploads\/2018\/02\/Nature_Blue-150x150.png 150w\" sizes=\"auto, (max-width: 25px) 100vw, 25px\" \/><\/td><td class=\"column-6\">SERSC<\/td><td class=\"column-7\">en cours<\/td><td class=\"column-8\">en cours<\/td>\n<\/tr>\n<tr class=\"row-6\">\n\t<td class=\"column-1\">Impl\u00e9menter un programme pour planter des arbres indig\u00e8nes pour la biodiversit\u00e9<\/td><td class=\"column-2\">Action<\/td><td class=\"column-3\">GM, ABVBS<\/td><td class=\"column-4\"><img loading=\"lazy\" decoding=\"async\" src=\"https:\/\/ecovision2025.ca\/wp-content\/uploads\/2018\/02\/Nature_Blue.png\" alt=\"\" width=\"25\" height=\"25\" class=\"center size-full wp-image-159\" srcset=\"https:\/\/ecovision2025.ca\/wp-content\/uploads\/2018\/02\/Nature_Blue.png 200w, https:\/\/ecovision2025.ca\/wp-content\/uploads\/2018\/02\/Nature_Blue-150x150.png 150w\" sizes=\"auto, (max-width: 25px) 100vw, 25px\" \/><\/td><td class=\"column-5\"><\/td><td class=\"column-6\">Shediac<br \/>\nBeaubassin-est<br \/>\nCap-Acadie<\/td><td class=\"column-7\">en cours<\/td><td class=\"column-8\">en cours<br \/>\ncompl\u00e9t\u00e9<\/td>\n<\/tr>\n<tr class=\"row-7\">\n\t<td class=\"column-1\">Offrir des routes pour les VTT qui sont construites avec la protection des terres humides et des cours d\u2019eau en t\u00eate<\/td><td class=\"column-2\">Action<\/td><td class=\"column-3\"><\/td><td class=\"column-4\"><img loading=\"lazy\" decoding=\"async\" src=\"https:\/\/ecovision2025.ca\/wp-content\/uploads\/2018\/02\/Nature_Blue.png\" alt=\"\" width=\"25\" height=\"25\" class=\"center size-full wp-image-159\" srcset=\"https:\/\/ecovision2025.ca\/wp-content\/uploads\/2018\/02\/Nature_Blue.png 200w, https:\/\/ecovision2025.ca\/wp-content\/uploads\/2018\/02\/Nature_Blue-150x150.png 150w\" sizes=\"auto, (max-width: 25px) 100vw, 25px\" \/><\/td><td class=\"column-5\"><img loading=\"lazy\" decoding=\"async\" src=\"https:\/\/ecovision2025.ca\/wp-content\/uploads\/2018\/02\/Nature_Blue.png\" alt=\"\" width=\"25\" height=\"25\" class=\"center size-full wp-image-159\" srcset=\"https:\/\/ecovision2025.ca\/wp-content\/uploads\/2018\/02\/Nature_Blue.png 200w, https:\/\/ecovision2025.ca\/wp-content\/uploads\/2018\/02\/Nature_Blue-150x150.png 150w\" sizes=\"auto, (max-width: 25px) 100vw, 25px\" \/><\/td><td class=\"column-6\">ABVBS<br \/>\n<\/td><td class=\"column-7\">en cours<\/td><td class=\"column-8\">en cours<\/td>\n<\/tr>\n<tr class=\"row-8\">\n\t<td class=\"column-1\">R\u00e9habiliter les terres humides qui ont subi des impacts n\u00e9gatifs<\/td><td class=\"column-2\">Action<\/td><td class=\"column-3\"><\/td><td class=\"column-4\"><\/td><td class=\"column-5\"><img loading=\"lazy\" decoding=\"async\" src=\"https:\/\/ecovision2025.ca\/wp-content\/uploads\/2018\/02\/Nature_Blue.png\" alt=\"\" width=\"25\" height=\"25\" class=\"center size-full wp-image-159\" srcset=\"https:\/\/ecovision2025.ca\/wp-content\/uploads\/2018\/02\/Nature_Blue.png 200w, https:\/\/ecovision2025.ca\/wp-content\/uploads\/2018\/02\/Nature_Blue-150x150.png 150w\" sizes=\"auto, (max-width: 25px) 100vw, 25px\" \/><\/td><td class=\"column-6\">Universit\u00e9 de Moncton<\/td><td class=\"column-7\"><\/td><td class=\"column-8\"><\/td>\n<\/tr>\n<tr class=\"row-9\">\n\t<td class=\"column-1\">Rem\u00e9dier des carri\u00e8res, tourbi\u00e8res min\u00e9es, r\u00e9habiliter, cr\u00e9er de l\u2019habitat (exemple: \u00e9tang, zones humides comme habitat)<\/td><td class=\"column-2\">Action<\/td><td class=\"column-3\"><\/td><td class=\"column-4\"><\/td><td class=\"column-5\"><img loading=\"lazy\" decoding=\"async\" src=\"https:\/\/ecovision2025.ca\/wp-content\/uploads\/2018\/02\/Nature_Blue.png\" alt=\"\" width=\"25\" height=\"25\" class=\"center size-full wp-image-159\" srcset=\"https:\/\/ecovision2025.ca\/wp-content\/uploads\/2018\/02\/Nature_Blue.png 200w, https:\/\/ecovision2025.ca\/wp-content\/uploads\/2018\/02\/Nature_Blue-150x150.png 150w\" sizes=\"auto, (max-width: 25px) 100vw, 25px\" \/><\/td><td class=\"column-6\"><\/td><td class=\"column-7\"><\/td><td class=\"column-8\"><\/td>\n<\/tr>\n<tr class=\"row-10\">\n\t<td class=\"column-1\">Identifier les barri\u00e8res dans les cours d\u2019eau et y rem\u00e9dier si n\u00e9cessaire.<\/td><td class=\"column-2\">Action<\/td><td class=\"column-3\"><\/td><td class=\"column-4\"><img loading=\"lazy\" decoding=\"async\" src=\"https:\/\/ecovision2025.ca\/wp-content\/uploads\/2018\/02\/Nature_Blue.png\" alt=\"\" width=\"25\" height=\"25\" class=\"center size-full wp-image-159\" srcset=\"https:\/\/ecovision2025.ca\/wp-content\/uploads\/2018\/02\/Nature_Blue.png 200w, https:\/\/ecovision2025.ca\/wp-content\/uploads\/2018\/02\/Nature_Blue-150x150.png 150w\" sizes=\"auto, (max-width: 25px) 100vw, 25px\" \/><\/td><td class=\"column-5\"><img loading=\"lazy\" decoding=\"async\" src=\"https:\/\/ecovision2025.ca\/wp-content\/uploads\/2018\/02\/Nature_Blue.png\" alt=\"\" width=\"25\" height=\"25\" class=\"center size-full wp-image-159\" srcset=\"https:\/\/ecovision2025.ca\/wp-content\/uploads\/2018\/02\/Nature_Blue.png 200w, https:\/\/ecovision2025.ca\/wp-content\/uploads\/2018\/02\/Nature_Blue-150x150.png 150w\" sizes=\"auto, (max-width: 25px) 100vw, 25px\" \/><\/td><td class=\"column-6\"><\/td><td class=\"column-7\"><\/td><td class=\"column-8\"><\/td>\n<\/tr>\n<tr class=\"row-11\">\n\t<td class=\"column-1\">Replanter les zones tampon le long des terres humides et des cours d\u2019eau<\/td><td class=\"column-2\">Action<\/td><td class=\"column-3\"><\/td><td class=\"column-4\"><img loading=\"lazy\" decoding=\"async\" src=\"https:\/\/ecovision2025.ca\/wp-content\/uploads\/2018\/02\/Nature_Blue.png\" alt=\"\" width=\"25\" height=\"25\" class=\"center size-full wp-image-159\" srcset=\"https:\/\/ecovision2025.ca\/wp-content\/uploads\/2018\/02\/Nature_Blue.png 200w, https:\/\/ecovision2025.ca\/wp-content\/uploads\/2018\/02\/Nature_Blue-150x150.png 150w\" sizes=\"auto, (max-width: 25px) 100vw, 25px\" \/><\/td><td class=\"column-5\"><img loading=\"lazy\" decoding=\"async\" src=\"https:\/\/ecovision2025.ca\/wp-content\/uploads\/2018\/02\/Nature_Blue.png\" alt=\"\" width=\"25\" height=\"25\" class=\"center size-full wp-image-159\" srcset=\"https:\/\/ecovision2025.ca\/wp-content\/uploads\/2018\/02\/Nature_Blue.png 200w, https:\/\/ecovision2025.ca\/wp-content\/uploads\/2018\/02\/Nature_Blue-150x150.png 150w\" sizes=\"auto, (max-width: 25px) 100vw, 25px\" \/><\/td><td class=\"column-6\">Vision H2O<br \/>\nABVBS<\/td><td class=\"column-7\">en-cours<\/td><td class=\"column-8\">en-cours<\/td>\n<\/tr>\n<tr class=\"row-12\">\n\t<td class=\"column-1\">Les cartes des terres humides doivent \u00eatre plus visibles et disponibles<\/td><td class=\"column-2\">Communication<\/td><td class=\"column-3\">GNB<\/td><td class=\"column-4\"><img loading=\"lazy\" decoding=\"async\" src=\"https:\/\/ecovision2025.ca\/wp-content\/uploads\/2018\/02\/Nature_Blue.png\" alt=\"\" width=\"25\" height=\"25\" class=\"center size-full wp-image-159\" srcset=\"https:\/\/ecovision2025.ca\/wp-content\/uploads\/2018\/02\/Nature_Blue.png 200w, https:\/\/ecovision2025.ca\/wp-content\/uploads\/2018\/02\/Nature_Blue-150x150.png 150w\" sizes=\"auto, (max-width: 25px) 100vw, 25px\" \/><\/td><td class=\"column-5\"><img loading=\"lazy\" decoding=\"async\" src=\"https:\/\/ecovision2025.ca\/wp-content\/uploads\/2018\/02\/Nature_Blue.png\" alt=\"\" width=\"25\" height=\"25\" class=\"center size-full wp-image-159\" srcset=\"https:\/\/ecovision2025.ca\/wp-content\/uploads\/2018\/02\/Nature_Blue.png 200w, https:\/\/ecovision2025.ca\/wp-content\/uploads\/2018\/02\/Nature_Blue-150x150.png 150w\" sizes=\"auto, (max-width: 25px) 100vw, 25px\" \/><\/td><td class=\"column-6\"><\/td><td class=\"column-7\">compl\u00e9t\u00e9<\/td><td class=\"column-8\">compl\u00e9t\u00e9<\/td>\n<\/tr>\n<tr class=\"row-13\">\n\t<td class=\"column-1\">Mettre pleinement en \u0153uvre la politique de protection des c\u00f4tes de 2002.<\/td><td class=\"column-2\">R\u00e9glementation<\/td><td class=\"column-3\">GNB<\/td><td class=\"column-4\"><\/td><td class=\"column-5\"><\/td><td class=\"column-6\"><\/td><td class=\"column-7\"><\/td><td class=\"column-8\"><\/td>\n<\/tr>\n<tr class=\"row-14\">\n\t<td class=\"column-1\">Impl\u00e9menter des r\u00e8glements et du zonage qui encourage les d\u00e9veloppeurs de maintenir autant d\u2019arbres que possible<\/td><td class=\"column-2\">R\u00e9glementation<\/td><td class=\"column-3\">CSRSE, GM<\/td><td class=\"column-4\"><img loading=\"lazy\" decoding=\"async\" src=\"https:\/\/ecovision2025.ca\/wp-content\/uploads\/2018\/02\/Nature_Blue.png\" alt=\"\" width=\"25\" height=\"25\" class=\"center size-full wp-image-159\" srcset=\"https:\/\/ecovision2025.ca\/wp-content\/uploads\/2018\/02\/Nature_Blue.png 200w, https:\/\/ecovision2025.ca\/wp-content\/uploads\/2018\/02\/Nature_Blue-150x150.png 150w\" sizes=\"auto, (max-width: 25px) 100vw, 25px\" \/><\/td><td class=\"column-5\"><img loading=\"lazy\" decoding=\"async\" src=\"https:\/\/ecovision2025.ca\/wp-content\/uploads\/2018\/02\/Nature_Blue.png\" alt=\"\" width=\"25\" height=\"25\" class=\"center size-full wp-image-159\" srcset=\"https:\/\/ecovision2025.ca\/wp-content\/uploads\/2018\/02\/Nature_Blue.png 200w, https:\/\/ecovision2025.ca\/wp-content\/uploads\/2018\/02\/Nature_Blue-150x150.png 150w\" sizes=\"auto, (max-width: 25px) 100vw, 25px\" \/><\/td><td class=\"column-6\">SERSC<\/td><td class=\"column-7\">en cours<\/td><td class=\"column-8\">en cours<\/td>\n<\/tr>\n<tr class=\"row-15\">\n\t<td class=\"column-1\">Augmenter les espaces prot\u00e9g\u00e9s le long des c\u00f4tes, utiliser le plan de zonage<\/td><td class=\"column-2\">R\u00e9glementation<\/td><td class=\"column-3\">CSRSE, GM<\/td><td class=\"column-4\"><\/td><td class=\"column-5\"><img loading=\"lazy\" decoding=\"async\" src=\"https:\/\/ecovision2025.ca\/wp-content\/uploads\/2018\/02\/Nature_Blue.png\" alt=\"\" width=\"25\" height=\"25\" class=\"center size-full wp-image-159\" srcset=\"https:\/\/ecovision2025.ca\/wp-content\/uploads\/2018\/02\/Nature_Blue.png 200w, https:\/\/ecovision2025.ca\/wp-content\/uploads\/2018\/02\/Nature_Blue-150x150.png 150w\" sizes=\"auto, (max-width: 25px) 100vw, 25px\" \/><\/td><td class=\"column-6\">SERSC<\/td><td class=\"column-7\">en cours<\/td><td class=\"column-8\">en cours<\/td>\n<\/tr>\n<tr class=\"row-16\">\n\t<td class=\"column-1\">\u00c9duquer sur les impacts des brise-lames et des solutions d'infrastructures naturelles (rivages vivants).<\/td><td class=\"column-2\">R\u00e9glementation<\/td><td class=\"column-3\">GC- DFO<\/td><td class=\"column-4\">NA<\/td><td class=\"column-5\">NA<\/td><td class=\"column-6\">ABVBS<br \/>\nVision H2O<\/td><td class=\"column-7\">en cours<\/td><td class=\"column-8\">en cours<\/td>\n<\/tr>\n<tr class=\"row-17\">\n\t<td class=\"column-1\">Faire l\u2019inventaire des esp\u00e8ces dans les r\u00e9gions c\u00f4ti\u00e8res (qu\u2019y a t-il?)<\/td><td class=\"column-2\">Recherches<\/td><td class=\"column-3\">ABVBS, Vision H2O<\/td><td class=\"column-4\"><img loading=\"lazy\" decoding=\"async\" src=\"https:\/\/ecovision2025.ca\/wp-content\/uploads\/2018\/02\/Nature_Blue.png\" alt=\"\" width=\"25\" height=\"25\" class=\"center size-full wp-image-159\" srcset=\"https:\/\/ecovision2025.ca\/wp-content\/uploads\/2018\/02\/Nature_Blue.png 200w, https:\/\/ecovision2025.ca\/wp-content\/uploads\/2018\/02\/Nature_Blue-150x150.png 150w\" sizes=\"auto, (max-width: 25px) 100vw, 25px\" \/><\/td><td class=\"column-5\"><\/td><td class=\"column-6\">ABVBS<br \/>\nVision H2O<\/td><td class=\"column-7\">en-cours<\/td><td class=\"column-8\">compl\u00e9t\u00e9<\/td>\n<\/tr>\n<tr class=\"row-18\">\n\t<td class=\"column-1\">Faire l\u2019inventaire de sites qui sont sensibles \u00e0 l\u2019\u00e9rosion<\/td><td class=\"column-2\">Recherches<\/td><td class=\"column-3\"><\/td><td class=\"column-4\"><img loading=\"lazy\" decoding=\"async\" src=\"https:\/\/ecovision2025.ca\/wp-content\/uploads\/2018\/02\/Nature_Blue.png\" alt=\"\" width=\"25\" height=\"25\" class=\"center size-full wp-image-159\" srcset=\"https:\/\/ecovision2025.ca\/wp-content\/uploads\/2018\/02\/Nature_Blue.png 200w, https:\/\/ecovision2025.ca\/wp-content\/uploads\/2018\/02\/Nature_Blue-150x150.png 150w\" sizes=\"auto, (max-width: 25px) 100vw, 25px\" \/><\/td><td class=\"column-5\"><\/td><td class=\"column-6\"><\/td><td class=\"column-7\"><\/td><td class=\"column-8\"><\/td>\n<\/tr>\n<tr class=\"row-19\">\n\t<td class=\"column-1\">Restauration des r\u00e9cifs d\u2019hu\u00eetres<\/td><td class=\"column-2\">Action<\/td><td class=\"column-3\">ABVBS<\/td><td class=\"column-4\"><\/td><td class=\"column-5\"><\/td><td class=\"column-6\">ABVBS<br \/>\n<\/td><td class=\"column-7\">en cours<\/td><td class=\"column-8\">en cours<\/td>\n<\/tr>\n<tr class=\"row-20\">\n\t<td class=\"column-1\">Mettre en \u0153uvre le Centre d'excellence pour les terres humides de Canards Illimit\u00e9s avec une \u00e9cole secondaire \u00e0 Shediac.<\/td><td class=\"column-2\">Action<\/td><td class=\"column-3\">ABVBS<\/td><td class=\"column-4\"><\/td><td class=\"column-5\"><\/td><td class=\"column-6\"><\/td><td class=\"column-7\">en cours<\/td><td class=\"column-8\">en cours<\/td>\n<\/tr>\n<\/tbody>\n<\/table>\n\n<\/div><!-- #tablepress-17 from cache -->\n<p>[\/et_pb_text][\/et_pb_column][\/et_pb_row][\/et_pb_section]<\/p>\n","protected":false},"excerpt":{"rendered":"<p>La nature \u2013 Actions Nous reconnaissons qu\u2019il y a des actions sous les autres th\u00e8mes qui ont un lien \u00e0 la nature, et les actions ci-dessous sont elles-m\u00eames li\u00e9es \u00e0 plusieurs autres th\u00e8mes. Cette liste fut compil\u00e9e par l\u2019entremise d\u2019un processus d\u2019engagement de huit mois, sans avoir omis quoi que ce soit. Les actions sont [&hellip;]<\/p>\n","protected":false},"author":6,"featured_media":0,"parent":1120,"menu_order":0,"comment_status":"closed","ping_status":"closed","template":"","meta":{"_et_pb_use_builder":"on","_et_pb_old_content":"","_et_gb_content_width":"","footnotes":""},"class_list":["post-1127","page","type-page","status-publish","hentry"],"_links":{"self":[{"href":"https:\/\/ecovision2025.ca\/fr\/wp-json\/wp\/v2\/pages\/1127","targetHints":{"allow":["GET"]}}],"collection":[{"href":"https:\/\/ecovision2025.ca\/fr\/wp-json\/wp\/v2\/pages"}],"about":[{"href":"https:\/\/ecovision2025.ca\/fr\/wp-json\/wp\/v2\/types\/page"}],"author":[{"embeddable":true,"href":"https:\/\/ecovision2025.ca\/fr\/wp-json\/wp\/v2\/users\/6"}],"replies":[{"embeddable":true,"href":"https:\/\/ecovision2025.ca\/fr\/wp-json\/wp\/v2\/comments?post=1127"}],"version-history":[{"count":5,"href":"https:\/\/ecovision2025.ca\/fr\/wp-json\/wp\/v2\/pages\/1127\/revisions"}],"predecessor-version":[{"id":2373,"href":"https:\/\/ecovision2025.ca\/fr\/wp-json\/wp\/v2\/pages\/1127\/revisions\/2373"}],"up":[{"embeddable":true,"href":"https:\/\/ecovision2025.ca\/fr\/wp-json\/wp\/v2\/pages\/1120"}],"wp:attachment":[{"href":"https:\/\/ecovision2025.ca\/fr\/wp-json\/wp\/v2\/media?parent=1127"}],"curies":[{"name":"wp","href":"https:\/\/api.w.org\/{rel}","templated":true}]}}