{"id":1120,"date":"2018-05-14T20:10:04","date_gmt":"2018-05-14T20:10:04","guid":{"rendered":"https:\/\/ecovision2025.ca\/nature\/"},"modified":"2023-11-02T11:54:39","modified_gmt":"2023-11-02T14:54:39","slug":"nature","status":"publish","type":"page","link":"https:\/\/ecovision2025.ca\/fr\/nature\/","title":{"rendered":"Nature"},"content":{"rendered":"<p>[et_pb_section fb_built=\u00a0\u00bb1&Prime; _builder_version=\u00a0\u00bb4.16&Prime; global_colors_info=\u00a0\u00bb{}\u00a0\u00bb][et_pb_row column_structure=\u00a0\u00bb1_4,1_2,1_4&Prime; _builder_version=\u00a0\u00bb4.16&Prime; background_size=\u00a0\u00bbinitial\u00a0\u00bb background_position=\u00a0\u00bbtop_left\u00a0\u00bb background_repeat=\u00a0\u00bbrepeat\u00a0\u00bb global_colors_info=\u00a0\u00bb{}\u00a0\u00bb][et_pb_column type=\u00a0\u00bb1_4&Prime; _builder_version=\u00a0\u00bb4.16&Prime; custom_padding=\u00a0\u00bb|||\u00a0\u00bb global_colors_info=\u00a0\u00bb{}\u00a0\u00bb custom_padding__hover=\u00a0\u00bb|||\u00a0\u00bb][et_pb_blurb _builder_version=\u00a0\u00bb4.16&Prime; header_font=\u00a0\u00bb|600|||||||\u00a0\u00bb header_text_align=\u00a0\u00bbcenter\u00a0\u00bb text_orientation=\u00a0\u00bbcenter\u00a0\u00bb global_colors_info=\u00a0\u00bb{}\u00a0\u00bb]<a href=\"https:\/\/ecovision2025.ca\/fr\/nature\/nature-actions\/\"><img loading=\"lazy\" decoding=\"async\" class=\"aligncenter wp-image-159\" src=\"https:\/\/ecovision2025.ca\/wp-content\/uploads\/2018\/02\/Nature_Blue.png\" alt=\"Nature\" width=\"75\" height=\"75\" srcset=\"https:\/\/ecovision2025.ca\/wp-content\/uploads\/2018\/02\/Nature_Blue.png 200w, https:\/\/ecovision2025.ca\/wp-content\/uploads\/2018\/02\/Nature_Blue-150x150.png 150w\" sizes=\"auto, (max-width: 75px) 100vw, 75px\" \/><\/a><\/p>\n<p style=\"text-align: center;\"><a href=\"https:\/\/ecovision2025.ca\/fr\/nature\/nature-actions\/\" rel=\"noopener\"><strong>ACTIONS<\/strong><br \/>\n<\/a>Requises afin de conserver et d\u2019am\u00e9liorer l\u2019environnement naturel et d\u2019assurer que nos syst\u00e8mes naturels soient sains et r\u00e9silients, et afin de restaurer et de prot\u00e9ger nos syst\u00e8mes naturels.<\/p>\n<p>[\/et_pb_blurb][et_pb_blurb _builder_version=\u00a0\u00bb4.16&Prime; header_font=\u00a0\u00bb|600|||||||\u00a0\u00bb header_text_align=\u00a0\u00bbcenter\u00a0\u00bb text_orientation=\u00a0\u00bbcenter\u00a0\u00bb global_colors_info=\u00a0\u00bb{}\u00a0\u00bb]<\/p>\n<p style=\"text-align: center;\"><a href=\"https:\/\/ecovision2025.ca\/fr\/nature\/nature-vous\/\" rel=\"noopener\"><strong>CE QUE VOUS POUVEZ FAIRE<\/strong><br \/>\n<\/a>Pour aider la nature.<\/p>\n<p>[\/et_pb_blurb][et_pb_blurb _builder_version=\u00a0\u00bb4.16&Prime; header_font=\u00a0\u00bb|600|||||||\u00a0\u00bb header_text_align=\u00a0\u00bbcenter\u00a0\u00bb text_orientation=\u00a0\u00bbcenter\u00a0\u00bb global_colors_info=\u00a0\u00bb{}\u00a0\u00bb]<\/p>\n<p style=\"text-align: center;\"><a href=\"https:\/\/ecovision2025.ca\/fr\/nature\/nature-en-profondeur\/\" rel=\"noopener\"><strong>EN PROFONDEUR<br \/>\n<\/strong><\/a>Cela vous permettra d\u2019explorer des sites web et de l\u2019information au sujet du th\u00e8me.<\/p>\n<p>[\/et_pb_blurb][\/et_pb_column][et_pb_column type=\u00a0\u00bb1_2&Prime; _builder_version=\u00a0\u00bb4.16&Prime; custom_padding=\u00a0\u00bb|||\u00a0\u00bb global_colors_info=\u00a0\u00bb{}\u00a0\u00bb custom_padding__hover=\u00a0\u00bb|||\u00a0\u00bb][et_pb_image src=\u00a0\u00bbhttps:\/\/ecovision2025.ca\/wp-content\/uploads\/2018\/05\/Beach_2.jpg\u00a0\u00bb align_tablet=\u00a0\u00bbcenter\u00a0\u00bb align_phone=\u00a0\u00bb\u00a0\u00bb align_last_edited=\u00a0\u00bbon|desktop\u00a0\u00bb _builder_version=\u00a0\u00bb4.16&Prime; always_center_on_mobile=\u00a0\u00bbon\u00a0\u00bb global_colors_info=\u00a0\u00bb{}\u00a0\u00bb][\/et_pb_image][et_pb_text _builder_version=\u00a0\u00bb4.16&Prime; global_colors_info=\u00a0\u00bb{}\u00a0\u00bb]<\/p>\n<h2>La nature<\/h2>\n<p>Des syst\u00e8mes naturels sains sont essentiels \u00e0 notre sant\u00e9, puisqu\u2019ils offrent des services tels que la purification de l\u2019eau (ex. terres humides), des ressources (ex. poissons), le contr\u00f4le de l\u2019\u00e9rosion (ex. terres humides) ou le stockage de carbone (ex. for\u00eats). Dans notre r\u00e9gion, le d\u00e9veloppement a eu un tel impact sur la nature que, dans certaines parties de la r\u00e9gion, les rivages naturels n\u2019existent plus. Toutefois, les gens viennent dans notre r\u00e9gion pour profiter de nos plages et de nos c\u00f4tes. Nous devons conserver et am\u00e9liorer l\u2019environnement naturel et s\u2019assurer que nos syst\u00e8mes naturels demeurent en sant\u00e9 et r\u00e9silients.<\/p>\n<p>Les d\u00e9fis suivants furent identifi\u00e9s par les participants au d\u00e9veloppement de la Strat\u00e9gie Verte en 2017 et 2018\u00a0:<\/p>\n<ul>\n<li>Plusieurs terres humides de la r\u00e9gion ont \u00e9t\u00e9 remplies, celles qui existent ne sont pas bien prot\u00e9g\u00e9es, les zones tampon pour les terres humides ne suffisent pas, et les permis pour modifier des terres humides sont trop facilement obtenus;<\/li>\n<li>Le contr\u00f4le de l\u2019\u00e9rosion (avec le placement de grosses roches le long des c\u00f4tes) affecte et d\u00e9truit les habitats c\u00f4tiers et il n\u2019y a pas de direction claire sur quelles mesures sont utiles et clles qui ne le sont pas;<\/li>\n<li>Un nombre d\u2019activit\u00e9s causent des dommages aux cours d\u2019eau et aux c\u00f4tes, surtout lorsque les v\u00e9hicules sont permis dans les zones sensibles. Ces activit\u00e9s augmentent \u00e9galement la s\u00e9dimentation qui peut nuire aux habitats des poissons.<\/li>\n<li>Les coupes \u00e0 blanc et l\u2019utilisation d\u2019arbres inappropri\u00e9s dans la sylviculture, l\u2019expansion de carri\u00e8res de gravier, le manque de pollinisateurs et l\u2019augmentation en esp\u00e8ces envahissantes;<\/li>\n<li>Un manque de corridors pour la faune, qui sont essentiels au mouvement continu et \u00e0 la survie des esp\u00e8ces.<\/li>\n<\/ul>\n<p>Plusieurs actions furent pr\u00e9sent\u00e9es par des membres de la communaut\u00e9 qui pourraient aider \u00e0 adresser ces inqui\u00e9tudes. Jetez un coup d\u2019\u0153il au c\u00f4t\u00e9 gauche de l\u2019\u00e9cran sous \u00abActions\u00bb. Si vous \u00eates \u00e0 la recherche de choses que vous pouvez faire, jetez un coup d\u2019\u0153il \u00e0 \u00abCe que vous pouvez faire\u00bb. Si vous voulez savoir qui travaille d\u00e9j\u00e0 sur ces probl\u00e8mes, jetez un coup d\u2019\u0153il \u00e0 \u00abEn profondeur\u00bb.<br \/>\n[\/et_pb_text][\/et_pb_column][et_pb_column type=\u00a0\u00bb1_4&Prime; _builder_version=\u00a0\u00bb4.16&Prime; custom_padding=\u00a0\u00bb|||\u00a0\u00bb global_colors_info=\u00a0\u00bb{}\u00a0\u00bb custom_padding__hover=\u00a0\u00bb|||\u00a0\u00bb][et_pb_text _builder_version=\u00a0\u00bb4.22.1&Prime; hover_enabled=\u00a0\u00bb0&Prime; global_colors_info=\u00a0\u00bb{}\u00a0\u00bb sticky_enabled=\u00a0\u00bb0&Prime;]<\/p>\n<p style=\"text-align: center;\"><strong>Qui est actif sur ce dossier?<\/strong><\/p>\n<p style=\"text-align: center;\"><a href=\"http:\/\/www.natureconservancy.ca\/en\/\"><img loading=\"lazy\" decoding=\"async\" class=\"aligncenter wp-image-589\" src=\"https:\/\/ecovision2025.ca\/wp-content\/uploads\/2018\/05\/Nature_Conservancy_logo.jpg\" alt=\"\" width=\"100\" height=\"31\" \/><\/a><\/p>\n<p style=\"text-align: center;\"><img loading=\"lazy\" decoding=\"async\" src=\"https:\/\/ecovision2025.ca\/wp-content\/uploads\/2023\/11\/VH2O-300x90.jpg\" width=\"127\" height=\"38\" alt=\"\" class=\"wp-image-3570 alignnone size-medium\" \/><\/p>\n<p style=\"text-align: center;\"><a href=\"http:\/\/www.shediacbayassociation.org\/\"><img loading=\"lazy\" decoding=\"async\" class=\"aligncenter wp-image-463\" src=\"https:\/\/ecovision2025.ca\/wp-content\/uploads\/2018\/05\/SBWA_logo.png\" alt=\"SBWA\" width=\"100\" height=\"79\" srcset=\"https:\/\/ecovision2025.ca\/wp-content\/uploads\/2018\/05\/SBWA_logo.png 400w, https:\/\/ecovision2025.ca\/wp-content\/uploads\/2018\/05\/SBWA_logo-300x237.png 300w\" sizes=\"auto, (max-width: 100px) 100vw, 100px\" \/><\/a><\/p>\n<p style=\"text-align: center;\"><a href=\"http:\/\/www.birdscanada.org\/index.jsp\"><img loading=\"lazy\" decoding=\"async\" class=\"aligncenter wp-image-592\" src=\"https:\/\/ecovision2025.ca\/wp-content\/uploads\/2018\/05\/BirdStudies_logo.jpg\" alt=\"Bird Studies Canada\" width=\"125\" height=\"30\" srcset=\"https:\/\/ecovision2025.ca\/wp-content\/uploads\/2018\/05\/BirdStudies_logo.jpg 360w, https:\/\/ecovision2025.ca\/wp-content\/uploads\/2018\/05\/BirdStudies_logo-300x71.jpg 300w\" sizes=\"auto, (max-width: 125px) 100vw, 125px\" \/><\/a><\/p>\n<p style=\"text-align: center;\"><img loading=\"lazy\" decoding=\"async\" src=\"https:\/\/ecovision2025.ca\/wp-content\/uploads\/2023\/11\/NatureNB_Logo-1-160x100-1.png\" width=\"130\" height=\"81\" alt=\"\" class=\"wp-image-3576 alignnone size-full\" \/><\/p>\n<p style=\"text-align: center;\"><img loading=\"lazy\" decoding=\"async\" class=\"aligncenter wp-image-594\" src=\"https:\/\/ecovision2025.ca\/wp-content\/uploads\/2018\/05\/CPAWS_logo.jpg\" alt=\"CPAWS\" width=\"125\" height=\"33\" srcset=\"https:\/\/ecovision2025.ca\/wp-content\/uploads\/2018\/05\/CPAWS_logo.jpg 400w, https:\/\/ecovision2025.ca\/wp-content\/uploads\/2018\/05\/CPAWS_logo-300x79.jpg 300w\" sizes=\"auto, (max-width: 125px) 100vw, 125px\" \/><\/p>\n<p style=\"text-align: center;\"><a href=\"http:\/\/www.ducks.ca\/\"><img loading=\"lazy\" decoding=\"async\" class=\"aligncenter wp-image-595\" src=\"https:\/\/ecovision2025.ca\/wp-content\/uploads\/2018\/05\/DucksUnlimited_logo.jpg\" alt=\"Ducks Unlimited\" width=\"100\" height=\"81\" srcset=\"https:\/\/ecovision2025.ca\/wp-content\/uploads\/2018\/05\/DucksUnlimited_logo.jpg 400w, https:\/\/ecovision2025.ca\/wp-content\/uploads\/2018\/05\/DucksUnlimited_logo-300x244.jpg 300w\" sizes=\"auto, (max-width: 100px) 100vw, 100px\" \/><\/a><\/p>\n<p style=\"text-align: center;\"><a href=\"http:\/\/www.nbse.ca\/\"><img loading=\"lazy\" decoding=\"async\" class=\"aligncenter wp-image-596\" src=\"https:\/\/ecovision2025.ca\/wp-content\/uploads\/2018\/05\/SRSC_logo.jpg\" alt=\"Southeast Regional Service Commission\" width=\"125\" height=\"38\" \/><\/a><\/p>\n<p>[\/et_pb_text][\/et_pb_column][\/et_pb_row][et_pb_row _builder_version=\u00a0\u00bb4.16&Prime; background_size=\u00a0\u00bbinitial\u00a0\u00bb background_position=\u00a0\u00bbtop_left\u00a0\u00bb background_repeat=\u00a0\u00bbrepeat\u00a0\u00bb global_colors_info=\u00a0\u00bb{}\u00a0\u00bb][\/et_pb_row][\/et_pb_section]<\/p>\n","protected":false},"excerpt":{"rendered":"<p>ACTIONS Requises afin de conserver et d\u2019am\u00e9liorer l\u2019environnement naturel et d\u2019assurer que nos syst\u00e8mes naturels soient sains et r\u00e9silients, et afin de restaurer et de prot\u00e9ger nos syst\u00e8mes naturels. CE QUE VOUS POUVEZ FAIRE Pour aider la nature. EN PROFONDEUR Cela vous permettra d\u2019explorer des sites web et de l\u2019information au sujet du th\u00e8me. La [&hellip;]<\/p>\n","protected":false},"author":6,"featured_media":0,"parent":0,"menu_order":0,"comment_status":"closed","ping_status":"closed","template":"","meta":{"_et_pb_use_builder":"on","_et_pb_old_content":"","_et_gb_content_width":"","footnotes":""},"class_list":["post-1120","page","type-page","status-publish","hentry"],"_links":{"self":[{"href":"https:\/\/ecovision2025.ca\/fr\/wp-json\/wp\/v2\/pages\/1120","targetHints":{"allow":["GET"]}}],"collection":[{"href":"https:\/\/ecovision2025.ca\/fr\/wp-json\/wp\/v2\/pages"}],"about":[{"href":"https:\/\/ecovision2025.ca\/fr\/wp-json\/wp\/v2\/types\/page"}],"author":[{"embeddable":true,"href":"https:\/\/ecovision2025.ca\/fr\/wp-json\/wp\/v2\/users\/6"}],"replies":[{"embeddable":true,"href":"https:\/\/ecovision2025.ca\/fr\/wp-json\/wp\/v2\/comments?post=1120"}],"version-history":[{"count":5,"href":"https:\/\/ecovision2025.ca\/fr\/wp-json\/wp\/v2\/pages\/1120\/revisions"}],"predecessor-version":[{"id":3608,"href":"https:\/\/ecovision2025.ca\/fr\/wp-json\/wp\/v2\/pages\/1120\/revisions\/3608"}],"wp:attachment":[{"href":"https:\/\/ecovision2025.ca\/fr\/wp-json\/wp\/v2\/media?parent=1120"}],"curies":[{"name":"wp","href":"https:\/\/api.w.org\/{rel}","templated":true}]}}