{"id":1116,"date":"2018-05-14T20:03:32","date_gmt":"2018-05-14T20:03:32","guid":{"rendered":"https:\/\/ecovision2025.ca\/transport\/transport-en-profondeur\/"},"modified":"2023-11-02T11:11:17","modified_gmt":"2023-11-02T14:11:17","slug":"transport-en-profondeur","status":"publish","type":"page","link":"https:\/\/ecovision2025.ca\/fr\/transport\/transport-en-profondeur\/","title":{"rendered":"Transport \u2013 en profondeur"},"content":{"rendered":"<p>[et_pb_section fb_built=\u00a0\u00bb1&Prime; _builder_version=\u00a0\u00bb4.16&Prime; global_colors_info=\u00a0\u00bb{}\u00a0\u00bb][et_pb_row _builder_version=\u00a0\u00bb4.16&Prime; background_size=\u00a0\u00bbinitial\u00a0\u00bb background_position=\u00a0\u00bbtop_left\u00a0\u00bb background_repeat=\u00a0\u00bbrepeat\u00a0\u00bb global_colors_info=\u00a0\u00bb{}\u00a0\u00bb column_structure=\u00a0\u00bb3_4,1_4&Prime;][et_pb_column type=\u00a0\u00bb3_4&Prime; _builder_version=\u00a0\u00bb4.16&Prime; custom_padding=\u00a0\u00bb|||\u00a0\u00bb global_colors_info=\u00a0\u00bb{}\u00a0\u00bb custom_padding__hover=\u00a0\u00bb|||\u00a0\u00bb][et_pb_text _builder_version=\u00a0\u00bb4.16&Prime; global_colors_info=\u00a0\u00bb{}\u00a0\u00bb]<\/p>\n<h2>Transport \u2013 en profondeur<\/h2>\n<p>Ci-dessous vous retrouverez des sites web et de l\u2019information li\u00e9e au transport. La liste n\u2019est pas exhaustive, mais c\u2019est pour vous aider \u00e0 commencer. Si vous trouvez quelque chose d\u2019int\u00e9ressant qui n\u2019est pas dans notre liste, veuillez nous laisser savoir et nous l\u2019ajouterons.<\/p>\n<p><span lang=\"EN-CA\">Programmes de v\u00e9hicules \u00e9lectriques de \u00c9nergie NB :<br \/><\/span><span lang=\"EN-CA\"><a href=\"https:\/\/www.nbpower.com\/fr\/products-services\/electric-vehicles\">https:\/\/www.nbpower.com\/fr\/products-services\/electric-vehicles<\/a><\/span><\/p>\n<p><span lang=\"EN-CA\">Strat\u00e9gie sur le transport inclusif au N.-B. 2017 :<br \/><\/span><span lang=\"EN-CA\"><a href=\"http:\/\/www2.gnb.ca\/content\/gnb\/fr\/ministeres\/sies\/nouvelles\/communique.2017.12.1583.html\">http:\/\/www2.gnb.ca\/content\/gnb\/fr\/ministeres\/sies\/nouvelles\/communique.2017.12.1583.html<\/a><\/span><span lang=\"EN-CA\"><\/span><\/p>\n<p><span lang=\"EN-CA\"><a href=\"http:\/\/climatechangeconnection.org\/solutions\/transportation\/\">Climate Change Connection \u2013 Transportation<\/a> (en anglais)<\/span><\/p>\n<p>[\/et_pb_text][\/et_pb_column][et_pb_column type=\u00a0\u00bb1_4&Prime; _builder_version=\u00a0\u00bb4.16&Prime; custom_padding=\u00a0\u00bb|||\u00a0\u00bb global_colors_info=\u00a0\u00bb{}\u00a0\u00bb custom_padding__hover=\u00a0\u00bb|||\u00a0\u00bb][\/et_pb_column][\/et_pb_row][\/et_pb_section]<\/p>\n","protected":false},"excerpt":{"rendered":"<p>Transport \u2013 en profondeur Ci-dessous vous retrouverez des sites web et de l\u2019information li\u00e9e au transport. La liste n\u2019est pas exhaustive, mais c\u2019est pour vous aider \u00e0 commencer. Si vous trouvez quelque chose d\u2019int\u00e9ressant qui n\u2019est pas dans notre liste, veuillez nous laisser savoir et nous l\u2019ajouterons. Programmes de v\u00e9hicules \u00e9lectriques de \u00c9nergie NB :https:\/\/www.nbpower.com\/fr\/products-services\/electric-vehicles [&hellip;]<\/p>\n","protected":false},"author":6,"featured_media":0,"parent":1106,"menu_order":0,"comment_status":"closed","ping_status":"closed","template":"","meta":{"_et_pb_use_builder":"on","_et_pb_old_content":"","_et_gb_content_width":"","footnotes":""},"class_list":["post-1116","page","type-page","status-publish","hentry"],"_links":{"self":[{"href":"https:\/\/ecovision2025.ca\/fr\/wp-json\/wp\/v2\/pages\/1116","targetHints":{"allow":["GET"]}}],"collection":[{"href":"https:\/\/ecovision2025.ca\/fr\/wp-json\/wp\/v2\/pages"}],"about":[{"href":"https:\/\/ecovision2025.ca\/fr\/wp-json\/wp\/v2\/types\/page"}],"author":[{"embeddable":true,"href":"https:\/\/ecovision2025.ca\/fr\/wp-json\/wp\/v2\/users\/6"}],"replies":[{"embeddable":true,"href":"https:\/\/ecovision2025.ca\/fr\/wp-json\/wp\/v2\/comments?post=1116"}],"version-history":[{"count":4,"href":"https:\/\/ecovision2025.ca\/fr\/wp-json\/wp\/v2\/pages\/1116\/revisions"}],"predecessor-version":[{"id":3584,"href":"https:\/\/ecovision2025.ca\/fr\/wp-json\/wp\/v2\/pages\/1116\/revisions\/3584"}],"up":[{"embeddable":true,"href":"https:\/\/ecovision2025.ca\/fr\/wp-json\/wp\/v2\/pages\/1106"}],"wp:attachment":[{"href":"https:\/\/ecovision2025.ca\/fr\/wp-json\/wp\/v2\/media?parent=1116"}],"curies":[{"name":"wp","href":"https:\/\/api.w.org\/{rel}","templated":true}]}}