{"id":1106,"date":"2018-05-14T20:01:28","date_gmt":"2018-05-14T20:01:28","guid":{"rendered":"https:\/\/ecovision2025.ca\/transport\/"},"modified":"2024-10-18T11:21:57","modified_gmt":"2024-10-18T14:21:57","slug":"transport","status":"publish","type":"page","link":"https:\/\/ecovision2025.ca\/fr\/transport\/","title":{"rendered":"Transport"},"content":{"rendered":"<p>[et_pb_section fb_built=\u00a0\u00bb1&Prime; _builder_version=\u00a0\u00bb4.16&Prime; global_colors_info=\u00a0\u00bb{}\u00a0\u00bb][et_pb_row column_structure=\u00a0\u00bb1_4,1_2,1_4&Prime; _builder_version=\u00a0\u00bb4.16&Prime; background_size=\u00a0\u00bbinitial\u00a0\u00bb background_position=\u00a0\u00bbtop_left\u00a0\u00bb background_repeat=\u00a0\u00bbrepeat\u00a0\u00bb global_colors_info=\u00a0\u00bb{}\u00a0\u00bb][et_pb_column type=\u00a0\u00bb1_4&Prime; _builder_version=\u00a0\u00bb4.16&Prime; custom_padding=\u00a0\u00bb|||\u00a0\u00bb global_colors_info=\u00a0\u00bb{}\u00a0\u00bb custom_padding__hover=\u00a0\u00bb|||\u00a0\u00bb][et_pb_blurb _builder_version=\u00a0\u00bb4.16&Prime; header_font=\u00a0\u00bb|600|||||||\u00a0\u00bb header_text_align=\u00a0\u00bbcenter\u00a0\u00bb text_orientation=\u00a0\u00bbcenter\u00a0\u00bb global_colors_info=\u00a0\u00bb{}\u00a0\u00bb]<a href=\"https:\/\/ecovision2025.ca\/fr\/transport\/transport-actions\/\"><img loading=\"lazy\" decoding=\"async\" class=\"aligncenter wp-image-160\" src=\"https:\/\/ecovision2025.ca\/wp-content\/uploads\/2018\/02\/Transportation_Blue.png\" alt=\"Transportation\" width=\"75\" height=\"75\" srcset=\"https:\/\/ecovision2025.ca\/wp-content\/uploads\/2018\/02\/Transportation_Blue.png 200w, https:\/\/ecovision2025.ca\/wp-content\/uploads\/2018\/02\/Transportation_Blue-150x150.png 150w\" sizes=\"auto, (max-width: 75px) 100vw, 75px\" \/><\/a><\/p>\n<p style=\"text-align: center;\"><a href=\"https:\/\/ecovision2025.ca\/fr\/transport\/transport-actions\/\" rel=\"noopener\"><strong>ACTIONS<\/strong><br \/>\n<\/a>Requises afin de mettre en \u0153uvre, de soutenir et de promouvoir des syst\u00e8mes de transport efficaces, actifs et partag\u00e9s.<\/p>\n<p>[\/et_pb_blurb][et_pb_blurb _builder_version=\u00a0\u00bb4.16&Prime; header_font=\u00a0\u00bb|600|||||||\u00a0\u00bb header_text_align=\u00a0\u00bbcenter\u00a0\u00bb text_orientation=\u00a0\u00bbcenter\u00a0\u00bb global_colors_info=\u00a0\u00bb{}\u00a0\u00bb]<\/p>\n<p style=\"text-align: center;\"><a href=\"https:\/\/ecovision2025.ca\/fr\/transport\/transport-vous\/\" rel=\"noopener\"><strong>CE QUE VOUS POUVEZ FAIRE<\/strong><br \/>\n<\/a>Afin d\u2019\u00eatre plus actif et de r\u00e9duire vos \u00e9missions de gaz \u00e0 effet de serre.<\/p>\n<p>[\/et_pb_blurb][et_pb_blurb _builder_version=\u00a0\u00bb4.16&Prime; header_font=\u00a0\u00bb|600|||||||\u00a0\u00bb header_text_align=\u00a0\u00bbcenter\u00a0\u00bb text_orientation=\u00a0\u00bbcenter\u00a0\u00bb global_colors_info=\u00a0\u00bb{}\u00a0\u00bb]<\/p>\n<p style=\"text-align: center;\"><a href=\"https:\/\/ecovision2025.ca\/fr\/transport\/transport-en-profondeur\/\" rel=\"noopener\"><strong>EN PROFONDEUR<br \/>\n<\/strong><\/a>Cela vous permettra d\u2019explorer des sites web et de l\u2019information au sujet du th\u00e8me.<\/p>\n<p>[\/et_pb_blurb][\/et_pb_column][et_pb_column type=\u00a0\u00bb1_2&Prime; _builder_version=\u00a0\u00bb4.16&Prime; custom_padding=\u00a0\u00bb|||\u00a0\u00bb global_colors_info=\u00a0\u00bb{}\u00a0\u00bb custom_padding__hover=\u00a0\u00bb|||\u00a0\u00bb][et_pb_image src=\u00a0\u00bbhttps:\/\/ecovision2025.ca\/wp-content\/uploads\/2018\/05\/cap-pele-parc-plein-air.jpg\u00a0\u00bb align_tablet=\u00a0\u00bbcenter\u00a0\u00bb align_phone=\u00a0\u00bb\u00a0\u00bb align_last_edited=\u00a0\u00bbon|desktop\u00a0\u00bb _builder_version=\u00a0\u00bb4.16&Prime; always_center_on_mobile=\u00a0\u00bbon\u00a0\u00bb global_colors_info=\u00a0\u00bb{}\u00a0\u00bb][\/et_pb_image][et_pb_text _builder_version=\u00a0\u00bb4.16&Prime; global_colors_info=\u00a0\u00bb{}\u00a0\u00bb]<\/p>\n<h2>Transport<\/h2>\n<p>Dans les zones rurales, nous d\u00e9pendons beaucoup sur nos voitures. Pour r\u00e9duire les \u00e9missions de gaz \u00e0 effet de serre et pour promouvoir les styles de vie sains, nous pouvons rendre nos communaut\u00e9s plus accessibles par v\u00e9lo, offrir des opportunit\u00e9s de covoiturage et explorer des options de transport en commun, tout en \u00e9conomisant de l\u2019argent. Ainsi, il est important que nous mettions en \u0153uvre, soutenons et faisons la promotion de syst\u00e8mes de transport efficaces, actifs et partag\u00e9s.<\/p>\n<p>Les d\u00e9fis suivants furent identifi\u00e9s par les participants au d\u00e9veloppement de la Strat\u00e9gie Verte en 2018 et 2018\u00a0:<\/p>\n<ul>\n<li>Il n\u2019y a pas assez d\u2019options pour les v\u00e9los et il y a un manque de promotion des styles de vie actifs dans les communaut\u00e9s;<\/li>\n<li>Des camions lourds traversent les communaut\u00e9s, cr\u00e9ant un danger pour les cyclistes.<\/li>\n<\/ul>\n<p>Plusieurs actions furent pr\u00e9sent\u00e9es par des membres de la communaut\u00e9 qui pourraient aider \u00e0 adresser ces inqui\u00e9tudes. Jetez un coup d\u2019\u0153il au c\u00f4t\u00e9 gauche de l\u2019\u00e9cran sous \u00abActions\u00bb. Si vous \u00eates \u00e0 la recherche de choses que vous pouvez faire, jetez un coup d\u2019\u0153il \u00e0 \u00abCe que vous pouvez faire\u00bb. Si vous voulez savoir qui travaille d\u00e9j\u00e0 sur ces probl\u00e8mes, jetez un coup d\u2019\u0153il \u00e0 \u00abEn profondeur\u00bb.<br \/>\n[\/et_pb_text][\/et_pb_column][et_pb_column type=\u00a0\u00bb1_4&Prime; _builder_version=\u00a0\u00bb4.16&Prime; custom_padding=\u00a0\u00bb|||\u00a0\u00bb global_colors_info=\u00a0\u00bb{}\u00a0\u00bb custom_padding__hover=\u00a0\u00bb|||\u00a0\u00bb][et_pb_text _builder_version=\u00a0\u00bb4.27.0&Prime; width=\u00a0\u00bb58%\u00a0\u00bb hover_enabled=\u00a0\u00bb0&Prime; global_colors_info=\u00a0\u00bb{}\u00a0\u00bb sticky_enabled=\u00a0\u00bb0&Prime;]<\/p>\n<p style=\"text-align: center;\"><strong>Qui est actif sur ce dossier?<\/strong><\/p>\n<p style=\"text-align: center;\"><a href=\"https:\/\/shediac.ca\/en\/\" target=\"_blank\" rel=\"noopener noreferrer\"><img loading=\"lazy\" decoding=\"async\" class=\"aligncenter wp-image-419\" src=\"https:\/\/ecovision2025.ca\/wp-content\/uploads\/2018\/04\/Shediac_logo.jpg\" alt=\"\" width=\"100\" height=\"57\" \/><\/a><\/p>\n<p style=\"text-align: center;\"><a href=\"https:\/\/capacadie.ca\/fr\/\" target=\"_blank\" rel=\"noopener\"><img loading=\"lazy\" decoding=\"async\" src=\"https:\/\/ecovision2025.ca\/wp-content\/uploads\/2024\/10\/capacadie_logo_full_color_rgb_900px_w_72ppi-1-300x112.jpg\" width=\"166\" height=\"62\" alt=\"\" class=\"wp-image-4564 alignnone size-medium\" \/><\/a><\/p>\n<p>[\/et_pb_text][\/et_pb_column][\/et_pb_row][et_pb_row _builder_version=\u00a0\u00bb4.16&Prime; background_size=\u00a0\u00bbinitial\u00a0\u00bb background_position=\u00a0\u00bbtop_left\u00a0\u00bb background_repeat=\u00a0\u00bbrepeat\u00a0\u00bb global_colors_info=\u00a0\u00bb{}\u00a0\u00bb][\/et_pb_row][\/et_pb_section]<\/p>\n","protected":false},"excerpt":{"rendered":"<p>ACTIONS Requises afin de mettre en \u0153uvre, de soutenir et de promouvoir des syst\u00e8mes de transport efficaces, actifs et partag\u00e9s. CE QUE VOUS POUVEZ FAIRE Afin d\u2019\u00eatre plus actif et de r\u00e9duire vos \u00e9missions de gaz \u00e0 effet de serre. EN PROFONDEUR Cela vous permettra d\u2019explorer des sites web et de l\u2019information au sujet du [&hellip;]<\/p>\n","protected":false},"author":6,"featured_media":0,"parent":0,"menu_order":0,"comment_status":"closed","ping_status":"closed","template":"","meta":{"_et_pb_use_builder":"on","_et_pb_old_content":"","_et_gb_content_width":"","footnotes":""},"class_list":["post-1106","page","type-page","status-publish","hentry"],"_links":{"self":[{"href":"https:\/\/ecovision2025.ca\/fr\/wp-json\/wp\/v2\/pages\/1106","targetHints":{"allow":["GET"]}}],"collection":[{"href":"https:\/\/ecovision2025.ca\/fr\/wp-json\/wp\/v2\/pages"}],"about":[{"href":"https:\/\/ecovision2025.ca\/fr\/wp-json\/wp\/v2\/types\/page"}],"author":[{"embeddable":true,"href":"https:\/\/ecovision2025.ca\/fr\/wp-json\/wp\/v2\/users\/6"}],"replies":[{"embeddable":true,"href":"https:\/\/ecovision2025.ca\/fr\/wp-json\/wp\/v2\/comments?post=1106"}],"version-history":[{"count":5,"href":"https:\/\/ecovision2025.ca\/fr\/wp-json\/wp\/v2\/pages\/1106\/revisions"}],"predecessor-version":[{"id":4599,"href":"https:\/\/ecovision2025.ca\/fr\/wp-json\/wp\/v2\/pages\/1106\/revisions\/4599"}],"wp:attachment":[{"href":"https:\/\/ecovision2025.ca\/fr\/wp-json\/wp\/v2\/media?parent=1106"}],"curies":[{"name":"wp","href":"https:\/\/api.w.org\/{rel}","templated":true}]}}