{"id":1073,"date":"2018-05-14T19:47:42","date_gmt":"2018-05-14T19:47:42","guid":{"rendered":"https:\/\/ecovision2025.ca\/energie\/energie-en-profondeur\/"},"modified":"2023-11-02T12:02:56","modified_gmt":"2023-11-02T15:02:56","slug":"energie-en-profondeur","status":"publish","type":"page","link":"https:\/\/ecovision2025.ca\/fr\/energie\/energie-en-profondeur\/","title":{"rendered":"\u00c9nergie \u2013 en profondeur"},"content":{"rendered":"<p>[et_pb_section fb_built=\u00a0\u00bb1&Prime; _builder_version=\u00a0\u00bb4.16&Prime; global_colors_info=\u00a0\u00bb{}\u00a0\u00bb][et_pb_row _builder_version=\u00a0\u00bb4.16&Prime; background_size=\u00a0\u00bbinitial\u00a0\u00bb background_position=\u00a0\u00bbtop_left\u00a0\u00bb background_repeat=\u00a0\u00bbrepeat\u00a0\u00bb global_colors_info=\u00a0\u00bb{}\u00a0\u00bb column_structure=\u00a0\u00bb3_4,1_4&Prime;][et_pb_column type=\u00a0\u00bb3_4&Prime; _builder_version=\u00a0\u00bb4.16&Prime; custom_padding=\u00a0\u00bb|||\u00a0\u00bb global_colors_info=\u00a0\u00bb{}\u00a0\u00bb custom_padding__hover=\u00a0\u00bb|||\u00a0\u00bb][et_pb_text _builder_version=\u00a0\u00bb4.22.1&Prime; hover_enabled=\u00a0\u00bb0&Prime; global_colors_info=\u00a0\u00bb{}\u00a0\u00bb sticky_enabled=\u00a0\u00bb0&Prime;]<\/p>\n<h2>Efficacit\u00e9 \u00e9nerg\u00e9tique et \u00e9nergie renouvelable<strong>\u00a0<\/strong>\u2013 en profondeur<\/h2>\n<p>Ci-dessous vous retrouverez des sites web et de l\u2019information li\u00e9e \u00e0 \u00e0 l\u2019efficacit\u00e9 \u00e9nerg\u00e9tique et l\u2019\u00e9nergie renouvelable. La liste n\u2019est pas exhaustive, mais c\u2019est pour vous aider \u00e0 commencer. Si vous trouvez quelque chose d\u2019int\u00e9ressant qui n\u2019est pas dans notre liste, veuillez nous laisser savoir et nous l\u2019ajouterons.<\/p>\n<p><span lang=\"EN-CA\">Le programme de bonnes habitudes de \u00c9nergie NB comment conserver de l\u2019\u00e9nergie dans les maisons :<br \/><\/span><span lang=\"EN-CA\"><a href=\"https:\/\/www.nbpower.com\/fr\/smart-habits\">https:\/\/www.nbpower.com\/fr\/smart-habits<\/a><\/span><\/p>\n<p><span lang=\"EN-CA\">Les programmes d\u2019\u00e9fficacit\u00e9 \u00e9nerg\u00e9tique de \u00c9nergie NB:<\/span><\/p>\n<p><a href=\"https:\/\/www.nbpower.com\/fr\/save-energy\/residential\/total-home-energy-savings-program\/\"><span lang=\"EN-CA\">https:\/\/www.nbpower.com\/fr\/save-energy\/residential\/total-home-energy-savings-program\/<\/span><\/a><\/p>\n<p><span lang=\"EN-CA\">\u00c9nergie communautaires renouvelable :<br \/><\/span><span lang=\"EN-CA\"><a href=\"http:\/\/www2.gnb.ca\/content\/gnb\/fr\/ministeres\/der\/energie\/content\/renewable\/content\/EnergieCommunautaireRenouvelable.html\">http:\/\/www2.gnb.ca\/content\/gnb\/fr\/ministeres\/der\/energie\/content\/renewable\/content\/EnergieCommunautaireRenouvelable.html<\/a><\/span><\/p>\n<p><span lang=\"EN-CA\">Production int\u00e9gr\u00e9e :<br \/><\/span><span lang=\"EN-CA\"><a href=\"https:\/\/www.nbpower.com\/fr\/products-services\/embedded-generation\/\">https:\/\/www.nbpower.com\/fr\/products-services\/embedded-generation\/<\/a><\/span><\/p>\n<p><span lang=\"EN-CA\">Mesurage net :<br \/><\/span><span lang=\"EN-CA\"><a href=\"https:\/\/www.nbpower.com\/fr\/products-services\/net-metering\/\">https:\/\/www.nbpower.com\/fr\/products-services\/net-metering\/<\/a><\/span><\/p>\n<p><span lang=\"EN-CA\">Information sur les petits projets d\u2019\u00e9nergie renouvelable au N.-B. :<br \/><\/span><span lang=\"EN-CA\"><a href=\"https:\/\/renouvelablenb.ca\/\">https:\/\/renouvelablenb.ca\/<\/a><\/span><\/p>\n<p><span lang=\"EN-CA\"><a href=\"https:\/\/www.bchydro.com\/powersmart\/residential\/savings-and-rebates\/everyday-electricity-saving-tips.html?WT.mc_id=rd_21tips\">BC Hydro \u2013 21 Tips: No Cost Ways to Save Electricity<\/a> (en anglais)<\/span><\/p>\n<p>[\/et_pb_text][\/et_pb_column][et_pb_column type=\u00a0\u00bb1_4&Prime; _builder_version=\u00a0\u00bb4.16&Prime; custom_padding=\u00a0\u00bb|||\u00a0\u00bb global_colors_info=\u00a0\u00bb{}\u00a0\u00bb custom_padding__hover=\u00a0\u00bb|||\u00a0\u00bb][\/et_pb_column][\/et_pb_row][\/et_pb_section]<\/p>\n","protected":false},"excerpt":{"rendered":"<p>Efficacit\u00e9 \u00e9nerg\u00e9tique et \u00e9nergie renouvelable\u00a0\u2013 en profondeur Ci-dessous vous retrouverez des sites web et de l\u2019information li\u00e9e \u00e0 \u00e0 l\u2019efficacit\u00e9 \u00e9nerg\u00e9tique et l\u2019\u00e9nergie renouvelable. La liste n\u2019est pas exhaustive, mais c\u2019est pour vous aider \u00e0 commencer. Si vous trouvez quelque chose d\u2019int\u00e9ressant qui n\u2019est pas dans notre liste, veuillez nous laisser savoir et nous l\u2019ajouterons. [&hellip;]<\/p>\n","protected":false},"author":6,"featured_media":0,"parent":1063,"menu_order":0,"comment_status":"closed","ping_status":"closed","template":"","meta":{"_et_pb_use_builder":"on","_et_pb_old_content":"","_et_gb_content_width":"","footnotes":""},"class_list":["post-1073","page","type-page","status-publish","hentry"],"_links":{"self":[{"href":"https:\/\/ecovision2025.ca\/fr\/wp-json\/wp\/v2\/pages\/1073","targetHints":{"allow":["GET"]}}],"collection":[{"href":"https:\/\/ecovision2025.ca\/fr\/wp-json\/wp\/v2\/pages"}],"about":[{"href":"https:\/\/ecovision2025.ca\/fr\/wp-json\/wp\/v2\/types\/page"}],"author":[{"embeddable":true,"href":"https:\/\/ecovision2025.ca\/fr\/wp-json\/wp\/v2\/users\/6"}],"replies":[{"embeddable":true,"href":"https:\/\/ecovision2025.ca\/fr\/wp-json\/wp\/v2\/comments?post=1073"}],"version-history":[{"count":5,"href":"https:\/\/ecovision2025.ca\/fr\/wp-json\/wp\/v2\/pages\/1073\/revisions"}],"predecessor-version":[{"id":3612,"href":"https:\/\/ecovision2025.ca\/fr\/wp-json\/wp\/v2\/pages\/1073\/revisions\/3612"}],"up":[{"embeddable":true,"href":"https:\/\/ecovision2025.ca\/fr\/wp-json\/wp\/v2\/pages\/1063"}],"wp:attachment":[{"href":"https:\/\/ecovision2025.ca\/fr\/wp-json\/wp\/v2\/media?parent=1073"}],"curies":[{"name":"wp","href":"https:\/\/api.w.org\/{rel}","templated":true}]}}