{"id":1070,"date":"2018-05-14T19:46:43","date_gmt":"2018-05-14T19:46:43","guid":{"rendered":"https:\/\/ecovision2025.ca\/energie\/energie-actions\/"},"modified":"2020-04-01T16:36:29","modified_gmt":"2020-04-01T16:36:29","slug":"energie-actions","status":"publish","type":"page","link":"https:\/\/ecovision2025.ca\/fr\/energie\/energie-actions\/","title":{"rendered":"\u00c9nergie \u2013 Actions"},"content":{"rendered":"<p>[et_pb_section fb_built=\u00a0\u00bb1&Prime; _builder_version=\u00a0\u00bb3.22&Prime;][et_pb_row _builder_version=\u00a0\u00bb3.25&Prime; background_size=\u00a0\u00bbinitial\u00a0\u00bb background_position=\u00a0\u00bbtop_left\u00a0\u00bb background_repeat=\u00a0\u00bbrepeat\u00a0\u00bb column_structure=\u00a0\u00bb2_3,1_3&Prime;][et_pb_column type=\u00a0\u00bb2_3&Prime; _builder_version=\u00a0\u00bb3.25&Prime; custom_padding=\u00a0\u00bb|||\u00a0\u00bb custom_padding__hover=\u00a0\u00bb|||\u00a0\u00bb][et_pb_text _builder_version=\u00a0\u00bb3.27.4&Prime;]<\/p>\n<h3>Efficacit\u00e9 \u00e9nerg\u00e9tique et \u00e9nergie renouvelable \u2013 Actions<\/h3>\n<p>Nous reconnaissons qu\u2019il y a des actions sous d\u2019autres th\u00e8mes qui sont li\u00e9s \u00e0 l\u2019efficacit\u00e9 \u00e9nerg\u00e9tique et l\u2019\u00e9nergie renouvelable, et les actions ci-dessous sont li\u00e9es \u00e0 plusieurs autres th\u00e8mes. Cette liste fut compil\u00e9e par l\u2019entremise d\u2019un processus d\u2019engagement de huit mois, sans avoir omis quoi que ce soit. Les actions sont classifi\u00e9es en cat\u00e9gories, identifi\u00e9es comme \u00e9tant une obligation l\u00e9gale ou non, et prioris\u00e9es comme \u00e9tant \u00abfacile \u00e0 impl\u00e9menter\u00bb et ayant un grand impact (sur le but du th\u00e8me) si impl\u00e9ment\u00e9e. Il y a de l\u2019espace pour indiquer qui m\u00e8ne la charge sur l\u2019action, quand les actions seront accomplies ou des mises \u00e0 jour sur leur progr\u00e8s.<\/p>\n<p>[\/et_pb_text][\/et_pb_column][et_pb_column type=\u00a0\u00bb1_3&Prime; _builder_version=\u00a0\u00bb3.25&Prime; custom_padding=\u00a0\u00bb|||\u00a0\u00bb custom_padding__hover=\u00a0\u00bb|||\u00a0\u00bb][et_pb_text _builder_version=\u00a0\u00bb3.27.4&Prime; header_font=\u00a0\u00bb|600|||||||\u00a0\u00bb background_color=\u00a0\u00bbrgba(148,200,61,0.12)\u00a0\u00bb custom_margin=\u00a0\u00bb0px|0px|0px|0px\u00a0\u00bb custom_padding=\u00a0\u00bb12px|12px|12px|12px\u00a0\u00bb custom_padding_tablet=\u00a0\u00bb\u00a0\u00bb custom_padding_phone=\u00a0\u00bb6px|6px|6px|6px\u00a0\u00bb custom_padding_last_edited=\u00a0\u00bbon|phone\u00a0\u00bb]<\/p>\n<h4>Abr\u00e9viations<\/h4>\n<p><strong>CESB<\/strong>\u00a0Commission des \u00c9gouts Shediac et Banlieues<br \/>\n<strong>GM<\/strong>\u00a0Gouvernement municipal<br \/>\n<strong>GNB<\/strong> Gouvernement du NB<br \/>\n<strong>GC<\/strong> Gouvernement du Canada<br \/>\n<strong>PO<\/strong> P\u00eaches et Oc\u00e9ans Canada<br \/>\n<strong>CSRSE<\/strong> Commission de services r\u00e9gionaux du sud-est<br \/>\n<strong>SCF<\/strong> Service Canadian de la faune<br \/>\n<strong>CRBE<\/strong> Communaut\u00e9 rurale de Beaubassin-est<br \/>\n[\/et_pb_text][\/et_pb_column][\/et_pb_row][et_pb_row _builder_version=\u00a0\u00bb3.25&Prime; background_size=\u00a0\u00bbinitial\u00a0\u00bb background_position=\u00a0\u00bbtop_left\u00a0\u00bb background_repeat=\u00a0\u00bbrepeat\u00a0\u00bb][et_pb_column type=\u00a0\u00bb4_4&Prime; _builder_version=\u00a0\u00bb3.25&Prime; custom_padding=\u00a0\u00bb|||\u00a0\u00bb custom_padding__hover=\u00a0\u00bb|||\u00a0\u00bb][et_pb_text _builder_version=\u00a0\u00bb3.27.4&Prime;]<div id=\"tablepress-14-scroll-wrapper\" class=\"tablepress-scroll-wrapper\">\n\n<table id=\"tablepress-14\" class=\"tablepress tablepress-id-14 tablepress-responsive\">\n<thead>\n<tr class=\"row-1\">\n\t<th class=\"column-1\">Actions<\/th><th class=\"column-2\">Cat\u00e9gorie<\/th><th class=\"column-3\">Mandat<\/th><th class=\"column-4\">Facile \u00e0 faire<\/th><th class=\"column-5\">Grand impact<\/th><th class=\"column-6\">Actif<\/th><th class=\"column-7\">\u00c9ch\u00e9ancier<\/th><th class=\"column-8\">Progr\u00e8s<\/th>\n<\/tr>\n<\/thead>\n<tbody class=\"row-striping row-hover\">\n<tr class=\"row-2\">\n\t<td class=\"column-1\">D\u00e9velopper des projets communautaires d\u2019\u00e9nergie verte<\/td><td class=\"column-2\">Action<\/td><td class=\"column-3\">Cap-Acadie<br \/>\nParc \u00c9olien<\/td><td class=\"column-4\"><br \/>\nCRBe<\/td><td class=\"column-5\"><img loading=\"lazy\" decoding=\"async\" src=\"https:\/\/ecovision2025.ca\/wp-content\/uploads\/2018\/02\/Energy_Blue.png\" alt=\"\" width=\"25\" height=\"25\" class=\"center size-full wp-image-158\" srcset=\"https:\/\/ecovision2025.ca\/wp-content\/uploads\/2018\/02\/Energy_Blue.png 200w, https:\/\/ecovision2025.ca\/wp-content\/uploads\/2018\/02\/Energy_Blue-150x150.png 150w\" sizes=\"auto, (max-width: 25px) 100vw, 25px\" \/><\/td><td class=\"column-6\"><\/td><td class=\"column-7\"><br \/>\n2018<\/td><td class=\"column-8\"><br \/>\nen-cours<\/td>\n<\/tr>\n<tr class=\"row-3\">\n\t<td class=\"column-1\">D\u00e9velopper, impl\u00e9menter et promouvoir l\u2019\u00e9nergie renouvelable locale pour les maisons priv\u00e9es<\/td><td class=\"column-2\">Action<\/td><td class=\"column-3\">GM, \u00c9nergie NB<\/td><td class=\"column-4\"><img loading=\"lazy\" decoding=\"async\" src=\"https:\/\/ecovision2025.ca\/wp-content\/uploads\/2018\/02\/Energy_Blue.png\" alt=\"\" width=\"25\" height=\"25\" class=\"center size-full wp-image-158\" srcset=\"https:\/\/ecovision2025.ca\/wp-content\/uploads\/2018\/02\/Energy_Blue.png 200w, https:\/\/ecovision2025.ca\/wp-content\/uploads\/2018\/02\/Energy_Blue-150x150.png 150w\" sizes=\"auto, (max-width: 25px) 100vw, 25px\" \/><\/td><td class=\"column-5\"><\/td><td class=\"column-6\">Shediac<\/td><td class=\"column-7\">2020<\/td><td class=\"column-8\">compl\u00e9t\u00e9<\/td>\n<\/tr>\n<tr class=\"row-4\">\n\t<td class=\"column-1\">Promouvoir des programmes de conservation et d'efficacit\u00e9 \u00e9nerg\u00e9tique.<\/td><td class=\"column-2\">Action<\/td><td class=\"column-3\">GM<\/td><td class=\"column-4\"><img loading=\"lazy\" decoding=\"async\" src=\"https:\/\/ecovision2025.ca\/wp-content\/uploads\/2018\/02\/Energy_Blue.png\" alt=\"\" width=\"25\" height=\"25\" class=\"center size-full wp-image-158\" srcset=\"https:\/\/ecovision2025.ca\/wp-content\/uploads\/2018\/02\/Energy_Blue.png 200w, https:\/\/ecovision2025.ca\/wp-content\/uploads\/2018\/02\/Energy_Blue-150x150.png 150w\" sizes=\"auto, (max-width: 25px) 100vw, 25px\" \/><\/td><td class=\"column-5\"><img loading=\"lazy\" decoding=\"async\" src=\"https:\/\/ecovision2025.ca\/wp-content\/uploads\/2018\/02\/Energy_Blue.png\" alt=\"\" width=\"25\" height=\"25\" class=\"center size-full wp-image-158\" srcset=\"https:\/\/ecovision2025.ca\/wp-content\/uploads\/2018\/02\/Energy_Blue.png 200w, https:\/\/ecovision2025.ca\/wp-content\/uploads\/2018\/02\/Energy_Blue-150x150.png 150w\" sizes=\"auto, (max-width: 25px) 100vw, 25px\" \/><\/td><td class=\"column-6\"><\/td><td class=\"column-7\"><\/td><td class=\"column-8\"><\/td>\n<\/tr>\n<tr class=\"row-5\">\n\t<td class=\"column-1\">Impl\u00e9menter des programmes \u00absmart shift\u00bb avec \u00c9nergie NB<\/td><td class=\"column-2\">Action<\/td><td class=\"column-3\">\u00c9nergie NB<\/td><td class=\"column-4\"><\/td><td class=\"column-5\"><\/td><td class=\"column-6\">Shediac<\/td><td class=\"column-7\">2020<\/td><td class=\"column-8\">en cours<\/td>\n<\/tr>\n<tr class=\"row-6\">\n\t<td class=\"column-1\">R\u00e9duire la consommation d\u2019\u00e9nergie dans les b\u00e2timents municipaux, am\u00e9liorer l\u2019efficacit\u00e9 \u00e9nerg\u00e9tique<\/td><td class=\"column-2\">Action<\/td><td class=\"column-3\">GM<\/td><td class=\"column-4\"><img loading=\"lazy\" decoding=\"async\" src=\"https:\/\/ecovision2025.ca\/wp-content\/uploads\/2018\/02\/Energy_Blue.png\" alt=\"\" width=\"25\" height=\"25\" class=\"center size-full wp-image-158\" srcset=\"https:\/\/ecovision2025.ca\/wp-content\/uploads\/2018\/02\/Energy_Blue.png 200w, https:\/\/ecovision2025.ca\/wp-content\/uploads\/2018\/02\/Energy_Blue-150x150.png 150w\" sizes=\"auto, (max-width: 25px) 100vw, 25px\" \/><\/td><td class=\"column-5\"><img loading=\"lazy\" decoding=\"async\" src=\"https:\/\/ecovision2025.ca\/wp-content\/uploads\/2018\/02\/Energy_Blue.png\" alt=\"\" width=\"25\" height=\"25\" class=\"center size-full wp-image-158\" srcset=\"https:\/\/ecovision2025.ca\/wp-content\/uploads\/2018\/02\/Energy_Blue.png 200w, https:\/\/ecovision2025.ca\/wp-content\/uploads\/2018\/02\/Energy_Blue-150x150.png 150w\" sizes=\"auto, (max-width: 25px) 100vw, 25px\" \/><\/td><td class=\"column-6\">Shediac<br \/>\nCap-Acadie<\/td><td class=\"column-7\">?<br \/>\nen cours<\/td><td class=\"column-8\">en planification<br \/>\nen cours<\/td>\n<\/tr>\n<tr class=\"row-7\">\n\t<td class=\"column-1\">Participer au programme Partenaires pour la protection du climat de la F\u00e9d\u00e9ration canadienne des municipalit\u00e9s<\/td><td class=\"column-2\">Action<\/td><td class=\"column-3\">LG<\/td><td class=\"column-4\"><img loading=\"lazy\" decoding=\"async\" src=\"https:\/\/ecovision2025.ca\/wp-content\/uploads\/2018\/02\/Energy_Blue.png\" alt=\"\" width=\"25\" height=\"25\" class=\"center size-full wp-image-158\" srcset=\"https:\/\/ecovision2025.ca\/wp-content\/uploads\/2018\/02\/Energy_Blue.png 200w, https:\/\/ecovision2025.ca\/wp-content\/uploads\/2018\/02\/Energy_Blue-150x150.png 150w\" sizes=\"auto, (max-width: 25px) 100vw, 25px\" \/><\/td><td class=\"column-5\"><img loading=\"lazy\" decoding=\"async\" src=\"https:\/\/ecovision2025.ca\/wp-content\/uploads\/2018\/02\/Energy_Blue.png\" alt=\"\" width=\"25\" height=\"25\" class=\"center size-full wp-image-158\" srcset=\"https:\/\/ecovision2025.ca\/wp-content\/uploads\/2018\/02\/Energy_Blue.png 200w, https:\/\/ecovision2025.ca\/wp-content\/uploads\/2018\/02\/Energy_Blue-150x150.png 150w\" sizes=\"auto, (max-width: 25px) 100vw, 25px\" \/><\/td><td class=\"column-6\">Shediac<br \/>\nCap-Acadie<\/td><td class=\"column-7\">?<br \/>\n?<\/td><td class=\"column-8\">en exploration<br \/>\nen exploration<\/td>\n<\/tr>\n<tr class=\"row-8\">\n\t<td class=\"column-1\">Modifier les r\u00e8glements pour permettre l'installation de cordes \u00e0 linge.<\/td><td class=\"column-2\">R\u00e9glementation<\/td><td class=\"column-3\">GM<\/td><td class=\"column-4\"><img loading=\"lazy\" decoding=\"async\" src=\"https:\/\/ecovision2025.ca\/wp-content\/uploads\/2018\/02\/Energy_Blue.png\" alt=\"\" width=\"25\" height=\"25\" class=\"center size-full wp-image-158\" srcset=\"https:\/\/ecovision2025.ca\/wp-content\/uploads\/2018\/02\/Energy_Blue.png 200w, https:\/\/ecovision2025.ca\/wp-content\/uploads\/2018\/02\/Energy_Blue-150x150.png 150w\" sizes=\"auto, (max-width: 25px) 100vw, 25px\" \/><\/td><td class=\"column-5\"><img loading=\"lazy\" decoding=\"async\" src=\"https:\/\/ecovision2025.ca\/wp-content\/uploads\/2018\/02\/Energy_Blue.png\" alt=\"\" width=\"25\" height=\"25\" class=\"center size-full wp-image-158\" srcset=\"https:\/\/ecovision2025.ca\/wp-content\/uploads\/2018\/02\/Energy_Blue.png 200w, https:\/\/ecovision2025.ca\/wp-content\/uploads\/2018\/02\/Energy_Blue-150x150.png 150w\" sizes=\"auto, (max-width: 25px) 100vw, 25px\" \/><\/td><td class=\"column-6\">pas d'arret\u00e9 en place<\/td><td class=\"column-7\"><\/td><td class=\"column-8\"><\/td>\n<\/tr>\n<tr class=\"row-9\">\n\t<td class=\"column-1\">Exiger que les autobus scolaires coupent les moteurs devant les \u00e9coles lorsqu'ils attendent.<\/td><td class=\"column-2\">R\u00e9glementation<\/td><td class=\"column-3\">GNB<\/td><td class=\"column-4\"><img loading=\"lazy\" decoding=\"async\" src=\"https:\/\/ecovision2025.ca\/wp-content\/uploads\/2018\/02\/Energy_Blue.png\" alt=\"\" width=\"25\" height=\"25\" class=\"center size-full wp-image-158\" srcset=\"https:\/\/ecovision2025.ca\/wp-content\/uploads\/2018\/02\/Energy_Blue.png 200w, https:\/\/ecovision2025.ca\/wp-content\/uploads\/2018\/02\/Energy_Blue-150x150.png 150w\" sizes=\"auto, (max-width: 25px) 100vw, 25px\" \/><\/td><td class=\"column-5\"><img loading=\"lazy\" decoding=\"async\" src=\"https:\/\/ecovision2025.ca\/wp-content\/uploads\/2018\/02\/Energy_Blue.png\" alt=\"\" width=\"25\" height=\"25\" class=\"center size-full wp-image-158\" srcset=\"https:\/\/ecovision2025.ca\/wp-content\/uploads\/2018\/02\/Energy_Blue.png 200w, https:\/\/ecovision2025.ca\/wp-content\/uploads\/2018\/02\/Energy_Blue-150x150.png 150w\" sizes=\"auto, (max-width: 25px) 100vw, 25px\" \/><\/td><td class=\"column-6\"><\/td><td class=\"column-7\"><\/td><td class=\"column-8\"><\/td>\n<\/tr>\n<tr class=\"row-10\">\n\t<td class=\"column-1\">Exiger que les camions municipaux coupent le moteur lorsqu'ils sont \u00e0 l'arr\u00eat.<\/td><td class=\"column-2\">R\u00e9glementation<\/td><td class=\"column-3\">GM<\/td><td class=\"column-4\"><img loading=\"lazy\" decoding=\"async\" src=\"https:\/\/ecovision2025.ca\/wp-content\/uploads\/2018\/02\/Energy_Blue.png\" alt=\"\" width=\"25\" height=\"25\" class=\"center size-full wp-image-158\" srcset=\"https:\/\/ecovision2025.ca\/wp-content\/uploads\/2018\/02\/Energy_Blue.png 200w, https:\/\/ecovision2025.ca\/wp-content\/uploads\/2018\/02\/Energy_Blue-150x150.png 150w\" sizes=\"auto, (max-width: 25px) 100vw, 25px\" \/><\/td><td class=\"column-5\"><\/td><td class=\"column-6\">Cap-Acadie<\/td><td class=\"column-7\">en cours<\/td><td class=\"column-8\">en cours<\/td>\n<\/tr>\n<tr class=\"row-11\">\n\t<td class=\"column-1\">Mettre en \u0153uvre des projets d'\u00e9nergie renouvelable dans les b\u00e2timents municipaux.<\/td><td class=\"column-2\">Action<\/td><td class=\"column-3\">GM<\/td><td class=\"column-4\"><img loading=\"lazy\" decoding=\"async\" src=\"https:\/\/ecovision2025.ca\/wp-content\/uploads\/2018\/02\/Energy_Blue.png\" alt=\"\" width=\"25\" height=\"25\" class=\"center size-full wp-image-158\" srcset=\"https:\/\/ecovision2025.ca\/wp-content\/uploads\/2018\/02\/Energy_Blue.png 200w, https:\/\/ecovision2025.ca\/wp-content\/uploads\/2018\/02\/Energy_Blue-150x150.png 150w\" sizes=\"auto, (max-width: 25px) 100vw, 25px\" \/><\/td><td class=\"column-5\"><\/td><td class=\"column-6\">Shediac<\/td><td class=\"column-7\">?<\/td><td class=\"column-8\">Commence 2018?<\/td>\n<\/tr>\n<\/tbody>\n<\/table>\n\n<\/div><!-- #tablepress-14 from cache --><br \/>\n[\/et_pb_text][\/et_pb_column][\/et_pb_row][\/et_pb_section]<\/p>\n","protected":false},"excerpt":{"rendered":"<p>Efficacit\u00e9 \u00e9nerg\u00e9tique et \u00e9nergie renouvelable \u2013 Actions Nous reconnaissons qu\u2019il y a des actions sous d\u2019autres th\u00e8mes qui sont li\u00e9s \u00e0 l\u2019efficacit\u00e9 \u00e9nerg\u00e9tique et l\u2019\u00e9nergie renouvelable, et les actions ci-dessous sont li\u00e9es \u00e0 plusieurs autres th\u00e8mes. Cette liste fut compil\u00e9e par l\u2019entremise d\u2019un processus d\u2019engagement de huit mois, sans avoir omis quoi que ce soit. [&hellip;]<\/p>\n","protected":false},"author":6,"featured_media":0,"parent":1063,"menu_order":0,"comment_status":"closed","ping_status":"closed","template":"","meta":{"_et_pb_use_builder":"on","_et_pb_old_content":"","_et_gb_content_width":"","footnotes":""},"class_list":["post-1070","page","type-page","status-publish","hentry"],"_links":{"self":[{"href":"https:\/\/ecovision2025.ca\/fr\/wp-json\/wp\/v2\/pages\/1070","targetHints":{"allow":["GET"]}}],"collection":[{"href":"https:\/\/ecovision2025.ca\/fr\/wp-json\/wp\/v2\/pages"}],"about":[{"href":"https:\/\/ecovision2025.ca\/fr\/wp-json\/wp\/v2\/types\/page"}],"author":[{"embeddable":true,"href":"https:\/\/ecovision2025.ca\/fr\/wp-json\/wp\/v2\/users\/6"}],"replies":[{"embeddable":true,"href":"https:\/\/ecovision2025.ca\/fr\/wp-json\/wp\/v2\/comments?post=1070"}],"version-history":[{"count":5,"href":"https:\/\/ecovision2025.ca\/fr\/wp-json\/wp\/v2\/pages\/1070\/revisions"}],"predecessor-version":[{"id":2374,"href":"https:\/\/ecovision2025.ca\/fr\/wp-json\/wp\/v2\/pages\/1070\/revisions\/2374"}],"up":[{"embeddable":true,"href":"https:\/\/ecovision2025.ca\/fr\/wp-json\/wp\/v2\/pages\/1063"}],"wp:attachment":[{"href":"https:\/\/ecovision2025.ca\/fr\/wp-json\/wp\/v2\/media?parent=1070"}],"curies":[{"name":"wp","href":"https:\/\/api.w.org\/{rel}","templated":true}]}}