{"id":1063,"date":"2018-05-14T19:45:16","date_gmt":"2018-05-14T19:45:16","guid":{"rendered":"https:\/\/ecovision2025.ca\/energie\/"},"modified":"2020-04-01T13:44:43","modified_gmt":"2020-04-01T13:44:43","slug":"energie","status":"publish","type":"page","link":"https:\/\/ecovision2025.ca\/fr\/energie\/","title":{"rendered":"\u00c9nergie"},"content":{"rendered":"<p>[et_pb_section fb_built=\u00a0\u00bb1&Prime; _builder_version=\u00a0\u00bb3.22&Prime;][et_pb_row _builder_version=\u00a0\u00bb3.25&Prime; background_size=\u00a0\u00bbinitial\u00a0\u00bb background_position=\u00a0\u00bbtop_left\u00a0\u00bb background_repeat=\u00a0\u00bbrepeat\u00a0\u00bb column_structure=\u00a0\u00bb1_4,1_2,1_4&Prime;][et_pb_column type=\u00a0\u00bb1_4&Prime; _builder_version=\u00a0\u00bb3.25&Prime; custom_padding=\u00a0\u00bb|||\u00a0\u00bb custom_padding__hover=\u00a0\u00bb|||\u00a0\u00bb][et_pb_blurb _builder_version=\u00a0\u00bb3.0.92&Prime; header_font=\u00a0\u00bb|600|||||||\u00a0\u00bb header_text_align=\u00a0\u00bbcenter\u00a0\u00bb text_orientation=\u00a0\u00bbcenter\u00a0\u00bb]<a href=\"https:\/\/ecovision2025.ca\/fr\/energie\/energie-actions\"><img loading=\"lazy\" decoding=\"async\" class=\"aligncenter wp-image-158\" src=\"https:\/\/ecovision2025.ca\/wp-content\/uploads\/2018\/02\/Energy_Blue.png\" alt=\"Energy\" width=\"75\" height=\"75\" srcset=\"https:\/\/ecovision2025.ca\/wp-content\/uploads\/2018\/02\/Energy_Blue.png 200w, https:\/\/ecovision2025.ca\/wp-content\/uploads\/2018\/02\/Energy_Blue-150x150.png 150w\" sizes=\"auto, (max-width: 75px) 100vw, 75px\" \/><\/a><\/p>\n<p style=\"text-align: center;\"><a href=\"https:\/\/ecovision2025.ca\/fr\/energie\/energie-actions\" rel=\"noopener\"><strong>ACTIONS<\/strong><br \/>\n<\/a>Requises afin de r\u00e9duire les \u00e9missions de carbone en maximisant l\u2019efficacit\u00e9 \u00e9nerg\u00e9tique et en avan\u00e7ant la transition vers l\u2019\u00e9nergie renouvelable.<\/p>\n<p>[\/et_pb_blurb][et_pb_blurb _builder_version=\u00a0\u00bb3.0.92&Prime; header_font=\u00a0\u00bb|600|||||||\u00a0\u00bb header_text_align=\u00a0\u00bbcenter\u00a0\u00bb text_orientation=\u00a0\u00bbcenter\u00a0\u00bb]<\/p>\n<p style=\"text-align: center;\"><a href=\"https:\/\/ecovision2025.ca\/fr\/energie\/energie-vous\/\" rel=\"noopener\"><strong>CE QUE VOUS POUVEZ FAIRE<\/strong><br \/>\n<\/a>Afin de maximiser l\u2019efficacit\u00e9 \u00e9nerg\u00e9tique et notre utilisation d\u2019\u00e9nergie renouvelable.<\/p>\n<p>[\/et_pb_blurb][et_pb_blurb _builder_version=\u00a0\u00bb3.0.92&Prime; header_font=\u00a0\u00bb|600|||||||\u00a0\u00bb header_text_align=\u00a0\u00bbcenter\u00a0\u00bb text_orientation=\u00a0\u00bbcenter\u00a0\u00bb]<\/p>\n<p style=\"text-align: center;\"><a href=\"https:\/\/ecovision2025.ca\/fr\/energie\/energie-en-profondeur\" rel=\"noopener\"><strong>EN PROFONDEUR<br \/>\n<\/strong><\/a>Cela vous permettra d\u2019explorer des sites web et de l\u2019information au sujet du th\u00e8me.<\/p>\n<p>[\/et_pb_blurb][\/et_pb_column][et_pb_column type=\u00a0\u00bb1_2&Prime; _builder_version=\u00a0\u00bb3.25&Prime; custom_padding=\u00a0\u00bb|||\u00a0\u00bb custom_padding__hover=\u00a0\u00bb|||\u00a0\u00bb][et_pb_image src=\u00a0\u00bbhttps:\/\/ecovision2025.ca\/wp-content\/uploads\/2018\/05\/SolarPanels.jpg\u00a0\u00bb align_tablet=\u00a0\u00bbcenter\u00a0\u00bb align_last_edited=\u00a0\u00bbon|desktop\u00a0\u00bb _builder_version=\u00a0\u00bb3.23&Prime; always_center_on_mobile=\u00a0\u00bbon\u00a0\u00bb][\/et_pb_image][et_pb_text _builder_version=\u00a0\u00bb3.27.4&Prime;]<\/p>\n<h1>Efficacit\u00e9 \u00e9nerg\u00e9tique et \u00e9nergie renouvelable<\/h1>\n<p>Afin de r\u00e9duire notre impact sur le climat (gaz \u00e0 effet de serre) nous devons maximiser l\u2019efficacit\u00e9 \u00e9nerg\u00e9tique ainsi que notre utilisation d\u2019\u00e9nergie renouvelable telle que l\u2019\u00e9nergie \u00e9olienne, l\u2019\u00e9nergie solaire ou l\u2019\u00e9nergie g\u00e9othermique pour r\u00e9duire les \u00e9missions et \u00e9conomiser de l\u2019argent. Toutefois, si vous pensez \u00e0 un projet d\u2019\u00e9nergie renouvelable, il est essentiel d\u2019am\u00e9liorer l\u2019efficacit\u00e9 \u00e9nerg\u00e9tique de vos b\u00e2timents en premier. Ces deux approches sont d\u00e9j\u00e0 largement r\u00e9pandues dans la province du Nouveau-Brunswick.<\/p>\n<p>Les d\u00e9fis suivants furent identifi\u00e9s par les participants au d\u00e9veloppement de la Strat\u00e9gie Verte en 2017 et 2018\u00a0:<\/p>\n<ul>\n<li>Il y a peu de promotion ou d\u2019incitations autour des projets d\u2019\u00e9nergie renouvelable, et le public ne connait pas bien ni l\u2019un ni l\u2019autre;<\/li>\n<li>La plupart de nos b\u00e2timents ont une pauvre efficacit\u00e9 \u00e9nerg\u00e9tique, et il y a peu de programmes pour aider les gens ou les encourager \u00e0 am\u00e9liorer l\u2019efficacit\u00e9 de leurs b\u00e2timents.<\/li>\n<\/ul>\n<p>Plusieurs actions furent pr\u00e9sent\u00e9es par des membres de la communaut\u00e9 qui pourraient aider \u00e0 adresser ces inqui\u00e9tudes. Jetez un coup d\u2019\u0153il au c\u00f4t\u00e9 gauche de l\u2019\u00e9cran sous \u00abActions\u00bb. Si vous \u00eates \u00e0 la recherche de choses que vous pouvez faire, jetez un coup d\u2019\u0153il \u00e0 \u00abCe que vous pouvez faire\u00bb. Si vous voulez savoir qui travaille d\u00e9j\u00e0 sur ces probl\u00e8mes, jetez un coup d\u2019\u0153il \u00e0 \u00abEn profondeur\u00bb.<br \/>\n[\/et_pb_text][\/et_pb_column][et_pb_column type=\u00a0\u00bb1_4&Prime; _builder_version=\u00a0\u00bb3.25&Prime; custom_padding=\u00a0\u00bb|||\u00a0\u00bb custom_padding__hover=\u00a0\u00bb|||\u00a0\u00bb][et_pb_text _builder_version=\u00a0\u00bb3.27.4&Prime;]<\/p>\n<p style=\"text-align: center;\"><strong>Qui est actif sur ce th\u00e8me?<\/strong><\/p>\n<p style=\"text-align: center;\"><a href=\"https:\/\/eosecoenergy.com\/en\/\"><img loading=\"lazy\" decoding=\"async\" class=\"aligncenter wp-image-614\" src=\"https:\/\/ecovision2025.ca\/wp-content\/uploads\/2018\/05\/EOS_logo.jpg\" alt=\"EOS Eco-Energy\" width=\"125\" height=\"21\" \/><\/a><\/p>\n<p style=\"text-align: center;\"><a href=\"https:\/\/www.nbpower.com\/Welcome.aspx?lang=en\"><img loading=\"lazy\" decoding=\"async\" class=\"aligncenter wp-image-615\" src=\"https:\/\/ecovision2025.ca\/wp-content\/uploads\/2018\/05\/NBPower_logo.jpg\" alt=\"NB Power\" width=\"100\" height=\"38\" srcset=\"https:\/\/ecovision2025.ca\/wp-content\/uploads\/2018\/05\/NBPower_logo.jpg 400w, https:\/\/ecovision2025.ca\/wp-content\/uploads\/2018\/05\/NBPower_logo-300x113.jpg 300w\" sizes=\"auto, (max-width: 100px) 100vw, 100px\" \/><\/a><\/p>\n<p style=\"text-align: center;\"><a href=\"https:\/\/shediac.ca\/en\/\" target=\"_blank\" rel=\"noopener noreferrer\"><img loading=\"lazy\" decoding=\"async\" class=\"aligncenter wp-image-419\" src=\"https:\/\/ecovision2025.ca\/wp-content\/uploads\/2018\/04\/Shediac_logo.jpg\" alt=\"\" width=\"100\" height=\"57\" \/><\/a><\/p>\n<p>[\/et_pb_text][\/et_pb_column][\/et_pb_row][et_pb_row _builder_version=\u00a0\u00bb3.25&Prime; background_size=\u00a0\u00bbinitial\u00a0\u00bb background_position=\u00a0\u00bbtop_left\u00a0\u00bb background_repeat=\u00a0\u00bbrepeat\u00a0\u00bb][\/et_pb_row][\/et_pb_section]<\/p>\n","protected":false},"excerpt":{"rendered":"<p>ACTIONS Requises afin de r\u00e9duire les \u00e9missions de carbone en maximisant l\u2019efficacit\u00e9 \u00e9nerg\u00e9tique et en avan\u00e7ant la transition vers l\u2019\u00e9nergie renouvelable. CE QUE VOUS POUVEZ FAIRE Afin de maximiser l\u2019efficacit\u00e9 \u00e9nerg\u00e9tique et notre utilisation d\u2019\u00e9nergie renouvelable. EN PROFONDEUR Cela vous permettra d\u2019explorer des sites web et de l\u2019information au sujet du th\u00e8me. Efficacit\u00e9 \u00e9nerg\u00e9tique et [&hellip;]<\/p>\n","protected":false},"author":6,"featured_media":0,"parent":0,"menu_order":0,"comment_status":"closed","ping_status":"closed","template":"","meta":{"_et_pb_use_builder":"on","_et_pb_old_content":"","_et_gb_content_width":"","footnotes":""},"class_list":["post-1063","page","type-page","status-publish","hentry"],"_links":{"self":[{"href":"https:\/\/ecovision2025.ca\/fr\/wp-json\/wp\/v2\/pages\/1063","targetHints":{"allow":["GET"]}}],"collection":[{"href":"https:\/\/ecovision2025.ca\/fr\/wp-json\/wp\/v2\/pages"}],"about":[{"href":"https:\/\/ecovision2025.ca\/fr\/wp-json\/wp\/v2\/types\/page"}],"author":[{"embeddable":true,"href":"https:\/\/ecovision2025.ca\/fr\/wp-json\/wp\/v2\/users\/6"}],"replies":[{"embeddable":true,"href":"https:\/\/ecovision2025.ca\/fr\/wp-json\/wp\/v2\/comments?post=1063"}],"version-history":[{"count":5,"href":"https:\/\/ecovision2025.ca\/fr\/wp-json\/wp\/v2\/pages\/1063\/revisions"}],"predecessor-version":[{"id":2355,"href":"https:\/\/ecovision2025.ca\/fr\/wp-json\/wp\/v2\/pages\/1063\/revisions\/2355"}],"wp:attachment":[{"href":"https:\/\/ecovision2025.ca\/fr\/wp-json\/wp\/v2\/media?parent=1063"}],"curies":[{"name":"wp","href":"https:\/\/api.w.org\/{rel}","templated":true}]}}