{"id":1058,"date":"2018-05-14T19:39:25","date_gmt":"2018-05-14T19:39:25","guid":{"rendered":"https:\/\/ecovision2025.ca\/dechets\/dechets-actions\/"},"modified":"2020-04-01T16:33:51","modified_gmt":"2020-04-01T16:33:51","slug":"dechets-actions","status":"publish","type":"page","link":"https:\/\/ecovision2025.ca\/fr\/dechets\/dechets-actions\/","title":{"rendered":"D\u00e9chets \u2013 Actions"},"content":{"rendered":"<p>[et_pb_section fb_built=\u00a0\u00bb1&Prime; _builder_version=\u00a0\u00bb3.22&Prime;][et_pb_row _builder_version=\u00a0\u00bb3.25&Prime; background_size=\u00a0\u00bbinitial\u00a0\u00bb background_position=\u00a0\u00bbtop_left\u00a0\u00bb background_repeat=\u00a0\u00bbrepeat\u00a0\u00bb column_structure=\u00a0\u00bb2_3,1_3&Prime;][et_pb_column type=\u00a0\u00bb2_3&Prime; _builder_version=\u00a0\u00bb3.25&Prime; custom_padding=\u00a0\u00bb|||\u00a0\u00bb custom_padding__hover=\u00a0\u00bb|||\u00a0\u00bb][et_pb_text _builder_version=\u00a0\u00bb3.27.4&Prime;]<\/p>\n<h3>D\u00e9chets \u2013 Actions<\/h3>\n<p>Nous reconnaissons qu\u2019il y a des actions sous d\u2019autres th\u00e8mes qui sont li\u00e9s \u00e0 la r\u00e9duction et la gestion de d\u00e9chets et que les actions ci-dessous sont elles-m\u00eames li\u00e9es \u00e0 plusieurs autres th\u00e8mes. Cette liste fut compil\u00e9e par l\u2019entremise d\u2019un processus d\u2019engagement de huit mois, sans avoir omis quoi que ce soit. Les actions sont classifi\u00e9es en cat\u00e9gories, identifi\u00e9es comme \u00e9tant une obligation l\u00e9gale ou non, et prioris\u00e9es comme \u00e9tant \u00abfacile \u00e0 impl\u00e9menter\u00bb et ayant un grand impact (sur le but du th\u00e8me) si impl\u00e9ment\u00e9e. Il y a de l\u2019espace pour indiquer qui m\u00e8ne la charge sur l\u2019action, quand les actions seront accomplies ou des mises \u00e0 jour sur leur progr\u00e8s.<\/p>\n<p>[\/et_pb_text][\/et_pb_column][et_pb_column type=\u00a0\u00bb1_3&Prime; _builder_version=\u00a0\u00bb3.25&Prime; custom_padding=\u00a0\u00bb|||\u00a0\u00bb custom_padding__hover=\u00a0\u00bb|||\u00a0\u00bb][et_pb_text _builder_version=\u00a0\u00bb3.27.4&Prime; header_font=\u00a0\u00bb|600|||||||\u00a0\u00bb background_color=\u00a0\u00bbrgba(148,200,61,0.12)\u00a0\u00bb custom_margin=\u00a0\u00bb0px|0px|0px|0px\u00a0\u00bb custom_padding=\u00a0\u00bb12px|12px|12px|12px\u00a0\u00bb custom_padding_tablet=\u00a0\u00bb\u00a0\u00bb custom_padding_phone=\u00a0\u00bb6px|6px|6px|6px\u00a0\u00bb custom_padding_last_edited=\u00a0\u00bbon|phone\u00a0\u00bb]<\/p>\n<h4>Abr\u00e9viations<\/h4>\n<p><strong>CESB<\/strong>\u00a0Commission des \u00c9gouts Shediac et Banlieues<br \/>\n<strong>GM<\/strong>\u00a0Gouvernement municipal<br \/>\n<strong>GNB<\/strong> Gouvernement du NB<br \/>\n<strong>GC<\/strong> Gouvernement du Canada<br \/>\n<strong>PO<\/strong> P\u00eaches et Oc\u00e9ans Canada<br \/>\n<strong>CSRSE<\/strong> Commission de services r\u00e9gionaux du sud-est<br \/>\n<strong>SCF<\/strong> Service Canadian de la faune<br \/>\n<strong>CRBE<\/strong> Communaut\u00e9 rurale de Beaubassin-est<br \/>\n[\/et_pb_text][\/et_pb_column][\/et_pb_row][et_pb_row _builder_version=\u00a0\u00bb3.25&Prime; background_size=\u00a0\u00bbinitial\u00a0\u00bb background_position=\u00a0\u00bbtop_left\u00a0\u00bb background_repeat=\u00a0\u00bbrepeat\u00a0\u00bb][et_pb_column type=\u00a0\u00bb4_4&Prime; _builder_version=\u00a0\u00bb3.25&Prime; custom_padding=\u00a0\u00bb|||\u00a0\u00bb custom_padding__hover=\u00a0\u00bb|||\u00a0\u00bb][et_pb_text _builder_version=\u00a0\u00bb3.27.4&Prime;]<div id=\"tablepress-15-scroll-wrapper\" class=\"tablepress-scroll-wrapper\">\n\n<table id=\"tablepress-15\" class=\"tablepress tablepress-id-15 tablepress-responsive\">\n<thead>\n<tr class=\"row-1\">\n\t<th class=\"column-1\">Actions<\/th><th class=\"column-2\">Cat\u00e9gorie<\/th><th class=\"column-3\">Mandat du gouvernement<\/th><th class=\"column-4\">Facile \u00e0 faire<\/th><th class=\"column-5\">Grand impact<\/th><th class=\"column-6\">Actif<\/th><th class=\"column-7\">\u00c9ch\u00e9ancier<\/th><th class=\"column-8\">Progr\u00e8s<\/th>\n<\/tr>\n<\/thead>\n<tbody class=\"row-striping row-hover\">\n<tr class=\"row-2\">\n\t<td class=\"column-1\">Impl\u00e9menter le triage\/des bacs sur les plages, les sentiers, les rues <\/td><td class=\"column-2\">Action<\/td><td class=\"column-3\">GM<\/td><td class=\"column-4\"><img loading=\"lazy\" decoding=\"async\" src=\"https:\/\/ecovision2025.ca\/wp-content\/uploads\/2018\/02\/Waste_Blue-150x150.png\" alt=\"X\" width=\"25\" height=\"25\" class=\"center size-thumbnail wp-image-161\" srcset=\"https:\/\/ecovision2025.ca\/wp-content\/uploads\/2018\/02\/Waste_Blue-150x150.png 150w, https:\/\/ecovision2025.ca\/wp-content\/uploads\/2018\/02\/Waste_Blue.png 200w\" sizes=\"auto, (max-width: 25px) 100vw, 25px\" \/><\/td><td class=\"column-5\"><img loading=\"lazy\" decoding=\"async\" src=\"https:\/\/ecovision2025.ca\/wp-content\/uploads\/2018\/02\/Waste_Blue-150x150.png\" alt=\"X\" width=\"25\" height=\"25\" class=\"center size-thumbnail wp-image-161\" srcset=\"https:\/\/ecovision2025.ca\/wp-content\/uploads\/2018\/02\/Waste_Blue-150x150.png 150w, https:\/\/ecovision2025.ca\/wp-content\/uploads\/2018\/02\/Waste_Blue.png 200w\" sizes=\"auto, (max-width: 25px) 100vw, 25px\" \/><\/td><td class=\"column-6\">Shediac<br \/>\nCap-Acadie<br \/>\nCRBE<\/td><td class=\"column-7\">en cours<\/td><td class=\"column-8\">en cours<br \/>\nen cours<\/td>\n<\/tr>\n<tr class=\"row-3\">\n\t<td class=\"column-1\">Devenir une communaut\u00e9 mod\u00e8le en \u00e9vitant d\u2019utiliser des bouteilles d\u2019eau en plastique et autres items d\u2019usage unique lors d\u2019\u00e9v\u00e8nements municipaux<\/td><td class=\"column-2\">Action<\/td><td class=\"column-3\">GM<\/td><td class=\"column-4\"><img loading=\"lazy\" decoding=\"async\" src=\"https:\/\/ecovision2025.ca\/wp-content\/uploads\/2018\/02\/Waste_Blue-150x150.png\" alt=\"X\" width=\"25\" height=\"25\" class=\"center size-thumbnail wp-image-161\" srcset=\"https:\/\/ecovision2025.ca\/wp-content\/uploads\/2018\/02\/Waste_Blue-150x150.png 150w, https:\/\/ecovision2025.ca\/wp-content\/uploads\/2018\/02\/Waste_Blue.png 200w\" sizes=\"auto, (max-width: 25px) 100vw, 25px\" \/><\/td><td class=\"column-5\"><img loading=\"lazy\" decoding=\"async\" src=\"https:\/\/ecovision2025.ca\/wp-content\/uploads\/2018\/02\/Waste_Blue-150x150.png\" alt=\"X\" width=\"25\" height=\"25\" class=\"center size-thumbnail wp-image-161\" srcset=\"https:\/\/ecovision2025.ca\/wp-content\/uploads\/2018\/02\/Waste_Blue-150x150.png 150w, https:\/\/ecovision2025.ca\/wp-content\/uploads\/2018\/02\/Waste_Blue.png 200w\" sizes=\"auto, (max-width: 25px) 100vw, 25px\" \/><\/td><td class=\"column-6\">Shediac<br \/>\nCap-Acadie<\/td><td class=\"column-7\">en cours<br \/>\nen cours<\/td><td class=\"column-8\">en cours<br \/>\nen cours<\/td>\n<\/tr>\n<tr class=\"row-4\">\n\t<td class=\"column-1\">Contenants de compostage gratuits offerts par la municipalit\u00e9<\/td><td class=\"column-2\">Action<\/td><td class=\"column-3\">GM, Eco360<\/td><td class=\"column-4\"><img loading=\"lazy\" decoding=\"async\" src=\"https:\/\/ecovision2025.ca\/wp-content\/uploads\/2018\/02\/Waste_Blue-150x150.png\" alt=\"X\" width=\"25\" height=\"25\" class=\"center size-thumbnail wp-image-161\" srcset=\"https:\/\/ecovision2025.ca\/wp-content\/uploads\/2018\/02\/Waste_Blue-150x150.png 150w, https:\/\/ecovision2025.ca\/wp-content\/uploads\/2018\/02\/Waste_Blue.png 200w\" sizes=\"auto, (max-width: 25px) 100vw, 25px\" \/><\/td><td class=\"column-5\"><\/td><td class=\"column-6\"><\/td><td class=\"column-7\"><\/td><td class=\"column-8\"><\/td>\n<\/tr>\n<tr class=\"row-5\">\n\t<td class=\"column-1\">Impl\u00e9menter un jour de \u00abfreecycle\u00bb (\u00e9change d\u2019objets qui ne sont plus utilis\u00e9s)<\/td><td class=\"column-2\">Action<\/td><td class=\"column-3\">GM<\/td><td class=\"column-4\"><img loading=\"lazy\" decoding=\"async\" src=\"https:\/\/ecovision2025.ca\/wp-content\/uploads\/2018\/02\/Waste_Blue-150x150.png\" alt=\"X\" width=\"25\" height=\"25\" class=\"center size-thumbnail wp-image-161\" srcset=\"https:\/\/ecovision2025.ca\/wp-content\/uploads\/2018\/02\/Waste_Blue-150x150.png 150w, https:\/\/ecovision2025.ca\/wp-content\/uploads\/2018\/02\/Waste_Blue.png 200w\" sizes=\"auto, (max-width: 25px) 100vw, 25px\" \/><\/td><td class=\"column-5\"><\/td><td class=\"column-6\"><\/td><td class=\"column-7\"><\/td><td class=\"column-8\"><\/td>\n<\/tr>\n<tr class=\"row-6\">\n\t<td class=\"column-1\">Impl\u00e9menter une journ\u00e9e de nettoyage des c\u00f4tes et des plages<\/td><td class=\"column-2\">Action<\/td><td class=\"column-3\">GM, SBWA<\/td><td class=\"column-4\"><img loading=\"lazy\" decoding=\"async\" src=\"https:\/\/ecovision2025.ca\/wp-content\/uploads\/2018\/02\/Waste_Blue-150x150.png\" alt=\"X\" width=\"25\" height=\"25\" class=\"center size-thumbnail wp-image-161\" srcset=\"https:\/\/ecovision2025.ca\/wp-content\/uploads\/2018\/02\/Waste_Blue-150x150.png 150w, https:\/\/ecovision2025.ca\/wp-content\/uploads\/2018\/02\/Waste_Blue.png 200w\" sizes=\"auto, (max-width: 25px) 100vw, 25px\" \/><\/td><td class=\"column-5\"><img loading=\"lazy\" decoding=\"async\" src=\"https:\/\/ecovision2025.ca\/wp-content\/uploads\/2018\/02\/Waste_Blue-150x150.png\" alt=\"X\" width=\"25\" height=\"25\" class=\"center size-thumbnail wp-image-161\" srcset=\"https:\/\/ecovision2025.ca\/wp-content\/uploads\/2018\/02\/Waste_Blue-150x150.png 150w, https:\/\/ecovision2025.ca\/wp-content\/uploads\/2018\/02\/Waste_Blue.png 200w\" sizes=\"auto, (max-width: 25px) 100vw, 25px\" \/><\/td><td class=\"column-6\">Shediac<br \/>\nBeaubassin-est<br \/>\nCap-Acadie<\/td><td class=\"column-7\">en cours<br \/>\nen cours<\/td><td class=\"column-8\">annuel<br \/>\nCompl\u00e9t\u00e9<\/td>\n<\/tr>\n<tr class=\"row-7\">\n\t<td class=\"column-1\">Exiger que les entreprises et les appartements trient leurs d\u00e9chets<\/td><td class=\"column-2\">R\u00e9glementation<\/td><td class=\"column-3\">GM, Eco360<\/td><td class=\"column-4\"><\/td><td class=\"column-5\"><img loading=\"lazy\" decoding=\"async\" src=\"https:\/\/ecovision2025.ca\/wp-content\/uploads\/2018\/02\/Waste_Blue-150x150.png\" alt=\"X\" width=\"25\" height=\"25\" class=\"center size-thumbnail wp-image-161\" srcset=\"https:\/\/ecovision2025.ca\/wp-content\/uploads\/2018\/02\/Waste_Blue-150x150.png 150w, https:\/\/ecovision2025.ca\/wp-content\/uploads\/2018\/02\/Waste_Blue.png 200w\" sizes=\"auto, (max-width: 25px) 100vw, 25px\" \/><\/td><td class=\"column-6\"><\/td><td class=\"column-7\"><\/td><td class=\"column-8\"><\/td>\n<\/tr>\n<tr class=\"row-8\">\n\t<td class=\"column-1\">Interdire les sacs de plastique dans les communaut\u00e9s<\/td><td class=\"column-2\">R\u00e9glementation<\/td><td class=\"column-3\">GM<\/td><td class=\"column-4\"><img loading=\"lazy\" decoding=\"async\" src=\"https:\/\/ecovision2025.ca\/wp-content\/uploads\/2018\/02\/Waste_Blue-150x150.png\" alt=\"X\" width=\"25\" height=\"25\" class=\"center size-thumbnail wp-image-161\" srcset=\"https:\/\/ecovision2025.ca\/wp-content\/uploads\/2018\/02\/Waste_Blue-150x150.png 150w, https:\/\/ecovision2025.ca\/wp-content\/uploads\/2018\/02\/Waste_Blue.png 200w\" sizes=\"auto, (max-width: 25px) 100vw, 25px\" \/><\/td><td class=\"column-5\"><img loading=\"lazy\" decoding=\"async\" src=\"https:\/\/ecovision2025.ca\/wp-content\/uploads\/2018\/02\/Waste_Blue-150x150.png\" alt=\"X\" width=\"25\" height=\"25\" class=\"center size-thumbnail wp-image-161\" srcset=\"https:\/\/ecovision2025.ca\/wp-content\/uploads\/2018\/02\/Waste_Blue-150x150.png 150w, https:\/\/ecovision2025.ca\/wp-content\/uploads\/2018\/02\/Waste_Blue.png 200w\" sizes=\"auto, (max-width: 25px) 100vw, 25px\" \/><\/td><td class=\"column-6\">Shediac<br \/>\nBeaubassin-est<br \/>\nCap-Acadie<\/td><td class=\"column-7\"><\/td><td class=\"column-8\">Compl\u00e9t\u00e9<\/td>\n<\/tr>\n<tr class=\"row-9\">\n\t<td class=\"column-1\">Appliquer les amendes pour les d\u00e9charges de d\u00e9chets<\/td><td class=\"column-2\">Application de la loi<\/td><td class=\"column-3\">GM, GNB, Eco360<\/td><td class=\"column-4\"><img loading=\"lazy\" decoding=\"async\" src=\"https:\/\/ecovision2025.ca\/wp-content\/uploads\/2018\/02\/Waste_Blue-150x150.png\" alt=\"X\" width=\"25\" height=\"25\" class=\"center size-thumbnail wp-image-161\" srcset=\"https:\/\/ecovision2025.ca\/wp-content\/uploads\/2018\/02\/Waste_Blue-150x150.png 150w, https:\/\/ecovision2025.ca\/wp-content\/uploads\/2018\/02\/Waste_Blue.png 200w\" sizes=\"auto, (max-width: 25px) 100vw, 25px\" \/><\/td><td class=\"column-5\"><img loading=\"lazy\" decoding=\"async\" src=\"https:\/\/ecovision2025.ca\/wp-content\/uploads\/2018\/02\/Waste_Blue-150x150.png\" alt=\"X\" width=\"25\" height=\"25\" class=\"center size-thumbnail wp-image-161\" srcset=\"https:\/\/ecovision2025.ca\/wp-content\/uploads\/2018\/02\/Waste_Blue-150x150.png 150w, https:\/\/ecovision2025.ca\/wp-content\/uploads\/2018\/02\/Waste_Blue.png 200w\" sizes=\"auto, (max-width: 25px) 100vw, 25px\" \/><\/td><td class=\"column-6\"><\/td><td class=\"column-7\"><\/td><td class=\"column-8\"><\/td>\n<\/tr>\n<tr class=\"row-10\">\n\t<td class=\"column-1\">R\u00e9duire les d\u00e9chets dans les op\u00e9rations des municpalit\u00e9s (ex. bouteilles d'eau)<\/td><td class=\"column-2\">Action<\/td><td class=\"column-3\">GM<\/td><td class=\"column-4\"><img loading=\"lazy\" decoding=\"async\" src=\"https:\/\/ecovision2025.ca\/wp-content\/uploads\/2018\/02\/Waste_Blue-150x150.png\" alt=\"X\" width=\"25\" height=\"25\" class=\"center size-thumbnail wp-image-161\" srcset=\"https:\/\/ecovision2025.ca\/wp-content\/uploads\/2018\/02\/Waste_Blue-150x150.png 150w, https:\/\/ecovision2025.ca\/wp-content\/uploads\/2018\/02\/Waste_Blue.png 200w\" sizes=\"auto, (max-width: 25px) 100vw, 25px\" \/><\/td><td class=\"column-5\"><\/td><td class=\"column-6\">CRBE<br \/>\nCap-Acadie<\/td><td class=\"column-7\">en cours<br \/>\nen cours<\/td><td class=\"column-8\">en cours<br \/>\nen cours<\/td>\n<\/tr>\n<\/tbody>\n<\/table>\n\n<\/div><!-- #tablepress-15 from cache --><br \/>\n[\/et_pb_text][\/et_pb_column][\/et_pb_row][\/et_pb_section]<\/p>\n","protected":false},"excerpt":{"rendered":"<p>D\u00e9chets \u2013 Actions Nous reconnaissons qu\u2019il y a des actions sous d\u2019autres th\u00e8mes qui sont li\u00e9s \u00e0 la r\u00e9duction et la gestion de d\u00e9chets et que les actions ci-dessous sont elles-m\u00eames li\u00e9es \u00e0 plusieurs autres th\u00e8mes. Cette liste fut compil\u00e9e par l\u2019entremise d\u2019un processus d\u2019engagement de huit mois, sans avoir omis quoi que ce soit. [&hellip;]<\/p>\n","protected":false},"author":6,"featured_media":0,"parent":1051,"menu_order":0,"comment_status":"closed","ping_status":"closed","template":"","meta":{"_et_pb_use_builder":"on","_et_pb_old_content":"","_et_gb_content_width":"","footnotes":""},"class_list":["post-1058","page","type-page","status-publish","hentry"],"_links":{"self":[{"href":"https:\/\/ecovision2025.ca\/fr\/wp-json\/wp\/v2\/pages\/1058","targetHints":{"allow":["GET"]}}],"collection":[{"href":"https:\/\/ecovision2025.ca\/fr\/wp-json\/wp\/v2\/pages"}],"about":[{"href":"https:\/\/ecovision2025.ca\/fr\/wp-json\/wp\/v2\/types\/page"}],"author":[{"embeddable":true,"href":"https:\/\/ecovision2025.ca\/fr\/wp-json\/wp\/v2\/users\/6"}],"replies":[{"embeddable":true,"href":"https:\/\/ecovision2025.ca\/fr\/wp-json\/wp\/v2\/comments?post=1058"}],"version-history":[{"count":5,"href":"https:\/\/ecovision2025.ca\/fr\/wp-json\/wp\/v2\/pages\/1058\/revisions"}],"predecessor-version":[{"id":2371,"href":"https:\/\/ecovision2025.ca\/fr\/wp-json\/wp\/v2\/pages\/1058\/revisions\/2371"}],"up":[{"embeddable":true,"href":"https:\/\/ecovision2025.ca\/fr\/wp-json\/wp\/v2\/pages\/1051"}],"wp:attachment":[{"href":"https:\/\/ecovision2025.ca\/fr\/wp-json\/wp\/v2\/media?parent=1058"}],"curies":[{"name":"wp","href":"https:\/\/api.w.org\/{rel}","templated":true}]}}