{"id":1051,"date":"2018-05-14T19:38:13","date_gmt":"2018-05-14T19:38:13","guid":{"rendered":"https:\/\/ecovision2025.ca\/dechets\/"},"modified":"2024-10-18T11:21:11","modified_gmt":"2024-10-18T14:21:11","slug":"dechets","status":"publish","type":"page","link":"https:\/\/ecovision2025.ca\/fr\/dechets\/","title":{"rendered":"D\u00e9chets"},"content":{"rendered":"<p>[et_pb_section fb_built=\u00a0\u00bb1&Prime; _builder_version=\u00a0\u00bb4.16&Prime; global_colors_info=\u00a0\u00bb{}\u00a0\u00bb][et_pb_row column_structure=\u00a0\u00bb1_4,1_2,1_4&Prime; _builder_version=\u00a0\u00bb4.16&Prime; background_size=\u00a0\u00bbinitial\u00a0\u00bb background_position=\u00a0\u00bbtop_left\u00a0\u00bb background_repeat=\u00a0\u00bbrepeat\u00a0\u00bb global_colors_info=\u00a0\u00bb{}\u00a0\u00bb][et_pb_column type=\u00a0\u00bb1_4&Prime; _builder_version=\u00a0\u00bb4.16&Prime; custom_padding=\u00a0\u00bb|||\u00a0\u00bb global_colors_info=\u00a0\u00bb{}\u00a0\u00bb custom_padding__hover=\u00a0\u00bb|||\u00a0\u00bb][et_pb_blurb admin_label=\u00a0\u00bbActions\u00a0\u00bb _builder_version=\u00a0\u00bb4.16&Prime; header_font=\u00a0\u00bb|600|||||||\u00a0\u00bb header_text_align=\u00a0\u00bbcenter\u00a0\u00bb text_orientation=\u00a0\u00bbcenter\u00a0\u00bb global_colors_info=\u00a0\u00bb{}\u00a0\u00bb]<a href=\"https:\/\/ecovision2025.ca\/fr\/dechets\/dechets-actions\/\"><img loading=\"lazy\" decoding=\"async\" class=\"aligncenter wp-image-161\" src=\"https:\/\/ecovision2025.ca\/wp-content\/uploads\/2018\/02\/Waste_Blue.png\" alt=\"\" width=\"75\" height=\"75\" srcset=\"https:\/\/ecovision2025.ca\/wp-content\/uploads\/2018\/02\/Waste_Blue.png 200w, https:\/\/ecovision2025.ca\/wp-content\/uploads\/2018\/02\/Waste_Blue-150x150.png 150w\" sizes=\"auto, (max-width: 75px) 100vw, 75px\" \/><\/a><\/p>\n<p style=\"text-align: center;\"><a href=\"https:\/\/ecovision2025.ca\/fr\/dechets\/dechets-actions\/\" rel=\"noopener\"><strong>ACTIONS<\/strong><br \/>\n<\/a>Requises afin de r\u00e9duire le montant de d\u00e9chets que nous produisons, et promouvoir les 5 R (refuser, r\u00e9duire, r\u00e9utiliser, red\u00e9finir, recycler).<\/p>\n<p>[\/et_pb_blurb][et_pb_blurb admin_label=\u00a0\u00bbYou\u00a0\u00bb _builder_version=\u00a0\u00bb4.16&Prime; header_font=\u00a0\u00bb|600|||||||\u00a0\u00bb header_text_align=\u00a0\u00bbcenter\u00a0\u00bb text_orientation=\u00a0\u00bbcenter\u00a0\u00bb global_colors_info=\u00a0\u00bb{}\u00a0\u00bb]<\/p>\n<p style=\"text-align: center;\"><a href=\"https:\/\/ecovision2025.ca\/fr\/dechets\/dechets-vous\/\" rel=\"noopener\"><strong>CE QUE VOUS POUVEZ FAIRE<\/strong><br \/>\n<\/a>Afin de s\u2019adapter pour r\u00e9duire les d\u00e9chets.<\/p>\n<p style=\"text-align: center;\">.<\/p>\n<p>[\/et_pb_blurb][et_pb_blurb admin_label=\u00a0\u00bbDig\u00a0\u00bb _builder_version=\u00a0\u00bb4.16&Prime; header_font=\u00a0\u00bb|600|||||||\u00a0\u00bb header_text_align=\u00a0\u00bbcenter\u00a0\u00bb text_orientation=\u00a0\u00bbcenter\u00a0\u00bb global_colors_info=\u00a0\u00bb{}\u00a0\u00bb]<\/p>\n<p style=\"text-align: center;\"><a href=\"https:\/\/ecovision2025.ca\/fr\/dechets\/dechets-en-profondeur\/\" rel=\"noopener\"><strong>EN PROFONDEUR<br \/>\n<\/strong><\/a>Cela vous permettra d\u2019explorer des sites web et de l\u2019information au sujet du th\u00e8me.<\/p>\n<p>[\/et_pb_blurb][\/et_pb_column][et_pb_column type=\u00a0\u00bb1_2&Prime; _builder_version=\u00a0\u00bb4.16&Prime; custom_padding=\u00a0\u00bb|||\u00a0\u00bb global_colors_info=\u00a0\u00bb{}\u00a0\u00bb custom_padding__hover=\u00a0\u00bb|||\u00a0\u00bb][et_pb_image src=\u00a0\u00bbhttps:\/\/ecovision2025.ca\/wp-content\/uploads\/2018\/05\/Waste_1079036846.jpg\u00a0\u00bb align_tablet=\u00a0\u00bbcenter\u00a0\u00bb align_phone=\u00a0\u00bb\u00a0\u00bb align_last_edited=\u00a0\u00bbon|desktop\u00a0\u00bb _builder_version=\u00a0\u00bb4.16&Prime; always_center_on_mobile=\u00a0\u00bbon\u00a0\u00bb global_colors_info=\u00a0\u00bb{}\u00a0\u00bb][\/et_pb_image][et_pb_text admin_label=\u00a0\u00bbIntro\u00a0\u00bb _builder_version=\u00a0\u00bb4.16&Prime; global_colors_info=\u00a0\u00bb{}\u00a0\u00bb]<\/p>\n<h2>D\u00e9chets<\/h2>\n<p>Les d\u00e9chets contaminent notre environnement de plusieurs fa\u00e7ons, et ce n\u2019est pas toujours aussi \u00e9vident que le \u00ab<a href=\"https:\/\/www.lemonde.fr\/planete\/article\/2012\/05\/09\/le-7e-continent-de-plastique-ces-tourbillons-de-dechets-dans-les-oceans_1696072_3244.html\">7<sup>e<\/sup> continent de plastique<\/a>\u00bb. De petits morceaux de plastique, nomm\u00e9s micro plastiques, peuvent provenir de nos v\u00eatements lorsqu\u2019ils sont lav\u00e9s, et s\u2019\u00e9parpillent dans la nature \u00e0 travers du syst\u00e8me des \u00e9gouts. <a href=\"https:\/\/ici.radio-canada.ca\/nouvelle\/1089247\/bouteilles-eau-microparticules-plastique\">Les micro plastiques se retrouvent m\u00eame dans l\u2019eau embouteill\u00e9e<\/a>. Et malgr\u00e9 le fait que notre r\u00e9gion utilise un <a href=\"https:\/\/www.eco360.ca\/fr\/programme-residentiel\">syst\u00e8me de triage de d\u00e9chets avec trois sacs<\/a>, beaucoup de d\u00e9chets finissent quand-m\u00eame sur nos plages, nos sentiers et dans nos syst\u00e8mes aquatiques. Nous devons r\u00e9duire le montant de d\u00e9chets produits et promouvoir les cinq R (refuser, r\u00e9duire, r\u00e9utiliser, red\u00e9finir, recycler).<\/p>\n<p>Les d\u00e9fis suivants furent identifi\u00e9s par les participants au d\u00e9veloppement de la Strat\u00e9gie Verte en 2018 et 2018\u00a0:<\/p>\n<ul>\n<li>Les d\u00e9chets industriels et institutionnels ne sont pas s\u00e9par\u00e9s et les appartements ne sont pas exig\u00e9s s\u00e9parer leurs d\u00e9chets;<\/li>\n<li>Il y a des d\u00e9potoirs \u00abpriv\u00e9s\u00bb dans la r\u00e9gion, et malgr\u00e9 le fait que la d\u00e9charge de d\u00e9chets est ill\u00e9gale, la loi n\u2019est pas appliqu\u00e9e;<\/li>\n<li>Il y a un manque de poubelles sur les plages et les sentiers, et s\u2019il y en a, elles ne sont pas toujours vid\u00e9es de fa\u00e7on r\u00e9guli\u00e8re et le public ne s\u00e9pare pas ad\u00e9quatement les d\u00e9chets.<\/li>\n<\/ul>\n<p>Plusieurs actions furent pr\u00e9sent\u00e9es par des membres de la communaut\u00e9 qui pourraient aider \u00e0 adresser ces inqui\u00e9tudes. Jetez un coup d\u2019\u0153il au c\u00f4t\u00e9 gauche de l\u2019\u00e9cran sous \u00ab<a href=\"https:\/\/ecovision2025.ca\/fr\/dechets\/dechets-actions\/\">Actions<\/a>\u00bb. Si vous \u00eates \u00e0 la recherche de choses que vous pouvez faire, jetez un coup d\u2019\u0153il \u00e0 \u00ab<a href=\"https:\/\/ecovision2025.ca\/fr\/dechets\/dechets-vous\/\">Ce que vous pouvez faire<\/a>\u00bb. Si vous voulez savoir qui travaille d\u00e9j\u00e0 sur ces probl\u00e8mes, jetez un coup d\u2019\u0153il \u00e0 \u00ab<a href=\"https:\/\/ecovision2025.ca\/fr\/dechets\/dechets-en-profondeur\/\">En profondeur<\/a>\u00bb.<br \/>\n[\/et_pb_text][\/et_pb_column][et_pb_column type=\u00a0\u00bb1_4&Prime; _builder_version=\u00a0\u00bb4.16&Prime; custom_padding=\u00a0\u00bb|||\u00a0\u00bb global_colors_info=\u00a0\u00bb{}\u00a0\u00bb custom_padding__hover=\u00a0\u00bb|||\u00a0\u00bb][et_pb_text _builder_version=\u00a0\u00bb4.27.0&Prime; width=\u00a0\u00bb61%\u00a0\u00bb hover_enabled=\u00a0\u00bb0&Prime; global_colors_info=\u00a0\u00bb{}\u00a0\u00bb sticky_enabled=\u00a0\u00bb0&Prime;]<\/p>\n<p style=\"text-align: center;\"><strong>Qui est actif sur ce th\u00e8me?<\/strong><\/p>\n<p style=\"text-align: center;\"><img loading=\"lazy\" decoding=\"async\" class=\"aligncenter wp-image-478\" src=\"https:\/\/ecovision2025.ca\/wp-content\/uploads\/2018\/05\/ECO360_logo.png\" alt=\"ECO360\" width=\"100\" height=\"27\" srcset=\"https:\/\/ecovision2025.ca\/wp-content\/uploads\/2018\/05\/ECO360_logo.png 152w, https:\/\/ecovision2025.ca\/wp-content\/uploads\/2018\/05\/ECO360_logo-150x41.png 150w\" sizes=\"auto, (max-width: 100px) 100vw, 100px\" \/><\/p>\n<p style=\"text-align: center;\"><a href=\"https:\/\/shediac.ca\/en\/\" target=\"_blank\" rel=\"noopener noreferrer\"><img loading=\"lazy\" decoding=\"async\" class=\"aligncenter wp-image-419\" src=\"https:\/\/ecovision2025.ca\/wp-content\/uploads\/2018\/04\/Shediac_logo.jpg\" alt=\"\" width=\"100\" height=\"57\" \/><\/a><\/p>\n<p style=\"text-align: center;\"><a href=\"https:\/\/capacadie.ca\/fr\/\" target=\"_blank\" rel=\"noopener\"><img loading=\"lazy\" decoding=\"async\" src=\"https:\/\/ecovision2025.ca\/wp-content\/uploads\/2024\/10\/capacadie_logo_full_color_rgb_900px_w_72ppi-1-300x112.jpg\" width=\"166\" height=\"62\" alt=\"\" class=\"wp-image-4564 alignnone size-medium\" \/><\/a><\/p>\n<p>[\/et_pb_text][\/et_pb_column][\/et_pb_row][et_pb_row _builder_version=\u00a0\u00bb4.16&Prime; background_size=\u00a0\u00bbinitial\u00a0\u00bb background_position=\u00a0\u00bbtop_left\u00a0\u00bb background_repeat=\u00a0\u00bbrepeat\u00a0\u00bb global_colors_info=\u00a0\u00bb{}\u00a0\u00bb][\/et_pb_row][\/et_pb_section]<\/p>\n","protected":false},"excerpt":{"rendered":"<p>ACTIONS Requises afin de r\u00e9duire le montant de d\u00e9chets que nous produisons, et promouvoir les 5 R (refuser, r\u00e9duire, r\u00e9utiliser, red\u00e9finir, recycler). CE QUE VOUS POUVEZ FAIRE Afin de s\u2019adapter pour r\u00e9duire les d\u00e9chets. . EN PROFONDEUR Cela vous permettra d\u2019explorer des sites web et de l\u2019information au sujet du th\u00e8me. D\u00e9chets Les d\u00e9chets contaminent [&hellip;]<\/p>\n","protected":false},"author":6,"featured_media":0,"parent":0,"menu_order":0,"comment_status":"closed","ping_status":"closed","template":"","meta":{"_et_pb_use_builder":"on","_et_pb_old_content":"<p>To reduce the amount of waste we generate, and to support and promote the five Rs (refuse, reduce, reuse, repurpose, recycle).<\/p><p>[table id=4 \/]<\/p>","_et_gb_content_width":"","footnotes":""},"class_list":["post-1051","page","type-page","status-publish","hentry"],"_links":{"self":[{"href":"https:\/\/ecovision2025.ca\/fr\/wp-json\/wp\/v2\/pages\/1051","targetHints":{"allow":["GET"]}}],"collection":[{"href":"https:\/\/ecovision2025.ca\/fr\/wp-json\/wp\/v2\/pages"}],"about":[{"href":"https:\/\/ecovision2025.ca\/fr\/wp-json\/wp\/v2\/types\/page"}],"author":[{"embeddable":true,"href":"https:\/\/ecovision2025.ca\/fr\/wp-json\/wp\/v2\/users\/6"}],"replies":[{"embeddable":true,"href":"https:\/\/ecovision2025.ca\/fr\/wp-json\/wp\/v2\/comments?post=1051"}],"version-history":[{"count":5,"href":"https:\/\/ecovision2025.ca\/fr\/wp-json\/wp\/v2\/pages\/1051\/revisions"}],"predecessor-version":[{"id":4598,"href":"https:\/\/ecovision2025.ca\/fr\/wp-json\/wp\/v2\/pages\/1051\/revisions\/4598"}],"wp:attachment":[{"href":"https:\/\/ecovision2025.ca\/fr\/wp-json\/wp\/v2\/media?parent=1051"}],"curies":[{"name":"wp","href":"https:\/\/api.w.org\/{rel}","templated":true}]}}