{"id":1045,"date":"2018-05-14T19:32:12","date_gmt":"2018-05-14T19:32:12","guid":{"rendered":"https:\/\/ecovision2025.ca\/eau\/leau-en-profondeur\/"},"modified":"2023-11-02T11:41:56","modified_gmt":"2023-11-02T14:41:56","slug":"eau-en-profondeur","status":"publish","type":"page","link":"https:\/\/ecovision2025.ca\/fr\/eau\/eau-en-profondeur\/","title":{"rendered":"L\u2019eau \u2013 en profondeur"},"content":{"rendered":"<p>[et_pb_section fb_built=\u00a0\u00bb1&Prime; _builder_version=\u00a0\u00bb4.16&Prime; global_colors_info=\u00a0\u00bb{}\u00a0\u00bb][et_pb_row column_structure=\u00a0\u00bb3_4,1_4&Prime; _builder_version=\u00a0\u00bb4.16&Prime; background_size=\u00a0\u00bbinitial\u00a0\u00bb background_position=\u00a0\u00bbtop_left\u00a0\u00bb background_repeat=\u00a0\u00bbrepeat\u00a0\u00bb global_colors_info=\u00a0\u00bb{}\u00a0\u00bb][et_pb_column type=\u00a0\u00bb3_4&Prime; _builder_version=\u00a0\u00bb4.16&Prime; custom_padding=\u00a0\u00bb|||\u00a0\u00bb global_colors_info=\u00a0\u00bb{}\u00a0\u00bb custom_padding__hover=\u00a0\u00bb|||\u00a0\u00bb][et_pb_text _builder_version=\u00a0\u00bb4.22.1&Prime; hover_enabled=\u00a0\u00bb0&Prime; global_colors_info=\u00a0\u00bb{}\u00a0\u00bb sticky_enabled=\u00a0\u00bb0&Prime;]<\/p>\n<h2>Qualit\u00e9 de l\u2019eau \u2013 en profondeur<\/h2>\n<p>Ci-dessous vous retrouverez des sites web et de l\u2019information li\u00e9e \u00e0 la qualit\u00e9 de l\u2019eau. La liste n\u2019est pas exhaustive, mais c\u2019est pour vous aider \u00e0 commencer. Si vous trouvez quelque chose d\u2019int\u00e9ressant qui n\u2019est pas dans notre liste, veuillez nous laisser savoir et nous l\u2019ajouterons.<\/p>\n<p>Qualit\u00e9 de l\u2019eau, gouvernement du Canada:<br \/><a href=\"https:\/\/www.canada.ca\/fr\/environnement-changement-climatique\/services\/eau-apercu.html\">https:\/\/www.canada.ca\/fr\/environnement-changement-climatique\/services\/eau-apercu.html<br \/><\/a><a href=\"http:\/\/www.inspection.gc.ca\/aliments\/poisson-et-produits-de-la-mer\/salubrite-des-mollusques\/fra\/1299826806807\/1299826912745\">http:\/\/www.inspection.gc.ca\/aliments\/poisson-et-produits-de-la-mer\/salubrite-des-mollusques\/fra\/1299826806807\/1299826912745<\/a><\/p>\n<p>Eaux us\u00e9es, gouvernment du Canada :<br \/><a href=\"https:\/\/www.canada.ca\/fr\/environnement-changement-climatique\/services\/eaux-usees.html\">https:\/\/www.canada.ca\/fr\/environnement-changement-climatique\/services\/eaux-usees.html<\/a><\/p>\n<p>Rapports de l\u2019association du bassin versant de la baie de Shediac :<br \/><a href=\"http:\/\/www.shediacbayassociation.org\/reports-archives\/\">http:\/\/www.shediacbayassociation.org\/reports-archives\/<\/a><\/p>\n<p>Rapports de Vision H2O :<br \/><a href=\"https:\/\/visionh2o.com\/ressources\/publications\">https:\/\/visionh2o.com\/ressources\/publications<\/a><\/p>\n<p>Gouvernement du N.-B., qualit\u00e9 de l\u2019eau \u00e0 la plage Parlee :<br \/><a href=\"http:\/\/www2.gnb.ca\/content\/gnb\/fr\/corporate\/promo\/PlageParlee.html\">http:\/\/www2.gnb.ca\/content\/gnb\/fr\/corporate\/promo\/PlageParlee.html<\/a><\/p>\n<p>Mise \u00e0 jour du d\u00e9cembre 22, 2017 :<br \/><a href=\"http:\/\/www2.gnb.ca\/content\/gnb\/fr\/nouvelles\/communique.2017.12.1639.html\">http:\/\/www2.gnb.ca\/content\/gnb\/fr\/nouvelles\/communique.2017.12.1639.html<\/a><\/p>\n<p>Surveillance de la qualit\u00e9 de l\u2019eau sur les plages<\/p>\n<p>Pours les plages Parlee et Murray :<br \/><a href=\"http:\/\/beaches.gnb.ca\/fr\/Lieu%C3%89chantillonnage\/Indice\">http:\/\/beaches.gnb.ca\/fr\/Lieu%C3%89chantillonnage\/Indice<\/a><\/p>\n<p>Pour la plage Aboiteau :<br \/><a href=\"https:\/\/plageaboiteau.ca\/fr\/planifier-votre-visite\/qualite-de-l-eau\">https:\/\/plageaboiteau.ca\/fr\/planifier-votre-visite\/qualite-de-l-eau<\/a><\/p>\n<p>Strat\u00e9gie provincial de l\u2019eau :<br \/><a href=\"http:\/\/www2.gnb.ca\/content\/gnb\/fr\/ministeres\/egl\/environnement\/content\/eau\/content\/strategie_de_leau.html\">http:\/\/www2.gnb.ca\/content\/gnb\/fr\/ministeres\/egl\/environnement\/content\/eau\/content\/strategie_de_leau.html<\/a><\/p>\n<p>Projet Communaut\u00e9s bleues:<br \/><a href=\"https:\/\/canadians.org\/fr\/communautesbleues\">https:\/\/canadians.org\/fr\/communautesbleues<\/a><\/p>\n<p>[\/et_pb_text][\/et_pb_column][et_pb_column type=\u00a0\u00bb1_4&Prime; _builder_version=\u00a0\u00bb4.16&Prime; custom_padding=\u00a0\u00bb|||\u00a0\u00bb global_colors_info=\u00a0\u00bb{}\u00a0\u00bb custom_padding__hover=\u00a0\u00bb|||\u00a0\u00bb][\/et_pb_column][\/et_pb_row][\/et_pb_section]<\/p>\n","protected":false},"excerpt":{"rendered":"<p>Qualit\u00e9 de l\u2019eau \u2013 en profondeur Ci-dessous vous retrouverez des sites web et de l\u2019information li\u00e9e \u00e0 la qualit\u00e9 de l\u2019eau. La liste n\u2019est pas exhaustive, mais c\u2019est pour vous aider \u00e0 commencer. Si vous trouvez quelque chose d\u2019int\u00e9ressant qui n\u2019est pas dans notre liste, veuillez nous laisser savoir et nous l\u2019ajouterons. Qualit\u00e9 de l\u2019eau, [&hellip;]<\/p>\n","protected":false},"author":6,"featured_media":0,"parent":830,"menu_order":0,"comment_status":"closed","ping_status":"closed","template":"","meta":{"_et_pb_use_builder":"on","_et_pb_old_content":"","_et_gb_content_width":"","footnotes":""},"class_list":["post-1045","page","type-page","status-publish","hentry"],"_links":{"self":[{"href":"https:\/\/ecovision2025.ca\/fr\/wp-json\/wp\/v2\/pages\/1045","targetHints":{"allow":["GET"]}}],"collection":[{"href":"https:\/\/ecovision2025.ca\/fr\/wp-json\/wp\/v2\/pages"}],"about":[{"href":"https:\/\/ecovision2025.ca\/fr\/wp-json\/wp\/v2\/types\/page"}],"author":[{"embeddable":true,"href":"https:\/\/ecovision2025.ca\/fr\/wp-json\/wp\/v2\/users\/6"}],"replies":[{"embeddable":true,"href":"https:\/\/ecovision2025.ca\/fr\/wp-json\/wp\/v2\/comments?post=1045"}],"version-history":[{"count":5,"href":"https:\/\/ecovision2025.ca\/fr\/wp-json\/wp\/v2\/pages\/1045\/revisions"}],"predecessor-version":[{"id":3601,"href":"https:\/\/ecovision2025.ca\/fr\/wp-json\/wp\/v2\/pages\/1045\/revisions\/3601"}],"up":[{"embeddable":true,"href":"https:\/\/ecovision2025.ca\/fr\/wp-json\/wp\/v2\/pages\/830"}],"wp:attachment":[{"href":"https:\/\/ecovision2025.ca\/fr\/wp-json\/wp\/v2\/media?parent=1045"}],"curies":[{"name":"wp","href":"https:\/\/api.w.org\/{rel}","templated":true}]}}