{"id":1042,"date":"2018-05-14T19:30:48","date_gmt":"2018-05-14T19:30:48","guid":{"rendered":"https:\/\/ecovision2025.ca\/eau\/leau-actions\/"},"modified":"2020-04-01T16:31:43","modified_gmt":"2020-04-01T16:31:43","slug":"eau-actions","status":"publish","type":"page","link":"https:\/\/ecovision2025.ca\/fr\/eau\/eau-actions\/","title":{"rendered":"L\u2019eau \u2013 Actions"},"content":{"rendered":"<p>[et_pb_section fb_built=\u00a0\u00bb1&Prime; _builder_version=\u00a0\u00bb3.22&Prime;][et_pb_row _builder_version=\u00a0\u00bb3.25&Prime; background_size=\u00a0\u00bbinitial\u00a0\u00bb background_position=\u00a0\u00bbtop_left\u00a0\u00bb background_repeat=\u00a0\u00bbrepeat\u00a0\u00bb column_structure=\u00a0\u00bb2_3,1_3&Prime;][et_pb_column type=\u00a0\u00bb2_3&Prime; _builder_version=\u00a0\u00bb3.25&Prime; custom_padding=\u00a0\u00bb|||\u00a0\u00bb custom_padding__hover=\u00a0\u00bb|||\u00a0\u00bb][et_pb_text _builder_version=\u00a0\u00bb3.27.4&Prime;]<\/p>\n<h3>Qualit\u00e9 de l\u2019eau \u2013 Actions<\/h3>\n<p>Il y a des actions sous les ombrelles des autres th\u00e8mes qui ont un lien \u00e0 la qualit\u00e9 de l\u2019eau.<\/p>\n<p>Cette liste fut compil\u00e9e par l\u2019entremise d\u2019un processus d\u2019engagement de huit mois, sans avoir omis quoi que ce soit. Les actions sont classifi\u00e9es en cat\u00e9gories, identifi\u00e9es comme \u00e9tant une obligation l\u00e9gale ou non, et prioris\u00e9es comme \u00e9tant \u00abfacile \u00e0 impl\u00e9menter\u00bb et ayant un grand impact (sur le but du th\u00e8me) si impl\u00e9ment\u00e9e. Il y a de l\u2019espace pour indiquer qui m\u00e8ne la charge sur l\u2019action, quand les actions seront accomplies ou des mises \u00e0 jour sur leur progr\u00e8s.<\/p>\n<p>[\/et_pb_text][\/et_pb_column][et_pb_column type=\u00a0\u00bb1_3&Prime; _builder_version=\u00a0\u00bb3.25&Prime; custom_padding=\u00a0\u00bb|||\u00a0\u00bb custom_padding__hover=\u00a0\u00bb|||\u00a0\u00bb][et_pb_text _builder_version=\u00a0\u00bb3.27.4&Prime; header_font=\u00a0\u00bb|600|||||||\u00a0\u00bb background_color=\u00a0\u00bbrgba(148,200,61,0.12)\u00a0\u00bb custom_margin=\u00a0\u00bb0px|0px|0px|0px\u00a0\u00bb custom_padding=\u00a0\u00bb12px|12px|12px|12px\u00a0\u00bb custom_padding_tablet=\u00a0\u00bb\u00a0\u00bb custom_padding_phone=\u00a0\u00bb6px|6px|6px|6px\u00a0\u00bb custom_padding_last_edited=\u00a0\u00bbon|phone\u00a0\u00bb]<\/p>\n<h4>Abr\u00e9viations<\/h4>\n<p><strong>ABVBS<\/strong>\u00a0Association du bassin versant de la baie de Shediac<br \/>\n<strong>CESB<\/strong>\u00a0Commission des \u00c9gouts Shediac et Banlieues<br \/>\n<strong>GM<\/strong>\u00a0Gouvernement municipal<br \/>\n<strong>GNB<\/strong> Gouvernement du NB<br \/>\n<strong>GC<\/strong> Gouvernement du Canada<br \/>\n<strong>PO<\/strong> P\u00eaches et Oc\u00e9ans Canada<br \/>\n<strong>CSRSE<\/strong> Commission de services r\u00e9gionaux du sud-est<br \/>\n<strong>SCF<\/strong> Service Canadian de la faune<br \/>\n<strong>CRBE<\/strong> Communaut\u00e9 rurale de Beaubassin-est[\/et_pb_text][\/et_pb_column][\/et_pb_row][et_pb_row _builder_version=\u00a0\u00bb3.25&Prime; background_size=\u00a0\u00bbinitial\u00a0\u00bb background_position=\u00a0\u00bbtop_left\u00a0\u00bb background_repeat=\u00a0\u00bbrepeat\u00a0\u00bb][et_pb_column type=\u00a0\u00bb4_4&Prime; _builder_version=\u00a0\u00bb3.25&Prime; custom_padding=\u00a0\u00bb|||\u00a0\u00bb custom_padding__hover=\u00a0\u00bb|||\u00a0\u00bb][et_pb_text _builder_version=\u00a0\u00bb3.27.4&Prime;]<div id=\"tablepress-16-scroll-wrapper\" class=\"tablepress-scroll-wrapper\">\n\n<table id=\"tablepress-16\" class=\"tablepress tablepress-id-16 tablepress-responsive\">\n<thead>\n<tr class=\"row-1\">\n\t<th class=\"column-1\">Actions<\/th><th class=\"column-2\">Cat\u00e9gorie<\/th><th class=\"column-3\">Mandat du gouvernement<\/th><th class=\"column-4\">Facile \u00e0 faire<\/th><th class=\"column-5\">Grand impact<\/th><th class=\"column-6\">Actif<\/th><th class=\"column-7\">\u00c9ch\u00e9ancier<\/th><th class=\"column-8\">Progr\u00e8s<\/th>\n<\/tr>\n<\/thead>\n<tbody class=\"row-striping row-hover\">\n<tr class=\"row-2\">\n\t<td class=\"column-1\">\u00c9valuer la vuln\u00e9rabilit\u00e9 de l\u2019infrastructure des \u00e9gouts \u00e0 la mont\u00e9e du niveau de la mer et aux ondes de temp\u00eate<\/td><td class=\"column-2\">Recherches<\/td><td class=\"column-3\">CESB, GM<\/td><td class=\"column-4\"><img loading=\"lazy\" decoding=\"async\" src=\"https:\/\/ecovision2025.ca\/wp-content\/uploads\/2018\/02\/Water_Blue-150x150.png\" alt=\"X\" width=\"25\" height=\"25\" class=\"center size-thumbnail wp-image-162\" srcset=\"https:\/\/ecovision2025.ca\/wp-content\/uploads\/2018\/02\/Water_Blue-150x150.png 150w, https:\/\/ecovision2025.ca\/wp-content\/uploads\/2018\/02\/Water_Blue.png 200w\" sizes=\"auto, (max-width: 25px) 100vw, 25px\" \/><\/td><td class=\"column-5\"><\/td><td class=\"column-6\">Cap-Acadie<br \/>\nCESB<\/td><td class=\"column-7\">2020<br \/>\nen cours pour CESB<\/td><td class=\"column-8\">commence en 2018<br \/>\nen cours pour CESB<\/td>\n<\/tr>\n<tr class=\"row-3\">\n\t<td class=\"column-1\">Encourager la r\u00e9duction de pesticides et de fertilisants\u00a0<\/td><td class=\"column-2\">R\u00e9glementation<\/td><td class=\"column-3\">GNB, GM<\/td><td class=\"column-4\"><img loading=\"lazy\" decoding=\"async\" src=\"https:\/\/ecovision2025.ca\/wp-content\/uploads\/2018\/02\/Water_Blue-150x150.png\" alt=\"X\" width=\"25\" height=\"25\" class=\"center size-thumbnail wp-image-162\" srcset=\"https:\/\/ecovision2025.ca\/wp-content\/uploads\/2018\/02\/Water_Blue-150x150.png 150w, https:\/\/ecovision2025.ca\/wp-content\/uploads\/2018\/02\/Water_Blue.png 200w\" sizes=\"auto, (max-width: 25px) 100vw, 25px\" \/><\/td><td class=\"column-5\"><\/td><td class=\"column-6\"><\/td><td class=\"column-7\"><\/td><td class=\"column-8\"><\/td>\n<\/tr>\n<tr class=\"row-4\">\n\t<td class=\"column-1\">Faire l\u2019inventaire des syst\u00e8mes septiques c\u00f4tiers des maisons et les syst\u00e8mes de traitement des \u00e9gouts des entreprises<\/td><td class=\"column-2\">\u00c9valuation<\/td><td class=\"column-3\">GNB<\/td><td class=\"column-4\"><\/td><td class=\"column-5\"><img loading=\"lazy\" decoding=\"async\" src=\"https:\/\/ecovision2025.ca\/wp-content\/uploads\/2018\/02\/Water_Blue-150x150.png\" alt=\"X\" width=\"25\" height=\"25\" class=\"center size-thumbnail wp-image-162\" srcset=\"https:\/\/ecovision2025.ca\/wp-content\/uploads\/2018\/02\/Water_Blue-150x150.png 150w, https:\/\/ecovision2025.ca\/wp-content\/uploads\/2018\/02\/Water_Blue.png 200w\" sizes=\"auto, (max-width: 25px) 100vw, 25px\" \/><\/td><td class=\"column-6\">Shediac<\/td><td class=\"column-7\">2019<\/td><td class=\"column-8\">Compl\u00e9t\u00e9<\/td>\n<\/tr>\n<tr class=\"row-5\">\n\t<td class=\"column-1\">D\u00e9velopper et impl\u00e9menter un programme r\u00e9gional de surveillance des eaux<\/td><td class=\"column-2\">Tests<\/td><td class=\"column-3\"><\/td><td class=\"column-4\"><img loading=\"lazy\" decoding=\"async\" src=\"https:\/\/ecovision2025.ca\/wp-content\/uploads\/2018\/02\/Water_Blue-150x150.png\" alt=\"X\" width=\"25\" height=\"25\" class=\"center size-thumbnail wp-image-162\" srcset=\"https:\/\/ecovision2025.ca\/wp-content\/uploads\/2018\/02\/Water_Blue-150x150.png 150w, https:\/\/ecovision2025.ca\/wp-content\/uploads\/2018\/02\/Water_Blue.png 200w\" sizes=\"auto, (max-width: 25px) 100vw, 25px\" \/><\/td><td class=\"column-5\"><\/td><td class=\"column-6\">ABVBS, Vision H2O<\/td><td class=\"column-7\">en cours<\/td><td class=\"column-8\">en cours<\/td>\n<\/tr>\n<tr class=\"row-6\">\n\t<td class=\"column-1\">D\u00e9sinfecter les eaux us\u00e9es avec des rayons ultraviolets tout au long de l'ann\u00e9e<\/td><td class=\"column-2\">Action<\/td><td class=\"column-3\">CESB, Cap-Acadie<\/td><td class=\"column-4\"><img loading=\"lazy\" decoding=\"async\" src=\"https:\/\/ecovision2025.ca\/wp-content\/uploads\/2018\/02\/Water_Blue-150x150.png\" alt=\"X\" width=\"25\" height=\"25\" class=\"center size-thumbnail wp-image-162\" srcset=\"https:\/\/ecovision2025.ca\/wp-content\/uploads\/2018\/02\/Water_Blue-150x150.png 150w, https:\/\/ecovision2025.ca\/wp-content\/uploads\/2018\/02\/Water_Blue.png 200w\" sizes=\"auto, (max-width: 25px) 100vw, 25px\" \/><\/td><td class=\"column-5\"><img loading=\"lazy\" decoding=\"async\" src=\"https:\/\/ecovision2025.ca\/wp-content\/uploads\/2018\/02\/Water_Blue-150x150.png\" alt=\"X\" width=\"25\" height=\"25\" class=\"center size-thumbnail wp-image-162\" srcset=\"https:\/\/ecovision2025.ca\/wp-content\/uploads\/2018\/02\/Water_Blue-150x150.png 150w, https:\/\/ecovision2025.ca\/wp-content\/uploads\/2018\/02\/Water_Blue.png 200w\" sizes=\"auto, (max-width: 25px) 100vw, 25px\" \/><\/td><td class=\"column-6\">Cap-Acadie<br \/>\nCESB<br \/>\n<\/td><td class=\"column-7\">en cours<\/td><td class=\"column-8\">en cours<\/td>\n<\/tr>\n<tr class=\"row-7\">\n\t<td class=\"column-1\">S'assurer qu'aucun d\u00e9chet canin ne p\u00e9n\u00e8tre dans les sources d'eau (c\u00f4ti\u00e8res et int\u00e9rieures)<\/td><td class=\"column-2\">Action<\/td><td class=\"column-3\">Cap-Acadie, GNB<\/td><td class=\"column-4\"><img loading=\"lazy\" decoding=\"async\" src=\"https:\/\/ecovision2025.ca\/wp-content\/uploads\/2018\/02\/Water_Blue-150x150.png\" alt=\"X\" width=\"25\" height=\"25\" class=\"center size-thumbnail wp-image-162\" srcset=\"https:\/\/ecovision2025.ca\/wp-content\/uploads\/2018\/02\/Water_Blue-150x150.png 150w, https:\/\/ecovision2025.ca\/wp-content\/uploads\/2018\/02\/Water_Blue.png 200w\" sizes=\"auto, (max-width: 25px) 100vw, 25px\" \/><\/td><td class=\"column-5\"><img loading=\"lazy\" decoding=\"async\" src=\"https:\/\/ecovision2025.ca\/wp-content\/uploads\/2018\/02\/Water_Blue-150x150.png\" alt=\"X\" width=\"25\" height=\"25\" class=\"center size-thumbnail wp-image-162\" srcset=\"https:\/\/ecovision2025.ca\/wp-content\/uploads\/2018\/02\/Water_Blue-150x150.png 150w, https:\/\/ecovision2025.ca\/wp-content\/uploads\/2018\/02\/Water_Blue.png 200w\" sizes=\"auto, (max-width: 25px) 100vw, 25px\" \/><\/td><td class=\"column-6\">Cap-Acadie<\/td><td class=\"column-7\">en cours<\/td><td class=\"column-8\">en cours<\/td>\n<\/tr>\n<tr class=\"row-8\">\n\t<td class=\"column-1\">Impl\u00e9menter un prix sur l\u2019eau potable afin de r\u00e9duire le gaspillage d'eau \u00e0 la maison ou afin d'encourager les citoyens \u00e0 conserver leur eau<\/td><td class=\"column-2\">R\u00e9glementation<\/td><td class=\"column-3\">GM<\/td><td class=\"column-4\"><\/td><td class=\"column-5\"><\/td><td class=\"column-6\"><\/td><td class=\"column-7\"><\/td><td class=\"column-8\"><\/td>\n<\/tr>\n<tr class=\"row-9\">\n\t<td class=\"column-1\">Impl\u00e9menter des stations de d\u00e9charges pour les bateaux aux marinas<\/td><td class=\"column-2\">R\u00e9glementation<\/td><td class=\"column-3\">GNB, GC<\/td><td class=\"column-4\"><img loading=\"lazy\" decoding=\"async\" src=\"https:\/\/ecovision2025.ca\/wp-content\/uploads\/2018\/02\/Water_Blue-150x150.png\" alt=\"X\" width=\"25\" height=\"25\" class=\"center size-thumbnail wp-image-162\" srcset=\"https:\/\/ecovision2025.ca\/wp-content\/uploads\/2018\/02\/Water_Blue-150x150.png 150w, https:\/\/ecovision2025.ca\/wp-content\/uploads\/2018\/02\/Water_Blue.png 200w\" sizes=\"auto, (max-width: 25px) 100vw, 25px\" \/><\/td><td class=\"column-5\"><img loading=\"lazy\" decoding=\"async\" src=\"https:\/\/ecovision2025.ca\/wp-content\/uploads\/2018\/02\/Water_Blue-150x150.png\" alt=\"X\" width=\"25\" height=\"25\" class=\"center size-thumbnail wp-image-162\" srcset=\"https:\/\/ecovision2025.ca\/wp-content\/uploads\/2018\/02\/Water_Blue-150x150.png 150w, https:\/\/ecovision2025.ca\/wp-content\/uploads\/2018\/02\/Water_Blue.png 200w\" sizes=\"auto, (max-width: 25px) 100vw, 25px\" \/><\/td><td class=\"column-6\">Shediac<\/td><td class=\"column-7\">Compl\u00e9t\u00e9<\/td><td class=\"column-8\">Compl\u00e9t\u00e9<\/td>\n<\/tr>\n<tr class=\"row-10\">\n\t<td class=\"column-1\">Am\u00e9liorer\/ augmenter les tests de l\u2019\u00e9coulement des usines de traitement des \u00e9gouts<\/td><td class=\"column-2\">Tests, Action<\/td><td class=\"column-3\">GNB, CESB, GM<\/td><td class=\"column-4\"><img loading=\"lazy\" decoding=\"async\" src=\"https:\/\/ecovision2025.ca\/wp-content\/uploads\/2018\/02\/Water_Blue-150x150.png\" alt=\"X\" width=\"25\" height=\"25\" class=\"center size-thumbnail wp-image-162\" srcset=\"https:\/\/ecovision2025.ca\/wp-content\/uploads\/2018\/02\/Water_Blue-150x150.png 150w, https:\/\/ecovision2025.ca\/wp-content\/uploads\/2018\/02\/Water_Blue.png 200w\" sizes=\"auto, (max-width: 25px) 100vw, 25px\" \/><\/td><td class=\"column-5\"><img loading=\"lazy\" decoding=\"async\" src=\"https:\/\/ecovision2025.ca\/wp-content\/uploads\/2018\/02\/Water_Blue-150x150.png\" alt=\"X\" width=\"25\" height=\"25\" class=\"center size-thumbnail wp-image-162\" srcset=\"https:\/\/ecovision2025.ca\/wp-content\/uploads\/2018\/02\/Water_Blue-150x150.png 150w, https:\/\/ecovision2025.ca\/wp-content\/uploads\/2018\/02\/Water_Blue.png 200w\" sizes=\"auto, (max-width: 25px) 100vw, 25px\" \/><\/td><td class=\"column-6\">CESB<\/td><td class=\"column-7\">en cours<\/td><td class=\"column-8\">en cours<\/td>\n<\/tr>\n<tr class=\"row-11\">\n\t<td class=\"column-1\">Inclure tous les bateaux dans les exigences relatives \u00e0 la collecte des eaux us\u00e9es, \u00e0 l'enregistrement des bateaux, \u00e0 l'obligation de tenir un journal de bord et \u00e0 l'application de la loi<\/td><td class=\"column-2\">Application de la loi<\/td><td class=\"column-3\">GNB, GC-PO<\/td><td class=\"column-4\"><\/td><td class=\"column-5\"><img loading=\"lazy\" decoding=\"async\" src=\"https:\/\/ecovision2025.ca\/wp-content\/uploads\/2018\/02\/Water_Blue-150x150.png\" alt=\"X\" width=\"25\" height=\"25\" class=\"center size-thumbnail wp-image-162\" srcset=\"https:\/\/ecovision2025.ca\/wp-content\/uploads\/2018\/02\/Water_Blue-150x150.png 150w, https:\/\/ecovision2025.ca\/wp-content\/uploads\/2018\/02\/Water_Blue.png 200w\" sizes=\"auto, (max-width: 25px) 100vw, 25px\" \/><\/td><td class=\"column-6\"><\/td><td class=\"column-7\"><\/td><td class=\"column-8\"><\/td>\n<\/tr>\n<tr class=\"row-12\">\n\t<td class=\"column-1\">Campagne d'\u00e9ducation sur l'importance de l'entretien et de l'inspection r\u00e9guli\u00e8re des syst\u00e8mes septiques priv\u00e9s.<\/td><td class=\"column-2\">Communication<\/td><td class=\"column-3\">GM<\/td><td class=\"column-4\"><img loading=\"lazy\" decoding=\"async\" src=\"https:\/\/ecovision2025.ca\/wp-content\/uploads\/2018\/02\/Water_Blue-150x150.png\" alt=\"X\" width=\"25\" height=\"25\" class=\"center size-thumbnail wp-image-162\" srcset=\"https:\/\/ecovision2025.ca\/wp-content\/uploads\/2018\/02\/Water_Blue-150x150.png 150w, https:\/\/ecovision2025.ca\/wp-content\/uploads\/2018\/02\/Water_Blue.png 200w\" sizes=\"auto, (max-width: 25px) 100vw, 25px\" \/><\/td><td class=\"column-5\"><\/td><td class=\"column-6\"><\/td><td class=\"column-7\"><\/td><td class=\"column-8\"><\/td>\n<\/tr>\n<tr class=\"row-13\">\n\t<td class=\"column-1\">Avertir le public au sujet des d\u00e9bordements des \u00e9gouts avant 24 heures<\/td><td class=\"column-2\">Communication<\/td><td class=\"column-3\">CESB<\/td><td class=\"column-4\"><img loading=\"lazy\" decoding=\"async\" src=\"https:\/\/ecovision2025.ca\/wp-content\/uploads\/2018\/02\/Water_Blue-150x150.png\" alt=\"X\" width=\"25\" height=\"25\" class=\"center size-thumbnail wp-image-162\" srcset=\"https:\/\/ecovision2025.ca\/wp-content\/uploads\/2018\/02\/Water_Blue-150x150.png 150w, https:\/\/ecovision2025.ca\/wp-content\/uploads\/2018\/02\/Water_Blue.png 200w\" sizes=\"auto, (max-width: 25px) 100vw, 25px\" \/><\/td><td class=\"column-5\"><\/td><td class=\"column-6\">CESB<\/td><td class=\"column-7\">en cours<\/td><td class=\"column-8\">en cours<\/td>\n<\/tr>\n<tr class=\"row-14\">\n\t<td class=\"column-1\">Placer des toilettes portables sur les plages et le long des sentiers<\/td><td class=\"column-2\">Action<\/td><td class=\"column-3\">GM<\/td><td class=\"column-4\"><img loading=\"lazy\" decoding=\"async\" src=\"https:\/\/ecovision2025.ca\/wp-content\/uploads\/2018\/02\/Water_Blue-150x150.png\" alt=\"X\" width=\"25\" height=\"25\" class=\"center size-thumbnail wp-image-162\" srcset=\"https:\/\/ecovision2025.ca\/wp-content\/uploads\/2018\/02\/Water_Blue-150x150.png 150w, https:\/\/ecovision2025.ca\/wp-content\/uploads\/2018\/02\/Water_Blue.png 200w\" sizes=\"auto, (max-width: 25px) 100vw, 25px\" \/><\/td><td class=\"column-5\"><\/td><td class=\"column-6\">Shediac<br \/>\nCap-Acadie<\/td><td class=\"column-7\">en cours<\/td><td class=\"column-8\">en cours<\/td>\n<\/tr>\n<tr class=\"row-15\">\n\t<td class=\"column-1\">Publier des rapports sur la qualit\u00e9 de l\u2019eau sur le Web<\/td><td class=\"column-2\">Communication<\/td><td class=\"column-3\"><\/td><td class=\"column-4\"><img loading=\"lazy\" decoding=\"async\" src=\"https:\/\/ecovision2025.ca\/wp-content\/uploads\/2018\/02\/Water_Blue-150x150.png\" alt=\"X\" width=\"25\" height=\"25\" class=\"center size-thumbnail wp-image-162\" srcset=\"https:\/\/ecovision2025.ca\/wp-content\/uploads\/2018\/02\/Water_Blue-150x150.png 150w, https:\/\/ecovision2025.ca\/wp-content\/uploads\/2018\/02\/Water_Blue.png 200w\" sizes=\"auto, (max-width: 25px) 100vw, 25px\" \/><\/td><td class=\"column-5\"><\/td><td class=\"column-6\">Cap-Acadie<\/td><td class=\"column-7\">en cours<\/td><td class=\"column-8\">en cours<\/td>\n<\/tr>\n<tr class=\"row-16\">\n\t<td class=\"column-1\">Prot\u00e9ger les puits d'eau potable municipaux<\/td><td class=\"column-2\">R\u00e9glementation<\/td><td class=\"column-3\">Shediac, GNB<\/td><td class=\"column-4\"><img loading=\"lazy\" decoding=\"async\" src=\"https:\/\/ecovision2025.ca\/wp-content\/uploads\/2018\/02\/Water_Blue-150x150.png\" alt=\"X\" width=\"25\" height=\"25\" class=\"center size-thumbnail wp-image-162\" srcset=\"https:\/\/ecovision2025.ca\/wp-content\/uploads\/2018\/02\/Water_Blue-150x150.png 150w, https:\/\/ecovision2025.ca\/wp-content\/uploads\/2018\/02\/Water_Blue.png 200w\" sizes=\"auto, (max-width: 25px) 100vw, 25px\" \/><\/td><td class=\"column-5\"><\/td><td class=\"column-6\">Shediac<\/td><td class=\"column-7\">2023<\/td><td class=\"column-8\">en cours<\/td>\n<\/tr>\n<tr class=\"row-17\">\n\t<td class=\"column-1\">Lever plus de fonds pour am\u00e9liorer les syst\u00e8mes de traitement des \u00e9gouts<\/td><td class=\"column-2\">Financement<\/td><td class=\"column-3\">CESB,GM<\/td><td class=\"column-4\"><\/td><td class=\"column-5\"><img loading=\"lazy\" decoding=\"async\" src=\"https:\/\/ecovision2025.ca\/wp-content\/uploads\/2018\/02\/Water_Blue-150x150.png\" alt=\"X\" width=\"25\" height=\"25\" class=\"center size-thumbnail wp-image-162\" srcset=\"https:\/\/ecovision2025.ca\/wp-content\/uploads\/2018\/02\/Water_Blue-150x150.png 150w, https:\/\/ecovision2025.ca\/wp-content\/uploads\/2018\/02\/Water_Blue.png 200w\" sizes=\"auto, (max-width: 25px) 100vw, 25px\" \/><\/td><td class=\"column-6\">Cap-Acadie<br \/>\nCESB<\/td><td class=\"column-7\">en cours<\/td><td class=\"column-8\">en cours<\/td>\n<\/tr>\n<tr class=\"row-18\">\n\t<td class=\"column-1\">Exiger que les d\u00e9veloppeurs (r\u00e9sidentiel, commercial) n\u2019aient aucun \u00e9coulement de plus provenant des terres d\u00e9velopp\u00e9es (pas d\u2019augmentation du d\u00e9bit de pointe)<\/td><td class=\"column-2\">R\u00e9glementation<\/td><td class=\"column-3\">GM, GNB<\/td><td class=\"column-4\"><img loading=\"lazy\" decoding=\"async\" src=\"https:\/\/ecovision2025.ca\/wp-content\/uploads\/2018\/02\/Water_Blue-150x150.png\" alt=\"X\" width=\"25\" height=\"25\" class=\"center size-thumbnail wp-image-162\" srcset=\"https:\/\/ecovision2025.ca\/wp-content\/uploads\/2018\/02\/Water_Blue-150x150.png 150w, https:\/\/ecovision2025.ca\/wp-content\/uploads\/2018\/02\/Water_Blue.png 200w\" sizes=\"auto, (max-width: 25px) 100vw, 25px\" \/><\/td><td class=\"column-5\"><img loading=\"lazy\" decoding=\"async\" src=\"https:\/\/ecovision2025.ca\/wp-content\/uploads\/2018\/02\/Water_Blue-150x150.png\" alt=\"X\" width=\"25\" height=\"25\" class=\"center size-thumbnail wp-image-162\" srcset=\"https:\/\/ecovision2025.ca\/wp-content\/uploads\/2018\/02\/Water_Blue-150x150.png 150w, https:\/\/ecovision2025.ca\/wp-content\/uploads\/2018\/02\/Water_Blue.png 200w\" sizes=\"auto, (max-width: 25px) 100vw, 25px\" \/><\/td><td class=\"column-6\"><\/td><td class=\"column-7\"><\/td><td class=\"column-8\"><\/td>\n<\/tr>\n<tr class=\"row-19\">\n\t<td class=\"column-1\">Travailler \u00e0 r\u00e9duire toutes les d\u00e9charges par le mauvais fonctionnement des stations de relevage.<\/td><td class=\"column-2\">Action<\/td><td class=\"column-3\">CESB, Cap-Acadie<\/td><td class=\"column-4\"><\/td><td class=\"column-5\"><img loading=\"lazy\" decoding=\"async\" src=\"https:\/\/ecovision2025.ca\/wp-content\/uploads\/2018\/02\/Water_Blue-150x150.png\" alt=\"X\" width=\"25\" height=\"25\" class=\"center size-thumbnail wp-image-162\" srcset=\"https:\/\/ecovision2025.ca\/wp-content\/uploads\/2018\/02\/Water_Blue-150x150.png 150w, https:\/\/ecovision2025.ca\/wp-content\/uploads\/2018\/02\/Water_Blue.png 200w\" sizes=\"auto, (max-width: 25px) 100vw, 25px\" \/><\/td><td class=\"column-6\">Cap-Acadie<br \/>\nCESB<\/td><td class=\"column-7\">en cours<\/td><td class=\"column-8\">en cours<\/td>\n<\/tr>\n<tr class=\"row-20\">\n\t<td class=\"column-1\">Travailler vers l\u2019atteinte de certification \u00abBlue Flag\u00bb pour la Plage Aboiteau et la Plage Parlee<\/td><td class=\"column-2\">Action<\/td><td class=\"column-3\">GM, GNB<\/td><td class=\"column-4\"><img loading=\"lazy\" decoding=\"async\" src=\"https:\/\/ecovision2025.ca\/wp-content\/uploads\/2018\/02\/Water_Blue-150x150.png\" alt=\"X\" width=\"25\" height=\"25\" class=\"center size-thumbnail wp-image-162\" srcset=\"https:\/\/ecovision2025.ca\/wp-content\/uploads\/2018\/02\/Water_Blue-150x150.png 150w, https:\/\/ecovision2025.ca\/wp-content\/uploads\/2018\/02\/Water_Blue.png 200w\" sizes=\"auto, (max-width: 25px) 100vw, 25px\" \/><\/td><td class=\"column-5\"><img loading=\"lazy\" decoding=\"async\" src=\"https:\/\/ecovision2025.ca\/wp-content\/uploads\/2018\/02\/Water_Blue-150x150.png\" alt=\"X\" width=\"25\" height=\"25\" class=\"center size-thumbnail wp-image-162\" srcset=\"https:\/\/ecovision2025.ca\/wp-content\/uploads\/2018\/02\/Water_Blue-150x150.png 150w, https:\/\/ecovision2025.ca\/wp-content\/uploads\/2018\/02\/Water_Blue.png 200w\" sizes=\"auto, (max-width: 25px) 100vw, 25px\" \/><\/td><td class=\"column-6\">Cap-Acadie, Plage Parlee<\/td><td class=\"column-7\">Compl\u00e9t\u00e9<\/td><td class=\"column-8\">Compl\u00e9t\u00e9<\/td>\n<\/tr>\n<\/tbody>\n<\/table>\n\n<\/div><!-- #tablepress-16 from cache --><br \/>\n[\/et_pb_text][\/et_pb_column][\/et_pb_row][\/et_pb_section]<\/p>\n","protected":false},"excerpt":{"rendered":"<p>Qualit\u00e9 de l\u2019eau \u2013 Actions Il y a des actions sous les ombrelles des autres th\u00e8mes qui ont un lien \u00e0 la qualit\u00e9 de l\u2019eau. Cette liste fut compil\u00e9e par l\u2019entremise d\u2019un processus d\u2019engagement de huit mois, sans avoir omis quoi que ce soit. Les actions sont classifi\u00e9es en cat\u00e9gories, identifi\u00e9es comme \u00e9tant une obligation [&hellip;]<\/p>\n","protected":false},"author":6,"featured_media":0,"parent":830,"menu_order":0,"comment_status":"closed","ping_status":"closed","template":"","meta":{"_et_pb_use_builder":"on","_et_pb_old_content":"","_et_gb_content_width":"","footnotes":""},"class_list":["post-1042","page","type-page","status-publish","hentry"],"_links":{"self":[{"href":"https:\/\/ecovision2025.ca\/fr\/wp-json\/wp\/v2\/pages\/1042","targetHints":{"allow":["GET"]}}],"collection":[{"href":"https:\/\/ecovision2025.ca\/fr\/wp-json\/wp\/v2\/pages"}],"about":[{"href":"https:\/\/ecovision2025.ca\/fr\/wp-json\/wp\/v2\/types\/page"}],"author":[{"embeddable":true,"href":"https:\/\/ecovision2025.ca\/fr\/wp-json\/wp\/v2\/users\/6"}],"replies":[{"embeddable":true,"href":"https:\/\/ecovision2025.ca\/fr\/wp-json\/wp\/v2\/comments?post=1042"}],"version-history":[{"count":6,"href":"https:\/\/ecovision2025.ca\/fr\/wp-json\/wp\/v2\/pages\/1042\/revisions"}],"predecessor-version":[{"id":2394,"href":"https:\/\/ecovision2025.ca\/fr\/wp-json\/wp\/v2\/pages\/1042\/revisions\/2394"}],"up":[{"embeddable":true,"href":"https:\/\/ecovision2025.ca\/fr\/wp-json\/wp\/v2\/pages\/830"}],"wp:attachment":[{"href":"https:\/\/ecovision2025.ca\/fr\/wp-json\/wp\/v2\/media?parent=1042"}],"curies":[{"name":"wp","href":"https:\/\/api.w.org\/{rel}","templated":true}]}}