{"id":1023,"date":"2018-05-14T19:22:16","date_gmt":"2018-05-14T19:22:16","guid":{"rendered":"https:\/\/ecovision2025.ca\/agriculture\/"},"modified":"2020-04-01T13:40:50","modified_gmt":"2020-04-01T13:40:50","slug":"agriculture","status":"publish","type":"page","link":"https:\/\/ecovision2025.ca\/fr\/agriculture\/","title":{"rendered":"Agriculture"},"content":{"rendered":"<p>[et_pb_section fb_built=\u00a0\u00bb1&Prime; _builder_version=\u00a0\u00bb3.22&Prime;][et_pb_row _builder_version=\u00a0\u00bb3.25&Prime; background_size=\u00a0\u00bbinitial\u00a0\u00bb background_position=\u00a0\u00bbtop_left\u00a0\u00bb background_repeat=\u00a0\u00bbrepeat\u00a0\u00bb column_structure=\u00a0\u00bb1_4,1_2,1_4&Prime;][et_pb_column type=\u00a0\u00bb1_4&Prime; _builder_version=\u00a0\u00bb3.25&Prime; custom_padding=\u00a0\u00bb|||\u00a0\u00bb custom_padding__hover=\u00a0\u00bb|||\u00a0\u00bb][et_pb_blurb admin_label=\u00a0\u00bbActions\u00a0\u00bb _builder_version=\u00a0\u00bb3.0.92&Prime; header_font=\u00a0\u00bb|600|||||||\u00a0\u00bb header_text_align=\u00a0\u00bbcenter\u00a0\u00bb text_orientation=\u00a0\u00bbcenter\u00a0\u00bb]<a href=\"https:\/\/ecovision2025.ca\/fr\/agriculture\/agriculture-actions\/\"><img loading=\"lazy\" decoding=\"async\" class=\"aligncenter wp-image-157\" src=\"https:\/\/ecovision2025.ca\/wp-content\/uploads\/2018\/02\/Education_Blue.png\" alt=\"\" width=\"75\" height=\"75\" srcset=\"https:\/\/ecovision2025.ca\/wp-content\/uploads\/2018\/02\/Education_Blue.png 200w, https:\/\/ecovision2025.ca\/wp-content\/uploads\/2018\/02\/Education_Blue-150x150.png 150w\" sizes=\"auto, (max-width: 75px) 100vw, 75px\" \/><\/a><\/p>\n<p style=\"text-align: center;\"><a href=\"https:\/\/ecovision2025.ca\/fr\/agriculture\/agriculture-actions\/\" rel=\"noopener\"><strong>ACTIONS<\/strong><br \/>\n<\/a>Requises afin de soutenir une industrie agricole productive qui prot\u00e8ge nos ressources d\u2019eau, et afin de soutenir les syst\u00e8mes de nourriture locale.<\/p>\n<p>[\/et_pb_blurb][et_pb_blurb admin_label=\u00a0\u00bbYou\u00a0\u00bb _builder_version=\u00a0\u00bb3.0.92&Prime; header_font=\u00a0\u00bb|600|||||||\u00a0\u00bb header_text_align=\u00a0\u00bbcenter\u00a0\u00bb text_orientation=\u00a0\u00bbcenter\u00a0\u00bb]<\/p>\n<p style=\"text-align: center;\"><a href=\"https:\/\/ecovision2025.ca\/fr\/agriculture\/agriculture-you\/\" rel=\"noopener\"><strong>CE QUE VOUS POUVEZ FAIRE<\/strong><br \/>\n<\/a>Afin de soutenir les syst\u00e8mes de nourriture et d\u2019agriculture locale.<\/p>\n<p>[\/et_pb_blurb][et_pb_blurb admin_label=\u00a0\u00bbDig\u00a0\u00bb _builder_version=\u00a0\u00bb3.0.92&Prime; header_font=\u00a0\u00bb|600|||||||\u00a0\u00bb header_text_align=\u00a0\u00bbcenter\u00a0\u00bb text_orientation=\u00a0\u00bbcenter\u00a0\u00bb]<\/p>\n<p style=\"text-align: center;\"><a href=\"https:\/\/ecovision2025.ca\/fr\/agriculture\/agriculture-en-profondeur\" rel=\"noopener\"><strong>EN PROFONDEUR<br \/>\n<\/strong><\/a>Cela vous permettra d\u2019explorer des sites web et de l\u2019information au sujet du th\u00e8me.<\/p>\n<p>[\/et_pb_blurb][\/et_pb_column][et_pb_column type=\u00a0\u00bb1_2&Prime; _builder_version=\u00a0\u00bb3.25&Prime; custom_padding=\u00a0\u00bb|||\u00a0\u00bb custom_padding__hover=\u00a0\u00bb|||\u00a0\u00bb][et_pb_image src=\u00a0\u00bbhttps:\/\/ecovision2025.ca\/wp-content\/uploads\/2018\/05\/Agriculture.jpg\u00a0\u00bb align_tablet=\u00a0\u00bbcenter\u00a0\u00bb align_last_edited=\u00a0\u00bbon|desktop\u00a0\u00bb _builder_version=\u00a0\u00bb3.23&Prime; always_center_on_mobile=\u00a0\u00bbon\u00a0\u00bb][\/et_pb_image][et_pb_text admin_label=\u00a0\u00bbIntro\u00a0\u00bb _builder_version=\u00a0\u00bb3.27.4&Prime;]<\/p>\n<h2>Agriculture &amp; aliments locaux<\/h2>\n<p>La nourriture est li\u00e9e \u00e0 tous les autres th\u00e8mes sur ce site web et est une partie essentielle de nos vies. \u00abNous sommes ce que nous mangeons\u00bb, et nous pouvons changer le monde \u00e0 travers de nos habitudes alimentaires. L\u2019achat d\u2019aliments produits localement r\u00e9duit les \u00e9missions caus\u00e9es par le transport d\u2019aliments sur de longues distances. La production d\u2019aliments biologiques r\u00e9duit le montant de pesticides et d\u2019engrais qui entrent dans notre eau et nos chaines alimentaires.<\/p>\n<p>Les d\u00e9fis suivants furent identifi\u00e9s par les participants au d\u00e9veloppement de la Strat\u00e9gie Verte en 2017 et 2018\u00a0:<\/p>\n<ul>\n<li>Il y a trop peu de producteurs agricoles dans la r\u00e9gion et des inqui\u00e9tudes ont \u00e9t\u00e9 soulev\u00e9es au sujet de la perte de m\u00eame des petits montants de terres agricoles \u00e0 cause des projets de d\u00e9veloppement ou de la perte de sol arable.<\/li>\n<\/ul>\n<p>Plusieurs actions furent pr\u00e9sent\u00e9es par des membres de la communaut\u00e9 qui pourraient aider \u00e0 adresser ces inqui\u00e9tudes. Jetez un coup d\u2019\u0153il au c\u00f4t\u00e9 gauche de l\u2019\u00e9cran sous \u00abActions\u00bb. Si vous \u00eates \u00e0 la recherche de choses que vous pouvez faire, jetez un coup d\u2019\u0153il \u00e0 \u00abCe que vous pouvez faire\u00bb. Si vous voulez savoir qui travaille d\u00e9j\u00e0 sur ces probl\u00e8mes, jetez un coup d\u2019\u0153il \u00e0 \u00abEn profondeur\u00bb.<br \/>\n[\/et_pb_text][\/et_pb_column][et_pb_column type=\u00a0\u00bb1_4&Prime; _builder_version=\u00a0\u00bb3.25&Prime; custom_padding=\u00a0\u00bb|||\u00a0\u00bb custom_padding__hover=\u00a0\u00bb|||\u00a0\u00bb][et_pb_text admin_label=\u00a0\u00bbPartners\u00a0\u00bb _builder_version=\u00a0\u00bb3.27.4&Prime;]<\/p>\n<p style=\"text-align: center;\"><strong>Qui est actif sur ce dossier?<\/strong><\/p>\n<p style=\"text-align: center;\"><a href=\"http:\/\/www.nbfoodsecurity.ca\/\"><img loading=\"lazy\" decoding=\"async\" class=\"aligncenter wp-image-571\" src=\"https:\/\/ecovision2025.ca\/wp-content\/uploads\/2018\/05\/FoodSecurity_logo.jpg\" alt=\"\" width=\"75\" height=\"73\" \/><\/a><\/p>\n<p style=\"text-align: center;\"><a href=\"http:\/\/recoltedecheznous.com\/en\/\"><img loading=\"lazy\" decoding=\"async\" class=\"aligncenter wp-image-572\" src=\"https:\/\/ecovision2025.ca\/wp-content\/uploads\/2018\/05\/ReallyLocalHarvest.jpg\" alt=\"\" width=\"100\" height=\"32\" \/><\/a><\/p>\n<p>[\/et_pb_text][\/et_pb_column][\/et_pb_row][et_pb_row _builder_version=\u00a0\u00bb3.25&Prime; background_size=\u00a0\u00bbinitial\u00a0\u00bb background_position=\u00a0\u00bbtop_left\u00a0\u00bb background_repeat=\u00a0\u00bbrepeat\u00a0\u00bb][\/et_pb_row][\/et_pb_section]<\/p>\n","protected":false},"excerpt":{"rendered":"<p>ACTIONS Requises afin de soutenir une industrie agricole productive qui prot\u00e8ge nos ressources d\u2019eau, et afin de soutenir les syst\u00e8mes de nourriture locale. CE QUE VOUS POUVEZ FAIRE Afin de soutenir les syst\u00e8mes de nourriture et d\u2019agriculture locale. EN PROFONDEUR Cela vous permettra d\u2019explorer des sites web et de l\u2019information au sujet du th\u00e8me. Agriculture [&hellip;]<\/p>\n","protected":false},"author":6,"featured_media":0,"parent":0,"menu_order":0,"comment_status":"closed","ping_status":"closed","template":"","meta":{"_et_pb_use_builder":"on","_et_pb_old_content":"","_et_gb_content_width":"","footnotes":""},"class_list":["post-1023","page","type-page","status-publish","hentry"],"_links":{"self":[{"href":"https:\/\/ecovision2025.ca\/fr\/wp-json\/wp\/v2\/pages\/1023","targetHints":{"allow":["GET"]}}],"collection":[{"href":"https:\/\/ecovision2025.ca\/fr\/wp-json\/wp\/v2\/pages"}],"about":[{"href":"https:\/\/ecovision2025.ca\/fr\/wp-json\/wp\/v2\/types\/page"}],"author":[{"embeddable":true,"href":"https:\/\/ecovision2025.ca\/fr\/wp-json\/wp\/v2\/users\/6"}],"replies":[{"embeddable":true,"href":"https:\/\/ecovision2025.ca\/fr\/wp-json\/wp\/v2\/comments?post=1023"}],"version-history":[{"count":5,"href":"https:\/\/ecovision2025.ca\/fr\/wp-json\/wp\/v2\/pages\/1023\/revisions"}],"predecessor-version":[{"id":2353,"href":"https:\/\/ecovision2025.ca\/fr\/wp-json\/wp\/v2\/pages\/1023\/revisions\/2353"}],"wp:attachment":[{"href":"https:\/\/ecovision2025.ca\/fr\/wp-json\/wp\/v2\/media?parent=1023"}],"curies":[{"name":"wp","href":"https:\/\/api.w.org\/{rel}","templated":true}]}}